{"id":21561,"date":"2023-01-07T23:45:36","date_gmt":"2023-01-08T07:45:36","guid":{"rendered":"https:\/\/www.bonelinks.com\/product\/cordon-de-raccordement-fibre-lc-a-sc\/"},"modified":"2024-01-28T22:16:33","modified_gmt":"2024-01-29T06:16:33","slug":"lc-to-sc-fiber-optic-jumpers","status":"publish","type":"product","link":"https:\/\/www.bonelinks.com\/fr\/product\/lc-to-sc-fiber-optic-jumpers\/","title":{"rendered":"Cordon de raccordement fibre LC \u00e0 SC"},"content":{"rendered":"<h1 style=\"text-align: left; font-size: 18px;\"><strong>Cordon de raccordement fibre LC \u00e0 SC pour une communication de donn\u00e9es fiable<\/strong><\/h1>\n<p>Vous recherchez un cordon de raccordement en fibre optique fiable et de haute qualit\u00e9 ? Ne cherchez pas plus loin que le cordon de raccordement fibre LC \u00e0 SC de Bonelinks. Fabriqu\u00e9 avec des fibres optiques de premi\u00e8re qualit\u00e9, ce cordon de raccordement est dot\u00e9 d&rsquo;une solide gaine ext\u00e9rieure qui prot\u00e8ge les fibres contre les dommages. Les connecteurs sont fabriqu\u00e9s de mani\u00e8re experte pour assurer une connexion solide et r\u00e9guli\u00e8re, minimisant ainsi les risques de perte de signal et garantissant des performances constantes.<\/p>\n<p>Disponibles dans deux bandes de fr\u00e9quences diff\u00e9rentes &#8211; 1310\/1550nm et 850nm &#8211; ces c\u00e2bles patch LC vers SC sont disponibles dans une vari\u00e9t\u00e9 de gaines. Les c\u00e2bles de raccordement 1310\/1550nm sont dot\u00e9s d&rsquo;une gaine flexible en PVC ou LSZH jaune qui est retardatrice de flamme. Les c\u00e2bles patch 850nm sont dot\u00e9s d&rsquo;une gaine haut de gamme OM3 ou OM4 LSZH ou OFNP, ignifug\u00e9e et adapt\u00e9e \u00e0 une utilisation en int\u00e9rieur.<\/p>\n<p>Lors du choix d&rsquo;un cordon de raccordement fibre LC \u00e0 SC, il est important de choisir un c\u00e2ble conforme aux normes industrielles telles que la norme TIA\/EIA-568-C.3. Notre cordon de raccordement en fibre optique assure la compatibilit\u00e9 avec une large gamme d&rsquo;appareils et permet au c\u00e2ble de fonctionner \u00e0 son plein potentiel.<\/p>\n<p>Identifiez facilement le c\u00e2ble dont vous avez besoin gr\u00e2ce au type de c\u00e2ble, \u00e0 la longueur et au mat\u00e9riau imprim\u00e9s sur les c\u00e2bles de raccordement. Et si vous le souhaitez, Bonelinks peut personnaliser l&rsquo;impression pour y inclure le nom de votre entreprise ou de votre marque.<\/p>\n<h2 style=\"text-align: left; font-size: 18px;\"><strong>Meilleures ventes de cordons de raccordement fibre LC \u00e0 SC chez Bonelinks<\/strong><\/h2>\n<table width=\"896\">\n<tbody>\n<tr>\n<td width=\"124\"><strong>Cordon de raccordement fibre LC \u00e0 SC<\/strong><\/td>\n<td width=\"193\"><strong>OS2 Fibre LC \u00e0 SC<\/strong><\/td>\n<td width=\"193\"><strong>Fibre OM2 LC \u00e0 SC<\/strong><\/td>\n<td width=\"193\"><strong>Fibre OM3 LC \u00e0 SC<\/strong><\/td>\n<td width=\"193\"><strong>Fibre OM4 LC \u00e0 SC<\/strong><\/td>\n<\/tr>\n<tr>\n<td width=\"124\">Mode fibre<\/td>\n<td width=\"193\">SingleMode<\/td>\n<td width=\"193\">Multimode<\/td>\n<td width=\"193\">Multimode<\/td>\n<td width=\"193\">Multimode<\/td>\n<\/tr>\n<tr>\n<td width=\"124\">Taux de donn\u00e9es<\/td>\n<td width=\"193\">1G\/10GB<\/td>\n<td width=\"193\">1G\/10GB<\/td>\n<td width=\"193\">10G\/40G\/100GB<\/td>\n<td width=\"193\">10G\/40G\/100GB<\/td>\n<\/tr>\n<tr>\n<td width=\"124\">Connecteur<\/td>\n<td width=\"193\">LC\/UPC vers SC\/UPC<\/td>\n<td width=\"193\">LC\/UPC vers SC\/UPC<\/td>\n<td width=\"193\">LC\/UPC vers SC\/UPC<\/td>\n<td width=\"193\">LC\/UPC vers SC\/UPC<\/td>\n<\/tr>\n<tr>\n<td width=\"124\">Perte d&rsquo;insertion<\/td>\n<td width=\"193\">\u22640,3dB<\/td>\n<td width=\"193\">\u22640,3dB<\/td>\n<td width=\"193\">\u22640,3dB<\/td>\n<td width=\"193\">\u22640,3dB<\/td>\n<\/tr>\n<tr>\n<td width=\"124\">Perte de retour<\/td>\n<td width=\"193\">\u226550dB<\/td>\n<td width=\"193\">\u226530dB<\/td>\n<td width=\"193\">\u226530dB<\/td>\n<td width=\"193\">\u226530dB<\/td>\n<\/tr>\n<tr>\n<td width=\"124\">Veste LSZH<\/td>\n<td width=\"193\">\u2713<\/td>\n<td width=\"193\">\u2713<\/td>\n<td width=\"193\">\u2713<\/td>\n<td width=\"193\">\u2713<\/td>\n<\/tr>\n<\/tbody>\n<\/table>\n<h2 style=\"text-align: left; font-size: 18px;\"><strong><img fetchpriority=\"high\" decoding=\"async\" class=\"alignnone size-full wp-image-7283\" src=\"https:\/\/www.bonelinks.com\/wp-content\/uploads\/2023\/01\/sc-lc-patch-cord.jpg\" alt=\"sc lc cordon de raccordement\" width=\"702\" height=\"351\" srcset=\"https:\/\/www.bonelinks.com\/wp-content\/uploads\/2023\/01\/sc-lc-patch-cord.jpg 702w, https:\/\/www.bonelinks.com\/wp-content\/uploads\/2023\/01\/sc-lc-patch-cord-300x150.jpg 300w, https:\/\/www.bonelinks.com\/wp-content\/uploads\/2023\/01\/sc-lc-patch-cord-650x325.jpg 650w\" sizes=\"(max-width: 702px) 100vw, 702px\" \/><\/strong><\/h2>\n<h2 style=\"text-align: left; font-size: 18px;\"><strong><br \/>\nCaract\u00e9ristiques du cordon de raccordement fibre LC \u00e0 SC<\/strong><\/h2>\n<ul>\n<li>Transmission de donn\u00e9es \u00e0 grande vitesse : Les cordons de raccordement LC \u00e0 SC offrent une transmission de donn\u00e9es \u00e0 grande vitesse, ce qui permet un transfert de donn\u00e9es rapide et efficace dans un r\u00e9seau de fibres optiques.<\/li>\n<li>Durabilit\u00e9 : Les connecteurs du cordon de raccordement fibre LC vers SC sont fabriqu\u00e9s \u00e0 partir de mat\u00e9riaux de haute qualit\u00e9 qui garantissent la durabilit\u00e9 et la long\u00e9vit\u00e9 du c\u00e2ble.<\/li>\n<li>Faible perte : Le cordon de raccordement fibre LC vers SC est con\u00e7u pour avoir une faible perte d&rsquo;insertion, ce qui minimise la perte de signal pendant la transmission des donn\u00e9es.<\/li>\n<li>Optique de haute qualit\u00e9 : Les fibres optiques utilis\u00e9es dans le cordon de raccordement LC \u00e0 SC sont de haute qualit\u00e9, offrant d&rsquo;excellentes performances optiques et une grande fiabilit\u00e9.<\/li>\n<\/ul>\n<h2 style=\"text-align: left; font-size: 18px;\"><strong>Applications du cordon de raccordement fibre LC \u00e0 SC<\/strong><\/h2>\n<ul>\n<li>Centres de donn\u00e9es : Les cordons de raccordement LC \u00e0 SC sont couramment utilis\u00e9s dans les centres de donn\u00e9es pour connecter les dispositifs optiques, tels que les commutateurs et les routeurs.<\/li>\n<li>R\u00e9seaux de t\u00e9l\u00e9communications : Les cordons de raccordement LC \u00e0 SC sont utilis\u00e9s dans les r\u00e9seaux de t\u00e9l\u00e9communications pour connecter des \u00e9metteurs-r\u00e9cepteurs optiques et d&rsquo;autres dispositifs optiques.<\/li>\n<li>R\u00e9seaux d&rsquo;entreprise : Les cordons de raccordement fibre LC \u00e0 SC sont utilis\u00e9s dans les r\u00e9seaux d&rsquo;entreprise pour connecter les appareils et fournir un transfert de donn\u00e9es \u00e0 grande vitesse.<\/li>\n<li>R\u00e9seaux de fibre optique jusqu&rsquo;au domicile (FTTH) : Les cordons de raccordement LC \u00e0 SC sont utilis\u00e9s dans les r\u00e9seaux FTTH pour connecter les dispositifs optiques et fournir un acc\u00e8s internet \u00e0 haut d\u00e9bit aux foyers.<\/li>\n<\/ul>\n<h2 style=\"text-align: left; font-size: 18px;\"><strong>Vous cherchez d&rsquo;autres choix de c\u00e2bles de raccordement en fibre optique ?<\/strong><\/h2>\n<p>Vous souhaitez plus d&rsquo;options pour les c\u00e2bles de raccordement en fibre optique ? D\u00e9couvrez notre s\u00e9lection de <span style=\"color: #0054a6;\"><strong><a style=\"color: #0054a6;\" href=\"https:\/\/www.bonelinks.com\/fr\/lc-fibre-patch-leads\/\" target=\"_blank\" rel=\"noopener\">C\u00e2bles de raccordement en fibre LC, <\/a><\/strong><\/span><a title=\"C\u00e2bles de raccordement en fibre SC\" href=\"https:\/\/www.bonelinks.com\/fr\/sc-fibre-patch-leads\/\" target=\"_blank\" rel=\"noopener\"><strong><span style=\"color: #0054a6;\">C\u00e2bles de raccordement en fibre SC, <\/span><\/strong><\/a><strong><span style=\"color: #0054a6;\"><a style=\"color: #0054a6;\" href=\"https:\/\/www.bonelinks.com\/fr\/lc-to-sc-fiber-cables\/\" target=\"_blank\" rel=\"noopener\">C\u00e2bles de raccordement fibre SC LC <\/a><\/span><\/strong>pour une mise en r\u00e9seau sans faille.<\/p>\n<p>\u00c0 la recherche de cordons de raccordement en fibre optique con\u00e7us et fabriqu\u00e9s sur mesure ? D\u00e9couvrez notre section d\u00e9di\u00e9e aux<a href=\"https:\/\/www.bonelinks.com\/fr\/custom-fiber-optic-cables\/\" target=\"_blank\" rel=\"noopener\"><span style=\"color: #0054a6;\"><strong> C\u00e2bles \u00e0 fibres optiques sur mesure <\/strong><\/span><\/a>pour des solutions de connectivit\u00e9 sur mesure.<\/p>\n<ul>\n<li>Vente au d\u00e9tail ou en gros &#8211; Nous avons tout ce qu&rsquo;il faut !<\/li>\n<li>Vous ne savez pas quoi acheter ? Nous offrons des conseils d&rsquo;experts.<\/li>\n<li>Faible MOQ : pas besoin d&rsquo;acheter plus que ce que vous voulez.<\/li>\n<li>Des prix comp\u00e9titifs : Obtenez un excellent rapport qualit\u00e9-prix \u00e0 chaque fois.<\/li>\n<li>Livraison rapide : Votre rapidit\u00e9, notre priorit\u00e9.<\/li>\n<li>Centr\u00e9 sur le client : Nous adaptons nos services \u00e0 vos besoins.<\/li>\n<\/ul>\n<p><strong>Connectez-vous avec nous !<\/strong><br \/>\nSi vous avez des difficult\u00e9s \u00e0 trouver le bon <span style=\"color: #0054a6;\"><strong><a style=\"color: #0054a6;\" href=\"https:\/\/www.bonelinks.com\/fr\/fiber-optic-patch-cord-supplier\/\" target=\"_blank\" rel=\"noopener\">cordon de raccordement en fibre optique <\/a><\/strong><\/span>pour vos besoins, ou si vous avez besoin de conseils d&rsquo;experts, un seul clic et vous pouvez<a href=\"https:\/\/www.bonelinks.com\/fr\/contact-us\/\" target=\"_blank\" rel=\"noopener\"><strong><span style=\"color: #0054a6;\"> discuter avec nous <\/span><\/strong><\/a>en quelques secondes. Votre satisfaction est notre priorit\u00e9. Nous sommes pr\u00eats \u00e0 vous aider dans tous les domaines. <strong>Ne vous inqui\u00e9tez pas, il n&rsquo;est pas n\u00e9cessaire de trop r\u00e9fl\u00e9chir. Nous sommes l\u00e0, pr\u00eats \u00e0 vous aider.<\/strong><\/p>\n","protected":false},"excerpt":{"rendered":"<p>Le cordon de raccordement LC \u00e0 SC est un type de c\u00e2ble \u00e0 fibre optique utilis\u00e9 pour connecter deux appareils \u00e0 fibre optique. Ce c\u00e2ble est \u00e9quip\u00e9 d&rsquo;un connecteur LC (Lucent Connector) \u00e0 une extr\u00e9mit\u00e9 et d&rsquo;un connecteur SC (Subscriber Connector) \u00e0 l&rsquo;autre extr\u00e9mit\u00e9, ce qui permet une connectivit\u00e9 transparente entre deux types diff\u00e9rents d&rsquo;appareils \u00e0 fibre optique.<\/p>\n<p>Le cordon de raccordement fibre LC vers SC est couramment utilis\u00e9 dans les applications de transfert de donn\u00e9es \u00e0 haut d\u00e9bit, car il offre une large bande passante et une faible latence. Il s&rsquo;agit d&rsquo;un choix populaire pour les centres de donn\u00e9es, les r\u00e9seaux de t\u00e9l\u00e9communications et d&rsquo;autres applications de r\u00e9seau qui n\u00e9cessitent une transmission de donn\u00e9es \u00e0 grande vitesse.<\/p>\n","protected":false},"featured_media":16455,"template":"","meta":{"site-sidebar-layout":"default","site-content-layout":"default","ast-site-content-layout":"default","site-content-style":"default","site-sidebar-style":"default","ast-global-header-display":"","ast-banner-title-visibility":"","ast-main-header-display":"","ast-hfb-above-header-display":"","ast-hfb-below-header-display":"","ast-hfb-mobile-header-display":"","site-post-title":"","ast-breadcrumbs-content":"","ast-featured-img":"","footer-sml-layout":"","ast-disable-related-posts":"","theme-transparent-header-meta":"default","adv-header-id-meta":"","stick-header-meta":"default","header-above-stick-meta":"","header-main-stick-meta":"","header-below-stick-meta":"","astra-migrate-meta-layouts":"set","ast-page-background-enabled":"default","ast-page-background-meta":{"desktop":{"background-color":"","background-image":"","background-repeat":"repeat","background-position":"center center","background-size":"auto","background-attachment":"scroll","background-type":"","background-media":"","overlay-type":"","overlay-color":"","overlay-opacity":"","overlay-gradient":""},"tablet":{"background-color":"","background-image":"","background-repeat":"repeat","background-position":"center center","background-size":"auto","background-attachment":"scroll","background-type":"","background-media":"","overlay-type":"","overlay-color":"","overlay-opacity":"","overlay-gradient":""},"mobile":{"background-color":"","background-image":"","background-repeat":"repeat","background-position":"center center","background-size":"auto","background-attachment":"scroll","background-type":"","background-media":"","overlay-type":"","overlay-color":"","overlay-opacity":"","overlay-gradient":""}},"ast-content-background-meta":{"desktop":{"background-color":"var(--ast-global-color-5)","background-image":"","background-repeat":"repeat","background-position":"center center","background-size":"auto","background-attachment":"scroll","background-type":"","background-media":"","overlay-type":"","overlay-color":"","overlay-opacity":"","overlay-gradient":""},"tablet":{"background-color":"var(--ast-global-color-5)","background-image":"","background-repeat":"repeat","background-position":"center center","background-size":"auto","background-attachment":"scroll","background-type":"","background-media":"","overlay-type":"","overlay-color":"","overlay-opacity":"","overlay-gradient":""},"mobile":{"background-color":"var(--ast-global-color-5)","background-image":"","background-repeat":"repeat","background-position":"center center","background-size":"auto","background-attachment":"scroll","background-type":"","background-media":"","overlay-type":"","overlay-color":"","overlay-opacity":"","overlay-gradient":""}}},"product_brand":[],"product_cat":[304,229,227],"product_tag":[],"class_list":{"0":"post-21561","1":"product","2":"type-product","3":"status-publish","4":"has-post-thumbnail","6":"product_cat-sc-fiber-patch-cord-fr","7":"product_cat-lc-fiber-patch-cord-fr","8":"product_cat-fiber-patch-cord-fr","9":"pa_connector-type-lc-sc-fr","10":"desktop-align-left","11":"tablet-align-left","12":"mobile-align-left","13":"ast-product-gallery-layout-vertical","14":"ast-product-gallery-with-no-image","15":"ast-product-tabs-layout-vertical","16":"ast-qv-on-image","18":"first","19":"instock","20":"shipping-taxable","21":"product-type-simple"},"_links":{"self":[{"href":"https:\/\/www.bonelinks.com\/fr\/wp-json\/wp\/v2\/product\/21561","targetHints":{"allow":["GET"]}}],"collection":[{"href":"https:\/\/www.bonelinks.com\/fr\/wp-json\/wp\/v2\/product"}],"about":[{"href":"https:\/\/www.bonelinks.com\/fr\/wp-json\/wp\/v2\/types\/product"}],"version-history":[{"count":3,"href":"https:\/\/www.bonelinks.com\/fr\/wp-json\/wp\/v2\/product\/21561\/revisions"}],"predecessor-version":[{"id":24158,"href":"https:\/\/www.bonelinks.com\/fr\/wp-json\/wp\/v2\/product\/21561\/revisions\/24158"}],"wp:featuredmedia":[{"embeddable":true,"href":"https:\/\/www.bonelinks.com\/fr\/wp-json\/wp\/v2\/media\/16455"}],"wp:attachment":[{"href":"https:\/\/www.bonelinks.com\/fr\/wp-json\/wp\/v2\/media?parent=21561"}],"wp:term":[{"taxonomy":"product_brand","embeddable":true,"href":"https:\/\/www.bonelinks.com\/fr\/wp-json\/wp\/v2\/product_brand?post=21561"},{"taxonomy":"product_cat","embeddable":true,"href":"https:\/\/www.bonelinks.com\/fr\/wp-json\/wp\/v2\/product_cat?post=21561"},{"taxonomy":"product_tag","embeddable":true,"href":"https:\/\/www.bonelinks.com\/fr\/wp-json\/wp\/v2\/product_tag?post=21561"}],"curies":[{"name":"wp","href":"https:\/\/api.w.org\/{rel}","templated":true}]}}