{"id":21557,"date":"2022-11-20T23:05:49","date_gmt":"2022-11-21T07:05:49","guid":{"rendered":"https:\/\/www.bonelinks.com\/product\/soufflage-dair-pour-cable-a-microfibres-optiques\/"},"modified":"2024-01-28T22:34:06","modified_gmt":"2024-01-29T06:34:06","slug":"micro-fiber-optic-cable-air-blowing","status":"publish","type":"product","link":"https:\/\/www.bonelinks.com\/fr\/product\/micro-fiber-optic-cable-air-blowing\/","title":{"rendered":"Soufflage d&rsquo;air pour c\u00e2ble \u00e0 microfibres optiques"},"content":{"rendered":"<h2 style=\"text-align: left; font-size: 18px;\"><strong> Caract\u00e9ristiques du micro-c\u00e2ble \u00e0 soufflerie d&rsquo;air <\/strong><\/h2>\n<ul>\n<li>Petite taille et l\u00e9g\u00e8ret\u00e9<\/li>\n<li>Conception unique de la gaine avec des rainures assurant une bonne performance d&rsquo;a\u00e9ration<\/li>\n<li>Bonnes performances m\u00e9caniques et thermiques<\/li>\n<li>Tube en vrac tr\u00e8s r\u00e9sistant \u00e0 l&rsquo;hydrolyse<\/li>\n<li>Un compos\u00e9 sp\u00e9cial de remplissage des tubes assure la protection critique des fibres.<\/li>\n<li>R\u00e9sistance \u00e0 l&rsquo;\u00e9crasement et flexibilit\u00e9<\/li>\n<\/ul>\n<h2 style=\"text-align: left; font-size: 18px;\"><strong> Application du micro-c\u00e2ble \u00e0 soufflerie d&rsquo;air <\/strong><\/h2>\n<p>C\u00e2ble d&rsquo;acc\u00e8s FTTH<\/p>\n<h2 style=\"text-align: left; font-size: 18px;\"><strong> Application du micro-c\u00e2ble souffl\u00e9<\/strong><\/h2>\n<p>C\u00e2ble d&rsquo;acc\u00e8s FTTH<\/p>\n<h2 style=\"text-align: left; font-size: 18px;\"><strong>Vous cherchez d&rsquo;autres choix de c\u00e2bles \u00e0 air comprim\u00e9 ?<\/strong><\/h2>\n<p>Vous cherchez plus de choix en C\u00e2bles \u00e0 fibres optiques souffl\u00e9s \u00e0 l&rsquo;air ? D\u00e9couvrez notre<a title=\"C\u00e2ble \u00e0 fibres optiques souffl\u00e9 \u00e0 l'air\" href=\"https:\/\/www.bonelinks.com\/fr\/air-blown-fiber-optic-cable\/\" target=\"_blank\" rel=\"noopener\"><strong><span style=\"color: #0054a6;\"> C\u00e2ble \u00e0 fibre optique souffl\u00e9 <\/span><\/strong><\/a>pour une mise en r\u00e9seau sans faille. Si vous avez besoin de c\u00e2bles \u00e0 fibres optiques sur mesure pour r\u00e9pondre \u00e0 vos besoins sp\u00e9cifiques, jetez un coup d&rsquo;\u0153il \u00e0 nos<a href=\"https:\/\/www.bonelinks.com\/fr\/custom-fiber-optic-cables\/\" target=\"_blank\" rel=\"noopener\"><strong><span style=\"color: #0054a6;\"> C\u00e2bles \u00e0 fibres optiques sur mesure <\/span><\/strong><\/a>pour des solutions de connectivit\u00e9 personnalis\u00e9es.<\/p>\n","protected":false},"excerpt":{"rendered":"<p>Le c\u00e2ble \u00e0 fibre optique micro-souffl\u00e9 est principalement utilis\u00e9 dans les r\u00e9seaux d&rsquo;acc\u00e8s et les r\u00e9seaux m\u00e9tropolitains. Avec un petit diam\u00e8tre ext\u00e9rieur, le c\u00e2ble \u00e0 fibre optique souffl\u00e9 \u00e0 l&rsquo;air est id\u00e9al pour les applications de micro-conduits, r\u00e9duisant les co\u00fbts de d\u00e9ploiement et permettant l&rsquo;utilisation de la m\u00e9thode de fibre souffl\u00e9e \u00e0 l&rsquo;air pour l&rsquo;installation.<\/p>\n","protected":false},"featured_media":15480,"template":"","meta":{"site-sidebar-layout":"default","site-content-layout":"default","ast-site-content-layout":"default","site-content-style":"default","site-sidebar-style":"default","ast-global-header-display":"","ast-banner-title-visibility":"","ast-main-header-display":"","ast-hfb-above-header-display":"","ast-hfb-below-header-display":"","ast-hfb-mobile-header-display":"","site-post-title":"","ast-breadcrumbs-content":"","ast-featured-img":"","footer-sml-layout":"","ast-disable-related-posts":"","theme-transparent-header-meta":"default","adv-header-id-meta":"","stick-header-meta":"default","header-above-stick-meta":"","header-main-stick-meta":"","header-below-stick-meta":"","astra-migrate-meta-layouts":"set","ast-page-background-enabled":"default","ast-page-background-meta":{"desktop":{"background-color":"","background-image":"","background-repeat":"repeat","background-position":"center center","background-size":"auto","background-attachment":"scroll","background-type":"","background-media":"","overlay-type":"","overlay-color":"","overlay-opacity":"","overlay-gradient":""},"tablet":{"background-color":"","background-image":"","background-repeat":"repeat","background-position":"center center","background-size":"auto","background-attachment":"scroll","background-type":"","background-media":"","overlay-type":"","overlay-color":"","overlay-opacity":"","overlay-gradient":""},"mobile":{"background-color":"","background-image":"","background-repeat":"repeat","background-position":"center center","background-size":"auto","background-attachment":"scroll","background-type":"","background-media":"","overlay-type":"","overlay-color":"","overlay-opacity":"","overlay-gradient":""}},"ast-content-background-meta":{"desktop":{"background-color":"var(--ast-global-color-5)","background-image":"","background-repeat":"repeat","background-position":"center center","background-size":"auto","background-attachment":"scroll","background-type":"","background-media":"","overlay-type":"","overlay-color":"","overlay-opacity":"","overlay-gradient":""},"tablet":{"background-color":"var(--ast-global-color-5)","background-image":"","background-repeat":"repeat","background-position":"center center","background-size":"auto","background-attachment":"scroll","background-type":"","background-media":"","overlay-type":"","overlay-color":"","overlay-opacity":"","overlay-gradient":""},"mobile":{"background-color":"var(--ast-global-color-5)","background-image":"","background-repeat":"repeat","background-position":"center center","background-size":"auto","background-attachment":"scroll","background-type":"","background-media":"","overlay-type":"","overlay-color":"","overlay-opacity":"","overlay-gradient":""}}},"product_brand":[],"product_cat":[211,508,509,511],"product_tag":[],"class_list":{"0":"post-21557","1":"product","2":"type-product","3":"status-publish","4":"has-post-thumbnail","6":"product_cat-outdoor-fiber-optic-cable-fr","7":"product_cat-duct-fiber-optic-cable-fr","8":"product_cat-air-blown-fiber-cable-fr","9":"product_cat-special-fiber-optic-cable-fr","10":"desktop-align-left","11":"tablet-align-left","12":"mobile-align-left","13":"ast-product-gallery-layout-vertical","14":"ast-product-gallery-with-no-image","15":"ast-product-tabs-layout-vertical","16":"ast-qv-on-image","18":"first","19":"instock","20":"shipping-taxable","21":"product-type-simple"},"_links":{"self":[{"href":"https:\/\/www.bonelinks.com\/fr\/wp-json\/wp\/v2\/product\/21557","targetHints":{"allow":["GET"]}}],"collection":[{"href":"https:\/\/www.bonelinks.com\/fr\/wp-json\/wp\/v2\/product"}],"about":[{"href":"https:\/\/www.bonelinks.com\/fr\/wp-json\/wp\/v2\/types\/product"}],"version-history":[{"count":3,"href":"https:\/\/www.bonelinks.com\/fr\/wp-json\/wp\/v2\/product\/21557\/revisions"}],"predecessor-version":[{"id":24180,"href":"https:\/\/www.bonelinks.com\/fr\/wp-json\/wp\/v2\/product\/21557\/revisions\/24180"}],"wp:featuredmedia":[{"embeddable":true,"href":"https:\/\/www.bonelinks.com\/fr\/wp-json\/wp\/v2\/media\/15480"}],"wp:attachment":[{"href":"https:\/\/www.bonelinks.com\/fr\/wp-json\/wp\/v2\/media?parent=21557"}],"wp:term":[{"taxonomy":"product_brand","embeddable":true,"href":"https:\/\/www.bonelinks.com\/fr\/wp-json\/wp\/v2\/product_brand?post=21557"},{"taxonomy":"product_cat","embeddable":true,"href":"https:\/\/www.bonelinks.com\/fr\/wp-json\/wp\/v2\/product_cat?post=21557"},{"taxonomy":"product_tag","embeddable":true,"href":"https:\/\/www.bonelinks.com\/fr\/wp-json\/wp\/v2\/product_tag?post=21557"}],"curies":[{"name":"wp","href":"https:\/\/api.w.org\/{rel}","templated":true}]}}