{"id":21556,"date":"2022-11-21T22:48:57","date_gmt":"2022-11-22T06:48:57","guid":{"rendered":"https:\/\/www.bonelinks.com\/product\/cable-arme-non-metallique-a-torons-en-vrac-pour-gaine-fibre-optique\/"},"modified":"2024-01-28T22:26:35","modified_gmt":"2024-01-29T06:26:35","slug":"armored-non-metallic-stranded-loose-tube-duct-fiber-cable","status":"publish","type":"product","link":"https:\/\/www.bonelinks.com\/fr\/product\/armored-non-metallic-stranded-loose-tube-duct-fiber-cable\/","title":{"rendered":"C\u00e2ble arm\u00e9 non m\u00e9tallique \u00e0 torons en vrac pour gaine Fibre optique"},"content":{"rendered":"<h1 style=\"text-align: left; font-size: 18px;\"><strong>C\u00e2ble fibre arm\u00e9 non m\u00e9tallique \u00e0 torons et \u00e0 tubes libres : Le meilleur de la connectivit\u00e9 ext\u00e9rieure fiable<\/strong><\/h1>\n<p>Les c\u00e2bles \u00e0 fibres optiques GYFTA constituent la solution ultime pour les installations ext\u00e9rieures, offrant une fiabilit\u00e9 et des performances in\u00e9gal\u00e9es dans les environnements difficiles. Gr\u00e2ce \u00e0 leurs caract\u00e9ristiques innovantes, notamment les tubes libres remplis de gel et l&rsquo;armure en ruban d&rsquo;aluminium, les c\u00e2bles GYFTA offrent une r\u00e9sistance sup\u00e9rieure \u00e0 l&rsquo;humidit\u00e9, \u00e0 la p\u00e9n\u00e9tration de l&rsquo;eau et aux contraintes m\u00e9caniques. Ces c\u00e2bles \u00e0 fibres optiques non m\u00e9talliques trouvent leur place dans les d\u00e9ploiements a\u00e9riens, en conduite et en enfouissement direct, assurant une protection optimale des fibres et une connectivit\u00e9 sans compromis. Qu&rsquo;il s&rsquo;agisse de conditions difficiles ou d&rsquo;environnements non conducteurs, les c\u00e2bles GYFTA conf\u00e8rent aux r\u00e9seaux ext\u00e9rieurs de fibres optiques une fiabilit\u00e9 et une flexibilit\u00e9 in\u00e9branlables. Faites l&rsquo;exp\u00e9rience de la tranquillit\u00e9 d&rsquo;esprit et d&rsquo;une performance sans faille avec les c\u00e2bles GYFTA, con\u00e7us pour conqu\u00e9rir les applications ext\u00e9rieures les plus difficiles.<\/p>\n<h2 style=\"text-align: left; font-size: 18px;\"><strong>Caract\u00e9ristiques<\/strong><\/h2>\n<ul>\n<li>Tubes libres remplis de gel : Les c\u00e2bles GYFTA utilisent des tubes en vrac remplis de gel pour loger les fibres optiques individuelles. Ce gel agit comme une barri\u00e8re contre l&rsquo;humidit\u00e9 et les infiltrations d&rsquo;eau, ce qui rend les c\u00e2bles GYFTA particuli\u00e8rement adapt\u00e9s aux environnements ext\u00e9rieurs et difficiles o\u00f9 les dommages caus\u00e9s par l&rsquo;eau sont \u00e0 craindre.<\/li>\n<li>Armure en ruban d&rsquo;aluminium : Les c\u00e2bles GYFTA sont dot\u00e9s d&rsquo;une couche suppl\u00e9mentaire d&rsquo;armure en ruban d&rsquo;aluminium. Cette armure fournit une protection m\u00e9canique robuste, prot\u00e9geant le c\u00e2ble contre les facteurs externes tels que les chocs, les rongeurs et les risques environnementaux. L&rsquo;armure du ruban d&rsquo;aluminium renforce la durabilit\u00e9 du c\u00e2ble, garantissant des performances fiables m\u00eame sur de longues distances.<\/li>\n<li>Polyvalence ext\u00e9rieure : Les c\u00e2bles GYFTA sont con\u00e7us sp\u00e9cifiquement pour les installations ext\u00e9rieures, y compris les applications a\u00e9riennes, les gaines et l&rsquo;enfouissement direct. Leur construction et leurs couches protectrices leur permettent de r\u00e9sister \u00e0 des conditions environnementales difficiles, telles que les fluctuations de temp\u00e9rature, l&rsquo;humidit\u00e9 et les rayons UV.<\/li>\n<li>Flexibilit\u00e9 d&rsquo;installation : Malgr\u00e9 l&rsquo;incorporation d&rsquo;une couche d&rsquo;armure, les c\u00e2bles GYFTA conservent un certain niveau de flexibilit\u00e9. Cette flexibilit\u00e9 facilite l&rsquo;installation et la maniabilit\u00e9 lors du d\u00e9ploiement, en particulier dans les virages et sur les chemins difficiles.<\/li>\n<\/ul>\n<h2 style=\"text-align: left; font-size: 18px;\"><strong>Protection de l&rsquo;environnement<\/strong><\/h2>\n<p>R\u00e9sistance aux UV ; imperm\u00e9able ; r\u00e9sistant \u00e0 l&rsquo;humidit\u00e9<\/p>\n<h2 style=\"text-align: left; font-size: 18px;\"><strong>Application<\/strong><\/h2>\n<ul>\n<li>Installations a\u00e9riennes : Les c\u00e2bles GYFTA sont souvent utilis\u00e9s pour les installations a\u00e9riennes, o\u00f9 les c\u00e2bles sont suspendus entre des poteaux ou des tours. L&rsquo;armure en ruban d&rsquo;aluminium assure une protection m\u00e9canique, garantissant que les c\u00e2bles peuvent r\u00e9sister \u00e0 des facteurs environnementaux tels que le vent, la glace et les fluctuations de temp\u00e9rature.<\/li>\n<li>Installations en conduite : Les c\u00e2bles GYFTA peuvent \u00eatre install\u00e9s dans des gaines ou des conduits souterrains. Les tubes en vrac remplis de gel offrent une excellente r\u00e9sistance \u00e0 l&rsquo;humidit\u00e9, prot\u00e9geant les fibres de la p\u00e9n\u00e9tration de l&rsquo;eau. L&rsquo;armure en ruban d&rsquo;aluminium am\u00e9liore la durabilit\u00e9 du c\u00e2ble, ce qui le rend adapt\u00e9 aux rigueurs des installations enterr\u00e9es.<\/li>\n<li>Enfouissement direct : Les c\u00e2bles GYFTA peuvent \u00eatre directement enfouis dans le sol sans protection suppl\u00e9mentaire. Le gel de remplissage et l&rsquo;armure en ruban d&rsquo;aluminium offrent une r\u00e9sistance \u00e0 l&rsquo;humidit\u00e9, aux rongeurs et aux dommages physiques, ce qui les rend bien adapt\u00e9s aux applications d&rsquo;enterrement en plein air.<\/li>\n<li>Environnements difficiles : Les c\u00e2bles GYFTA excellent dans les environnements difficiles tels que les zones industrielles, les r\u00e9gions c\u00f4ti\u00e8res ou les zones soumises \u00e0 des conditions m\u00e9t\u00e9orologiques extr\u00eames. Les tubes libres remplis de gel et l&rsquo;armure en ruban d&rsquo;aluminium offrent une protection renforc\u00e9e contre l&rsquo;humidit\u00e9, les rayons UV et les contraintes m\u00e9caniques, garantissant ainsi des performances fiables dans des environnements difficiles.<\/li>\n<li>Environnements non conducteurs : La nature non conductrice des c\u00e2bles GYFTA, gr\u00e2ce \u00e0 l&rsquo;armure en ruban d&rsquo;aluminium, les rend adapt\u00e9s aux environnements o\u00f9 la conductivit\u00e9 \u00e9lectrique est un probl\u00e8me. Ils peuvent \u00eatre d\u00e9ploy\u00e9s en toute s\u00e9curit\u00e9 sur les toits, \u00e0 proximit\u00e9 des lignes \u00e9lectriques ou dans des zones o\u00f9 les interf\u00e9rences \u00e9lectriques doivent \u00eatre r\u00e9duites au minimum.<\/li>\n<\/ul>\n<h2 style=\"text-align: left; font-size: 18px;\"><strong>Vous cherchez d&rsquo;autres choix de c\u00e2bles \u00e0 fibres arm\u00e9s ?<\/strong><\/h2>\n<p>Vous cherchez plus de choix en mati\u00e8re de c\u00e2bles blind\u00e9s \u00e0 fibres optiques ? D\u00e9couvrez nos<a href=\"https:\/\/www.bonelinks.com\/fr\/armored-optical-fiber-cable\/\" target=\"_blank\" rel=\"noopener\"><strong><span style=\"color: #0054a6;\"> c\u00e2bles \u00e0 fibres arm\u00e9s <\/span><\/strong><\/a>pour une mise en r\u00e9seau sans faille. Si vous avez besoin de c\u00e2bles \u00e0 fibres optiques sur mesure pour r\u00e9pondre \u00e0 vos besoins sp\u00e9cifiques, jetez un coup d&rsquo;\u0153il \u00e0 nos<a href=\"https:\/\/www.bonelinks.com\/fr\/custom-fiber-optic-cables\/\" target=\"_blank\" rel=\"noopener\"><strong><span style=\"color: #0054a6;\"> C\u00e2bles \u00e0 fibres optiques sur mesure <\/span><\/strong><\/a>pour des solutions de connectivit\u00e9 personnalis\u00e9es.<\/p>\n","protected":false},"excerpt":{"rendered":"<p>Le c\u00e2ble blind\u00e9 GYFTA est un c\u00e2ble ext\u00e9rieur \u00e0 fibre optique con\u00e7u sans armure m\u00e9tallique, utilisant le FRP comme lien de renforcement central. Il offre une excellente r\u00e9sistance \u00e0 l&rsquo;eau et \u00e0 l&rsquo;humidit\u00e9, ainsi qu&rsquo;une non-conductivit\u00e9, gr\u00e2ce au ruban ondul\u00e9 en aluminium lamin\u00e9 qui recouvre le tube en vrac. En raison de ces propri\u00e9t\u00e9s, les c\u00e2bles \u00e0 fibres optiques non m\u00e9talliques GYFTA sont couramment install\u00e9s sur les toits, les canalisations et autres environnements similaires. En fonction du nombre d&rsquo;utilisateurs n\u00e9cessitant un acc\u00e8s, Bonelinks peut fabriquer des c\u00e2bles \u00e0 fibre optique GYFTA \u00e0 torons et \u00e0 tubes libres avec un minimum de 2 c\u0153urs et un maximum de 300 c\u0153urs.<\/p>\n","protected":false},"featured_media":13235,"template":"","meta":{"site-sidebar-layout":"default","site-content-layout":"default","ast-site-content-layout":"default","site-content-style":"default","site-sidebar-style":"default","ast-global-header-display":"","ast-banner-title-visibility":"","ast-main-header-display":"","ast-hfb-above-header-display":"","ast-hfb-below-header-display":"","ast-hfb-mobile-header-display":"","site-post-title":"","ast-breadcrumbs-content":"","ast-featured-img":"","footer-sml-layout":"","ast-disable-related-posts":"","theme-transparent-header-meta":"default","adv-header-id-meta":"","stick-header-meta":"default","header-above-stick-meta":"","header-main-stick-meta":"","header-below-stick-meta":"","astra-migrate-meta-layouts":"set","ast-page-background-enabled":"default","ast-page-background-meta":{"desktop":{"background-color":"","background-image":"","background-repeat":"repeat","background-position":"center center","background-size":"auto","background-attachment":"scroll","background-type":"","background-media":"","overlay-type":"","overlay-color":"","overlay-opacity":"","overlay-gradient":""},"tablet":{"background-color":"","background-image":"","background-repeat":"repeat","background-position":"center center","background-size":"auto","background-attachment":"scroll","background-type":"","background-media":"","overlay-type":"","overlay-color":"","overlay-opacity":"","overlay-gradient":""},"mobile":{"background-color":"","background-image":"","background-repeat":"repeat","background-position":"center center","background-size":"auto","background-attachment":"scroll","background-type":"","background-media":"","overlay-type":"","overlay-color":"","overlay-opacity":"","overlay-gradient":""}},"ast-content-background-meta":{"desktop":{"background-color":"var(--ast-global-color-5)","background-image":"","background-repeat":"repeat","background-position":"center center","background-size":"auto","background-attachment":"scroll","background-type":"","background-media":"","overlay-type":"","overlay-color":"","overlay-opacity":"","overlay-gradient":""},"tablet":{"background-color":"var(--ast-global-color-5)","background-image":"","background-repeat":"repeat","background-position":"center center","background-size":"auto","background-attachment":"scroll","background-type":"","background-media":"","overlay-type":"","overlay-color":"","overlay-opacity":"","overlay-gradient":""},"mobile":{"background-color":"var(--ast-global-color-5)","background-image":"","background-repeat":"repeat","background-position":"center center","background-size":"auto","background-attachment":"scroll","background-type":"","background-media":"","overlay-type":"","overlay-color":"","overlay-opacity":"","overlay-gradient":""}}},"product_brand":[],"product_cat":[211,505,508,507],"product_tag":[],"class_list":{"0":"post-21556","1":"product","2":"type-product","3":"status-publish","4":"has-post-thumbnail","6":"product_cat-outdoor-fiber-optic-cable-fr","7":"product_cat-armored-optical-fiber-cable-fr","8":"product_cat-duct-fiber-optic-cable-fr","9":"product_cat-aerial-fiber-optic-cable-fr","10":"desktop-align-left","11":"tablet-align-left","12":"mobile-align-left","13":"ast-product-gallery-layout-vertical","14":"ast-product-gallery-with-no-image","15":"ast-product-tabs-layout-vertical","16":"ast-qv-on-image","18":"first","19":"instock","20":"shipping-taxable","21":"product-type-simple"},"_links":{"self":[{"href":"https:\/\/www.bonelinks.com\/fr\/wp-json\/wp\/v2\/product\/21556","targetHints":{"allow":["GET"]}}],"collection":[{"href":"https:\/\/www.bonelinks.com\/fr\/wp-json\/wp\/v2\/product"}],"about":[{"href":"https:\/\/www.bonelinks.com\/fr\/wp-json\/wp\/v2\/types\/product"}],"version-history":[{"count":2,"href":"https:\/\/www.bonelinks.com\/fr\/wp-json\/wp\/v2\/product\/21556\/revisions"}],"predecessor-version":[{"id":24171,"href":"https:\/\/www.bonelinks.com\/fr\/wp-json\/wp\/v2\/product\/21556\/revisions\/24171"}],"wp:featuredmedia":[{"embeddable":true,"href":"https:\/\/www.bonelinks.com\/fr\/wp-json\/wp\/v2\/media\/13235"}],"wp:attachment":[{"href":"https:\/\/www.bonelinks.com\/fr\/wp-json\/wp\/v2\/media?parent=21556"}],"wp:term":[{"taxonomy":"product_brand","embeddable":true,"href":"https:\/\/www.bonelinks.com\/fr\/wp-json\/wp\/v2\/product_brand?post=21556"},{"taxonomy":"product_cat","embeddable":true,"href":"https:\/\/www.bonelinks.com\/fr\/wp-json\/wp\/v2\/product_cat?post=21556"},{"taxonomy":"product_tag","embeddable":true,"href":"https:\/\/www.bonelinks.com\/fr\/wp-json\/wp\/v2\/product_tag?post=21556"}],"curies":[{"name":"wp","href":"https:\/\/api.w.org\/{rel}","templated":true}]}}