{"id":21555,"date":"2022-11-29T21:00:04","date_gmt":"2022-11-30T05:00:04","guid":{"rendered":"https:\/\/www.bonelinks.com\/product\/tube-central-cable-a-fibres-optiques-arme-non-metallique\/"},"modified":"2024-01-28T22:24:30","modified_gmt":"2024-01-29T06:24:30","slug":"central-tube-non-metallic-armored-fiber-optic-cable","status":"publish","type":"product","link":"https:\/\/www.bonelinks.com\/fr\/product\/central-tube-non-metallic-armored-fiber-optic-cable\/","title":{"rendered":"Tube central C\u00e2ble \u00e0 fibres optiques arm\u00e9 non m\u00e9tallique"},"content":{"rendered":"<h1 style=\"text-align: left; font-size: 18px;\"><strong>C\u00e2ble \u00e0 fibre arm\u00e9 non m\u00e9tallique \u00e0 tube central : Solution a\u00e9rienne l\u00e9g\u00e8re pour l&rsquo;acc\u00e8s au r\u00e9seau<\/strong><\/h1>\n<p>GYFXY est un c\u00e2ble \u00e0 fibre optique arm\u00e9 non m\u00e9tallique \u00e0 tube central con\u00e7u pour \u00eatre suspendu en hauteur dans le cadre de l&rsquo;acc\u00e8s et de la transmission de r\u00e9seaux \u00e0 courte distance. Il utilise 2 cl\u00e9s de renforcement parall\u00e8les internes en PRF pour supporter le poids et est couramment utilis\u00e9 dans les sections d&rsquo;acc\u00e8s a\u00e9rien FTTH, FTTP et FTTx.<\/p>\n<p>Le c\u00e2ble \u00e0 fibres GYFXY est compos\u00e9 de fibres, d&rsquo;une barri\u00e8re \u00e0 l&rsquo;eau, d&rsquo;un lien de renforcement et d&rsquo;un tube libre. Les fibres color\u00e9es sont plac\u00e9es dans un manchon l\u00e2che rempli de lubrifiant, envelopp\u00e9 d&rsquo;une barri\u00e8re d&rsquo;eau. Deux plastiques renforc\u00e9s de fibres renforcent le manchon, et une gaine en PE est form\u00e9e par la fusion de poly\u00e9thyl\u00e8ne.<\/p>\n<h2 style=\"text-align: left; font-size: 18px;\"><strong>Caract\u00e9ristiques : Pourquoi choisir le c\u00e2ble \u00e0 fibre optique arm\u00e9 non m\u00e9tallique \u00e0 tube central de GYFXY ?<\/strong><\/h2>\n<ul>\n<li>Armure non m\u00e9tallique : Contrairement \u00e0 de nombreux c\u00e2bles \u00e0 fibres optiques qui utilisent une armure m\u00e9tallique pour la protection, le c\u00e2ble \u00e0 fibres optiques GYFXY utilise une armure non m\u00e9tallique. Cette armure non m\u00e9tallique est g\u00e9n\u00e9ralement constitu\u00e9e de mat\u00e9riaux plastiques renforc\u00e9s de fibres (FRP). L&rsquo;utilisation de liens de renforcement FRP conf\u00e8re au c\u00e2ble des caract\u00e9ristiques de l\u00e9g\u00e8ret\u00e9 et de flexibilit\u00e9.<\/li>\n<li>Conception \u00e0 tube central : Le c\u00e2ble \u00e0 fibres optiques GYFXY est dot\u00e9 d&rsquo;un tube central. Cela signifie que les fibres sont plac\u00e9es \u00e0 l&rsquo;int\u00e9rieur d&rsquo;un tube central l\u00e2che, qui assure la protection et l&rsquo;organisation. La conception du tube central permet d&rsquo;acc\u00e9der facilement aux fibres individuelles \u00e0 des fins d&rsquo;\u00e9pissage ou de terminaison.<\/li>\n<li>Protection contre l&rsquo;eau : Le c\u00e2ble \u00e0 fibres GYFXY incorpore une barri\u00e8re \u00e0 l&rsquo;eau dans sa construction. La barri\u00e8re \u00e0 l&rsquo;eau emp\u00eache l&rsquo;humidit\u00e9 et la p\u00e9n\u00e9tration de l&rsquo;eau, ce qui am\u00e9liore la durabilit\u00e9 et les performances du c\u00e2ble, en particulier dans les environnements ext\u00e9rieurs ou difficiles.<\/li>\n<li>Renforcement FRP : Au lieu du renforcement par fil d&rsquo;acier couramment utilis\u00e9 dans d&rsquo;autres c\u00e2bles \u00e0 fibres, GYFXY utilise des liens de renforcement FRP. Ce choix de mat\u00e9riau conf\u00e8re au c\u00e2ble des propri\u00e9t\u00e9s de l\u00e9g\u00e8ret\u00e9 tout en offrant une r\u00e9sistance structurelle et une protection.<\/li>\n<\/ul>\n<h2 style=\"text-align: left; font-size: 18px;\"><strong>Application : O\u00f9 utiliser le c\u00e2ble \u00e0 fibre optique arm\u00e9 non m\u00e9tallique \u00e0 tube central GYFXY ?<\/strong><\/h2>\n<p>Le c\u00e2ble \u00e0 fibre GYFXY trouve des applications typiques dans les d\u00e9ploiements FTTH, FTTP et FTTx, en particulier dans les sections d&rsquo;acc\u00e8s a\u00e9rien. Son poids l\u00e9ger, sa construction blind\u00e9e non m\u00e9tallique et sa conception \u00e0 tube central en font un produit bien adapt\u00e9 \u00e0 ces applications o\u00f9 la facilit\u00e9 d&rsquo;installation, la durabilit\u00e9 et l&rsquo;efficacit\u00e9 de l&rsquo;acc\u00e8s au r\u00e9seau sont des facteurs importants.<\/p>\n<ul>\n<li>FTTH (Fiber to the Home) : Le c\u00e2ble \u00e0 fibre optique GYFXY est bien adapt\u00e9 aux d\u00e9ploiements FTTH, o\u00f9 la connectivit\u00e9 par fibre optique est \u00e9tendue directement aux habitations r\u00e9sidentielles. Sa l\u00e9g\u00e8ret\u00e9 et sa capacit\u00e9 d&rsquo;installation en hauteur en font un outil id\u00e9al pour connecter les habitations \u00e0 l&rsquo;infrastructure principale du r\u00e9seau.<\/li>\n<li>FTTP (Fiber to the Premises) : Le c\u00e2ble \u00e0 fibres optiques GYFXY convient \u00e9galement aux applications FTTP, o\u00f9 la connectivit\u00e9 \u00e0 fibres optiques est \u00e9tendue \u00e0 divers locaux tels que des immeubles de bureaux, des complexes d&rsquo;appartements ou des \u00e9tablissements commerciaux. Sa flexibilit\u00e9 et sa facilit\u00e9 d&rsquo;installation dans les sections d&rsquo;acc\u00e8s a\u00e9rien en font un choix privil\u00e9gi\u00e9 pour ces d\u00e9ploiements.<\/li>\n<li>FTTx (Fiber to the x) : Le c\u00e2ble \u00e0 fibres optiques GYFXY est largement utilis\u00e9 dans divers sc\u00e9narios FTTx, o\u00f9 \u00ab\u00a0x\u00a0\u00bb peut repr\u00e9senter diff\u00e9rents emplacements tels que des armoires, des n\u0153uds ou des points de distribution. Sa capacit\u00e9 de suspension a\u00e9rienne en fait une solution efficace pour connecter ces points du r\u00e9seau, en fournissant une connectivit\u00e9 fibre fiable et \u00e0 haut d\u00e9bit.<\/li>\n<li>Acc\u00e8s au r\u00e9seau \u00e0 courte distance : Le c\u00e2ble \u00e0 fibres optiques GYFXY est souvent d\u00e9ploy\u00e9 dans les sections d&rsquo;acc\u00e8s au r\u00e9seau \u00e0 courte distance. Il peut s&rsquo;agir de points de distribution du r\u00e9seau, de boucles locales ou d&rsquo;extensions du r\u00e9seau \u00e0 petite \u00e9chelle. La l\u00e9g\u00e8ret\u00e9 et la facilit\u00e9 d&rsquo;installation en hauteur du GYFXY en font un choix pratique pour ces applications.<\/li>\n<li>Sections de transmission : Le c\u00e2ble \u00e0 fibres optiques GYFXY peut \u00e9galement \u00eatre utilis\u00e9 dans les sections de transmission o\u00f9 la transmission de donn\u00e9es sur de courtes distances est n\u00e9cessaire. Sa conception et sa construction permettent un transfert de donn\u00e9es efficace sur des distances relativement courtes, ce qui le rend utile dans les sc\u00e9narios o\u00f9 une transmission sur une plus longue distance n&rsquo;est pas n\u00e9cessaire.<\/li>\n<\/ul>\n<h2 style=\"text-align: left; font-size: 18px;\"><strong>Vous cherchez d&rsquo;autres choix de c\u00e2bles \u00e0 fibres arm\u00e9s ?<\/strong><\/h2>\n<p>Vous cherchez plus de choix en mati\u00e8re de c\u00e2bles blind\u00e9s \u00e0 fibres optiques ? D\u00e9couvrez nos<a href=\"https:\/\/www.bonelinks.com\/fr\/armored-optical-fiber-cable\/\" target=\"_blank\" rel=\"noopener\"><strong><span style=\"color: #0054a6;\"> c\u00e2bles en fibre arm\u00e9s <\/span><\/strong><\/a>pour une mise en r\u00e9seau sans faille. Si vous avez besoin de c\u00e2bles \u00e0 fibres optiques sur mesure pour r\u00e9pondre \u00e0 vos besoins sp\u00e9cifiques, jetez un coup d&rsquo;\u0153il \u00e0 nos<a href=\"https:\/\/www.bonelinks.com\/fr\/custom-fiber-optic-cables\/\" target=\"_blank\" rel=\"noopener\"><strong><span style=\"color: #0054a6;\"> C\u00e2bles \u00e0 fibres optiques sur mesure <\/span><\/strong><\/a>pour des solutions de connectivit\u00e9 personnalis\u00e9es.<\/p>\n","protected":false},"excerpt":{"rendered":"<p>GYFXY est un type de c\u00e2ble \u00e0 fibres optiques arm\u00e9 non m\u00e9tallique con\u00e7u pour \u00eatre suspendu en hauteur dans des applications d&rsquo;acc\u00e8s et de transmission de r\u00e9seaux \u00e0 courte distance. Il se caract\u00e9rise par sa capacit\u00e9 \u00e0 supporter son propre poids et est couramment utilis\u00e9 dans les sections d&rsquo;acc\u00e8s a\u00e9rien FTTH, FTTP et FTTx.<\/p>\n","protected":false},"featured_media":15575,"template":"","meta":{"site-sidebar-layout":"default","site-content-layout":"default","ast-site-content-layout":"default","site-content-style":"default","site-sidebar-style":"default","ast-global-header-display":"","ast-banner-title-visibility":"","ast-main-header-display":"","ast-hfb-above-header-display":"","ast-hfb-below-header-display":"","ast-hfb-mobile-header-display":"","site-post-title":"","ast-breadcrumbs-content":"","ast-featured-img":"","footer-sml-layout":"","ast-disable-related-posts":"","theme-transparent-header-meta":"default","adv-header-id-meta":"","stick-header-meta":"default","header-above-stick-meta":"","header-main-stick-meta":"","header-below-stick-meta":"","astra-migrate-meta-layouts":"set","ast-page-background-enabled":"default","ast-page-background-meta":{"desktop":{"background-color":"","background-image":"","background-repeat":"repeat","background-position":"center center","background-size":"auto","background-attachment":"scroll","background-type":"","background-media":"","overlay-type":"","overlay-color":"","overlay-opacity":"","overlay-gradient":""},"tablet":{"background-color":"","background-image":"","background-repeat":"repeat","background-position":"center center","background-size":"auto","background-attachment":"scroll","background-type":"","background-media":"","overlay-type":"","overlay-color":"","overlay-opacity":"","overlay-gradient":""},"mobile":{"background-color":"","background-image":"","background-repeat":"repeat","background-position":"center center","background-size":"auto","background-attachment":"scroll","background-type":"","background-media":"","overlay-type":"","overlay-color":"","overlay-opacity":"","overlay-gradient":""}},"ast-content-background-meta":{"desktop":{"background-color":"var(--ast-global-color-5)","background-image":"","background-repeat":"repeat","background-position":"center center","background-size":"auto","background-attachment":"scroll","background-type":"","background-media":"","overlay-type":"","overlay-color":"","overlay-opacity":"","overlay-gradient":""},"tablet":{"background-color":"var(--ast-global-color-5)","background-image":"","background-repeat":"repeat","background-position":"center center","background-size":"auto","background-attachment":"scroll","background-type":"","background-media":"","overlay-type":"","overlay-color":"","overlay-opacity":"","overlay-gradient":""},"mobile":{"background-color":"var(--ast-global-color-5)","background-image":"","background-repeat":"repeat","background-position":"center center","background-size":"auto","background-attachment":"scroll","background-type":"","background-media":"","overlay-type":"","overlay-color":"","overlay-opacity":"","overlay-gradient":""}}},"product_brand":[],"product_cat":[211,505,507],"product_tag":[],"class_list":{"0":"post-21555","1":"product","2":"type-product","3":"status-publish","4":"has-post-thumbnail","6":"product_cat-outdoor-fiber-optic-cable-fr","7":"product_cat-armored-optical-fiber-cable-fr","8":"product_cat-aerial-fiber-optic-cable-fr","9":"desktop-align-left","10":"tablet-align-left","11":"mobile-align-left","12":"ast-product-gallery-layout-vertical","13":"ast-product-gallery-with-no-image","14":"ast-product-tabs-layout-vertical","15":"ast-qv-on-image","17":"first","18":"instock","19":"shipping-taxable","20":"product-type-simple"},"_links":{"self":[{"href":"https:\/\/www.bonelinks.com\/fr\/wp-json\/wp\/v2\/product\/21555","targetHints":{"allow":["GET"]}}],"collection":[{"href":"https:\/\/www.bonelinks.com\/fr\/wp-json\/wp\/v2\/product"}],"about":[{"href":"https:\/\/www.bonelinks.com\/fr\/wp-json\/wp\/v2\/types\/product"}],"version-history":[{"count":3,"href":"https:\/\/www.bonelinks.com\/fr\/wp-json\/wp\/v2\/product\/21555\/revisions"}],"predecessor-version":[{"id":24166,"href":"https:\/\/www.bonelinks.com\/fr\/wp-json\/wp\/v2\/product\/21555\/revisions\/24166"}],"wp:featuredmedia":[{"embeddable":true,"href":"https:\/\/www.bonelinks.com\/fr\/wp-json\/wp\/v2\/media\/15575"}],"wp:attachment":[{"href":"https:\/\/www.bonelinks.com\/fr\/wp-json\/wp\/v2\/media?parent=21555"}],"wp:term":[{"taxonomy":"product_brand","embeddable":true,"href":"https:\/\/www.bonelinks.com\/fr\/wp-json\/wp\/v2\/product_brand?post=21555"},{"taxonomy":"product_cat","embeddable":true,"href":"https:\/\/www.bonelinks.com\/fr\/wp-json\/wp\/v2\/product_cat?post=21555"},{"taxonomy":"product_tag","embeddable":true,"href":"https:\/\/www.bonelinks.com\/fr\/wp-json\/wp\/v2\/product_tag?post=21555"}],"curies":[{"name":"wp","href":"https:\/\/api.w.org\/{rel}","templated":true}]}}