{"id":21533,"date":"2023-01-08T00:22:05","date_gmt":"2023-01-08T08:22:05","guid":{"rendered":"https:\/\/www.bonelinks.com\/product\/cordons-de-raccordement-sc-upc-a-sc-upc-pour-fibres-optiques\/"},"modified":"2024-01-28T22:12:02","modified_gmt":"2024-01-29T06:12:02","slug":"sc-to-sc-fiber-optic-patch-cords","status":"publish","type":"product","link":"https:\/\/www.bonelinks.com\/fr\/product\/sc-to-sc-fiber-optic-patch-cords\/","title":{"rendered":"Cordons de raccordement SC\/UPC \u00e0 SC\/UPC pour fibres optiques"},"content":{"rendered":"<p>Les cordons de raccordement SC \u00e0 SC pour les bandes 1310nm et 1550nm sont g\u00e9n\u00e9ralement dot\u00e9s d&rsquo;un bo\u00eetier bleu et de faces de contact UPC, tandis que ceux pour la bande 850nm sont g\u00e9n\u00e9ralement dot\u00e9s d&rsquo;un bo\u00eetier beige ou rouge-rose pour les distinguer en tant que c\u00e2bles \u00e0 fibres optiques multimodes. En fonction du nombre de canaux connect\u00e9s, les cordons de raccordement SC peuvent \u00eatre pr\u00e9termin\u00e9s en simplex ou en duplex.<\/p>\n<p>Les cordons de raccordement SC sont fabriqu\u00e9s avec de la fibre monomode \u00e0 faible perte G652D ou G657A et des fraises de contact UPC ou APC, ce qui permet d&rsquo;obtenir une perte de n\u0153ud d&rsquo;acc\u00e8s inf\u00e9rieure \u00e0 0,25 dB.<\/p>\n<p>Bonelinks propose une gamme de configurations de c\u00e2bles de raccordement SC \u00e0 SC pour s&rsquo;adapter \u00e0 diff\u00e9rents environnements d&rsquo;installation. Dans les centres de donn\u00e9es, les cordons de raccordement SC sont g\u00e9n\u00e9ralement constitu\u00e9s d&rsquo;un c\u00e2ble en fibre optique multimode de 3,0 mm de diam\u00e8tre ext\u00e9rieur rempli de Kevlar \u00e0 haute r\u00e9sistance et d&rsquo;une gaine LSZH ou OFNP ignifug\u00e9e afin d&rsquo;am\u00e9liorer la stabilit\u00e9 et la s\u00e9curit\u00e9 du signal. Dans les environnements d&rsquo;acc\u00e8s aux routeurs en int\u00e9rieur, les cordons de raccordement SC sont souvent constitu\u00e9s d&rsquo;un c\u00e2ble en fibre optique de 2,0 mm de diam\u00e8tre ext\u00e9rieur rempli de Kevlar \u00e0 haute r\u00e9sistance et d&rsquo;une gaine en PVC pour r\u00e9pondre aux exigences de flexibilit\u00e9 et de pliage.<\/p>\n<p><strong>Caract\u00e9ristiques<\/strong><\/p>\n<ul>\n<li>Connectivit\u00e9 : Ces cordons de raccordement sont con\u00e7us pour connecter deux appareils \u00e0 fibre optique, tels que des commutateurs, des routeurs et des panneaux de raccordement.<\/li>\n<li>Durabilit\u00e9 : Les connecteurs situ\u00e9s aux deux extr\u00e9mit\u00e9s du cordon de raccordement sont fabriqu\u00e9s \u00e0 partir de mat\u00e9riaux de haute qualit\u00e9, ce qui les rend robustes et durables.<\/li>\n<li>Faible perte d&rsquo;insertion : La faible perte d&rsquo;insertion des cordons de raccordement \u00e0 fibre optique SC \u00e0 SC garantit une transmission efficace des signaux et une connectivit\u00e9 fiable.<\/li>\n<li>Perte de retour \u00e9lev\u00e9e : La perte de retour \u00e9lev\u00e9e des cordons de raccordement \u00e0 fibre optique SC \u00e0 SC minimise la r\u00e9flexion du signal, garantissant que le signal est transmis avec une puissance maximale.<\/li>\n<li>Polyvalence : Les cordons de raccordement de fibre optique SC \u00e0 SC sont disponibles dans une gamme de longueurs et de types de fibre, ce qui les rend appropri\u00e9s pour une vari\u00e9t\u00e9 d&rsquo;applications.<\/li>\n<\/ul>\n<p><strong>Applications<\/strong><\/p>\n<ul>\n<li>Centres de donn\u00e9es : Ces cordons de raccordement sont largement utilis\u00e9s dans les centres de donn\u00e9es pour connecter les installations de fibre optique \u00e0 haute densit\u00e9, telles que les commutateurs, les routeurs et les panneaux de raccordement.<\/li>\n<li>R\u00e9seaux locaux (LAN) : Les cordons de raccordement en fibre optique SC \u00e0 SC sont utilis\u00e9s dans les r\u00e9seaux locaux pour connecter les ordinateurs et autres appareils, leur permettant ainsi de communiquer entre eux.<\/li>\n<li>R\u00e9seaux m\u00e9tropolitains : Ces cordons de raccordement sont utilis\u00e9s dans les r\u00e9seaux m\u00e9tropolitains pour connecter les commutateurs et les routeurs, assurant ainsi une transmission fiable des signaux sur de longues distances.<\/li>\n<li>R\u00e9seaux de fibres optiques : Les cordons de raccordement SC \u00e0 SC sont utilis\u00e9s dans les r\u00e9seaux \u00e0 fibres optiques pour relier les dispositifs \u00e0 fibres optiques et assurer une transmission efficace des signaux.<\/li>\n<li>Salles de t\u00e9l\u00e9communications : Ces cordons de raccordement sont utilis\u00e9s dans les salles de t\u00e9l\u00e9communications pour connecter les appareils \u00e0 fibre optique, tels que les commutateurs et les routeurs.<\/li>\n<\/ul>\n<h2 style=\"text-align: left; font-size: 18px;\"><strong>Vous cherchez d&rsquo;autres choix de c\u00e2bles de raccordement en fibre optique ?<\/strong><\/h2>\n<p>Vous souhaitez plus d&rsquo;options pour les c\u00e2bles de raccordement en fibre optique ? D\u00e9couvrez notre s\u00e9lection de<a title=\"C\u00e2bles de raccordement en fibre SC\" href=\"https:\/\/www.bonelinks.com\/fr\/sc-fibre-patch-leads\/\" target=\"_blank\" rel=\"noopener\"><strong><span style=\"color: #0054a6;\"> C\u00e2bles de raccordement en fibre SC <\/span><\/strong><\/a>pour une mise en r\u00e9seau transparente.<\/p>\n<p>\u00c0 la recherche de cordons de raccordement en fibre optique con\u00e7us et fabriqu\u00e9s sur mesure ? D\u00e9couvrez notre section d\u00e9di\u00e9e aux<a href=\"https:\/\/www.bonelinks.com\/fr\/custom-fiber-optic-cables\/\" target=\"_blank\" rel=\"noopener\"><span style=\"color: #0054a6;\"><strong> C\u00e2bles \u00e0 fibres optiques sur mesure <\/strong><\/span><\/a>pour des solutions de connectivit\u00e9 sur mesure.<\/p>\n<ul>\n<li>Vente au d\u00e9tail ou en gros &#8211; Nous avons tout ce qu&rsquo;il faut !<\/li>\n<li>Vous ne savez pas quoi acheter ? Nous offrons des conseils d&rsquo;experts.<\/li>\n<li>Faible MOQ : pas besoin d&rsquo;acheter plus que ce que vous voulez.<\/li>\n<li>Des prix comp\u00e9titifs : Obtenez un excellent rapport qualit\u00e9-prix \u00e0 chaque fois.<\/li>\n<li>Livraison rapide : Votre rapidit\u00e9, notre priorit\u00e9.<\/li>\n<li>Centr\u00e9 sur le client : Nous adaptons nos services \u00e0 vos besoins.<\/li>\n<\/ul>\n<p><strong>Connectez-vous avec nous !<\/strong><br \/>\nSi vous avez des difficult\u00e9s \u00e0 trouver le bon <span style=\"color: #0054a6;\"><strong><a style=\"color: #0054a6;\" href=\"https:\/\/www.bonelinks.com\/fr\/fiber-optic-patch-cord-supplier\/\" target=\"_blank\" rel=\"noopener\">cordon de raccordement en fibre optique <\/a><\/strong><\/span>pour vos besoins, ou si vous avez besoin de conseils d&rsquo;experts, un seul clic et vous pouvez<a href=\"https:\/\/www.bonelinks.com\/fr\/contact-us\/\" target=\"_blank\" rel=\"noopener\"><strong><span style=\"color: #0054a6;\"> discuter avec nous <\/span><\/strong><\/a>en quelques secondes. Votre satisfaction est notre priorit\u00e9. Nous sommes pr\u00eats \u00e0 vous aider dans tous les domaines. <strong>Ne vous inqui\u00e9tez pas, il n&rsquo;est pas n\u00e9cessaire de trop r\u00e9fl\u00e9chir. Nous sommes l\u00e0, pr\u00eats \u00e0 vous aider.<\/strong><\/p>\n","protected":false},"excerpt":{"rendered":"<p>Les cordons de raccordement de fibre optique SC (Subscriber Connector) \u00e0 SC sont des assemblages de c\u00e2bles utilis\u00e9s pour connecter deux appareils \u00e0 fibre optique, tels que des commutateurs, des routeurs et des panneaux de raccordement. Ils sont constitu\u00e9s d&rsquo;une longueur de c\u00e2ble en fibre optique termin\u00e9e aux deux extr\u00e9mit\u00e9s par des connecteurs SC, qui sont ensuite connect\u00e9s aux ports en fibre optique des appareils \u00e0 relier.<\/p>\n","protected":false},"featured_media":16480,"template":"","meta":{"site-sidebar-layout":"default","site-content-layout":"default","ast-site-content-layout":"default","site-content-style":"default","site-sidebar-style":"default","ast-global-header-display":"","ast-banner-title-visibility":"","ast-main-header-display":"","ast-hfb-above-header-display":"","ast-hfb-below-header-display":"","ast-hfb-mobile-header-display":"","site-post-title":"","ast-breadcrumbs-content":"","ast-featured-img":"","footer-sml-layout":"","ast-disable-related-posts":"","theme-transparent-header-meta":"default","adv-header-id-meta":"","stick-header-meta":"default","header-above-stick-meta":"","header-main-stick-meta":"","header-below-stick-meta":"","astra-migrate-meta-layouts":"set","ast-page-background-enabled":"default","ast-page-background-meta":{"desktop":{"background-color":"","background-image":"","background-repeat":"repeat","background-position":"center center","background-size":"auto","background-attachment":"scroll","background-type":"","background-media":"","overlay-type":"","overlay-color":"","overlay-opacity":"","overlay-gradient":""},"tablet":{"background-color":"","background-image":"","background-repeat":"repeat","background-position":"center center","background-size":"auto","background-attachment":"scroll","background-type":"","background-media":"","overlay-type":"","overlay-color":"","overlay-opacity":"","overlay-gradient":""},"mobile":{"background-color":"","background-image":"","background-repeat":"repeat","background-position":"center center","background-size":"auto","background-attachment":"scroll","background-type":"","background-media":"","overlay-type":"","overlay-color":"","overlay-opacity":"","overlay-gradient":""}},"ast-content-background-meta":{"desktop":{"background-color":"var(--ast-global-color-5)","background-image":"","background-repeat":"repeat","background-position":"center center","background-size":"auto","background-attachment":"scroll","background-type":"","background-media":"","overlay-type":"","overlay-color":"","overlay-opacity":"","overlay-gradient":""},"tablet":{"background-color":"var(--ast-global-color-5)","background-image":"","background-repeat":"repeat","background-position":"center center","background-size":"auto","background-attachment":"scroll","background-type":"","background-media":"","overlay-type":"","overlay-color":"","overlay-opacity":"","overlay-gradient":""},"mobile":{"background-color":"var(--ast-global-color-5)","background-image":"","background-repeat":"repeat","background-position":"center center","background-size":"auto","background-attachment":"scroll","background-type":"","background-media":"","overlay-type":"","overlay-color":"","overlay-opacity":"","overlay-gradient":""}}},"product_brand":[],"product_cat":[304,227],"product_tag":[],"class_list":{"0":"post-21533","1":"product","2":"type-product","3":"status-publish","4":"has-post-thumbnail","6":"product_cat-sc-fiber-patch-cord-fr","7":"product_cat-fiber-patch-cord-fr","8":"pa_connector-type-sc-sc-fr","9":"desktop-align-left","10":"tablet-align-left","11":"mobile-align-left","12":"ast-product-gallery-layout-vertical","13":"ast-product-gallery-with-no-image","14":"ast-product-tabs-layout-vertical","15":"ast-qv-on-image","17":"first","18":"instock","19":"shipping-taxable","20":"product-type-simple"},"_links":{"self":[{"href":"https:\/\/www.bonelinks.com\/fr\/wp-json\/wp\/v2\/product\/21533","targetHints":{"allow":["GET"]}}],"collection":[{"href":"https:\/\/www.bonelinks.com\/fr\/wp-json\/wp\/v2\/product"}],"about":[{"href":"https:\/\/www.bonelinks.com\/fr\/wp-json\/wp\/v2\/types\/product"}],"version-history":[{"count":3,"href":"https:\/\/www.bonelinks.com\/fr\/wp-json\/wp\/v2\/product\/21533\/revisions"}],"predecessor-version":[{"id":24153,"href":"https:\/\/www.bonelinks.com\/fr\/wp-json\/wp\/v2\/product\/21533\/revisions\/24153"}],"wp:featuredmedia":[{"embeddable":true,"href":"https:\/\/www.bonelinks.com\/fr\/wp-json\/wp\/v2\/media\/16480"}],"wp:attachment":[{"href":"https:\/\/www.bonelinks.com\/fr\/wp-json\/wp\/v2\/media?parent=21533"}],"wp:term":[{"taxonomy":"product_brand","embeddable":true,"href":"https:\/\/www.bonelinks.com\/fr\/wp-json\/wp\/v2\/product_brand?post=21533"},{"taxonomy":"product_cat","embeddable":true,"href":"https:\/\/www.bonelinks.com\/fr\/wp-json\/wp\/v2\/product_cat?post=21533"},{"taxonomy":"product_tag","embeddable":true,"href":"https:\/\/www.bonelinks.com\/fr\/wp-json\/wp\/v2\/product_tag?post=21533"}],"curies":[{"name":"wp","href":"https:\/\/api.w.org\/{rel}","templated":true}]}}