{"id":21509,"date":"2023-01-08T02:09:35","date_gmt":"2023-01-08T10:09:35","guid":{"rendered":"https:\/\/www.bonelinks.com\/product\/cordons-de-raccordement-en-fibre-optique-om3-8-cores-mpo-to-lc\/"},"modified":"2024-01-28T22:00:03","modified_gmt":"2024-01-29T06:00:03","slug":"om3-8-cores-mpo-to-lc-fiber-patch-cords","status":"publish","type":"product","link":"https:\/\/www.bonelinks.com\/fr\/product\/om3-8-cores-mpo-to-lc-fiber-patch-cords\/","title":{"rendered":"Cordons de raccordement en fibre optique OM3 8 Cores MPO to LC"},"content":{"rendered":"<p>Le cordon de raccordement MPO vers LC est un c\u00e2ble de communication passif essentiel utilis\u00e9 pour connecter des modules QSFP ou SFP dans les salles de centres de donn\u00e9es. Il se compose d&rsquo;un connecteur MPO, d&rsquo;un mini-c\u00e2ble \u00e0 fibres optiques multiconducteurs de 3,0 mmOD, d&rsquo;un manchon de d\u00e9rivation et d&rsquo;un connecteur LC. Au cours du processus de production, diff\u00e9rents noyaux de c\u00e2bles \u00e0 fibres optiques sont coup\u00e9s en fonction du nombre de ports et de la longueur requis. Les couches de rev\u00eatement et de gaine sont ensuite enlev\u00e9es, et une certaine longueur de c\u0153urs de fibre est extraite et ins\u00e9r\u00e9e dans le connecteur MPO assembl\u00e9, qui est durci, mis \u00e0 la terre et test\u00e9 pour la lumi\u00e8re afin de compl\u00e9ter l&rsquo;installation de l&rsquo;extr\u00e9mit\u00e9 du connecteur MPO. \u00c0 l&rsquo;autre extr\u00e9mit\u00e9 du c\u00e2ble, une certaine longueur de c\u0153ur de fibre est \u00e9galement extraite et branch\u00e9e dans le manchon de d\u00e9rivation. Le m\u00eame diam\u00e8tre ext\u00e9rieur de la gaine du c\u00e2ble et du fil d&rsquo;aramide est ins\u00e9r\u00e9 dans la branche et fix\u00e9 pour former une couche protectrice pour la fibre nue. Les connecteurs LC sont pr\u00e9termin\u00e9s et l&rsquo;ensemble du c\u00e2ble de d\u00e9rivation est produit. Apr\u00e8s l&rsquo;assemblage et la production, la face frontale du connecteur est test\u00e9e pour s&rsquo;assurer qu&rsquo;elle est propre et que tous les canaux peuvent transmettre des signaux \u00e0 travers la lumi\u00e8re avec la valeur d&rsquo;att\u00e9nuation requise. Un rapport de test complet est appos\u00e9 sur le sachet de chaque cordon de raccordement afin de d\u00e9montrer l&rsquo;assurance qualit\u00e9 de Bonelinks pour chaque cordon de raccordement.<\/p>\n<p><strong>Caract\u00e9ristiques<\/strong><\/p>\n<ul>\n<li>Transfert de donn\u00e9es \u00e0 grande vitesse : Les cordons de raccordement fibre OM3 MPO vers LC prennent en charge des taux de transfert de donn\u00e9es \u00e0 grande vitesse allant jusqu&rsquo;\u00e0 40 Gbps, ce qui les rend id\u00e9aux pour les applications n\u00e9cessitant une large bande passante et une transmission de donn\u00e9es fiable.<\/li>\n<li>Faible perte d&rsquo;insertion : Ces c\u00e2bles ont une perte d&rsquo;insertion maximale de 0,35 dB, ce qui garantit une transmission efficace du signal et r\u00e9duit le risque de d\u00e9gradation du signal ou de perte de donn\u00e9es.<\/li>\n<li>Alignement de pr\u00e9cision : Les connecteurs de ces c\u00e2bles sont con\u00e7us avec un alignement de pr\u00e9cision, assurant un contact pr\u00e9cis entre les fibres, ce qui minimise la perte de signal et maximise les performances du r\u00e9seau.<\/li>\n<li>Durabilit\u00e9 : Les cordons de raccordement fibre OM3 MPO vers LC sont fabriqu\u00e9s avec des mat\u00e9riaux de haute qualit\u00e9 qui r\u00e9sistent \u00e0 l&rsquo;usure et \u00e0 la d\u00e9chirure, ce qui les rend adapt\u00e9s \u00e0 une utilisation fr\u00e9quente et au stress physique.<\/li>\n<li>Installation facile : Ces c\u00e2bles sont faciles \u00e0 installer et \u00e0 entretenir, gr\u00e2ce \u00e0 leur conception \u00ab\u00a0plug-and-play\u00a0\u00bb et \u00e0 leurs connecteurs normalis\u00e9s.<\/li>\n<\/ul>\n<p><strong>Application<\/strong><\/p>\n<ul>\n<li>R\u00e9seaux de centres de donn\u00e9es : Les cordons de raccordement fibre OM3 MPO vers LC sont couramment utilis\u00e9s dans les applications de r\u00e9seaux de centres de donn\u00e9es, o\u00f9 une bande passante \u00e9lev\u00e9e et la fiabilit\u00e9 sont essentielles pour traiter de grandes quantit\u00e9s de donn\u00e9es.<\/li>\n<li>Informatique \u00e0 haut d\u00e9bit : Ces c\u00e2bles sont \u00e9galement bien adapt\u00e9s aux applications informatiques \u00e0 haut d\u00e9bit, telles que les supercalculateurs et l&rsquo;informatique en nuage, o\u00f9 les taux de transfert de donn\u00e9es sont essentiels \u00e0 la performance.<\/li>\n<li>T\u00e9l\u00e9communications : Les cordons de raccordement fibre OM3 MPO vers LC sont largement utilis\u00e9s dans les r\u00e9seaux de t\u00e9l\u00e9communications pour assurer une transmission fiable et efficace des donn\u00e9es sur de longues distances.<\/li>\n<li>L&rsquo;informatique en nuage : Ces c\u00e2bles sont essentiels pour le transfert de donn\u00e9es \u00e0 haut d\u00e9bit dans les environnements d&rsquo;informatique en nuage, o\u00f9 de grandes quantit\u00e9s de donn\u00e9es doivent \u00eatre transmises rapidement et efficacement.<\/li>\n<\/ul>\n<h2 style=\"text-align: left; font-size: 18px;\"><strong>Vous cherchez d&rsquo;autres choix de c\u00e2bles MTP\/MPO ?<\/strong><\/h2>\n<p>Vous souhaitez plus d&rsquo;options pour les c\u00e2bles MTP\/MPO ? D\u00e9couvrez notre s\u00e9lection de <span style=\"color: #0054a6;\"><strong><a style=\"color: #0054a6;\" href=\"https:\/\/www.bonelinks.com\/fr\/8-fiber-mpo-cable\/\" target=\"_blank\" rel=\"noopener\">C\u00e2bles MTP\/MPO 8 fibres,<\/a><\/strong><\/span>\u00a0<a title=\"C\u00e2bles de d\u00e9rivation MPO\/MTP vers LC\" href=\"https:\/\/www.bonelinks.com\/fr\/mpo-breakout-cable\/\" target=\"_blank\" rel=\"noopener\"><strong><span style=\"color: #0054a6;\">MPO\/MTP vers LC Breakout Cables<\/span><\/strong> <\/a>pour une mise en r\u00e9seau sans faille.<\/p>\n<p>Vous \u00eates \u00e0 la recherche de cordons de raccordement MPO con\u00e7us et fabriqu\u00e9s sur mesure ? D\u00e9couvrez notre section d\u00e9di\u00e9e aux<a href=\"https:\/\/www.bonelinks.com\/fr\/custom-fiber-optic-cables\/\" target=\"_blank\" rel=\"noopener\"><span style=\"color: #0054a6;\"><strong> C\u00e2bles \u00e0 fibres optiques sur mesure <\/strong><\/span><\/a>pour des solutions de connectivit\u00e9 sur mesure.<\/p>\n<ul>\n<li>Vente au d\u00e9tail ou en gros &#8211; Nous avons tout ce qu&rsquo;il faut !<\/li>\n<li>Vous ne savez pas quoi acheter ? Nous offrons des conseils d&rsquo;experts.<\/li>\n<li>Faible MOQ : pas besoin d&rsquo;acheter plus que ce que vous voulez.<\/li>\n<li>Des prix comp\u00e9titifs : Obtenez un excellent rapport qualit\u00e9-prix \u00e0 chaque fois.<\/li>\n<li>Livraison rapide : Votre rapidit\u00e9, notre priorit\u00e9.<\/li>\n<li>Centr\u00e9 sur le client : Nous adaptons nos services \u00e0 vos besoins.<\/li>\n<\/ul>\n<p><strong>Connectez-vous avec nous !<\/strong><br \/>\nSi vous avez des difficult\u00e9s \u00e0 trouver le bon <span style=\"color: #0054a6;\"><strong><a style=\"color: #0054a6;\" href=\"https:\/\/www.bonelinks.com\/fr\/fiber-optic-patch-cord-supplier\/\" target=\"_blank\" rel=\"noopener\">cordon de raccordement en fibre optique <\/a><\/strong><\/span>pour vos besoins, ou si vous avez besoin de conseils d&rsquo;experts, un seul clic et vous pouvez<a href=\"https:\/\/www.bonelinks.com\/fr\/contact-us\/\" target=\"_blank\" rel=\"noopener\"><strong><span style=\"color: #0054a6;\"> discuter avec nous <\/span><\/strong><\/a>en quelques secondes. Votre satisfaction est notre priorit\u00e9. Nous sommes pr\u00eats \u00e0 vous aider dans tous les domaines. <strong>Ne vous inqui\u00e9tez pas, il n&rsquo;est pas n\u00e9cessaire de trop r\u00e9fl\u00e9chir. Nous sommes l\u00e0, pr\u00eats \u00e0 vous aider.<\/strong><\/p>\n","protected":false},"excerpt":{"rendered":"<p>Les cordons de raccordement en fibre optique OM3 MPO vers LC sont des c\u00e2bles en fibre optique de haute qualit\u00e9 con\u00e7us pour assurer une transmission de donn\u00e9es fiable et \u00e0 grande vitesse sur des distances courtes \u00e0 moyennes. Ces c\u00e2bles sont construits avec des mat\u00e9riaux de haute qualit\u00e9 et des techniques de fabrication avanc\u00e9es pour garantir des performances et une durabilit\u00e9 optimales.<\/p>\n<p>Le connecteur MPO int\u00e8gre plusieurs fibres dans une interface unique et compacte, tandis que le connecteur LC est un connecteur de petite taille couramment utilis\u00e9 dans les applications de r\u00e9seau \u00e0 haute densit\u00e9. Ces cordons de raccordement sont con\u00e7us pour connecter des interfaces MPO et LC, ce qui les rend id\u00e9aux pour une utilisation dans les centres de donn\u00e9es, les r\u00e9seaux de t\u00e9l\u00e9communications et d&rsquo;autres applications de r\u00e9seaux \u00e0 haut d\u00e9bit.<\/p>\n<p>La d\u00e9signation OM3 indique que ces cordons de raccordement sont optimis\u00e9s pour une utilisation avec les r\u00e9seaux 10 Gigabit Ethernet et supportent des taux de transmission de donn\u00e9es allant jusqu&rsquo;\u00e0 10 Gbps sur des distances allant jusqu&rsquo;\u00e0 300 m\u00e8tres. Ils sont \u00e9galement r\u00e9trocompatibles avec les r\u00e9seaux 1 Gigabit Ethernet, ce qui en fait une solution polyvalente et fiable pour une large gamme d&rsquo;applications r\u00e9seau.<\/p>\n<p>Si vous recherchez des cordons de raccordement en fibre optique de haute qualit\u00e9, fiables et performants pour votre r\u00e9seau, les cordons de raccordement en fibre optique OM3 MPO vers LC constituent un excellent choix. Ils sont con\u00e7us et construits pour r\u00e9pondre aux besoins des r\u00e9seaux modernes \u00e0 haut d\u00e9bit et constituent une solution fiable et fiable pour vos besoins en mati\u00e8re de r\u00e9seaux.<\/p>\n","protected":false},"featured_media":16595,"template":"","meta":{"site-sidebar-layout":"default","site-content-layout":"default","ast-site-content-layout":"default","site-content-style":"default","site-sidebar-style":"default","ast-global-header-display":"","ast-banner-title-visibility":"","ast-main-header-display":"","ast-hfb-above-header-display":"","ast-hfb-below-header-display":"","ast-hfb-mobile-header-display":"","site-post-title":"","ast-breadcrumbs-content":"","ast-featured-img":"","footer-sml-layout":"","ast-disable-related-posts":"","theme-transparent-header-meta":"default","adv-header-id-meta":"","stick-header-meta":"default","header-above-stick-meta":"","header-main-stick-meta":"","header-below-stick-meta":"","astra-migrate-meta-layouts":"set","ast-page-background-enabled":"default","ast-page-background-meta":{"desktop":{"background-color":"","background-image":"","background-repeat":"repeat","background-position":"center center","background-size":"auto","background-attachment":"scroll","background-type":"","background-media":"","overlay-type":"","overlay-color":"","overlay-opacity":"","overlay-gradient":""},"tablet":{"background-color":"","background-image":"","background-repeat":"repeat","background-position":"center center","background-size":"auto","background-attachment":"scroll","background-type":"","background-media":"","overlay-type":"","overlay-color":"","overlay-opacity":"","overlay-gradient":""},"mobile":{"background-color":"","background-image":"","background-repeat":"repeat","background-position":"center center","background-size":"auto","background-attachment":"scroll","background-type":"","background-media":"","overlay-type":"","overlay-color":"","overlay-opacity":"","overlay-gradient":""}},"ast-content-background-meta":{"desktop":{"background-color":"var(--ast-global-color-5)","background-image":"","background-repeat":"repeat","background-position":"center center","background-size":"auto","background-attachment":"scroll","background-type":"","background-media":"","overlay-type":"","overlay-color":"","overlay-opacity":"","overlay-gradient":""},"tablet":{"background-color":"var(--ast-global-color-5)","background-image":"","background-repeat":"repeat","background-position":"center center","background-size":"auto","background-attachment":"scroll","background-type":"","background-media":"","overlay-type":"","overlay-color":"","overlay-opacity":"","overlay-gradient":""},"mobile":{"background-color":"var(--ast-global-color-5)","background-image":"","background-repeat":"repeat","background-position":"center center","background-size":"auto","background-attachment":"scroll","background-type":"","background-media":"","overlay-type":"","overlay-color":"","overlay-opacity":"","overlay-gradient":""}}},"product_brand":[],"product_cat":[231,229,258,227],"product_tag":[],"class_list":{"0":"post-21509","1":"product","2":"type-product","3":"status-publish","4":"has-post-thumbnail","6":"product_cat-multimode-fiber-patch-cord-fr","7":"product_cat-lc-fiber-patch-cord-fr","8":"product_cat-mpo-patch-cord-fr","9":"product_cat-fiber-patch-cord-fr","10":"pa_connector-type-mpo-lc-fr","11":"pa_fiber-type-50-125-om3-fr","12":"desktop-align-left","13":"tablet-align-left","14":"mobile-align-left","15":"ast-product-gallery-layout-vertical","16":"ast-product-gallery-with-no-image","17":"ast-product-tabs-layout-vertical","18":"ast-qv-on-image","20":"first","21":"instock","22":"shipping-taxable","23":"product-type-simple"},"_links":{"self":[{"href":"https:\/\/www.bonelinks.com\/fr\/wp-json\/wp\/v2\/product\/21509","targetHints":{"allow":["GET"]}}],"collection":[{"href":"https:\/\/www.bonelinks.com\/fr\/wp-json\/wp\/v2\/product"}],"about":[{"href":"https:\/\/www.bonelinks.com\/fr\/wp-json\/wp\/v2\/types\/product"}],"version-history":[{"count":3,"href":"https:\/\/www.bonelinks.com\/fr\/wp-json\/wp\/v2\/product\/21509\/revisions"}],"predecessor-version":[{"id":24139,"href":"https:\/\/www.bonelinks.com\/fr\/wp-json\/wp\/v2\/product\/21509\/revisions\/24139"}],"wp:featuredmedia":[{"embeddable":true,"href":"https:\/\/www.bonelinks.com\/fr\/wp-json\/wp\/v2\/media\/16595"}],"wp:attachment":[{"href":"https:\/\/www.bonelinks.com\/fr\/wp-json\/wp\/v2\/media?parent=21509"}],"wp:term":[{"taxonomy":"product_brand","embeddable":true,"href":"https:\/\/www.bonelinks.com\/fr\/wp-json\/wp\/v2\/product_brand?post=21509"},{"taxonomy":"product_cat","embeddable":true,"href":"https:\/\/www.bonelinks.com\/fr\/wp-json\/wp\/v2\/product_cat?post=21509"},{"taxonomy":"product_tag","embeddable":true,"href":"https:\/\/www.bonelinks.com\/fr\/wp-json\/wp\/v2\/product_tag?post=21509"}],"curies":[{"name":"wp","href":"https:\/\/api.w.org\/{rel}","templated":true}]}}