{"id":21506,"date":"2023-01-08T17:55:29","date_gmt":"2023-01-09T01:55:29","guid":{"rendered":"https:\/\/www.bonelinks.com\/product\/cordons-de-raccordement-en-fibre-optique-om4-24-cores-mpo-to-lc\/"},"modified":"2024-01-28T21:57:29","modified_gmt":"2024-01-29T05:57:29","slug":"om4-24-cores-mpo-to-lc-fiber-patch-cords","status":"publish","type":"product","link":"https:\/\/www.bonelinks.com\/fr\/product\/om4-24-cores-mpo-to-lc-fiber-patch-cords\/","title":{"rendered":"Cordons de raccordement en fibre optique OM4 24 Cores MPO to LC"},"content":{"rendered":"<h1 style=\"text-align: left; font-size: 18px;\"><strong>Cordons de raccordement en fibre optique OM4 24 Cores MPO to LC Breakout<\/strong><\/h1>\n<p>Le cordon de raccordement fibre optique OM4 MPO vers LC est une solution de c\u00e2ble haut de gamme con\u00e7ue pour la connectivit\u00e9 optique \u00e0 haut d\u00e9bit dans les centres de donn\u00e9es. Fabriqu\u00e9 avec la fibre multimode OM4 de la plus haute qualit\u00e9, ce cordon de raccordement est con\u00e7u pour offrir des performances fiables et efficaces dans les applications de transmission \u00e0 haute fr\u00e9quence.<\/p>\n<p>Le cordon de raccordement est compos\u00e9 d&rsquo;un mini-c\u00e2ble optique multimode OM4 \u00e0 24 brins, d&rsquo;un connecteur MPO, d&rsquo;un manchon de d\u00e9rivation et d&rsquo;un connecteur LC. Le c\u00e2ble de fibre optique est coup\u00e9 \u00e0 la longueur et au nombre de ports souhait\u00e9s, puis les c\u0153urs de fibre sont d\u00e9nud\u00e9s, ins\u00e9r\u00e9s dans le connecteur MPO et soumis \u00e0 un processus de fabrication complet qui comprend le durcissement, le broyage et les tests. \u00c0 l&rsquo;extr\u00e9mit\u00e9 LC, le connecteur est pr\u00e9-termin\u00e9 avec une couche protectrice de fil d&rsquo;aramide et associ\u00e9 \u00e0 un clip \u00e0 double fil, puis durci, mis \u00e0 la terre et test\u00e9.<\/p>\n<p>Le cordon de raccordement fibre OM4 MPO vers LC de Bonelinks est fabriqu\u00e9 dans le respect des normes industrielles et subit des tests rigoureux pour garantir sa qualit\u00e9, sa fiabilit\u00e9 et ses performances. Le cordon de raccordement est facile \u00e0 installer, ce qui en fait un choix pratique pour les administrateurs de r\u00e9seau et les techniciens.<\/p>\n<p>Avant d&rsquo;\u00eatre utilis\u00e9, le cordon de raccordement doit faire l&rsquo;objet d&rsquo;un test fonctionnel afin de s&rsquo;assurer que sa face terminale est propre, que tous les canaux peuvent transmettre des signaux et que la valeur d&rsquo;att\u00e9nuation est conforme aux normes requises. Si les r\u00e9sultats des tests sont anormaux, il se peut que le cordon de raccordement doive \u00eatre retravaill\u00e9 ou reproduit. Une fois les tests fonctionnels termin\u00e9s, chaque cordon de brassage se voit attribuer un rapport de test de Bonelinks, ce qui constitue une garantie de qualit\u00e9 pour les utilisateurs.<\/p>\n<p><strong>Caract\u00e9ristiques<\/strong><\/p>\n<ul>\n<li>Largeur de bande \u00e9lev\u00e9e : la fibre OM4 offre une largeur de bande allant jusqu&rsquo;\u00e0 4700 MHz-km, ce qui est id\u00e9al pour les applications de transmission de donn\u00e9es \u00e0 grande vitesse.<\/li>\n<li>Taux de transfert de donn\u00e9es \u00e9lev\u00e9 : Avec un taux de transfert de donn\u00e9es allant jusqu&rsquo;\u00e0 40 Gbps, les cordons de raccordement en fibre optique OM4 MPO vers LC conviennent aux centres de donn\u00e9es \u00e0 haut d\u00e9bit et aux applications d&rsquo;informatique en nuage.<\/li>\n<li>Durabilit\u00e9 : Les connecteurs MPO et LC sont fabriqu\u00e9s \u00e0 partir de mat\u00e9riaux de haute qualit\u00e9, ce qui garantit leur durabilit\u00e9 et leur long\u00e9vit\u00e9.<\/li>\n<li>Installation facile : Les cordons de raccordement fibre OM4 MPO vers LC sont faciles \u00e0 installer et peuvent \u00eatre rapidement connect\u00e9s et d\u00e9connect\u00e9s, ce qui les rend id\u00e9aux pour une utilisation dans les centres de donn\u00e9es et les applications de cloud computing.<\/li>\n<\/ul>\n<p><strong>Application<\/strong><\/p>\n<ul>\n<li>Centres de donn\u00e9es : Les cordons de raccordement fibre OM4 MPO vers LC sont couramment utilis\u00e9s dans les centres de donn\u00e9es pour la transmission de donn\u00e9es \u00e0 grande vitesse entre les serveurs et les syst\u00e8mes de stockage.<\/li>\n<li>Informatique en nuage : Les cordons de raccordement fibre OM4 MPO vers LC sont \u00e9galement utilis\u00e9s dans les applications de cloud computing pour connecter les serveurs, les syst\u00e8mes de stockage et d&rsquo;autres dispositifs informatiques.<\/li>\n<li>Informatique haute performance : Ces cordons de raccordement sont id\u00e9aux pour les applications informatiques \u00e0 haute performance, o\u00f9 le transfert de donn\u00e9es \u00e0 grande vitesse et une faible latence sont essentiels.<\/li>\n<li>T\u00e9l\u00e9communications : Les cordons de raccordement fibre OM4 MPO vers LC sont utilis\u00e9s dans les applications de t\u00e9l\u00e9communications pour connecter les dispositifs de r\u00e9seau, tels que les commutateurs et les routeurs.<\/li>\n<\/ul>\n<h2 style=\"text-align: left; font-size: 18px;\"><strong>Vous cherchez d&rsquo;autres choix de c\u00e2bles MTP\/MPO ?<\/strong><\/h2>\n<p>Vous souhaitez plus d&rsquo;options pour les c\u00e2bles MTP\/MPO ? D\u00e9couvrez notre s\u00e9lection de <span style=\"color: #0054a6;\"><strong><a style=\"color: #0054a6;\" href=\"https:\/\/www.bonelinks.com\/fr\/mpo-24-fiber-cable\/\" target=\"_blank\" rel=\"noopener\">C\u00e2bles MTP\/MPO 24 fibres,<\/a><\/strong><\/span>\u00a0<a title=\"C\u00e2bles de d\u00e9rivation MPO\/MTP vers LC\" href=\"https:\/\/www.bonelinks.com\/fr\/mpo-breakout-cable\/\" target=\"_blank\" rel=\"noopener\"><strong><span style=\"color: #0054a6;\">MPO\/MTP vers LC Breakout Cables<\/span><\/strong> <\/a>pour une mise en r\u00e9seau sans faille.<\/p>\n<p>Vous \u00eates \u00e0 la recherche de cordons de raccordement MPO con\u00e7us et fabriqu\u00e9s sur mesure ? D\u00e9couvrez notre section d\u00e9di\u00e9e aux<a href=\"https:\/\/www.bonelinks.com\/fr\/custom-fiber-optic-cables\/\" target=\"_blank\" rel=\"noopener\"><span style=\"color: #0054a6;\"><strong> C\u00e2bles \u00e0 fibres optiques sur mesure <\/strong><\/span><\/a>pour des solutions de connectivit\u00e9 sur mesure.<\/p>\n<ul>\n<li>Vente au d\u00e9tail ou en gros &#8211; Nous avons tout ce qu&rsquo;il faut !<\/li>\n<li>Vous ne savez pas quoi acheter ? Nous offrons des conseils d&rsquo;experts.<\/li>\n<li>Faible MOQ : pas besoin d&rsquo;acheter plus que ce que vous voulez.<\/li>\n<li>Des prix comp\u00e9titifs : Obtenez un excellent rapport qualit\u00e9-prix \u00e0 chaque fois.<\/li>\n<li>Livraison rapide : Votre rapidit\u00e9, notre priorit\u00e9.<\/li>\n<li>Centr\u00e9 sur le client : Nous adaptons nos services \u00e0 vos besoins.<\/li>\n<\/ul>\n<p><strong>Connectez-vous avec nous !<\/strong><br \/>\nSi vous avez des difficult\u00e9s \u00e0 trouver le bon <span style=\"color: #0054a6;\"><strong><a style=\"color: #0054a6;\" href=\"https:\/\/www.bonelinks.com\/fr\/fiber-optic-patch-cord-supplier\/\" target=\"_blank\" rel=\"noopener\">cordon de raccordement en fibre optique <\/a><\/strong><\/span>pour vos besoins, ou si vous avez besoin de conseils d&rsquo;experts, un seul clic et vous pouvez<a href=\"https:\/\/www.bonelinks.com\/fr\/contact-us\/\" target=\"_blank\" rel=\"noopener\"><strong><span style=\"color: #0054a6;\"> discuter avec nous <\/span><\/strong><\/a>en quelques secondes. Votre satisfaction est notre priorit\u00e9. Nous sommes pr\u00eats \u00e0 vous aider dans tous les domaines. <strong>Ne vous inqui\u00e9tez pas, il n&rsquo;est pas n\u00e9cessaire de trop r\u00e9fl\u00e9chir. Nous sommes l\u00e0, pr\u00eats \u00e0 vous aider.<\/strong><\/p>\n","protected":false},"excerpt":{"rendered":"<p>Les cordons de raccordement en fibre optique OM4 24 Cores MPO to LC sont des assemblages de c\u00e2bles en fibre optique de haute performance sp\u00e9cialement con\u00e7us pour fournir la bande passante la plus \u00e9lev\u00e9e et les taux de transmission de donn\u00e9es les plus rapides pour les centres de donn\u00e9es modernes, les r\u00e9seaux d&rsquo;entreprise et d&rsquo;autres applications de r\u00e9seaux optiques \u00e0 grande vitesse. Ces cordons de raccordement sont dot\u00e9s d&rsquo;un connecteur multifibre push-on (MPO) \u00e0 une extr\u00e9mit\u00e9 et d&rsquo;un connecteur LC \u00e0 petit facteur de forme \u00e0 l&rsquo;autre extr\u00e9mit\u00e9, ce qui permet d&rsquo;\u00e9tablir une connexion compacte et \u00e0 haute densit\u00e9 entre les p\u00e9riph\u00e9riques du r\u00e9seau.<\/p>\n<p>Les cordons de raccordement OM4 24 Cores MPO to LC sont fabriqu\u00e9s avec la derni\u00e8re fibre optique multimode OM4, qui offre une augmentation de 50 % de la bande passante par rapport \u00e0 la fibre multimode OM3 de la g\u00e9n\u00e9ration pr\u00e9c\u00e9dente. Cette plus grande largeur de bande permet des taux de transfert de donn\u00e9es plus rapides et r\u00e9pond aux exigences croissantes des r\u00e9seaux optiques \u00e0 haut d\u00e9bit. En outre, l&rsquo;utilisation de la fibre OM4 am\u00e9liore l&rsquo;int\u00e9grit\u00e9 du signal et les distances de transmission par rapport \u00e0 la fibre OM3.<\/p>\n<p>En conclusion, les cordons de raccordement en fibre optique OM4 24 Cores MPO to LC constituent la solution id\u00e9ale pour les applications de r\u00e9seaux optiques \u00e0 haut d\u00e9bit qui n\u00e9cessitent une large bande passante, des taux de transfert de donn\u00e9es rapides et des performances fiables. Ils b\u00e9n\u00e9ficient d&rsquo;une r\u00e9putation de qualit\u00e9, de fiabilit\u00e9 et de performance, ce qui en fait un choix fiable pour tout administrateur ou technicien de r\u00e9seau.<\/p>\n","protected":false},"featured_media":16620,"template":"","meta":{"site-sidebar-layout":"default","site-content-layout":"default","ast-site-content-layout":"default","site-content-style":"default","site-sidebar-style":"default","ast-global-header-display":"","ast-banner-title-visibility":"","ast-main-header-display":"","ast-hfb-above-header-display":"","ast-hfb-below-header-display":"","ast-hfb-mobile-header-display":"","site-post-title":"","ast-breadcrumbs-content":"","ast-featured-img":"","footer-sml-layout":"","ast-disable-related-posts":"","theme-transparent-header-meta":"default","adv-header-id-meta":"","stick-header-meta":"default","header-above-stick-meta":"","header-main-stick-meta":"","header-below-stick-meta":"","astra-migrate-meta-layouts":"set","ast-page-background-enabled":"default","ast-page-background-meta":{"desktop":{"background-color":"","background-image":"","background-repeat":"repeat","background-position":"center center","background-size":"auto","background-attachment":"scroll","background-type":"","background-media":"","overlay-type":"","overlay-color":"","overlay-opacity":"","overlay-gradient":""},"tablet":{"background-color":"","background-image":"","background-repeat":"repeat","background-position":"center center","background-size":"auto","background-attachment":"scroll","background-type":"","background-media":"","overlay-type":"","overlay-color":"","overlay-opacity":"","overlay-gradient":""},"mobile":{"background-color":"","background-image":"","background-repeat":"repeat","background-position":"center center","background-size":"auto","background-attachment":"scroll","background-type":"","background-media":"","overlay-type":"","overlay-color":"","overlay-opacity":"","overlay-gradient":""}},"ast-content-background-meta":{"desktop":{"background-color":"var(--ast-global-color-5)","background-image":"","background-repeat":"repeat","background-position":"center center","background-size":"auto","background-attachment":"scroll","background-type":"","background-media":"","overlay-type":"","overlay-color":"","overlay-opacity":"","overlay-gradient":""},"tablet":{"background-color":"var(--ast-global-color-5)","background-image":"","background-repeat":"repeat","background-position":"center center","background-size":"auto","background-attachment":"scroll","background-type":"","background-media":"","overlay-type":"","overlay-color":"","overlay-opacity":"","overlay-gradient":""},"mobile":{"background-color":"var(--ast-global-color-5)","background-image":"","background-repeat":"repeat","background-position":"center center","background-size":"auto","background-attachment":"scroll","background-type":"","background-media":"","overlay-type":"","overlay-color":"","overlay-opacity":"","overlay-gradient":""}}},"product_brand":[],"product_cat":[231,229,258,227],"product_tag":[],"class_list":{"0":"post-21506","1":"product","2":"type-product","3":"status-publish","4":"has-post-thumbnail","6":"product_cat-multimode-fiber-patch-cord-fr","7":"product_cat-lc-fiber-patch-cord-fr","8":"product_cat-mpo-patch-cord-fr","9":"product_cat-fiber-patch-cord-fr","10":"pa_connector-type-mpo-lc-fr","11":"pa_fiber-type-50-125-om4-fr","12":"desktop-align-left","13":"tablet-align-left","14":"mobile-align-left","15":"ast-product-gallery-layout-vertical","16":"ast-product-gallery-with-no-image","17":"ast-product-tabs-layout-vertical","18":"ast-qv-on-image","20":"first","21":"instock","22":"shipping-taxable","23":"product-type-simple"},"_links":{"self":[{"href":"https:\/\/www.bonelinks.com\/fr\/wp-json\/wp\/v2\/product\/21506","targetHints":{"allow":["GET"]}}],"collection":[{"href":"https:\/\/www.bonelinks.com\/fr\/wp-json\/wp\/v2\/product"}],"about":[{"href":"https:\/\/www.bonelinks.com\/fr\/wp-json\/wp\/v2\/types\/product"}],"version-history":[{"count":3,"href":"https:\/\/www.bonelinks.com\/fr\/wp-json\/wp\/v2\/product\/21506\/revisions"}],"predecessor-version":[{"id":24135,"href":"https:\/\/www.bonelinks.com\/fr\/wp-json\/wp\/v2\/product\/21506\/revisions\/24135"}],"wp:featuredmedia":[{"embeddable":true,"href":"https:\/\/www.bonelinks.com\/fr\/wp-json\/wp\/v2\/media\/16620"}],"wp:attachment":[{"href":"https:\/\/www.bonelinks.com\/fr\/wp-json\/wp\/v2\/media?parent=21506"}],"wp:term":[{"taxonomy":"product_brand","embeddable":true,"href":"https:\/\/www.bonelinks.com\/fr\/wp-json\/wp\/v2\/product_brand?post=21506"},{"taxonomy":"product_cat","embeddable":true,"href":"https:\/\/www.bonelinks.com\/fr\/wp-json\/wp\/v2\/product_cat?post=21506"},{"taxonomy":"product_tag","embeddable":true,"href":"https:\/\/www.bonelinks.com\/fr\/wp-json\/wp\/v2\/product_tag?post=21506"}],"curies":[{"name":"wp","href":"https:\/\/api.w.org\/{rel}","templated":true}]}}