{"id":21505,"date":"2023-01-08T00:56:48","date_gmt":"2023-01-08T08:56:48","guid":{"rendered":"https:\/\/www.bonelinks.com\/product\/cordons-de-raccordement-fibre-st-a-st\/"},"modified":"2024-01-28T22:07:02","modified_gmt":"2024-01-29T06:07:02","slug":"st-to-st-fiber-optical-patch-leads","status":"publish","type":"product","link":"https:\/\/www.bonelinks.com\/fr\/product\/st-to-st-fiber-optical-patch-leads\/","title":{"rendered":"Cordons de raccordement fibre ST \u00e0 ST"},"content":{"rendered":"<h1 style=\"text-align: left; font-size: 18px;\"><strong>Cordons de raccordement fiables de 1 m entre fibres ST et ST pour des performances optimales<\/strong><\/h1>\n<p>Les cordons de raccordement fibre optique ST \u00e0 ST sont con\u00e7us avec un connecteur m\u00e9tallique \u00e0 verrouillage rapide pour assurer une liaison solide entre le c\u00e2ble fibre optique et le connecteur. Lors de la fabrication de cordons de raccordement en fibre ST \u00e0 double c\u0153ur pour la transmission de donn\u00e9es \u00e0 double canal, des anneaux num\u00e9rot\u00e9s sont appos\u00e9s sur les connecteurs afin d&rsquo;\u00e9viter toute erreur de connexion des ports lors de l&rsquo;installation.<\/p>\n<p>Le cordon de raccordement ST vers ST est disponible en version multimode et monomode, et peut \u00eatre pr\u00e9termin\u00e9 en forme simplex ou duplex pour r\u00e9pondre aux diff\u00e9rentes exigences d&rsquo;utilisation. Dans les versions multimodes, le cordon de raccordement est g\u00e9n\u00e9ralement constitu\u00e9 d&rsquo;un c\u00e2ble de fibre optique multimode avec une gaine beige ou orange, tandis que les versions monomodes utilisent un c\u00e2ble de fibre optique monomode avec une gaine bleue. Le c\u00e2ble \u00e0 fibre optique utilis\u00e9 dans les cordons de raccordement ST est g\u00e9n\u00e9ralement constitu\u00e9 d&rsquo;une fibre optique de haute qualit\u00e9 pr\u00e9sentant de faibles caract\u00e9ristiques de perte, ce qui permet une transmission fiable et stable des donn\u00e9es sur de longues distances.<\/p>\n<p>Avec plus de 10 ans d&rsquo;exp\u00e9rience dans la production et le traitement des cordons de brassage, Bonelinks dispose d&rsquo;une grande exp\u00e9rience et d&rsquo;une ligne de production d\u00e9di\u00e9e pour r\u00e9pondre aux demandes urgentes de produits, aux d\u00e9lais de production courts et aux styles de connecteurs complexes. L&rsquo;entreprise s&rsquo;efforce de fournir une assurance de qualit\u00e9 et de quantit\u00e9 \u00e0 ses clients, en veillant \u00e0 ce que les produits arrivent \u00e0 temps sur les chantiers de construction. En s&rsquo;engageant \u00e0 satisfaire ses clients, Bonelinks s&rsquo;est constitu\u00e9 une client\u00e8le fid\u00e8le.<\/p>\n<h2 style=\"text-align: left; font-size: 18px;\"><strong>Caract\u00e9ristiques des cordons de raccordement fibre ST \u00e0 ST<\/strong><\/h2>\n<ul>\n<li>Faible perte d&rsquo;insertion : Les cordons de raccordement fibre ST \u00e0 ST ont une faible perte d&rsquo;insertion, ce qui signifie qu&rsquo;ils ont une perte de signal minimale, ce qui les rend id\u00e9aux pour une utilisation dans des applications \u00e0 large bande passante.<\/li>\n<li>Perte de retour \u00e9lev\u00e9e : Les cordons de raccordement en fibre ST \u00e0 ST pr\u00e9sentent \u00e9galement une perte de retour \u00e9lev\u00e9e, ce qui signifie qu&rsquo;ils renvoient moins de lumi\u00e8re vers la source, ce qui les rend id\u00e9aux pour une utilisation dans des syst\u00e8mes n\u00e9cessitant un faible taux d&rsquo;erreur binaire.<\/li>\n<li>Construction durable : Le connecteur ST a une conception robuste et durable, ce qui le rend id\u00e9al pour une utilisation dans des environnements difficiles.<\/li>\n<\/ul>\n<h2 style=\"text-align: left; font-size: 18px;\"><strong>Caract\u00e9ristiques des cordons de raccordement fibre ST \u00e0 ST<\/strong><\/h2>\n<ul>\n<li>Centres de donn\u00e9es : Les cordons de raccordement fibre ST \u00e0 ST sont couramment utilis\u00e9s dans les centres de donn\u00e9es pour connecter les dispositifs de r\u00e9seau, tels que les commutateurs et les routeurs, les uns aux autres.<\/li>\n<li>R\u00e9seaux industriels : La conception robuste des connecteurs ST les rend id\u00e9aux pour une utilisation dans les r\u00e9seaux industriels, o\u00f9 les environnements difficiles et les mouvements fr\u00e9quents peuvent entra\u00eener la d\u00e9faillance d&rsquo;autres types de connecteurs.<\/li>\n<li>R\u00e9seaux de t\u00e9l\u00e9communications : Les cordons de raccordement de fibres ST \u00e0 ST sont \u00e9galement utilis\u00e9s dans les r\u00e9seaux de t\u00e9l\u00e9communications pour interconnecter les \u00e9quipements de transmission optique.<\/li>\n<li>R\u00e9seaux locaux (LAN) : Les cordons de raccordement en fibre ST \u00e0 ST sont parfois utilis\u00e9s dans les r\u00e9seaux locaux pour connecter des ordinateurs, des serveurs et d&rsquo;autres appareils \u00e0 un commutateur de r\u00e9seau.<\/li>\n<\/ul>\n<h2 style=\"text-align: left; font-size: 18px;\"><strong>Vous cherchez d&rsquo;autres choix de c\u00e2bles de raccordement en fibre optique ?<\/strong><\/h2>\n<p>Vous souhaitez plus d&rsquo;options pour les c\u00e2bles de raccordement en fibre optique ? D\u00e9couvrez notre s\u00e9lection de<a title=\"C\u00e2bles de raccordement en fibre ST\" href=\"https:\/\/www.bonelinks.com\/fr\/st-fibre-patch-leads\/\" target=\"_blank\" rel=\"noopener\"><strong><span style=\"color: #0054a6;\"> c\u00e2bles de raccordement en fibre ST <\/span><\/strong><\/a>pour une mise en r\u00e9seau sans faille.<\/p>\n<p>\u00c0 la recherche de cordons de raccordement en fibre optique con\u00e7us et fabriqu\u00e9s sur mesure ? D\u00e9couvrez notre section d\u00e9di\u00e9e aux<a href=\"https:\/\/www.bonelinks.com\/fr\/custom-fiber-optic-cables\/\" target=\"_blank\" rel=\"noopener\"><span style=\"color: #0054a6;\"><strong> C\u00e2bles \u00e0 fibres optiques sur mesure <\/strong><\/span><\/a>pour des solutions de connectivit\u00e9 sur mesure.<\/p>\n<ul>\n<li>Vente au d\u00e9tail ou en gros &#8211; Nous avons tout ce qu&rsquo;il faut !<\/li>\n<li>Vous ne savez pas quoi acheter ? Nous offrons des conseils d&rsquo;experts.<\/li>\n<li>Faible MOQ : pas besoin d&rsquo;acheter plus que ce que vous voulez.<\/li>\n<li>Des prix comp\u00e9titifs : Obtenez un excellent rapport qualit\u00e9-prix \u00e0 chaque fois.<\/li>\n<li>Livraison rapide : Votre rapidit\u00e9, notre priorit\u00e9.<\/li>\n<li>Centr\u00e9 sur le client : Nous adaptons nos services \u00e0 vos besoins.<\/li>\n<\/ul>\n<p><strong>Connectez-vous avec nous !<\/strong><br \/>\nSi vous avez des difficult\u00e9s \u00e0 trouver le bon <span style=\"color: #0054a6;\"><strong><a style=\"color: #0054a6;\" href=\"https:\/\/www.bonelinks.com\/fr\/fiber-optic-patch-cord-supplier\/\" target=\"_blank\" rel=\"noopener\">cordon de raccordement en fibre optique <\/a><\/strong><\/span>pour vos besoins, ou si vous avez besoin de conseils d&rsquo;experts, un seul clic et vous pouvez<a href=\"https:\/\/www.bonelinks.com\/fr\/contact-us\/\" target=\"_blank\" rel=\"noopener\"><strong><span style=\"color: #0054a6;\"> discuter avec nous <\/span><\/strong><\/a>en quelques secondes. Votre satisfaction est notre priorit\u00e9. Nous sommes pr\u00eats \u00e0 vous aider dans tous les domaines. <strong>Ne vous inqui\u00e9tez pas, il n&rsquo;est pas n\u00e9cessaire de trop r\u00e9fl\u00e9chir. Nous sommes l\u00e0, pr\u00eats \u00e0 vous aider.<\/strong><\/p>\n","protected":false},"excerpt":{"rendered":"<p>Le cordon de raccordement en fibre optique ST \u00e0 ST est un type de c\u00e2ble en fibre optique con\u00e7u pour connecter des dispositifs de communication optique. Il doit son nom au connecteur ST (Straight Tip) utilis\u00e9 aux deux extr\u00e9mit\u00e9s du c\u00e2ble, qui est un connecteur de fibre optique populaire et largement utilis\u00e9, offrant une solution simple et peu co\u00fbteuse pour les connexions de fibre optique.<\/p>\n<p>Le cordon de raccordement fibre optique ST vers ST est une solution polyvalente et fiable pour connecter des dispositifs de communication optique et assurer une transmission de donn\u00e9es \u00e0 grande vitesse, s\u00e9curis\u00e9e et stable dans divers environnements.<\/p>\n","protected":false},"featured_media":16535,"template":"","meta":{"site-sidebar-layout":"default","site-content-layout":"default","ast-site-content-layout":"default","site-content-style":"default","site-sidebar-style":"default","ast-global-header-display":"","ast-banner-title-visibility":"","ast-main-header-display":"","ast-hfb-above-header-display":"","ast-hfb-below-header-display":"","ast-hfb-mobile-header-display":"","site-post-title":"","ast-breadcrumbs-content":"","ast-featured-img":"","footer-sml-layout":"","ast-disable-related-posts":"","theme-transparent-header-meta":"default","adv-header-id-meta":"","stick-header-meta":"default","header-above-stick-meta":"","header-main-stick-meta":"","header-below-stick-meta":"","astra-migrate-meta-layouts":"set","ast-page-background-enabled":"default","ast-page-background-meta":{"desktop":{"background-color":"","background-image":"","background-repeat":"repeat","background-position":"center center","background-size":"auto","background-attachment":"scroll","background-type":"","background-media":"","overlay-type":"","overlay-color":"","overlay-opacity":"","overlay-gradient":""},"tablet":{"background-color":"","background-image":"","background-repeat":"repeat","background-position":"center center","background-size":"auto","background-attachment":"scroll","background-type":"","background-media":"","overlay-type":"","overlay-color":"","overlay-opacity":"","overlay-gradient":""},"mobile":{"background-color":"","background-image":"","background-repeat":"repeat","background-position":"center center","background-size":"auto","background-attachment":"scroll","background-type":"","background-media":"","overlay-type":"","overlay-color":"","overlay-opacity":"","overlay-gradient":""}},"ast-content-background-meta":{"desktop":{"background-color":"var(--ast-global-color-5)","background-image":"","background-repeat":"repeat","background-position":"center center","background-size":"auto","background-attachment":"scroll","background-type":"","background-media":"","overlay-type":"","overlay-color":"","overlay-opacity":"","overlay-gradient":""},"tablet":{"background-color":"var(--ast-global-color-5)","background-image":"","background-repeat":"repeat","background-position":"center center","background-size":"auto","background-attachment":"scroll","background-type":"","background-media":"","overlay-type":"","overlay-color":"","overlay-opacity":"","overlay-gradient":""},"mobile":{"background-color":"var(--ast-global-color-5)","background-image":"","background-repeat":"repeat","background-position":"center center","background-size":"auto","background-attachment":"scroll","background-type":"","background-media":"","overlay-type":"","overlay-color":"","overlay-opacity":"","overlay-gradient":""}}},"product_brand":[],"product_cat":[253,227],"product_tag":[],"class_list":{"0":"post-21505","1":"product","2":"type-product","3":"status-publish","4":"has-post-thumbnail","6":"product_cat-st-fiber-patch-cord-fr","7":"product_cat-fiber-patch-cord-fr","8":"pa_connector-type-st-st-fr","9":"desktop-align-left","10":"tablet-align-left","11":"mobile-align-left","12":"ast-product-gallery-layout-vertical","13":"ast-product-gallery-with-no-image","14":"ast-product-tabs-layout-vertical","15":"ast-qv-on-image","17":"first","18":"instock","19":"shipping-taxable","20":"product-type-simple"},"_links":{"self":[{"href":"https:\/\/www.bonelinks.com\/fr\/wp-json\/wp\/v2\/product\/21505","targetHints":{"allow":["GET"]}}],"collection":[{"href":"https:\/\/www.bonelinks.com\/fr\/wp-json\/wp\/v2\/product"}],"about":[{"href":"https:\/\/www.bonelinks.com\/fr\/wp-json\/wp\/v2\/types\/product"}],"version-history":[{"count":3,"href":"https:\/\/www.bonelinks.com\/fr\/wp-json\/wp\/v2\/product\/21505\/revisions"}],"predecessor-version":[{"id":24147,"href":"https:\/\/www.bonelinks.com\/fr\/wp-json\/wp\/v2\/product\/21505\/revisions\/24147"}],"wp:featuredmedia":[{"embeddable":true,"href":"https:\/\/www.bonelinks.com\/fr\/wp-json\/wp\/v2\/media\/16535"}],"wp:attachment":[{"href":"https:\/\/www.bonelinks.com\/fr\/wp-json\/wp\/v2\/media?parent=21505"}],"wp:term":[{"taxonomy":"product_brand","embeddable":true,"href":"https:\/\/www.bonelinks.com\/fr\/wp-json\/wp\/v2\/product_brand?post=21505"},{"taxonomy":"product_cat","embeddable":true,"href":"https:\/\/www.bonelinks.com\/fr\/wp-json\/wp\/v2\/product_cat?post=21505"},{"taxonomy":"product_tag","embeddable":true,"href":"https:\/\/www.bonelinks.com\/fr\/wp-json\/wp\/v2\/product_tag?post=21505"}],"curies":[{"name":"wp","href":"https:\/\/api.w.org\/{rel}","templated":true}]}}