{"id":21438,"date":"2023-01-30T18:43:48","date_gmt":"2023-01-31T02:43:48","guid":{"rendered":"https:\/\/www.bonelinks.com\/product\/fc-cordon-de-raccordement-fc\/"},"modified":"2024-01-28T21:45:33","modified_gmt":"2024-01-29T05:45:33","slug":"fc-to-fc-fiber-optic-patch-cable","status":"publish","type":"product","link":"https:\/\/www.bonelinks.com\/fr\/product\/fc-to-fc-fiber-optic-patch-cable\/","title":{"rendered":"FC Cordon de raccordement FC"},"content":{"rendered":"<h1 style=\"text-align: left; font-size: 18px;\"><strong>FC Cordon de raccordement en fibre FC<\/strong><\/h1>\n<p>Le cordon de raccordement FC FC est un c\u00e2ble de communication passif avec des connecteurs de fibre optique FC pr\u00e9termin\u00e9s aux deux extr\u00e9mit\u00e9s, id\u00e9al pour connecter des liaisons de syst\u00e8mes de t\u00e9l\u00e9vision en circuit ferm\u00e9, de t\u00e9l\u00e9vision assist\u00e9e par ordinateur ou de diffusion. Bonelinks propose une large gamme de c\u00e2bles patch en fibre optique FC \u00e0 FC avec options.<\/p>\n<ul>\n<li>monomode et multimode : Les c\u00e2bles \u00e0 fibre optique \u00e0 gaine jaune sont utilis\u00e9s pour la transmission de signaux monomodes, tandis que les c\u00e2bles \u00e0 gaine orange ou violette sont utilis\u00e9s pour les signaux optiques multimodes.<\/li>\n<li>Options de personnalisation : Bonelinks propose des options de personnalisation pour la longueur du c\u00e2ble, la face d&rsquo;extr\u00e9mit\u00e9 du contact fibre, les informations d&rsquo;impression et les exigences d&#8217;emballage. Ils proposent \u00e9galement des connecteurs FC complets, des adaptateurs, des att\u00e9nuateurs et des panneaux de brassage FC complets.<\/li>\n<li>Protection renforc\u00e9e : Les c\u00e2bles \u00e0 fibres optiques arm\u00e9s en spirale, dot\u00e9s de caract\u00e9ristiques anti-rongeurs et anti-glissement, sont disponibles pour une utilisation dans les centres de donn\u00e9es ou les salles de serveurs, garantissant une transmission stable et une longue dur\u00e9e de vie.<\/li>\n<\/ul>\n<p>Bonelinks a une capacit\u00e9 journali\u00e8re de 10 000 cordons de raccordement en fibre FC pr\u00e9termin\u00e9s, et toutes les commandes sont produites et exp\u00e9di\u00e9es dans un d\u00e9lai de 3 \u00e0 5 jours, ce qui garantit des performances optimales pour les clients.<\/p>\n<h2 style=\"text-align: left; font-size: 18px;\"><strong>Caract\u00e9ristiques du cordon de raccordement FC<\/strong><\/h2>\n<ul>\n<li>Gaine r\u00e9sistante \u00e0 l&rsquo;arrachement : Le cordon de raccordement est dot\u00e9 d&rsquo;une gaine r\u00e9sistante \u00e0 l&rsquo;arrachement qui offre une protection suppl\u00e9mentaire contre la d\u00e9connexion accidentelle du c\u00e2ble.<\/li>\n<li>Faible perte d&rsquo;insertion, perte de retour \u00e9lev\u00e9e : assure une transmission efficace avec une perte de signal minimale et une forte r\u00e9flexion du signal.<\/li>\n<li>Inspection de la qualit\u00e9 \u00e0 100 % : Chaque cordon de raccordement fait l&rsquo;objet d&rsquo;un contr\u00f4le de qualit\u00e9 approfondi afin de garantir des performances et une fiabilit\u00e9 optimales.<\/li>\n<li>Options personnalisables : Les clients ont la possibilit\u00e9 de personnaliser la longueur, le diam\u00e8tre de la fibre et le type de connecteur pour r\u00e9pondre \u00e0 leurs besoins sp\u00e9cifiques.<\/li>\n<\/ul>\n<h2 style=\"text-align: left; font-size: 18px;\"><strong>Application du cordon de raccordement FC<\/strong><\/h2>\n<ul>\n<li>T\u00e9l\u00e9communications<\/li>\n<li>Datacom (centres de donn\u00e9es)<\/li>\n<li>Connectivit\u00e9 de l&rsquo;\u00e9metteur-r\u00e9cepteur<\/li>\n<\/ul>\n<h2 style=\"text-align: left; font-size: 18px;\"><strong>Vous cherchez d&rsquo;autres choix de c\u00e2bles de raccordement en fibre optique ?<\/strong><\/h2>\n<p>Vous souhaitez plus d&rsquo;options pour les c\u00e2bles de raccordement en fibre optique ? D\u00e9couvrez notre s\u00e9lection de <span style=\"color: #0054a6;\"><strong><a style=\"color: #0054a6;\" href=\"https:\/\/www.bonelinks.com\/fr\/fc-fiber-cable\/\" target=\"_blank\" rel=\"noopener\">c\u00e2bles de raccordement en fibre FC <\/a><\/strong><\/span>pour une mise en r\u00e9seau sans faille.<\/p>\n<p>\u00c0 la recherche de cordons de raccordement en fibre optique con\u00e7us et fabriqu\u00e9s sur mesure ? D\u00e9couvrez notre section d\u00e9di\u00e9e aux<a href=\"https:\/\/www.bonelinks.com\/fr\/custom-fiber-optic-cables\/\" target=\"_blank\" rel=\"noopener\"><span style=\"color: #0054a6;\"><strong> C\u00e2bles \u00e0 fibres optiques sur mesure <\/strong><\/span><\/a>pour des solutions de connectivit\u00e9 sur mesure.<\/p>\n<ul>\n<li>Vente au d\u00e9tail ou en gros &#8211; Nous avons tout ce qu&rsquo;il faut !<\/li>\n<li>Vous ne savez pas quoi acheter ? Nous offrons des conseils d&rsquo;experts.<\/li>\n<li>Faible MOQ : pas besoin d&rsquo;acheter plus que ce que vous voulez.<\/li>\n<li>Des prix comp\u00e9titifs : Obtenez un excellent rapport qualit\u00e9-prix \u00e0 chaque fois.<\/li>\n<li>Livraison rapide : Votre rapidit\u00e9, notre priorit\u00e9.<\/li>\n<li>Centr\u00e9 sur le client : Nous adaptons nos services \u00e0 vos besoins.<\/li>\n<\/ul>\n<p><strong>Connectez-vous avec nous !<\/strong><br \/>\nSi vous avez des difficult\u00e9s \u00e0 trouver le bon <span style=\"color: #0054a6;\"><strong><a style=\"color: #0054a6;\" href=\"https:\/\/www.bonelinks.com\/fr\/fiber-optic-patch-cord-supplier\/\" target=\"_blank\" rel=\"noopener\">cordon de raccordement en fibre optique <\/a><\/strong><\/span>pour vos besoins, ou si vous avez besoin de conseils d&rsquo;experts, un seul clic et vous pouvez<a href=\"https:\/\/www.bonelinks.com\/fr\/contact-us\/\" target=\"_blank\" rel=\"noopener\"><strong><span style=\"color: #0054a6;\"> discuter avec nous <\/span><\/strong><\/a>en quelques secondes. Votre satisfaction est notre priorit\u00e9. Nous sommes pr\u00eats \u00e0 vous aider dans tous les domaines. <strong>Ne vous inqui\u00e9tez pas, il n&rsquo;est pas n\u00e9cessaire de trop r\u00e9fl\u00e9chir. Nous sommes l\u00e0, pr\u00eats \u00e0 vous aider.<\/strong><\/p>\n","protected":false},"excerpt":{"rendered":"<p>Le cordon de raccordement FC est un c\u00e2ble de communication passif populaire avec des connecteurs de fibre optique FC aux deux extr\u00e9mit\u00e9s. Il fournit des connexions pr\u00e9termin\u00e9es pour les c\u00e2bles \u00e0 fibre optique int\u00e9rieurs ou ext\u00e9rieurs dans les syst\u00e8mes de t\u00e9l\u00e9vision en circuit ferm\u00e9, de t\u00e9l\u00e9vision assist\u00e9e par ordinateur et de diffusion. Bonelinks propose une large gamme de cordons de raccordement en fibre optique FC \u00e0 FC avec des options de longueur, de mat\u00e9riau de gaine, de polissage et de diam\u00e8tre de c\u00e2ble.<\/p>\n","protected":false},"featured_media":17025,"template":"","meta":{"site-sidebar-layout":"default","site-content-layout":"default","ast-site-content-layout":"default","site-content-style":"default","site-sidebar-style":"default","ast-global-header-display":"","ast-banner-title-visibility":"","ast-main-header-display":"","ast-hfb-above-header-display":"","ast-hfb-below-header-display":"","ast-hfb-mobile-header-display":"","site-post-title":"","ast-breadcrumbs-content":"","ast-featured-img":"","footer-sml-layout":"","ast-disable-related-posts":"","theme-transparent-header-meta":"default","adv-header-id-meta":"","stick-header-meta":"default","header-above-stick-meta":"","header-main-stick-meta":"","header-below-stick-meta":"","astra-migrate-meta-layouts":"set","ast-page-background-enabled":"default","ast-page-background-meta":{"desktop":{"background-color":"","background-image":"","background-repeat":"repeat","background-position":"center center","background-size":"auto","background-attachment":"scroll","background-type":"","background-media":"","overlay-type":"","overlay-color":"","overlay-opacity":"","overlay-gradient":""},"tablet":{"background-color":"","background-image":"","background-repeat":"repeat","background-position":"center center","background-size":"auto","background-attachment":"scroll","background-type":"","background-media":"","overlay-type":"","overlay-color":"","overlay-opacity":"","overlay-gradient":""},"mobile":{"background-color":"","background-image":"","background-repeat":"repeat","background-position":"center center","background-size":"auto","background-attachment":"scroll","background-type":"","background-media":"","overlay-type":"","overlay-color":"","overlay-opacity":"","overlay-gradient":""}},"ast-content-background-meta":{"desktop":{"background-color":"var(--ast-global-color-5)","background-image":"","background-repeat":"repeat","background-position":"center center","background-size":"auto","background-attachment":"scroll","background-type":"","background-media":"","overlay-type":"","overlay-color":"","overlay-opacity":"","overlay-gradient":""},"tablet":{"background-color":"var(--ast-global-color-5)","background-image":"","background-repeat":"repeat","background-position":"center center","background-size":"auto","background-attachment":"scroll","background-type":"","background-media":"","overlay-type":"","overlay-color":"","overlay-opacity":"","overlay-gradient":""},"mobile":{"background-color":"var(--ast-global-color-5)","background-image":"","background-repeat":"repeat","background-position":"center center","background-size":"auto","background-attachment":"scroll","background-type":"","background-media":"","overlay-type":"","overlay-color":"","overlay-opacity":"","overlay-gradient":""}}},"product_brand":[],"product_cat":[455,227],"product_tag":[],"class_list":{"0":"post-21438","1":"product","2":"type-product","3":"status-publish","4":"has-post-thumbnail","6":"product_cat-fc-fiber-patch-cord-fr","7":"product_cat-fiber-patch-cord-fr","8":"pa_connector-type-fc-fc-fr","9":"desktop-align-left","10":"tablet-align-left","11":"mobile-align-left","12":"ast-product-gallery-layout-vertical","13":"ast-product-gallery-with-no-image","14":"ast-product-tabs-layout-vertical","15":"ast-qv-on-image","17":"first","18":"instock","19":"shipping-taxable","20":"product-type-simple"},"_links":{"self":[{"href":"https:\/\/www.bonelinks.com\/fr\/wp-json\/wp\/v2\/product\/21438","targetHints":{"allow":["GET"]}}],"collection":[{"href":"https:\/\/www.bonelinks.com\/fr\/wp-json\/wp\/v2\/product"}],"about":[{"href":"https:\/\/www.bonelinks.com\/fr\/wp-json\/wp\/v2\/types\/product"}],"version-history":[{"count":3,"href":"https:\/\/www.bonelinks.com\/fr\/wp-json\/wp\/v2\/product\/21438\/revisions"}],"predecessor-version":[{"id":24118,"href":"https:\/\/www.bonelinks.com\/fr\/wp-json\/wp\/v2\/product\/21438\/revisions\/24118"}],"wp:featuredmedia":[{"embeddable":true,"href":"https:\/\/www.bonelinks.com\/fr\/wp-json\/wp\/v2\/media\/17025"}],"wp:attachment":[{"href":"https:\/\/www.bonelinks.com\/fr\/wp-json\/wp\/v2\/media?parent=21438"}],"wp:term":[{"taxonomy":"product_brand","embeddable":true,"href":"https:\/\/www.bonelinks.com\/fr\/wp-json\/wp\/v2\/product_brand?post=21438"},{"taxonomy":"product_cat","embeddable":true,"href":"https:\/\/www.bonelinks.com\/fr\/wp-json\/wp\/v2\/product_cat?post=21438"},{"taxonomy":"product_tag","embeddable":true,"href":"https:\/\/www.bonelinks.com\/fr\/wp-json\/wp\/v2\/product_tag?post=21438"}],"curies":[{"name":"wp","href":"https:\/\/api.w.org\/{rel}","templated":true}]}}