{"id":21437,"date":"2023-01-30T19:00:28","date_gmt":"2023-01-31T03:00:28","guid":{"rendered":"https:\/\/www.bonelinks.com\/product\/cable-de-raccordement-lc-st\/"},"modified":"2024-01-28T21:44:02","modified_gmt":"2024-01-29T05:44:02","slug":"lc-to-st-fiber-optic-patch-cable","status":"publish","type":"product","link":"https:\/\/www.bonelinks.com\/fr\/product\/lc-to-st-fiber-optic-patch-cable\/","title":{"rendered":"C\u00e2ble de raccordement LC ST"},"content":{"rendered":"<h1 style=\"text-align: left; font-size: 18px;\"><strong>C\u00e2ble de raccordement en fibre LC ST<\/strong><\/h1>\n<p>Le c\u00e2ble de raccordement LC ST est dot\u00e9 d&rsquo;un connecteur LC \u00e0 une extr\u00e9mit\u00e9 et d&rsquo;un connecteur ST \u00e0 l&rsquo;autre extr\u00e9mit\u00e9.<\/p>\n<ul>\n<li>Le connecteur LC est un connecteur qui peut \u00eatre facilement mis en place et retir\u00e9, et il est dot\u00e9 d&rsquo;une solide languette de verrouillage pour une fixation s\u00fbre. Ses viroles en c\u00e9ramique assurent un alignement pr\u00e9cis.<\/li>\n<li>Le connecteur ST est un connecteur optique \u00e0 ba\u00efonnette. Il est dot\u00e9 d&rsquo;un m\u00e9canisme \u00e0 ressort pour faciliter l&rsquo;insertion et la torsion, et il utilise des embouts en c\u00e9ramique pour des performances fiables.<\/li>\n<\/ul>\n<p><img decoding=\"async\" class=\"alignnone wp-image-7121\" src=\"https:\/\/www.bonelinks.com\/wp-content\/uploads\/2023\/01\/lc-connector-1.jpg\" alt=\"connecteur lc\" width=\"250\" height=\"155\" srcset=\"https:\/\/www.bonelinks.com\/wp-content\/uploads\/2023\/01\/lc-connector-1.jpg 310w, https:\/\/www.bonelinks.com\/wp-content\/uploads\/2023\/01\/lc-connector-1-300x186.jpg 300w\" sizes=\"(max-width: 250px) 100vw, 250px\" \/><img decoding=\"async\" class=\"alignnone wp-image-7122\" src=\"https:\/\/www.bonelinks.com\/wp-content\/uploads\/2023\/01\/st-connector.jpg\" alt=\"connecteur st\" width=\"250\" height=\"160\" srcset=\"https:\/\/www.bonelinks.com\/wp-content\/uploads\/2023\/01\/st-connector.jpg 324w, https:\/\/www.bonelinks.com\/wp-content\/uploads\/2023\/01\/st-connector-300x192.jpg 300w\" sizes=\"(max-width: 250px) 100vw, 250px\" \/><br \/>\nLe c\u00e2ble de raccordement LC ST est sp\u00e9cialement con\u00e7u pour connecter des appareils dot\u00e9s de connecteurs LC et ST. Il convient \u00e0 diverses applications telles que l&rsquo;Ethernet Gigabit, la transmission vid\u00e9o et multim\u00e9dia, les installations dans les locaux, les panneaux de raccordement \u00e0 fibre optique, les \u00e9metteurs-r\u00e9cepteurs \u00e0 fibre optique, les r\u00e9seaux \u00e0 fibre optique, ainsi que les applications industrielles et militaires.<\/p>\n<p>Bonelinks propose une grande vari\u00e9t\u00e9 de c\u00e2bles patch LC ST, y compris des options simplex et duplex. Ces c\u00e2bles sont disponibles en version monomode et multimode. Les options de longueur de c\u00e2ble vont de 1m \u00e0 15m, avec la possibilit\u00e9 de commander d&rsquo;autres longueurs sur mesure. Notre c\u00e2ble de raccordement LC ST est disponible dans les deux versions et est accompagn\u00e9 d&rsquo;une garantie et d&rsquo;un support technique, ce qui permet aux clients d&rsquo;avoir l&rsquo;esprit tranquille et l&rsquo;assurance que leur investissement est prot\u00e9g\u00e9. Gr\u00e2ce \u00e0 sa construction de haute qualit\u00e9 et \u00e0 ses performances fiables, il constitue une solution s\u00fbre pour une transmission de donn\u00e9es s\u00e9curis\u00e9e et efficace dans les r\u00e9seaux \u00e0 fibre optique.<\/p>\n<p><img fetchpriority=\"high\" decoding=\"async\" class=\"alignnone wp-image-7123\" src=\"https:\/\/www.bonelinks.com\/wp-content\/uploads\/2023\/01\/lc-st-patch-cable-scaled.jpg\" alt=\"lc st patch cable\" width=\"500\" height=\"250\" srcset=\"https:\/\/www.bonelinks.com\/wp-content\/uploads\/2023\/01\/lc-st-patch-cable-scaled.jpg 2560w, https:\/\/www.bonelinks.com\/wp-content\/uploads\/2023\/01\/lc-st-patch-cable-300x150.jpg 300w, https:\/\/www.bonelinks.com\/wp-content\/uploads\/2023\/01\/lc-st-patch-cable-1030x515.jpg 1030w, https:\/\/www.bonelinks.com\/wp-content\/uploads\/2023\/01\/lc-st-patch-cable-768x384.jpg 768w, https:\/\/www.bonelinks.com\/wp-content\/uploads\/2023\/01\/lc-st-patch-cable-1536x768.jpg 1536w, https:\/\/www.bonelinks.com\/wp-content\/uploads\/2023\/01\/lc-st-patch-cable-2048x1024.jpg 2048w, https:\/\/www.bonelinks.com\/wp-content\/uploads\/2023\/01\/lc-st-patch-cable-650x325.jpg 650w\" sizes=\"(max-width: 500px) 100vw, 500px\" \/><\/p>\n<h2 style=\"text-align: left; font-size: 18px;\"><strong>Caract\u00e9ristiques<\/strong><\/h2>\n<ul>\n<li>Types de connecteurs : Le c\u00e2ble de raccordement LC ST est dot\u00e9 de connecteurs LC et ST, permettant des connexions faciles et s\u00fbres entre deux dispositifs optiques.<\/li>\n<li>Perte d&rsquo;insertion : Une faible perte d&rsquo;insertion est cruciale pour une transmission de signaux optiques de haute qualit\u00e9 et constitue une caract\u00e9ristique cl\u00e9 du c\u00e2ble de raccordement LC ST.<\/li>\n<li>Perte de retour : une perte de retour \u00e9lev\u00e9e minimise les r\u00e9flexions du signal et am\u00e9liore les performances globales du r\u00e9seau.<\/li>\n<li>Compatibilit\u00e9 : La compatibilit\u00e9 avec les dispositifs de r\u00e9seau optique connect\u00e9s est importante pour assurer une transmission transparente du signal.<\/li>\n<li>Durabilit\u00e9 : Les connecteurs LC et ST et la gaine du c\u00e2ble sont con\u00e7us pour durer, afin de garantir des connexions fiables et durables.<\/li>\n<li>Performance optique : Les c\u00e2bles de raccordement \u00e0 fibre optique LC \u00e0 ST sont con\u00e7us pour offrir des niveaux \u00e9lev\u00e9s de performance optique, avec une faible perte d&rsquo;insertion, une perte de retour \u00e9lev\u00e9e et de faibles niveaux d&rsquo;att\u00e9nuation.<\/li>\n<\/ul>\n<h2 style=\"text-align: left; font-size: 18px;\"><strong>Application<\/strong><\/h2>\n<ul>\n<li>Centres de donn\u00e9es : Dans les centres de donn\u00e9es, les c\u00e2bles de raccordement LC ST sont utilis\u00e9s pour connecter des commutateurs, des routeurs et d&rsquo;autres dispositifs de r\u00e9seau pour la transmission de donn\u00e9es \u00e0 grande vitesse.<\/li>\n<li>R\u00e9seaux locaux (LAN) : Dans les r\u00e9seaux locaux, les c\u00e2bles de raccordement LC ST sont utilis\u00e9s pour connecter des serveurs, des postes de travail et d&rsquo;autres dispositifs de r\u00e9seau pour un transfert de donn\u00e9es rapide et fiable.<\/li>\n<li>R\u00e9seaux de stockage (SAN) : Dans les SAN, les c\u00e2bles de raccordement en fibre optique LC \u00e0 ST sont utilis\u00e9s pour connecter les dispositifs de stockage aux commutateurs et aux serveurs pour le transfert et la sauvegarde de donn\u00e9es \u00e0 grande vitesse.<\/li>\n<li>Equipement de test : Les c\u00e2bles de raccordement LC \u00e0 ST sont utilis\u00e9s dans les \u00e9quipements de test, tels que les r\u00e9flectom\u00e8tres optiques \u00e0 domaine temporel (OTDR), pour le test et la mesure des fibres optiques.<\/li>\n<li>T\u00e9l\u00e9communications : Le c\u00e2ble de raccordement LC ST est utilis\u00e9 dans les r\u00e9seaux de t\u00e9l\u00e9communication pour connecter divers \u00e9l\u00e9ments de r\u00e9seau optique, tels que les terminaux de ligne optique (OLT), les unit\u00e9s de r\u00e9seau optique (ONU) et les connexions crois\u00e9es optiques (OXC).<\/li>\n<\/ul>\n<h2 style=\"text-align: left; font-size: 18px;\"><strong>Vous cherchez d&rsquo;autres choix de c\u00e2bles de raccordement en fibre optique ?<\/strong><\/h2>\n<p>Vous souhaitez plus d&rsquo;options pour les c\u00e2bles de raccordement en fibre optique ? D\u00e9couvrez notre s\u00e9lection de <span style=\"color: #0054a6;\"><strong><a style=\"color: #0054a6;\" href=\"https:\/\/www.bonelinks.com\/fr\/lc-fibre-patch-leads\/\" target=\"_blank\" rel=\"noopener\">C\u00e2bles de raccordement en fibre LC, <\/a><\/strong><\/span><a title=\"C\u00e2bles de raccordement en fibre ST\" href=\"https:\/\/www.bonelinks.com\/fr\/st-fibre-patch-leads\/\" target=\"_blank\" rel=\"noopener\"><strong><span style=\"color: #0054a6;\">C\u00e2bles de raccordement en fibre ST, <\/span><\/strong><\/a><strong><span style=\"color: #0054a6;\"><a style=\"color: #0054a6;\" href=\"https:\/\/www.bonelinks.com\/fr\/st-lc-fiber-patch-cable\/\" target=\"_blank\" rel=\"noopener\">C\u00e2bles de raccordement en fibre ST LC <\/a><\/span><\/strong>pour une mise en r\u00e9seau sans faille.<\/p>\n<p>\u00c0 la recherche de cordons de raccordement en fibre optique con\u00e7us et fabriqu\u00e9s sur mesure ? D\u00e9couvrez notre section d\u00e9di\u00e9e aux<a href=\"https:\/\/www.bonelinks.com\/fr\/custom-fiber-optic-cables\/\" target=\"_blank\" rel=\"noopener\"><span style=\"color: #0054a6;\"><strong> C\u00e2bles \u00e0 fibres optiques sur mesure <\/strong><\/span><\/a>pour des solutions de connectivit\u00e9 sur mesure.<\/p>\n<ul>\n<li>Vente au d\u00e9tail ou en gros &#8211; Nous avons tout ce qu&rsquo;il faut !<\/li>\n<li>Vous ne savez pas quoi acheter ? Nous offrons des conseils d&rsquo;experts.<\/li>\n<li>Faible MOQ : pas besoin d&rsquo;acheter plus que ce que vous voulez.<\/li>\n<li>Des prix comp\u00e9titifs : Obtenez un excellent rapport qualit\u00e9-prix \u00e0 chaque fois.<\/li>\n<li>Livraison rapide : Votre rapidit\u00e9, notre priorit\u00e9.<\/li>\n<li>Centr\u00e9 sur le client : Nous adaptons nos services \u00e0 vos besoins.<\/li>\n<\/ul>\n<p><strong>Connectez-vous avec nous !<\/strong><br \/>\nSi vous avez des difficult\u00e9s \u00e0 trouver le bon <span style=\"color: #0054a6;\"><strong><a style=\"color: #0054a6;\" href=\"https:\/\/www.bonelinks.com\/fr\/fiber-optic-patch-cord-supplier\/\" target=\"_blank\" rel=\"noopener\">cordon de raccordement en fibre optique <\/a><\/strong><\/span>pour vos besoins, ou si vous avez besoin de conseils d&rsquo;experts, un seul clic et vous pouvez<a href=\"https:\/\/www.bonelinks.com\/fr\/contact-us\/\" target=\"_blank\" rel=\"noopener\"><strong><span style=\"color: #0054a6;\"> discuter avec nous <\/span><\/strong><\/a>en quelques secondes. Votre satisfaction est notre priorit\u00e9. Nous sommes pr\u00eats \u00e0 vous aider dans tous les domaines. <strong>Ne vous inqui\u00e9tez pas, il n&rsquo;est pas n\u00e9cessaire de trop r\u00e9fl\u00e9chir. Nous sommes l\u00e0, pr\u00eats \u00e0 vous aider.<\/strong><\/p>\n","protected":false},"excerpt":{"rendered":"<p>Le c\u00e2ble de raccordement LC ST est fabriqu\u00e9 avec des mat\u00e9riaux de haute qualit\u00e9 pour offrir des performances maximales et minimiser la perte de signal. Il est dot\u00e9 d&rsquo;un connecteur LC (Lucent Connector) \u00e0 une extr\u00e9mit\u00e9 et d&rsquo;un connecteur ST (Straight-Tip) \u00e0 l&rsquo;autre, ce qui facilite l&rsquo;installation et la compatibilit\u00e9 avec un grand nombre d&rsquo;\u00e9quipements.<\/p>\n<p>Le c\u00e2ble de raccordement LC ST est essentiel dans les centres de donn\u00e9es, les salles de t\u00e9l\u00e9communications et les applications de r\u00e9seau \u00e0 haut d\u00e9bit. Sa fabrication et ses tests sont conformes aux normes industrielles afin de garantir sa fiabilit\u00e9 et ses performances. Le c\u00e2ble est soumis \u00e0 des mesures strictes de contr\u00f4le de la qualit\u00e9 afin de garantir sa long\u00e9vit\u00e9 et ses performances constantes.<\/p>\n","protected":false},"featured_media":17035,"template":"","meta":{"site-sidebar-layout":"default","site-content-layout":"default","ast-site-content-layout":"default","site-content-style":"default","site-sidebar-style":"default","ast-global-header-display":"","ast-banner-title-visibility":"","ast-main-header-display":"","ast-hfb-above-header-display":"","ast-hfb-below-header-display":"","ast-hfb-mobile-header-display":"","site-post-title":"","ast-breadcrumbs-content":"","ast-featured-img":"","footer-sml-layout":"","ast-disable-related-posts":"","theme-transparent-header-meta":"default","adv-header-id-meta":"","stick-header-meta":"default","header-above-stick-meta":"","header-main-stick-meta":"","header-below-stick-meta":"","astra-migrate-meta-layouts":"set","ast-page-background-enabled":"default","ast-page-background-meta":{"desktop":{"background-color":"","background-image":"","background-repeat":"repeat","background-position":"center center","background-size":"auto","background-attachment":"scroll","background-type":"","background-media":"","overlay-type":"","overlay-color":"","overlay-opacity":"","overlay-gradient":""},"tablet":{"background-color":"","background-image":"","background-repeat":"repeat","background-position":"center center","background-size":"auto","background-attachment":"scroll","background-type":"","background-media":"","overlay-type":"","overlay-color":"","overlay-opacity":"","overlay-gradient":""},"mobile":{"background-color":"","background-image":"","background-repeat":"repeat","background-position":"center center","background-size":"auto","background-attachment":"scroll","background-type":"","background-media":"","overlay-type":"","overlay-color":"","overlay-opacity":"","overlay-gradient":""}},"ast-content-background-meta":{"desktop":{"background-color":"var(--ast-global-color-5)","background-image":"","background-repeat":"repeat","background-position":"center center","background-size":"auto","background-attachment":"scroll","background-type":"","background-media":"","overlay-type":"","overlay-color":"","overlay-opacity":"","overlay-gradient":""},"tablet":{"background-color":"var(--ast-global-color-5)","background-image":"","background-repeat":"repeat","background-position":"center center","background-size":"auto","background-attachment":"scroll","background-type":"","background-media":"","overlay-type":"","overlay-color":"","overlay-opacity":"","overlay-gradient":""},"mobile":{"background-color":"var(--ast-global-color-5)","background-image":"","background-repeat":"repeat","background-position":"center center","background-size":"auto","background-attachment":"scroll","background-type":"","background-media":"","overlay-type":"","overlay-color":"","overlay-opacity":"","overlay-gradient":""}}},"product_brand":[],"product_cat":[253,229,227],"product_tag":[],"class_list":{"0":"post-21437","1":"product","2":"type-product","3":"status-publish","4":"has-post-thumbnail","6":"product_cat-st-fiber-patch-cord-fr","7":"product_cat-lc-fiber-patch-cord-fr","8":"product_cat-fiber-patch-cord-fr","9":"pa_connector-type-lc-st-fr","10":"desktop-align-left","11":"tablet-align-left","12":"mobile-align-left","13":"ast-product-gallery-layout-vertical","14":"ast-product-gallery-with-no-image","15":"ast-product-tabs-layout-vertical","16":"ast-qv-on-image","18":"first","19":"instock","20":"shipping-taxable","21":"product-type-simple"},"_links":{"self":[{"href":"https:\/\/www.bonelinks.com\/fr\/wp-json\/wp\/v2\/product\/21437","targetHints":{"allow":["GET"]}}],"collection":[{"href":"https:\/\/www.bonelinks.com\/fr\/wp-json\/wp\/v2\/product"}],"about":[{"href":"https:\/\/www.bonelinks.com\/fr\/wp-json\/wp\/v2\/types\/product"}],"version-history":[{"count":3,"href":"https:\/\/www.bonelinks.com\/fr\/wp-json\/wp\/v2\/product\/21437\/revisions"}],"predecessor-version":[{"id":24116,"href":"https:\/\/www.bonelinks.com\/fr\/wp-json\/wp\/v2\/product\/21437\/revisions\/24116"}],"wp:featuredmedia":[{"embeddable":true,"href":"https:\/\/www.bonelinks.com\/fr\/wp-json\/wp\/v2\/media\/17035"}],"wp:attachment":[{"href":"https:\/\/www.bonelinks.com\/fr\/wp-json\/wp\/v2\/media?parent=21437"}],"wp:term":[{"taxonomy":"product_brand","embeddable":true,"href":"https:\/\/www.bonelinks.com\/fr\/wp-json\/wp\/v2\/product_brand?post=21437"},{"taxonomy":"product_cat","embeddable":true,"href":"https:\/\/www.bonelinks.com\/fr\/wp-json\/wp\/v2\/product_cat?post=21437"},{"taxonomy":"product_tag","embeddable":true,"href":"https:\/\/www.bonelinks.com\/fr\/wp-json\/wp\/v2\/product_tag?post=21437"}],"curies":[{"name":"wp","href":"https:\/\/api.w.org\/{rel}","templated":true}]}}