{"id":21365,"date":"2023-06-22T21:18:51","date_gmt":"2023-06-23T05:18:51","guid":{"rendered":"https:\/\/www.bonelinks.com\/product\/cordon-de-raccordement-lc-upc-sc-apc\/"},"modified":"2024-01-28T21:36:23","modified_gmt":"2024-01-29T05:36:23","slug":"patch-cord-lc-upc-sc-apc","status":"publish","type":"product","link":"https:\/\/www.bonelinks.com\/fr\/product\/patch-cord-lc-upc-sc-apc\/","title":{"rendered":"Cordon de raccordement LC UPC SC APC"},"content":{"rendered":"<h1 style=\"text-align: left; font-size: 18px;\"><strong>Cordon de raccordement LC UPC &#8211; SC APC pour des connexions fiables en fibre optique<\/strong><\/h1>\n<p>Le cordon de raccordement, dot\u00e9 de connecteurs SC \u00e0 LC, peut \u00eatre d\u00e9ploy\u00e9 dans n&rsquo;importe quel r\u00e9seau \u00e0 fibres optiques.<\/p>\n<ul>\n<li>Le connecteur SC est con\u00e7u pour connecter des modules optiques GBIC ou des \u00e9metteurs-r\u00e9cepteurs \u00e0 fibre optique communs, avec une coque ext\u00e9rieure rectangulaire et une m\u00e9thode de fixation plug-and-pull.<\/li>\n<li>Le connecteur LC, quant \u00e0 lui, est utilis\u00e9 pour connecter les modules SFP et utilise un m\u00e9canisme de verrouillage de jack modulaire (RJ) pour une utilisation ais\u00e9e.<\/li>\n<\/ul>\n<p>Les connecteurs du cordon de raccordement sont polis APC (Angled Physical Contact) ou UPC (Ultra Physical Contact).<\/p>\n<ul>\n<li>La face d&rsquo;extr\u00e9mit\u00e9 de l&rsquo;UPC est une surface plane en arc qui assure un contact \u00e9troit, ce qui se traduit par une perte de retour de -50dB.<\/li>\n<li>En revanche, la face d&rsquo;extr\u00e9mit\u00e9 de l&rsquo;APC est inclin\u00e9e \u00e0 8 degr\u00e9s pour minimiser les r\u00e9flexions, ce qui conduit \u00e0 une perte de retour de -60dB.<br \/>\n<img decoding=\"async\" class=\"alignnone wp-image-7097\" src=\"https:\/\/www.bonelinks.com\/wp-content\/uploads\/2023\/06\/LC-UPC.jpg\" alt=\"LC UPC\" width=\"300\" height=\"148\" srcset=\"https:\/\/www.bonelinks.com\/wp-content\/uploads\/2023\/06\/LC-UPC.jpg 581w, https:\/\/www.bonelinks.com\/wp-content\/uploads\/2023\/06\/LC-UPC-300x148.jpg 300w\" sizes=\"(max-width: 300px) 100vw, 300px\" \/> <img decoding=\"async\" class=\"alignnone wp-image-7098\" src=\"https:\/\/www.bonelinks.com\/wp-content\/uploads\/2023\/06\/SC-APC.jpg\" alt=\"SC APC\" width=\"300\" height=\"154\" srcset=\"https:\/\/www.bonelinks.com\/wp-content\/uploads\/2023\/06\/SC-APC.jpg 569w, https:\/\/www.bonelinks.com\/wp-content\/uploads\/2023\/06\/SC-APC-300x154.jpg 300w\" sizes=\"(max-width: 300px) 100vw, 300px\" \/><\/li>\n<\/ul>\n<h2 style=\"text-align: left; font-size: 18px;\"><strong>Caract\u00e9ristiques du cordon de raccordement LC UPC &#8211; SC APC<\/strong><\/h2>\n<ul>\n<li>Ferrules en c\u00e9ramique<\/li>\n<li>Immunis\u00e9 contre les interf\u00e9rences \u00e9lectriques<\/li>\n<li>100% inspect\u00e9 optiquement et test\u00e9 pour la perte d&rsquo;insertion<\/li>\n<\/ul>\n<h2 style=\"text-align: left; font-size: 18px;\"><strong>Application du cordon de raccordement LC UPC &#8211; SC APC<\/strong><\/h2>\n<ul>\n<li>D\u00e9ploiement de r\u00e9seaux en fibre optique<\/li>\n<li>Fast Ethernet<\/li>\n<li>Gigabit Ethernet<\/li>\n<li>Batteries de serveurs<\/li>\n<li>FTTX<\/li>\n<\/ul>\n<h2 style=\"text-align: left; font-size: 18px;\"><strong>Vous cherchez d&rsquo;autres choix de c\u00e2bles de raccordement en fibre optique ?<\/strong><\/h2>\n<p>Vous souhaitez plus d&rsquo;options pour les c\u00e2bles de raccordement en fibre optique ? D\u00e9couvrez notre s\u00e9lection de <span style=\"color: #0054a6;\"><strong><a style=\"color: #0054a6;\" href=\"https:\/\/www.bonelinks.com\/fr\/lc-fibre-patch-leads\/\" target=\"_blank\" rel=\"noopener\">C\u00e2bles de raccordement en fibre LC, <\/a><\/strong><\/span><a title=\"C\u00e2bles de raccordement en fibre SC\" href=\"https:\/\/www.bonelinks.com\/fr\/sc-fibre-patch-leads\/\" target=\"_blank\" rel=\"noopener\"><strong><span style=\"color: #0054a6;\">C\u00e2bles de raccordement en fibre SC, <\/span><\/strong><\/a><strong><span style=\"color: #0054a6;\"><a style=\"color: #0054a6;\" href=\"https:\/\/www.bonelinks.com\/fr\/lc-to-sc-fiber-cables\/\" target=\"_blank\" rel=\"noopener\">C\u00e2bles de raccordement fibre SC LC <\/a><\/span><\/strong>pour une mise en r\u00e9seau sans faille.<\/p>\n<p>\u00c0 la recherche de cordons de raccordement en fibre optique con\u00e7us et fabriqu\u00e9s sur mesure ? D\u00e9couvrez notre section d\u00e9di\u00e9e aux<a href=\"https:\/\/www.bonelinks.com\/fr\/custom-fiber-optic-cables\/\" target=\"_blank\" rel=\"noopener\"><span style=\"color: #0054a6;\"><strong> C\u00e2bles \u00e0 fibres optiques sur mesure <\/strong><\/span><\/a>pour des solutions de connectivit\u00e9 sur mesure.<\/p>\n<ul>\n<li>Vente au d\u00e9tail ou en gros &#8211; Nous avons tout ce qu&rsquo;il faut !<\/li>\n<li>Vous ne savez pas quoi acheter ? Nous offrons des conseils d&rsquo;experts.<\/li>\n<li>Faible MOQ : pas besoin d&rsquo;acheter plus que ce que vous voulez.<\/li>\n<li>Des prix comp\u00e9titifs : Obtenez un excellent rapport qualit\u00e9-prix \u00e0 chaque fois.<\/li>\n<li>Livraison rapide : Votre rapidit\u00e9, notre priorit\u00e9.<\/li>\n<li>Centr\u00e9 sur le client : Nous adaptons nos services \u00e0 vos besoins.<\/li>\n<\/ul>\n<p><strong>Connectez-vous avec nous !<\/strong><br \/>\nSi vous avez des difficult\u00e9s \u00e0 trouver le bon <span style=\"color: #0054a6;\"><strong><a style=\"color: #0054a6;\" href=\"https:\/\/www.bonelinks.com\/fr\/fiber-optic-patch-cord-supplier\/\" target=\"_blank\" rel=\"noopener\">cordon de raccordement en fibre optique <\/a><\/strong><\/span>pour vos besoins, ou si vous avez besoin de conseils d&rsquo;experts, un seul clic et vous pouvez<a href=\"https:\/\/www.bonelinks.com\/fr\/contact-us\/\" target=\"_blank\" rel=\"noopener\"><strong><span style=\"color: #0054a6;\"> discuter avec nous <\/span><\/strong><\/a>en quelques secondes. Votre satisfaction est notre priorit\u00e9. Nous sommes pr\u00eats \u00e0 vous aider dans tous les domaines. <strong>Ne vous inqui\u00e9tez pas, il n&rsquo;est pas n\u00e9cessaire de trop r\u00e9fl\u00e9chir. Nous sommes l\u00e0, pr\u00eats \u00e0 vous aider.<\/strong><\/p>\n","protected":false},"excerpt":{"rendered":"<p>D\u00e9couvrez des connexions fibre optique fiables et efficaces avec le cordon de raccordement LC UPC SC APC de Bonelinks. Construit avec des composants de qualit\u00e9 sup\u00e9rieure et des options personnalisables, ce cordon de raccordement en fibre optique garantit des performances \u00e9lev\u00e9es et une grande durabilit\u00e9 pour vos besoins de mise en r\u00e9seau.<\/p>\n<ul>\n<li>Cordons de raccordement pour fibres hybrides SC\/APC LC\/UPC<\/li>\n<li>Les terminaisons des connecteurs SC et LC sont test\u00e9es pour garantir la qualit\u00e9 des performances du r\u00e9seau.<\/li>\n<li>Les extr\u00e9mit\u00e9s APC et UPC sont contr\u00f4l\u00e9es \u00e0 100 % pour v\u00e9rifier que les niveaux de perte de retour et d&rsquo;insertion sont corrects.<\/li>\n<li>Disponible en multimode et monomode, simplex et duplex, et en diff\u00e9rentes longueurs.<\/li>\n<\/ul>\n","protected":false},"featured_media":17990,"template":"","meta":{"site-sidebar-layout":"default","site-content-layout":"default","ast-site-content-layout":"default","site-content-style":"default","site-sidebar-style":"default","ast-global-header-display":"","ast-banner-title-visibility":"","ast-main-header-display":"","ast-hfb-above-header-display":"","ast-hfb-below-header-display":"","ast-hfb-mobile-header-display":"","site-post-title":"","ast-breadcrumbs-content":"","ast-featured-img":"","footer-sml-layout":"","ast-disable-related-posts":"","theme-transparent-header-meta":"default","adv-header-id-meta":"","stick-header-meta":"default","header-above-stick-meta":"","header-main-stick-meta":"","header-below-stick-meta":"","astra-migrate-meta-layouts":"set","ast-page-background-enabled":"default","ast-page-background-meta":{"desktop":{"background-color":"","background-image":"","background-repeat":"repeat","background-position":"center center","background-size":"auto","background-attachment":"scroll","background-type":"","background-media":"","overlay-type":"","overlay-color":"","overlay-opacity":"","overlay-gradient":""},"tablet":{"background-color":"","background-image":"","background-repeat":"repeat","background-position":"center center","background-size":"auto","background-attachment":"scroll","background-type":"","background-media":"","overlay-type":"","overlay-color":"","overlay-opacity":"","overlay-gradient":""},"mobile":{"background-color":"","background-image":"","background-repeat":"repeat","background-position":"center center","background-size":"auto","background-attachment":"scroll","background-type":"","background-media":"","overlay-type":"","overlay-color":"","overlay-opacity":"","overlay-gradient":""}},"ast-content-background-meta":{"desktop":{"background-color":"var(--ast-global-color-5)","background-image":"","background-repeat":"repeat","background-position":"center center","background-size":"auto","background-attachment":"scroll","background-type":"","background-media":"","overlay-type":"","overlay-color":"","overlay-opacity":"","overlay-gradient":""},"tablet":{"background-color":"var(--ast-global-color-5)","background-image":"","background-repeat":"repeat","background-position":"center center","background-size":"auto","background-attachment":"scroll","background-type":"","background-media":"","overlay-type":"","overlay-color":"","overlay-opacity":"","overlay-gradient":""},"mobile":{"background-color":"var(--ast-global-color-5)","background-image":"","background-repeat":"repeat","background-position":"center center","background-size":"auto","background-attachment":"scroll","background-type":"","background-media":"","overlay-type":"","overlay-color":"","overlay-opacity":"","overlay-gradient":""}}},"product_brand":[],"product_cat":[304,229,227],"product_tag":[],"class_list":{"0":"post-21365","1":"product","2":"type-product","3":"status-publish","4":"has-post-thumbnail","6":"product_cat-sc-fiber-patch-cord-fr","7":"product_cat-lc-fiber-patch-cord-fr","8":"product_cat-fiber-patch-cord-fr","9":"pa_connector-type-lc-sc-fr","10":"desktop-align-left","11":"tablet-align-left","12":"mobile-align-left","13":"ast-product-gallery-layout-vertical","14":"ast-product-gallery-with-no-image","15":"ast-product-tabs-layout-vertical","16":"ast-qv-on-image","18":"first","19":"instock","20":"shipping-taxable","21":"product-type-simple"},"_links":{"self":[{"href":"https:\/\/www.bonelinks.com\/fr\/wp-json\/wp\/v2\/product\/21365","targetHints":{"allow":["GET"]}}],"collection":[{"href":"https:\/\/www.bonelinks.com\/fr\/wp-json\/wp\/v2\/product"}],"about":[{"href":"https:\/\/www.bonelinks.com\/fr\/wp-json\/wp\/v2\/types\/product"}],"version-history":[{"count":3,"href":"https:\/\/www.bonelinks.com\/fr\/wp-json\/wp\/v2\/product\/21365\/revisions"}],"predecessor-version":[{"id":24109,"href":"https:\/\/www.bonelinks.com\/fr\/wp-json\/wp\/v2\/product\/21365\/revisions\/24109"}],"wp:featuredmedia":[{"embeddable":true,"href":"https:\/\/www.bonelinks.com\/fr\/wp-json\/wp\/v2\/media\/17990"}],"wp:attachment":[{"href":"https:\/\/www.bonelinks.com\/fr\/wp-json\/wp\/v2\/media?parent=21365"}],"wp:term":[{"taxonomy":"product_brand","embeddable":true,"href":"https:\/\/www.bonelinks.com\/fr\/wp-json\/wp\/v2\/product_brand?post=21365"},{"taxonomy":"product_cat","embeddable":true,"href":"https:\/\/www.bonelinks.com\/fr\/wp-json\/wp\/v2\/product_cat?post=21365"},{"taxonomy":"product_tag","embeddable":true,"href":"https:\/\/www.bonelinks.com\/fr\/wp-json\/wp\/v2\/product_tag?post=21365"}],"curies":[{"name":"wp","href":"https:\/\/api.w.org\/{rel}","templated":true}]}}