{"id":21362,"date":"2023-06-27T21:40:06","date_gmt":"2023-06-28T05:40:06","guid":{"rendered":"https:\/\/www.bonelinks.com\/product\/cordon-de-raccordement-sc-apc-lc-pc\/"},"modified":"2024-01-28T21:34:46","modified_gmt":"2024-01-29T05:34:46","slug":"patch-cord-sc-apc-lc-pc","status":"publish","type":"product","link":"https:\/\/www.bonelinks.com\/fr\/product\/patch-cord-sc-apc-lc-pc\/","title":{"rendered":"Cordon de raccordement SC APC LC PC"},"content":{"rendered":"<h1 style=\"text-align: left; font-size: 18px;\"><strong> Cordon de raccordement SC APC LC PC<\/strong><\/h1>\n<p>Le connecteur SC est id\u00e9al pour les datacoms et les t\u00e9l\u00e9communications, tandis que les connecteurs LC sont populaires dans les applications de patch \u00e0 haute densit\u00e9 en raison de leur taille plus petite et de leur fonction de verrouillage.<\/p>\n<p>Les connecteurs PC sont courants chez les op\u00e9rateurs de t\u00e9l\u00e9communications et sont utilis\u00e9s avec les fibres multimodes OM1 et OM2. Les connecteurs APC sont pr\u00e9f\u00e9r\u00e9s pour les gammes de longueurs d&rsquo;onde plus \u00e9lev\u00e9es comme les signaux vid\u00e9o RF, les applications FTTx, les r\u00e9seaux optiques passifs et les syst\u00e8mes WDM utilisant des fibres monomodes \u00e0 longueurs d&rsquo;onde \u00e9lev\u00e9es.<\/p>\n<h2 style=\"text-align: left; font-size: 18px;\"><strong>Caract\u00e9ristiques du cordon de raccordement SC APC LC PC<\/strong><\/h2>\n<ul>\n<li>Connecteurs : SC\/APC \u00e0 une extr\u00e9mit\u00e9, LC\/PC \u00e0 l&rsquo;autre extr\u00e9mit\u00e9<\/li>\n<li>Options d&rsquo;habillage : LSZH, OFNR, PVC<\/li>\n<li>Mat\u00e9riau de la virole : C\u00e9ramique<\/li>\n<li>Assurance qualit\u00e9 : Qualit\u00e9 et performance garanties<\/li>\n<li>Essais : Test\u00e9 \u00e0 100 % et enregistr\u00e9 pour la perte d&rsquo;insertion et la perte de retour<\/li>\n<\/ul>\n<h2 style=\"text-align: left; font-size: 18px;\"><strong>Vous cherchez d&rsquo;autres choix de c\u00e2bles de raccordement en fibre optique ?<\/strong><\/h2>\n<p>Vous souhaitez plus d&rsquo;options pour les c\u00e2bles de raccordement en fibre optique ? D\u00e9couvrez notre s\u00e9lection de <span style=\"color: #0054a6;\"><strong><a style=\"color: #0054a6;\" href=\"https:\/\/www.bonelinks.com\/fr\/lc-fibre-patch-leads\/\" target=\"_blank\" rel=\"noopener\">C\u00e2bles de raccordement en fibre LC, <\/a><\/strong><\/span><a title=\"C\u00e2bles de raccordement en fibre SC\" href=\"https:\/\/www.bonelinks.com\/fr\/sc-fibre-patch-leads\/\" target=\"_blank\" rel=\"noopener\"><strong><span style=\"color: #0054a6;\">C\u00e2bles de raccordement en fibre SC, <\/span><\/strong><\/a><strong><span style=\"color: #0054a6;\"><a style=\"color: #0054a6;\" href=\"https:\/\/www.bonelinks.com\/fr\/lc-to-sc-fiber-cables\/\" target=\"_blank\" rel=\"noopener\">C\u00e2bles de raccordement fibre SC LC <\/a><\/span><\/strong>pour une mise en r\u00e9seau sans faille.<\/p>\n<p>\u00c0 la recherche de cordons de raccordement en fibre optique con\u00e7us et fabriqu\u00e9s sur mesure ? D\u00e9couvrez notre section d\u00e9di\u00e9e aux<a href=\"https:\/\/www.bonelinks.com\/fr\/custom-fiber-optic-cables\/\" target=\"_blank\" rel=\"noopener\"><span style=\"color: #0054a6;\"><strong> C\u00e2bles \u00e0 fibres optiques sur mesure <\/strong><\/span><\/a>pour des solutions de connectivit\u00e9 sur mesure.<\/p>\n<ul>\n<li>Vente au d\u00e9tail ou en gros &#8211; Nous avons tout ce qu&rsquo;il faut !<\/li>\n<li>Vous ne savez pas quoi acheter ? Nous offrons des conseils d&rsquo;experts.<\/li>\n<li>Faible MOQ : pas besoin d&rsquo;acheter plus que ce que vous voulez.<\/li>\n<li>Des prix comp\u00e9titifs : Obtenez un excellent rapport qualit\u00e9-prix \u00e0 chaque fois.<\/li>\n<li>Livraison rapide : Votre rapidit\u00e9, notre priorit\u00e9.<\/li>\n<li>Centr\u00e9 sur le client : Nous adaptons nos services \u00e0 vos besoins.<\/li>\n<\/ul>\n<p><strong>Connectez-vous avec nous !<\/strong><br \/>\nSi vous avez des difficult\u00e9s \u00e0 trouver le bon <span style=\"color: #0054a6;\"><strong><a style=\"color: #0054a6;\" href=\"https:\/\/www.bonelinks.com\/fr\/fiber-optic-patch-cord-supplier\/\" target=\"_blank\" rel=\"noopener\">cordon de raccordement en fibre optique <\/a><\/strong><\/span>pour vos besoins, ou si vous avez besoin de conseils d&rsquo;experts, un seul clic et vous pouvez<a href=\"https:\/\/www.bonelinks.com\/fr\/contact-us\/\" target=\"_blank\" rel=\"noopener\"><strong><span style=\"color: #0054a6;\"> discuter avec nous <\/span><\/strong><\/a>en quelques secondes. Votre satisfaction est notre priorit\u00e9. Nous sommes pr\u00eats \u00e0 vous aider dans tous les domaines. <strong>Ne vous inqui\u00e9tez pas, il n&rsquo;est pas n\u00e9cessaire de trop r\u00e9fl\u00e9chir. Nous sommes l\u00e0, pr\u00eats \u00e0 vous aider.<\/strong><\/p>\n","protected":false},"excerpt":{"rendered":"<p>Les cordons de raccordement en fibre optique sont des c\u00e2bles constitu\u00e9s de fibres optiques et \u00e9quip\u00e9s de connecteurs aux deux extr\u00e9mit\u00e9s. Le cordon de raccordement SC APC LC PC est \u00e9quip\u00e9 de connecteurs LC\/PC \u00e0 une extr\u00e9mit\u00e9 et de connecteurs SC\/APC \u00e0 l&rsquo;autre extr\u00e9mit\u00e9. Bonelinks offre une gamme d&rsquo;options, y compris des cordons de raccordement SC APC LC PC simplex et duplex. Les longueurs de c\u00e2ble disponibles sont de 1m, 2m, 3m, 5m, 8m, 10m et 15m. D&rsquo;autres longueurs peuvent \u00eatre command\u00e9es sur mesure.<\/p>\n","protected":false},"featured_media":17990,"template":"","meta":{"site-sidebar-layout":"default","site-content-layout":"default","ast-site-content-layout":"default","site-content-style":"default","site-sidebar-style":"default","ast-global-header-display":"","ast-banner-title-visibility":"","ast-main-header-display":"","ast-hfb-above-header-display":"","ast-hfb-below-header-display":"","ast-hfb-mobile-header-display":"","site-post-title":"","ast-breadcrumbs-content":"","ast-featured-img":"","footer-sml-layout":"","ast-disable-related-posts":"","theme-transparent-header-meta":"default","adv-header-id-meta":"","stick-header-meta":"default","header-above-stick-meta":"","header-main-stick-meta":"","header-below-stick-meta":"","astra-migrate-meta-layouts":"set","ast-page-background-enabled":"default","ast-page-background-meta":{"desktop":{"background-color":"","background-image":"","background-repeat":"repeat","background-position":"center center","background-size":"auto","background-attachment":"scroll","background-type":"","background-media":"","overlay-type":"","overlay-color":"","overlay-opacity":"","overlay-gradient":""},"tablet":{"background-color":"","background-image":"","background-repeat":"repeat","background-position":"center center","background-size":"auto","background-attachment":"scroll","background-type":"","background-media":"","overlay-type":"","overlay-color":"","overlay-opacity":"","overlay-gradient":""},"mobile":{"background-color":"","background-image":"","background-repeat":"repeat","background-position":"center center","background-size":"auto","background-attachment":"scroll","background-type":"","background-media":"","overlay-type":"","overlay-color":"","overlay-opacity":"","overlay-gradient":""}},"ast-content-background-meta":{"desktop":{"background-color":"var(--ast-global-color-5)","background-image":"","background-repeat":"repeat","background-position":"center center","background-size":"auto","background-attachment":"scroll","background-type":"","background-media":"","overlay-type":"","overlay-color":"","overlay-opacity":"","overlay-gradient":""},"tablet":{"background-color":"var(--ast-global-color-5)","background-image":"","background-repeat":"repeat","background-position":"center center","background-size":"auto","background-attachment":"scroll","background-type":"","background-media":"","overlay-type":"","overlay-color":"","overlay-opacity":"","overlay-gradient":""},"mobile":{"background-color":"var(--ast-global-color-5)","background-image":"","background-repeat":"repeat","background-position":"center center","background-size":"auto","background-attachment":"scroll","background-type":"","background-media":"","overlay-type":"","overlay-color":"","overlay-opacity":"","overlay-gradient":""}}},"product_brand":[],"product_cat":[304,229],"product_tag":[],"class_list":{"0":"post-21362","1":"product","2":"type-product","3":"status-publish","4":"has-post-thumbnail","6":"product_cat-sc-fiber-patch-cord-fr","7":"product_cat-lc-fiber-patch-cord-fr","8":"pa_connector-type-lc-sc-fr","9":"desktop-align-left","10":"tablet-align-left","11":"mobile-align-left","12":"ast-product-gallery-layout-vertical","13":"ast-product-gallery-with-no-image","14":"ast-product-tabs-layout-vertical","15":"ast-qv-on-image","17":"first","18":"instock","19":"shipping-taxable","20":"product-type-simple"},"_links":{"self":[{"href":"https:\/\/www.bonelinks.com\/fr\/wp-json\/wp\/v2\/product\/21362","targetHints":{"allow":["GET"]}}],"collection":[{"href":"https:\/\/www.bonelinks.com\/fr\/wp-json\/wp\/v2\/product"}],"about":[{"href":"https:\/\/www.bonelinks.com\/fr\/wp-json\/wp\/v2\/types\/product"}],"version-history":[{"count":3,"href":"https:\/\/www.bonelinks.com\/fr\/wp-json\/wp\/v2\/product\/21362\/revisions"}],"predecessor-version":[{"id":24107,"href":"https:\/\/www.bonelinks.com\/fr\/wp-json\/wp\/v2\/product\/21362\/revisions\/24107"}],"wp:featuredmedia":[{"embeddable":true,"href":"https:\/\/www.bonelinks.com\/fr\/wp-json\/wp\/v2\/media\/17990"}],"wp:attachment":[{"href":"https:\/\/www.bonelinks.com\/fr\/wp-json\/wp\/v2\/media?parent=21362"}],"wp:term":[{"taxonomy":"product_brand","embeddable":true,"href":"https:\/\/www.bonelinks.com\/fr\/wp-json\/wp\/v2\/product_brand?post=21362"},{"taxonomy":"product_cat","embeddable":true,"href":"https:\/\/www.bonelinks.com\/fr\/wp-json\/wp\/v2\/product_cat?post=21362"},{"taxonomy":"product_tag","embeddable":true,"href":"https:\/\/www.bonelinks.com\/fr\/wp-json\/wp\/v2\/product_tag?post=21362"}],"curies":[{"name":"wp","href":"https:\/\/api.w.org\/{rel}","templated":true}]}}