{"id":21361,"date":"2023-06-28T19:40:52","date_gmt":"2023-06-29T03:40:52","guid":{"rendered":"https:\/\/www.bonelinks.com\/product\/cable-de-raccordement-en-fibre-multimode-lc-a-lc\/"},"modified":"2024-01-28T21:32:12","modified_gmt":"2024-01-29T05:32:12","slug":"lc-to-lc-fiber-patch-cable-multimode","status":"publish","type":"product","link":"https:\/\/www.bonelinks.com\/fr\/product\/lc-to-lc-fiber-patch-cable-multimode\/","title":{"rendered":"C\u00e2ble de raccordement en fibre multimode LC \u00e0 LC"},"content":{"rendered":"<h1 style=\"text-align: left; font-size: 18px;\"><strong>C\u00e2ble de raccordement en fibre multimode LC \u00e0 LC : Haute densit\u00e9 et performance fiable<\/strong><\/h1>\n<p>Le c\u00e2ble de raccordement en fibre multimode LC \u00e0 LC est le type de c\u00e2ble en fibre optique le plus courant dans l&rsquo;industrie. Dot\u00e9 de connecteurs fibre LC aux deux extr\u00e9mit\u00e9s, c&rsquo;est le choix privil\u00e9gi\u00e9 pour des connexions fibre optique fiables et \u00e0 haute densit\u00e9. Ce c\u00e2ble est parfait pour les connexions Ethernet 10\/40\/100G, y compris les \u00e9metteurs-r\u00e9cepteurs 10G SR, 10G LRM et SFP+. Il est sp\u00e9cialement con\u00e7u pour l&rsquo;Ethernet rapide, le Fiber Channel, le Gigabit Ethernet, les centres de donn\u00e9es, les \u00e9tablissements d&rsquo;enseignement, les LAN, les SAN, les applications commerciales et le mode de transfert asynchrone (ATM). Il prend en charge les services vid\u00e9o, de donn\u00e9es et vocaux. Chaque c\u00e2ble est test\u00e9 individuellement, certifi\u00e9 et couvert par une garantie \u00e0 vie pour une compatibilit\u00e9 garantie et une fiabilit\u00e9 \u00e0 100 %.<\/p>\n<table width=\"1104\">\n<tbody>\n<tr>\n<td width=\"160\"><strong>C\u00e2ble de raccordement en fibre multimode LC \u00e0 LC <\/strong><\/td>\n<td width=\"131\"><strong>Diam\u00e8tre<\/strong><\/td>\n<td width=\"121\"><strong>Couleur de la veste<\/strong><\/td>\n<td width=\"127\"><strong>Source optique<\/strong><\/td>\n<td width=\"143\"><strong>Largeur de bande<\/strong><\/td>\n<td width=\"134\"><strong>Fast Ethernet<\/strong><\/td>\n<td width=\"72\"><strong>1GbE<\/strong><\/td>\n<td width=\"72\"><strong>10GbE<\/strong><\/td>\n<td width=\"72\"><strong>40GbE<\/strong><\/td>\n<td width=\"72\"><strong>100GbE<\/strong><\/td>\n<\/tr>\n<tr>\n<td width=\"160\">OM1<\/td>\n<td width=\"131\">62,5\/125\u00b5m<\/td>\n<td width=\"121\">Orange<\/td>\n<td width=\"127\">LED<\/td>\n<td width=\"143\">200MHz*km<\/td>\n<td width=\"134\">2000m<\/td>\n<td width=\"72\">275m<\/td>\n<td width=\"72\">33m<\/td>\n<td width=\"72\">\/<\/td>\n<td width=\"72\">\/<\/td>\n<\/tr>\n<tr>\n<td width=\"160\">OM2<\/td>\n<td width=\"131\">50\/125\u00b5m<\/td>\n<td width=\"121\">Orange<\/td>\n<td width=\"127\">LED<\/td>\n<td width=\"143\">500MHz*km<\/td>\n<td width=\"134\">2000m<\/td>\n<td width=\"72\">550m<\/td>\n<td width=\"72\">82m<\/td>\n<td width=\"72\">\/<\/td>\n<td width=\"72\">\/<\/td>\n<\/tr>\n<tr>\n<td width=\"160\">OM3<\/td>\n<td width=\"131\">50\/125\u00b5m<\/td>\n<td width=\"121\">Aqua<\/td>\n<td width=\"127\">VSCEL<\/td>\n<td width=\"143\">2000MHz*km<\/td>\n<td width=\"134\">2000m<\/td>\n<td width=\"72\">\/<\/td>\n<td width=\"72\">300m<\/td>\n<td width=\"72\">100m<\/td>\n<td width=\"72\">70m<\/td>\n<\/tr>\n<tr>\n<td width=\"160\">OM4<\/td>\n<td width=\"131\">50\/125\u00b5m<\/td>\n<td width=\"121\">Violet<\/td>\n<td width=\"127\">VSCEL<\/td>\n<td width=\"143\">4700MHz*km<\/td>\n<td width=\"134\">2000m<\/td>\n<td width=\"72\">\/<\/td>\n<td width=\"72\">550m<\/td>\n<td width=\"72\">150m<\/td>\n<td width=\"72\">150m<\/td>\n<\/tr>\n<\/tbody>\n<\/table>\n<p><img fetchpriority=\"high\" decoding=\"async\" class=\"alignnone size-full wp-image-7133\" src=\"https:\/\/www.bonelinks.com\/wp-content\/uploads\/2023\/06\/multimode-LC-LC-patch-cords.jpg\" alt=\"cordons de raccordement LC multimode\" width=\"800\" height=\"348\" srcset=\"https:\/\/www.bonelinks.com\/wp-content\/uploads\/2023\/06\/multimode-LC-LC-patch-cords.jpg 800w, https:\/\/www.bonelinks.com\/wp-content\/uploads\/2023\/06\/multimode-LC-LC-patch-cords-300x131.jpg 300w, https:\/\/www.bonelinks.com\/wp-content\/uploads\/2023\/06\/multimode-LC-LC-patch-cords-768x334.jpg 768w, https:\/\/www.bonelinks.com\/wp-content\/uploads\/2023\/06\/multimode-LC-LC-patch-cords-650x283.jpg 650w\" sizes=\"(max-width: 800px) 100vw, 800px\" \/><\/p>\n<h2 style=\"text-align: left; font-size: 18px;\"><strong>Meilleures ventes de c\u00e2ble de raccordement fibre optique multimode LC \u00e0 LC chez Bonelinks<\/strong><\/h2>\n<table>\n<tbody>\n<tr>\n<th class=\"header\">C\u00e2ble de raccordement en fibre multimode LC \u00e0 LC<\/th>\n<th class=\"header\">Fibre OM2 LC \u00e0 LC<\/th>\n<th class=\"header\">Fibre OM3 LC \u00e0 LC<\/th>\n<th class=\"header\">Fibre OM4 LC \u00e0 LC<\/th>\n<\/tr>\n<tr>\n<td>Nombre de fibres<\/td>\n<td>simplex, duplex<\/td>\n<td>simplex, duplex<\/td>\n<td>simplex, duplex<\/td>\n<\/tr>\n<tr>\n<td>Mode fibre<\/td>\n<td>Multimode<\/td>\n<td>Multimode<\/td>\n<td>Multimode<\/td>\n<\/tr>\n<tr>\n<td>Taux de donn\u00e9es<\/td>\n<td>1G\/10GB<\/td>\n<td>10G\/40G\/100GB<\/td>\n<td>10G\/40G\/100GB<\/td>\n<\/tr>\n<tr>\n<td>Connecteur<\/td>\n<td>LC UPC \u00e0 LC UPC<\/td>\n<td>LC UPC \u00e0 LC UPC<\/td>\n<td>LC UPC \u00e0 LC UPC<\/td>\n<\/tr>\n<tr>\n<td>Perte d&rsquo;insertion<\/td>\n<td>\u22640,3dB<\/td>\n<td>\u22640,3dB<\/td>\n<td>\u22640,3dB<\/td>\n<\/tr>\n<tr>\n<td>Perte de retour<\/td>\n<td>\u226530dB<\/td>\n<td>\u226530dB<\/td>\n<td>\u226530dB<\/td>\n<\/tr>\n<tr>\n<td>Longueur<\/td>\n<td>1m, 2m, 3m, 5m, 10m ou sur mesure<\/td>\n<td>1m, 2m, 3m, 5m, 10m ou sur mesure<\/td>\n<td>1m, 2m, 3m, 5m, 10m ou sur mesure<\/td>\n<\/tr>\n<tr>\n<td>Veste<\/td>\n<td>LSZH, OFNR, PVC<\/td>\n<td>LSZH, OFNR, PVC<\/td>\n<td>LSZH, OFNR, PVC<\/td>\n<\/tr>\n<\/tbody>\n<\/table>\n<h2 style=\"text-align: left; font-size: 18px;\"><strong>Caract\u00e9ristiques du c\u00e2ble de raccordement en fibre multimode LC \u00e0 LC<\/strong><\/h2>\n<ul>\n<li>Transmissions \u00e0 grande vitesse et \u00e0 large bande passante sur des r\u00e9seaux Gigabit Ethernet\/fibre optique<\/li>\n<li>R\u00e9sistant aux tractions, aux tensions et aux impacts lors de l&rsquo;installation et de l&rsquo;entretien des c\u00e2bles<\/li>\n<li>Faible perte d&rsquo;insertion et perte de retour \u00e9lev\u00e9e<\/li>\n<li>Termin\u00e9 en usine et test\u00e9 pour une performance fiable<\/li>\n<li>Bonne interchangeabilit\u00e9, durabilit\u00e9 et r\u00e9p\u00e9tabilit\u00e9<\/li>\n<li>Excellente adaptabilit\u00e9 environnementale<\/li>\n<li>Conforme aux normes internationales de t\u00e9l\u00e9communication<\/li>\n<li>Permet une transmission \u00e0 grande vitesse<\/li>\n<\/ul>\n<h2 style=\"text-align: left; font-size: 18px;\"><strong>Applications du c\u00e2ble de raccordement en fibre multimode LC \u00e0 LC<\/strong><\/h2>\n<ul>\n<li>Transmission de donn\u00e9es \u00e0 grande vitesse dans les applications \u00e0 forte intensit\u00e9 de donn\u00e9es<\/li>\n<li>Syst\u00e8mes \u00e0 large bande<\/li>\n<li>T\u00e9l\u00e9communications et communication de donn\u00e9es<\/li>\n<li>Polyvalent pour les installations int\u00e9rieures : Convient pour les connexions d&rsquo;armoires de r\u00e9seau, le c\u00e2blage au plafond et le c\u00e2blage sous le sol dans les centres de donn\u00e9es.<\/li>\n<\/ul>\n<h2 style=\"text-align: left; font-size: 18px;\"><strong>Vous cherchez d&rsquo;autres choix de c\u00e2bles de raccordement en fibre optique ?<\/strong><\/h2>\n<p>Vous souhaitez plus d&rsquo;options pour les c\u00e2bles de raccordement en fibre optique ? D\u00e9couvrez notre s\u00e9lection de <span style=\"color: #0054a6;\"><br \/>\n<strong><a style=\"color: #0054a6;\" href=\"https:\/\/www.bonelinks.com\/fr\/lc-fibre-patch-leads\/\" target=\"_blank\" rel=\"noopener\">C\u00e2bles de raccordement en fibre LC, <\/a><\/strong><\/span><a title=\"C\u00e2bles de raccordement en fibre LC \u00e0 LC\" href=\"https:\/\/www.bonelinks.com\/fr\/lc-to-lc-fiber-patch-cable\/\" target=\"_blank\" rel=\"noopener\"><strong><span style=\"color: #0054a6;\">C\u00e2bles de raccordement fibre LC \u00e0 LC, <\/span><\/strong><\/a><strong><span style=\"color: #0054a6;\"><a style=\"color: #0054a6;\" href=\"https:\/\/www.bonelinks.com\/fr\/multimode-fibre-patch-leads\/\" target=\"_blank\" rel=\"noopener\">C\u00e2bles de raccordement en fibre multimode <\/a><\/span><\/strong>pour une mise en r\u00e9seau sans faille.<\/p>\n<p>\u00c0 la recherche de cordons de raccordement en fibre optique con\u00e7us et fabriqu\u00e9s sur mesure ? D\u00e9couvrez notre section d\u00e9di\u00e9e aux<a href=\"https:\/\/www.bonelinks.com\/fr\/custom-fiber-optic-cables\/\" target=\"_blank\" rel=\"noopener\"><span style=\"color: #0054a6;\"><strong> C\u00e2bles \u00e0 fibres optiques sur mesure <\/strong><\/span><\/a>pour des solutions de connectivit\u00e9 sur mesure.<\/p>\n<ul>\n<li>Vente au d\u00e9tail ou en gros &#8211; Nous avons tout ce qu&rsquo;il faut !<\/li>\n<li>Vous ne savez pas quoi acheter ? Nous offrons des conseils d&rsquo;experts.<\/li>\n<li>Faible MOQ : pas besoin d&rsquo;acheter plus que ce que vous voulez.<\/li>\n<li>Des prix comp\u00e9titifs : Obtenez un excellent rapport qualit\u00e9-prix \u00e0 chaque fois.<\/li>\n<li>Livraison rapide : Votre rapidit\u00e9, notre priorit\u00e9.<\/li>\n<li>Centr\u00e9 sur le client : Nous adaptons nos services \u00e0 vos besoins.<\/li>\n<\/ul>\n<p><strong>Connectez-vous avec nous !<\/strong><br \/>\nSi vous avez des difficult\u00e9s \u00e0 trouver le bon <span style=\"color: #0054a6;\"><strong><a style=\"color: #0054a6;\" href=\"https:\/\/www.bonelinks.com\/fr\/fiber-optic-patch-cord-supplier\/\" target=\"_blank\" rel=\"noopener\">cordon de raccordement en fibre optique <\/a><\/strong><\/span>pour vos besoins, ou si vous avez besoin de conseils d&rsquo;experts, un seul clic et vous pouvez<a href=\"https:\/\/www.bonelinks.com\/fr\/contact-us\/\" target=\"_blank\" rel=\"noopener\"><strong><span style=\"color: #0054a6;\"> discuter avec nous <\/span><\/strong><\/a>en quelques secondes. Votre satisfaction est notre priorit\u00e9. Nous sommes pr\u00eats \u00e0 vous aider dans tous les domaines. <strong>Ne vous inqui\u00e9tez pas, il n&rsquo;est pas n\u00e9cessaire de trop r\u00e9fl\u00e9chir. Nous sommes l\u00e0, pr\u00eats \u00e0 vous aider.<\/strong><\/p>\n","protected":false},"excerpt":{"rendered":"<p>Le c\u00e2ble de raccordement en fibre multimode LC \u00e0 LC est largement utilis\u00e9 dans l&rsquo;industrie, offrant une haute densit\u00e9 et des performances fiables. Il est id\u00e9al pour les connexions Ethernet 10\/40\/100G, prenant en charge les \u00e9metteurs-r\u00e9cepteurs 10G SR, 10G LRM et SFP+. Sp\u00e9cialement con\u00e7u pour Ethernet rapide, Fiber Channel, Gigabit Ethernet et diverses applications. Chaque c\u00e2ble est test\u00e9 individuellement, certifi\u00e9 et couvert par une garantie \u00e0 vie pour une compatibilit\u00e9 et une fiabilit\u00e9 garanties.<\/p>\n","protected":false},"featured_media":17865,"template":"","meta":{"site-sidebar-layout":"default","site-content-layout":"default","ast-site-content-layout":"default","site-content-style":"default","site-sidebar-style":"default","ast-global-header-display":"","ast-banner-title-visibility":"","ast-main-header-display":"","ast-hfb-above-header-display":"","ast-hfb-below-header-display":"","ast-hfb-mobile-header-display":"","site-post-title":"","ast-breadcrumbs-content":"","ast-featured-img":"","footer-sml-layout":"","ast-disable-related-posts":"","theme-transparent-header-meta":"default","adv-header-id-meta":"","stick-header-meta":"default","header-above-stick-meta":"","header-main-stick-meta":"","header-below-stick-meta":"","astra-migrate-meta-layouts":"set","ast-page-background-enabled":"default","ast-page-background-meta":{"desktop":{"background-color":"","background-image":"","background-repeat":"repeat","background-position":"center center","background-size":"auto","background-attachment":"scroll","background-type":"","background-media":"","overlay-type":"","overlay-color":"","overlay-opacity":"","overlay-gradient":""},"tablet":{"background-color":"","background-image":"","background-repeat":"repeat","background-position":"center center","background-size":"auto","background-attachment":"scroll","background-type":"","background-media":"","overlay-type":"","overlay-color":"","overlay-opacity":"","overlay-gradient":""},"mobile":{"background-color":"","background-image":"","background-repeat":"repeat","background-position":"center center","background-size":"auto","background-attachment":"scroll","background-type":"","background-media":"","overlay-type":"","overlay-color":"","overlay-opacity":"","overlay-gradient":""}},"ast-content-background-meta":{"desktop":{"background-color":"var(--ast-global-color-5)","background-image":"","background-repeat":"repeat","background-position":"center center","background-size":"auto","background-attachment":"scroll","background-type":"","background-media":"","overlay-type":"","overlay-color":"","overlay-opacity":"","overlay-gradient":""},"tablet":{"background-color":"var(--ast-global-color-5)","background-image":"","background-repeat":"repeat","background-position":"center center","background-size":"auto","background-attachment":"scroll","background-type":"","background-media":"","overlay-type":"","overlay-color":"","overlay-opacity":"","overlay-gradient":""},"mobile":{"background-color":"var(--ast-global-color-5)","background-image":"","background-repeat":"repeat","background-position":"center center","background-size":"auto","background-attachment":"scroll","background-type":"","background-media":"","overlay-type":"","overlay-color":"","overlay-opacity":"","overlay-gradient":""}}},"product_brand":[],"product_cat":[231,229,227],"product_tag":[],"class_list":{"0":"post-21361","1":"product","2":"type-product","3":"status-publish","4":"has-post-thumbnail","6":"product_cat-multimode-fiber-patch-cord-fr","7":"product_cat-lc-fiber-patch-cord-fr","8":"product_cat-fiber-patch-cord-fr","9":"pa_connector-type-lc-lc-fr","10":"pa_fiber-type-multimode-fr","11":"desktop-align-left","12":"tablet-align-left","13":"mobile-align-left","14":"ast-product-gallery-layout-vertical","15":"ast-product-gallery-with-no-image","16":"ast-product-tabs-layout-vertical","17":"ast-qv-on-image","19":"first","20":"instock","21":"shipping-taxable","22":"product-type-simple"},"_links":{"self":[{"href":"https:\/\/www.bonelinks.com\/fr\/wp-json\/wp\/v2\/product\/21361","targetHints":{"allow":["GET"]}}],"collection":[{"href":"https:\/\/www.bonelinks.com\/fr\/wp-json\/wp\/v2\/product"}],"about":[{"href":"https:\/\/www.bonelinks.com\/fr\/wp-json\/wp\/v2\/types\/product"}],"version-history":[{"count":3,"href":"https:\/\/www.bonelinks.com\/fr\/wp-json\/wp\/v2\/product\/21361\/revisions"}],"predecessor-version":[{"id":24103,"href":"https:\/\/www.bonelinks.com\/fr\/wp-json\/wp\/v2\/product\/21361\/revisions\/24103"}],"wp:featuredmedia":[{"embeddable":true,"href":"https:\/\/www.bonelinks.com\/fr\/wp-json\/wp\/v2\/media\/17865"}],"wp:attachment":[{"href":"https:\/\/www.bonelinks.com\/fr\/wp-json\/wp\/v2\/media?parent=21361"}],"wp:term":[{"taxonomy":"product_brand","embeddable":true,"href":"https:\/\/www.bonelinks.com\/fr\/wp-json\/wp\/v2\/product_brand?post=21361"},{"taxonomy":"product_cat","embeddable":true,"href":"https:\/\/www.bonelinks.com\/fr\/wp-json\/wp\/v2\/product_cat?post=21361"},{"taxonomy":"product_tag","embeddable":true,"href":"https:\/\/www.bonelinks.com\/fr\/wp-json\/wp\/v2\/product_tag?post=21361"}],"curies":[{"name":"wp","href":"https:\/\/api.w.org\/{rel}","templated":true}]}}