{"id":21360,"date":"2023-07-02T23:14:46","date_gmt":"2023-07-03T07:14:46","guid":{"rendered":"https:\/\/www.bonelinks.com\/product\/cordon-de-raccordement-fibre-monomode-sc-vers-st\/"},"modified":"2024-01-28T20:21:48","modified_gmt":"2024-01-29T04:21:48","slug":"single-mode-fibre-patch-lead-sc-to-st","status":"publish","type":"product","link":"https:\/\/www.bonelinks.com\/fr\/product\/single-mode-fibre-patch-lead-sc-to-st\/","title":{"rendered":"Cordon de raccordement fibre monomode SC vers ST"},"content":{"rendered":"<h1 style=\"text-align: left; font-size: 18px;\"><strong> Cordon de raccordement en fibre monomode SC vers ST pour la transmission de donn\u00e9es \u00e0 grande largeur de bande<\/strong><\/h1>\n<p>Con\u00e7u pour les applications Ethernet 10Gb longue distance, ce cordon de raccordement en fibre monomode garantit une solution de transmission de donn\u00e9es par fibre optique \u00e0 large bande passante. Les connecteurs SC \u00e0 virole c\u00e9ramique durable, ainsi que les connecteurs ST en acier inoxydable, offrent une solution robuste. Alors que les connecteurs SC sont connus pour leur facilit\u00e9 d&rsquo;utilisation et leur fiabilit\u00e9, les connecteurs ST offrent une r\u00e9sistance suppl\u00e9mentaire. Notre vaste gamme de cordons de raccordement en fibre monomode SC \u00e0 ST se d\u00e9cline en diff\u00e9rentes longueurs, mat\u00e9riaux de gaine et diam\u00e8tres de c\u00e2ble. Ces c\u00e2bles sont rigoureusement test\u00e9s pour garantir des performances sup\u00e9rieures, ce qui les rend parfaits pour les r\u00e9seaux de communication de donn\u00e9es et de t\u00e9l\u00e9communication.<\/p>\n<table width=\"643\">\n<tbody>\n<tr>\n<td width=\"188\"><strong>Description et type de fibre<\/strong><\/td>\n<td colspan=\"4\" width=\"260\"><strong>Att\u00e9nuation typique (dB\/km))<\/strong><\/td>\n<td width=\"65\"><strong>1 Gbps Ethernet Distance (m\u00e8tres)<\/strong><\/td>\n<td colspan=\"2\" width=\"130\"><strong>10 Gbps Ethernet Distance (m\u00e8tres)<\/strong><\/td>\n<\/tr>\n<tr>\n<td width=\"188\">Singlemode, Tampon \u00e9troit<\/td>\n<td width=\"65\">1310nm<\/td>\n<td width=\"65\">1383nm<\/td>\n<td width=\"65\">1550nm<\/td>\n<td width=\"65\">1625nm<\/td>\n<td width=\"65\">1310nm<\/td>\n<td width=\"65\">1310nm<\/td>\n<td width=\"65\">1550nm<\/td>\n<\/tr>\n<tr>\n<td width=\"188\">900 microns<\/td>\n<td width=\"65\">0.65<\/td>\n<td width=\"65\">&#8212;<\/td>\n<td width=\"65\">0.65<\/td>\n<td width=\"65\">&#8212;<\/td>\n<td width=\"65\">10,000<\/td>\n<td width=\"65\">5,000<\/td>\n<td width=\"65\">30,000<\/td>\n<\/tr>\n<tr>\n<td width=\"188\">2mm\/3mm Breakout<\/td>\n<td width=\"65\">1<\/td>\n<td width=\"65\">&#8212;<\/td>\n<td width=\"65\">1<\/td>\n<td width=\"65\">&#8212;<\/td>\n<td width=\"65\">10,000<\/td>\n<td width=\"65\">5,000<\/td>\n<td width=\"65\">30,000<\/td>\n<\/tr>\n<\/tbody>\n<\/table>\n<h2 style=\"text-align: left; font-size: 18px;\"><strong>Caract\u00e9ristiques du cordon de raccordement monomode SC vers ST<\/strong><\/h2>\n<ul>\n<li>Fibre monomode pour un transfert de donn\u00e9es rapide et sur de longues distances<\/li>\n<li>Connecteur SC avec m\u00e9canisme de couplage push-pull, orient\u00e9 vers la cl\u00e9<\/li>\n<li>Connecteur ST \u00e0 ba\u00efonnette \u00e0 verrouillage par rotation<\/li>\n<li>Faible perte d&rsquo;insertion<\/li>\n<li>Perte de r\u00e9flexion arri\u00e8re \u00e9lev\u00e9e<\/li>\n<li>Tous les c\u00e2bles sont test\u00e9s \u00e0 100 % en ce qui concerne la perte d&rsquo;insertion et la r\u00e9flexion arri\u00e8re.<\/li>\n<li>Immunis\u00e9 contre les interf\u00e9rences \u00e9lectriques<\/li>\n<li>Disponible en diff\u00e9rentes longueurs\uff08From 0.5m TO 10m, ou sur mesure\uff09<\/li>\n<li>Capacit\u00e9 stable et grande fiabilit\u00e9<\/li>\n<li>Excellente capacit\u00e9 m\u00e9canique<\/li>\n<\/ul>\n<h2 style=\"text-align: left; font-size: 18px;\"><strong>Applications du cordon de raccordement monomode SC vers ST<\/strong><\/h2>\n<ul>\n<li>R\u00e9seau de fibres<\/li>\n<li>D\u00e9ploiements<\/li>\n<li>Fast Ethernet Gigabit Ethernet<\/li>\n<li>Batteries de serveurs<\/li>\n<li>FTTX<\/li>\n<\/ul>\n<h2 style=\"text-align: left; font-size: 18px;\"><strong>Vous cherchez d&rsquo;autres choix de c\u00e2bles de raccordement en fibre optique ?<\/strong><\/h2>\n<p>Vous souhaitez plus d&rsquo;options pour les c\u00e2bles de raccordement en fibre optique ? D\u00e9couvrez notre s\u00e9lection de <span style=\"color: #0054a6;\"><strong><a style=\"color: #0054a6;\" href=\"https:\/\/www.bonelinks.com\/fr\/st-fibre-patch-leads\/\" target=\"_blank\" rel=\"noopener\">C\u00e2bles de raccordement en fibre ST, <\/a><\/strong><\/span><a title=\"C\u00e2bles de raccordement en fibre SC\" href=\"https:\/\/www.bonelinks.com\/fr\/sc-fibre-patch-leads\/\" target=\"_blank\" rel=\"noopener\"><strong><span style=\"color: #0054a6;\">C\u00e2bles de raccordement en fibre SC, <\/span><\/strong><\/a><strong><span style=\"color: #0054a6;\"><a style=\"color: #0054a6;\" href=\"https:\/\/www.bonelinks.com\/fr\/products\/single-mode-fiber-patch-cord-fr\/\" target=\"_blank\" rel=\"noopener\">C\u00e2bles de raccordement en fibre monomode <\/a><\/span><\/strong>pour une mise en r\u00e9seau sans faille.<\/p>\n<p>\u00c0 la recherche de cordons de raccordement en fibre optique con\u00e7us et fabriqu\u00e9s sur mesure ? D\u00e9couvrez notre section d\u00e9di\u00e9e aux<a href=\"https:\/\/www.bonelinks.com\/fr\/custom-fiber-optic-cables\/\" target=\"_blank\" rel=\"noopener\"><span style=\"color: #0054a6;\"><strong> C\u00e2bles \u00e0 fibres optiques sur mesure <\/strong><\/span><\/a>pour des solutions de connectivit\u00e9 sur mesure.<\/p>\n<ul>\n<li>Vente au d\u00e9tail ou en gros &#8211; Nous avons tout ce qu&rsquo;il faut !<\/li>\n<li>Vous ne savez pas quoi acheter ? Nous offrons des conseils d&rsquo;experts.<\/li>\n<li>Faible MOQ : pas besoin d&rsquo;acheter plus que ce que vous voulez.<\/li>\n<li>Des prix comp\u00e9titifs : Obtenez un excellent rapport qualit\u00e9-prix \u00e0 chaque fois.<\/li>\n<li>Livraison rapide : Votre rapidit\u00e9, notre priorit\u00e9.<\/li>\n<li>Centr\u00e9 sur le client : Nous adaptons nos services \u00e0 vos besoins.<\/li>\n<\/ul>\n<p><strong>Connectez-vous avec nous !<\/strong><br \/>\nSi vous avez des difficult\u00e9s \u00e0 trouver le bon <span style=\"color: #0054a6;\"><strong><a style=\"color: #0054a6;\" href=\"https:\/\/www.bonelinks.com\/fr\/fiber-optic-patch-cord-supplier\/\" target=\"_blank\" rel=\"noopener\">cordon de raccordement en fibre optique <\/a><\/strong><\/span>pour vos besoins, ou si vous avez besoin de conseils d&rsquo;experts, un seul clic et vous pouvez<a href=\"https:\/\/www.bonelinks.com\/fr\/contact-us\/\" target=\"_blank\" rel=\"noopener\"><strong><span style=\"color: #0054a6;\"> discuter avec nous <\/span><\/strong><\/a>en quelques secondes. Votre satisfaction est notre priorit\u00e9. Nous sommes pr\u00eats \u00e0 vous aider dans tous les domaines. <strong>Ne vous inqui\u00e9tez pas, il n&rsquo;est pas n\u00e9cessaire de trop r\u00e9fl\u00e9chir. Nous sommes l\u00e0, pr\u00eats \u00e0 vous aider.<\/strong><\/p>\n","protected":false},"excerpt":{"rendered":"<p>Cordon de raccordement fibre monomode SC vers ST de haute qualit\u00e9 con\u00e7u pour les applications Ethernet 10Gb longue distance. Les connecteurs SC fiables et les connecteurs ST robustes offrent une solution de transmission de donn\u00e9es par fibre optique \u00e0 large bande passante. Bonelinks Single Mode Fibre Patch Lead SC To ST est une combinaison parfaite de haute performance, de faible perte de donn\u00e9es et de rentabilit\u00e9. En ce qui concerne les applications de t\u00e9l\u00e9communications, c&rsquo;est un c\u00e2ble qui peut facilement r\u00e9pondre aux exigences de votre entreprise et de votre budget.<\/p>\n<ul>\n<li>Fibre monomode pour un transfert de donn\u00e9es rapide et sur de longues distances<\/li>\n<li>Connecteur SC avec m\u00e9canisme de couplage push-pull, orient\u00e9 vers la cl\u00e9<\/li>\n<li>Connecteur ST \u00e0 ba\u00efonnette \u00e0 verrouillage par rotation<\/li>\n<li>Tous les c\u00e2bles sont test\u00e9s \u00e0 100 % en ce qui concerne la perte d&rsquo;insertion et la r\u00e9flexion arri\u00e8re.<\/li>\n<\/ul>\n","protected":false},"featured_media":16515,"template":"","meta":{"site-sidebar-layout":"default","site-content-layout":"default","ast-site-content-layout":"default","site-content-style":"default","site-sidebar-style":"default","ast-global-header-display":"","ast-banner-title-visibility":"","ast-main-header-display":"","ast-hfb-above-header-display":"","ast-hfb-below-header-display":"","ast-hfb-mobile-header-display":"","site-post-title":"","ast-breadcrumbs-content":"","ast-featured-img":"","footer-sml-layout":"","ast-disable-related-posts":"","theme-transparent-header-meta":"default","adv-header-id-meta":"","stick-header-meta":"default","header-above-stick-meta":"","header-main-stick-meta":"","header-below-stick-meta":"","astra-migrate-meta-layouts":"set","ast-page-background-enabled":"default","ast-page-background-meta":{"desktop":{"background-color":"","background-image":"","background-repeat":"repeat","background-position":"center center","background-size":"auto","background-attachment":"scroll","background-type":"","background-media":"","overlay-type":"","overlay-color":"","overlay-opacity":"","overlay-gradient":""},"tablet":{"background-color":"","background-image":"","background-repeat":"repeat","background-position":"center center","background-size":"auto","background-attachment":"scroll","background-type":"","background-media":"","overlay-type":"","overlay-color":"","overlay-opacity":"","overlay-gradient":""},"mobile":{"background-color":"","background-image":"","background-repeat":"repeat","background-position":"center center","background-size":"auto","background-attachment":"scroll","background-type":"","background-media":"","overlay-type":"","overlay-color":"","overlay-opacity":"","overlay-gradient":""}},"ast-content-background-meta":{"desktop":{"background-color":"var(--ast-global-color-5)","background-image":"","background-repeat":"repeat","background-position":"center center","background-size":"auto","background-attachment":"scroll","background-type":"","background-media":"","overlay-type":"","overlay-color":"","overlay-opacity":"","overlay-gradient":""},"tablet":{"background-color":"var(--ast-global-color-5)","background-image":"","background-repeat":"repeat","background-position":"center center","background-size":"auto","background-attachment":"scroll","background-type":"","background-media":"","overlay-type":"","overlay-color":"","overlay-opacity":"","overlay-gradient":""},"mobile":{"background-color":"var(--ast-global-color-5)","background-image":"","background-repeat":"repeat","background-position":"center center","background-size":"auto","background-attachment":"scroll","background-type":"","background-media":"","overlay-type":"","overlay-color":"","overlay-opacity":"","overlay-gradient":""}}},"product_brand":[],"product_cat":[232,304,253,227],"product_tag":[],"class_list":{"0":"post-21360","1":"product","2":"type-product","3":"status-publish","4":"has-post-thumbnail","6":"product_cat-single-mode-fiber-patch-cord-fr","7":"product_cat-sc-fiber-patch-cord-fr","8":"product_cat-st-fiber-patch-cord-fr","9":"product_cat-fiber-patch-cord-fr","10":"pa_connector-type-sc-st-fr","11":"pa_fiber-type-monomode","12":"desktop-align-left","13":"tablet-align-left","14":"mobile-align-left","15":"ast-product-gallery-layout-vertical","16":"ast-product-gallery-with-no-image","17":"ast-product-tabs-layout-vertical","18":"ast-qv-on-image","20":"first","21":"instock","22":"shipping-taxable","23":"product-type-simple"},"_links":{"self":[{"href":"https:\/\/www.bonelinks.com\/fr\/wp-json\/wp\/v2\/product\/21360","targetHints":{"allow":["GET"]}}],"collection":[{"href":"https:\/\/www.bonelinks.com\/fr\/wp-json\/wp\/v2\/product"}],"about":[{"href":"https:\/\/www.bonelinks.com\/fr\/wp-json\/wp\/v2\/types\/product"}],"version-history":[{"count":3,"href":"https:\/\/www.bonelinks.com\/fr\/wp-json\/wp\/v2\/product\/21360\/revisions"}],"predecessor-version":[{"id":24099,"href":"https:\/\/www.bonelinks.com\/fr\/wp-json\/wp\/v2\/product\/21360\/revisions\/24099"}],"wp:featuredmedia":[{"embeddable":true,"href":"https:\/\/www.bonelinks.com\/fr\/wp-json\/wp\/v2\/media\/16515"}],"wp:attachment":[{"href":"https:\/\/www.bonelinks.com\/fr\/wp-json\/wp\/v2\/media?parent=21360"}],"wp:term":[{"taxonomy":"product_brand","embeddable":true,"href":"https:\/\/www.bonelinks.com\/fr\/wp-json\/wp\/v2\/product_brand?post=21360"},{"taxonomy":"product_cat","embeddable":true,"href":"https:\/\/www.bonelinks.com\/fr\/wp-json\/wp\/v2\/product_cat?post=21360"},{"taxonomy":"product_tag","embeddable":true,"href":"https:\/\/www.bonelinks.com\/fr\/wp-json\/wp\/v2\/product_tag?post=21360"}],"curies":[{"name":"wp","href":"https:\/\/api.w.org\/{rel}","templated":true}]}}