{"id":21359,"date":"2023-07-02T21:00:55","date_gmt":"2023-07-03T05:00:55","guid":{"rendered":"https:\/\/www.bonelinks.com\/product\/2-0m-om3-sc-sc-duplex-fibre-patch-lead\/"},"modified":"2024-01-28T21:27:43","modified_gmt":"2024-01-29T05:27:43","slug":"2m-om3-sc-sc-duplex-fibre-patch-lead","status":"publish","type":"product","link":"https:\/\/www.bonelinks.com\/fr\/product\/2m-om3-sc-sc-duplex-fibre-patch-lead\/","title":{"rendered":"2.0m OM3 SC-SC Duplex Fibre Patch Lead"},"content":{"rendered":"<h1 style=\"text-align: left; font-size: 18px;\"><strong>Cordon de raccordement en fibre duplex OM3 SC-SC de 2,0 m de haute qualit\u00e9 pour une transmission fiable des donn\u00e9es<\/strong><\/h1>\n<p>Nous vous pr\u00e9sentons nos c\u00e2bles haute performance OM3 SC \u00e0 SC 10Gb 50\/125 Multimode Duplex, termin\u00e9s par des connecteurs SC \u00e0 virole c\u00e9ramique de 2,5 mm. Ces c\u00e2bles sont con\u00e7us pour une transmission de donn\u00e9es fiable et \u00e0 haut d\u00e9bit. Ils sont dot\u00e9s d&rsquo;une fibre optique de haute qualit\u00e9 pour une faible perte. Avec un diam\u00e8tre ext\u00e9rieur robuste de 3,0 mm d&rsquo;\u00e9paisseur, de couleur aqua, et un renforcement par cordon de fermeture \u00e9clair, ils offrent durabilit\u00e9 et flexibilit\u00e9.<\/p>\n<p>Ils offrent d&rsquo;excellentes performances, conformes aux normes telles que 1\/10\/40Gb Multimode et Modal Bandwidth. Avec des sp\u00e9cifications exceptionnelles et une construction fiable, nos c\u00e2bles \u00e0 fibres optiques assurent une transmission de donn\u00e9es fiable et efficace dans des environnements exigeants.<\/p>\n<p><strong>Caract\u00e9ristiques du cordon de raccordement \u00e0 fibres duplex OM3 SC-SC<\/strong><\/p>\n<ul>\n<li>Connecteurs SC UPC \u00e0 SC UPC<\/li>\n<li>Configuration duplex (2 brins de fibres)<\/li>\n<li>Prise en charge de 10Gb jusqu&rsquo;\u00e0 300 m\u00e8tres, 40Gb et 100Gb jusqu&rsquo;\u00e0 100 m\u00e8tres<\/li>\n<li>Longueurs de c\u00e2ble de 2M<\/li>\n<li>Chaque cordon de raccordement est test\u00e9 pendant la production<\/li>\n<li>Faible perte d&rsquo;insertion<\/li>\n<li>Perte de r\u00e9flexion arri\u00e8re \u00e9lev\u00e9e<\/li>\n<li>Capacit\u00e9 stable et grande fiabilit\u00e9<\/li>\n<\/ul>\n<h2 style=\"text-align: left; font-size: 18px;\"><strong>Applications du cordon de raccordement \u00e0 fibres duplex OM3 SC-SC<\/strong><\/h2>\n<ul>\n<li>10 Gigabit Ethernet<\/li>\n<li>Stockage des donn\u00e9es<\/li>\n<li>R\u00e9seaux locaux<\/li>\n<\/ul>\n<h2 style=\"text-align: left; font-size: 18px;\"><strong>Vous cherchez d&rsquo;autres choix de c\u00e2bles de raccordement en fibre optique ?<\/strong><\/h2>\n<p>Vous souhaitez plus d&rsquo;options pour les c\u00e2bles de raccordement en fibre optique ? D\u00e9couvrez notre s\u00e9lection de <a title=\"C\u00e2bles de raccordement en fibre SC\" href=\"https:\/\/www.bonelinks.com\/fr\/sc-fibre-patch-leads\/\" target=\"_blank\" rel=\"noopener\"><strong><span style=\"color: #0054a6;\">C\u00e2bles de raccordement en fibre SC, <\/span><\/strong><\/a><strong><span style=\"color: #0054a6;\"><a style=\"color: #0054a6;\" href=\"https:\/\/www.bonelinks.com\/fr\/multimode-fibre-patch-leads\/\" target=\"_blank\" rel=\"noopener\">C\u00e2bles de raccordement en fibre multimode <\/a><\/span><\/strong>pour une mise en r\u00e9seau sans faille.<\/p>\n<p>\u00c0 la recherche de cordons de raccordement en fibre optique con\u00e7us et fabriqu\u00e9s sur mesure ? D\u00e9couvrez notre section d\u00e9di\u00e9e aux<a href=\"https:\/\/www.bonelinks.com\/fr\/custom-fiber-optic-cables\/\" target=\"_blank\" rel=\"noopener\"><span style=\"color: #0054a6;\"><strong> C\u00e2bles \u00e0 fibres optiques sur mesure <\/strong><\/span><\/a>pour des solutions de connectivit\u00e9 sur mesure.<\/p>\n<ul>\n<li>Vente au d\u00e9tail ou en gros &#8211; Nous avons tout ce qu&rsquo;il faut !<\/li>\n<li>Vous ne savez pas quoi acheter ? Nous offrons des conseils d&rsquo;experts.<\/li>\n<li>Faible MOQ : pas besoin d&rsquo;acheter plus que ce que vous voulez.<\/li>\n<li>Des prix comp\u00e9titifs : Obtenez un excellent rapport qualit\u00e9-prix \u00e0 chaque fois.<\/li>\n<li>Livraison rapide : Votre rapidit\u00e9, notre priorit\u00e9.<\/li>\n<li>Centr\u00e9 sur le client : Nous adaptons nos services \u00e0 vos besoins.<\/li>\n<\/ul>\n<p><strong>Connectez-vous avec nous !<\/strong><br \/>\nSi vous avez des difficult\u00e9s \u00e0 trouver le bon <span style=\"color: #0054a6;\"><strong><a style=\"color: #0054a6;\" href=\"https:\/\/www.bonelinks.com\/fr\/fiber-optic-patch-cord-supplier\/\" target=\"_blank\" rel=\"noopener\">cordon de raccordement en fibre optique <\/a><\/strong><\/span>pour vos besoins, ou si vous avez besoin de conseils d&rsquo;experts, un seul clic et vous pouvez<a href=\"https:\/\/www.bonelinks.com\/fr\/contact-us\/\" target=\"_blank\" rel=\"noopener\"><strong><span style=\"color: #0054a6;\"> discuter avec nous <\/span><\/strong><\/a>en quelques secondes. Votre satisfaction est notre priorit\u00e9. Nous sommes pr\u00eats \u00e0 vous aider dans tous les domaines. <strong>Ne vous inqui\u00e9tez pas, il n&rsquo;est pas n\u00e9cessaire de trop r\u00e9fl\u00e9chir. Nous sommes l\u00e0, pr\u00eats \u00e0 vous aider.<\/strong><\/p>\n","protected":false},"excerpt":{"rendered":"<p>Cordon de raccordement en fibre duplex OM3 SC-SC de haute qualit\u00e9 de 2,0 m termin\u00e9 par des connecteurs SC \u00e0 virole c\u00e9ramique de 2,5 mm. Couleur aqua, \u00e9paisseur de 3,0 mm, renforc\u00e9 par une fermeture \u00e0 glissi\u00e8re. Id\u00e9al pour la transmission de donn\u00e9es \u00e0 grande vitesse et \u00e0 faible perte.<\/p>\n<ul>\n<li>C\u00e2ble en fibre multimode OM3 de haute qualit\u00e9 avec connecteurs SC\/SC<\/li>\n<li>1\/10\/40Gb Multimode<\/li>\n<li>Les caract\u00e9ristiques optiques sont contr\u00f4l\u00e9es \u00e0 100 % avant l&rsquo;exp\u00e9dition<\/li>\n<\/ul>\n","protected":false},"featured_media":17815,"template":"","meta":{"site-sidebar-layout":"default","site-content-layout":"default","ast-site-content-layout":"default","site-content-style":"default","site-sidebar-style":"default","ast-global-header-display":"","ast-banner-title-visibility":"","ast-main-header-display":"","ast-hfb-above-header-display":"","ast-hfb-below-header-display":"","ast-hfb-mobile-header-display":"","site-post-title":"","ast-breadcrumbs-content":"","ast-featured-img":"","footer-sml-layout":"","ast-disable-related-posts":"","theme-transparent-header-meta":"default","adv-header-id-meta":"","stick-header-meta":"default","header-above-stick-meta":"","header-main-stick-meta":"","header-below-stick-meta":"","astra-migrate-meta-layouts":"set","ast-page-background-enabled":"default","ast-page-background-meta":{"desktop":{"background-color":"","background-image":"","background-repeat":"repeat","background-position":"center center","background-size":"auto","background-attachment":"scroll","background-type":"","background-media":"","overlay-type":"","overlay-color":"","overlay-opacity":"","overlay-gradient":""},"tablet":{"background-color":"","background-image":"","background-repeat":"repeat","background-position":"center center","background-size":"auto","background-attachment":"scroll","background-type":"","background-media":"","overlay-type":"","overlay-color":"","overlay-opacity":"","overlay-gradient":""},"mobile":{"background-color":"","background-image":"","background-repeat":"repeat","background-position":"center center","background-size":"auto","background-attachment":"scroll","background-type":"","background-media":"","overlay-type":"","overlay-color":"","overlay-opacity":"","overlay-gradient":""}},"ast-content-background-meta":{"desktop":{"background-color":"var(--ast-global-color-5)","background-image":"","background-repeat":"repeat","background-position":"center center","background-size":"auto","background-attachment":"scroll","background-type":"","background-media":"","overlay-type":"","overlay-color":"","overlay-opacity":"","overlay-gradient":""},"tablet":{"background-color":"var(--ast-global-color-5)","background-image":"","background-repeat":"repeat","background-position":"center center","background-size":"auto","background-attachment":"scroll","background-type":"","background-media":"","overlay-type":"","overlay-color":"","overlay-opacity":"","overlay-gradient":""},"mobile":{"background-color":"var(--ast-global-color-5)","background-image":"","background-repeat":"repeat","background-position":"center center","background-size":"auto","background-attachment":"scroll","background-type":"","background-media":"","overlay-type":"","overlay-color":"","overlay-opacity":"","overlay-gradient":""}}},"product_brand":[],"product_cat":[231,304,227],"product_tag":[],"class_list":{"0":"post-21359","1":"product","2":"type-product","3":"status-publish","4":"has-post-thumbnail","6":"product_cat-multimode-fiber-patch-cord-fr","7":"product_cat-sc-fiber-patch-cord-fr","8":"product_cat-fiber-patch-cord-fr","9":"pa_connector-type-sc-sc-fr","10":"pa_fiber-type-50-125-om3-fr","11":"desktop-align-left","12":"tablet-align-left","13":"mobile-align-left","14":"ast-product-gallery-layout-vertical","15":"ast-product-gallery-with-no-image","16":"ast-product-tabs-layout-vertical","17":"ast-qv-on-image","19":"first","20":"instock","21":"shipping-taxable","22":"product-type-simple"},"_links":{"self":[{"href":"https:\/\/www.bonelinks.com\/fr\/wp-json\/wp\/v2\/product\/21359","targetHints":{"allow":["GET"]}}],"collection":[{"href":"https:\/\/www.bonelinks.com\/fr\/wp-json\/wp\/v2\/product"}],"about":[{"href":"https:\/\/www.bonelinks.com\/fr\/wp-json\/wp\/v2\/types\/product"}],"version-history":[{"count":3,"href":"https:\/\/www.bonelinks.com\/fr\/wp-json\/wp\/v2\/product\/21359\/revisions"}],"predecessor-version":[{"id":24100,"href":"https:\/\/www.bonelinks.com\/fr\/wp-json\/wp\/v2\/product\/21359\/revisions\/24100"}],"wp:featuredmedia":[{"embeddable":true,"href":"https:\/\/www.bonelinks.com\/fr\/wp-json\/wp\/v2\/media\/17815"}],"wp:attachment":[{"href":"https:\/\/www.bonelinks.com\/fr\/wp-json\/wp\/v2\/media?parent=21359"}],"wp:term":[{"taxonomy":"product_brand","embeddable":true,"href":"https:\/\/www.bonelinks.com\/fr\/wp-json\/wp\/v2\/product_brand?post=21359"},{"taxonomy":"product_cat","embeddable":true,"href":"https:\/\/www.bonelinks.com\/fr\/wp-json\/wp\/v2\/product_cat?post=21359"},{"taxonomy":"product_tag","embeddable":true,"href":"https:\/\/www.bonelinks.com\/fr\/wp-json\/wp\/v2\/product_tag?post=21359"}],"curies":[{"name":"wp","href":"https:\/\/api.w.org\/{rel}","templated":true}]}}