{"id":21346,"date":"2023-07-03T01:26:20","date_gmt":"2023-07-03T09:26:20","guid":{"rendered":"https:\/\/www.bonelinks.com\/product\/cordon-de-raccordement-double-sc-om4\/"},"modified":"2024-01-28T20:15:48","modified_gmt":"2024-01-29T04:15:48","slug":"dual-sc-fibre-patch-lead-om4","status":"publish","type":"product","link":"https:\/\/www.bonelinks.com\/fr\/product\/dual-sc-fibre-patch-lead-om4\/","title":{"rendered":"Cordon de raccordement double SC OM4"},"content":{"rendered":"<h1 style=\"text-align: left; font-size: 18px;\"><strong>Cordon de raccordement double SC \u00e0 haute vitesse pour fibres optiques OM4<\/strong><\/h1>\n<p>Notre c\u00e2ble de raccordement en fibre optique multimode duplex OM4 (50\/125\u00b5m) de qualit\u00e9 sup\u00e9rieure est con\u00e7u pour les transmissions de donn\u00e9es \u00e0 grande vitesse dans les r\u00e9seaux 100 Gigabit Ethernet. Avec des ferrules en c\u00e9ramique, un noyau de 50\/125\u00b5m et des connecteurs SC doubles, il permet une installation rapide dans les environnements de c\u00e2bles \u00e0 haute densit\u00e9. Il prend en charge les connexions Ethernet 10\/40\/100G et est id\u00e9al pour une utilisation avec les \u00e9metteurs-r\u00e9cepteurs 10G SR, 10G LRM, 40G BIDI SR et SFP+. Test\u00e9 pour une faible perte d&rsquo;insertion et de retour, il garantit des performances sup\u00e9rieures. La couleur Erika Violet permet de le distinguer facilement des autres c\u00e2bles.<\/p>\n<table>\n<caption><strong>Prise en charge de la distance de liaison OM4<\/strong><\/caption>\n<tbody>\n<tr>\n<th>D\u00e9signation de l&rsquo;\u00e9metteur-r\u00e9cepteur<\/th>\n<th>OM4 (distance maximale en m\u00e8tres)<\/th>\n<\/tr>\n<tr>\n<td style=\"text-align: center;\">10GBASE-SR<\/td>\n<td style=\"text-align: center;\">550<\/td>\n<\/tr>\n<tr>\n<td style=\"text-align: center;\">10GBASE-LX4<\/td>\n<td style=\"text-align: center;\">300<\/td>\n<\/tr>\n<tr>\n<td style=\"text-align: center;\">10GBASE-LRM<\/td>\n<td style=\"text-align: center;\">220<\/td>\n<\/tr>\n<tr>\n<td style=\"text-align: center;\">40GBASE-SR4<\/td>\n<td style=\"text-align: center;\">125<\/td>\n<\/tr>\n<tr>\n<td style=\"text-align: center;\">100GBASE-SR10<\/td>\n<td style=\"text-align: center;\">125<\/td>\n<\/tr>\n<\/tbody>\n<\/table>\n<p><strong>Caract\u00e9ristiques du cordon de raccordement double SC pour fibres optiques OM4<\/strong><\/p>\n<ul>\n<li>Construction en fibre multimode &#8211; noyau et gaine de diam\u00e8tre 50\/125<\/li>\n<li>Prise en charge des taux de transfert de donn\u00e9es jusqu&rsquo;\u00e0 10 Gbps, 40 Gbps et 100 Gbps<\/li>\n<li>R\u00e9trocompatibilit\u00e9 avec les \u00e9quipements MMF 50\/125 OM2 et OM3 existants<\/li>\n<li>10GBase-SR SFP+, 40Gbase-SR4 QSFP+, et 100Gbase-SR10 QSFP28 compatibles<\/li>\n<li>Ferrules de pr\u00e9cision en zircone<\/li>\n<li>Contact ultra physique<\/li>\n<li>Test\u00e9 individuellement<\/li>\n<\/ul>\n<h2 style=\"text-align: left; font-size: 18px;\"><strong>Applications du cordon de raccordement double SC pour fibres OM4<\/strong><\/h2>\n<ul>\n<li>10\/40\/100 Gigabit Ethernet<\/li>\n<li>Stockage des donn\u00e9es<\/li>\n<li>R\u00e9seaux locaux h\u00e9rit\u00e9s<\/li>\n<\/ul>\n<p><img fetchpriority=\"high\" decoding=\"async\" class=\"alignnone size-full wp-image-7181\" src=\"https:\/\/www.bonelinks.com\/wp-content\/uploads\/2023\/07\/dual-sc-patch-lead-application.png\" alt=\"application d'un fil de connexion double sc\" width=\"714\" height=\"260\" srcset=\"https:\/\/www.bonelinks.com\/wp-content\/uploads\/2023\/07\/dual-sc-patch-lead-application.png 714w, https:\/\/www.bonelinks.com\/wp-content\/uploads\/2023\/07\/dual-sc-patch-lead-application-300x109.png 300w, https:\/\/www.bonelinks.com\/wp-content\/uploads\/2023\/07\/dual-sc-patch-lead-application-650x237.png 650w\" sizes=\"(max-width: 714px) 100vw, 714px\" \/><\/p>\n<h2 style=\"text-align: left; font-size: 18px;\"><strong>Vous cherchez d&rsquo;autres choix de c\u00e2bles de raccordement en fibre optique ?<\/strong><\/h2>\n<p>Vous souhaitez plus d&rsquo;options pour les c\u00e2bles de raccordement en fibre optique ? D\u00e9couvrez notre s\u00e9lection de <a title=\"C\u00e2bles de raccordement en fibre SC\" href=\"https:\/\/www.bonelinks.com\/fr\/sc-fibre-patch-leads\/\" target=\"_blank\" rel=\"noopener\"><strong><span style=\"color: #0054a6;\">C\u00e2bles de raccordement en fibre SC, <\/span><\/strong><\/a><strong><span style=\"color: #0054a6;\"><a style=\"color: #0054a6;\" href=\"https:\/\/www.bonelinks.com\/fr\/multimode-fibre-patch-leads\/\" target=\"_blank\" rel=\"noopener\">C\u00e2bles de raccordement en fibre multimode <\/a><\/span><\/strong>pour une mise en r\u00e9seau sans faille.<\/p>\n<p>\u00c0 la recherche de cordons de raccordement en fibre optique con\u00e7us et fabriqu\u00e9s sur mesure ? D\u00e9couvrez notre section d\u00e9di\u00e9e aux<a href=\"https:\/\/www.bonelinks.com\/fr\/custom-fiber-optic-cables\/\" target=\"_blank\" rel=\"noopener\"><span style=\"color: #0054a6;\"><strong> C\u00e2bles \u00e0 fibres optiques sur mesure <\/strong><\/span><\/a>pour des solutions de connectivit\u00e9 sur mesure.<\/p>\n<ul>\n<li>Vente au d\u00e9tail ou en gros &#8211; Nous avons tout ce qu&rsquo;il faut !<\/li>\n<li>Vous ne savez pas quoi acheter ? Nous offrons des conseils d&rsquo;experts.<\/li>\n<li>Faible MOQ : pas besoin d&rsquo;acheter plus que ce que vous voulez.<\/li>\n<li>Des prix comp\u00e9titifs : Obtenez un excellent rapport qualit\u00e9-prix \u00e0 chaque fois.<\/li>\n<li>Livraison rapide : Votre rapidit\u00e9, notre priorit\u00e9.<\/li>\n<li>Centr\u00e9 sur le client : Nous adaptons nos services \u00e0 vos besoins.<\/li>\n<\/ul>\n<p><strong>Connectez-vous avec nous !<\/strong><br \/>\nSi vous avez des difficult\u00e9s \u00e0 trouver le bon <span style=\"color: #0054a6;\"><strong><a style=\"color: #0054a6;\" href=\"https:\/\/www.bonelinks.com\/fr\/fiber-optic-patch-cord-supplier\/\" target=\"_blank\" rel=\"noopener\">cordon de raccordement en fibre optique <\/a><\/strong><\/span>pour vos besoins, ou si vous avez besoin de conseils d&rsquo;experts, un seul clic et vous pouvez<a href=\"https:\/\/www.bonelinks.com\/fr\/contact-us\/\" target=\"_blank\" rel=\"noopener\"><strong><span style=\"color: #0054a6;\"> discuter avec nous <\/span><\/strong><\/a>en quelques secondes. Votre satisfaction est notre priorit\u00e9. Nous sommes pr\u00eats \u00e0 vous aider dans tous les domaines. <strong>Ne vous inqui\u00e9tez pas, il n&rsquo;est pas n\u00e9cessaire de trop r\u00e9fl\u00e9chir. Nous sommes l\u00e0, pr\u00eats \u00e0 vous aider.<\/strong><\/p>\n","protected":false},"excerpt":{"rendered":"<p>Cordon de raccordement double SC OM4 avec ferrules c\u00e9ramiques et c\u0153ur 50\/125 micron pour les r\u00e9seaux 100 Gigabit Ethernet. Convient aux environnements de c\u00e2bles \u00e0 haute densit\u00e9 avec des connecteurs SC doubles.<\/p>\n<ul>\n<li>Compatible avec le multimode optique 4 (OM4) pour la prise en charge de l&rsquo;Ethernet \u00e0 100 gigabits<\/li>\n<li>10GBase-SR SFP+, 40Gbase-SR4 QSFP+, et 100Gbase-SR10 QSFP28 compatibles<\/li>\n<li>Les caract\u00e9ristiques optiques sont contr\u00f4l\u00e9es \u00e0 100 % avant l&rsquo;exp\u00e9dition<\/li>\n<\/ul>\n","protected":false},"featured_media":18045,"template":"","meta":{"site-sidebar-layout":"default","site-content-layout":"default","ast-site-content-layout":"default","site-content-style":"default","site-sidebar-style":"default","ast-global-header-display":"","ast-banner-title-visibility":"","ast-main-header-display":"","ast-hfb-above-header-display":"","ast-hfb-below-header-display":"","ast-hfb-mobile-header-display":"","site-post-title":"","ast-breadcrumbs-content":"","ast-featured-img":"","footer-sml-layout":"","ast-disable-related-posts":"","theme-transparent-header-meta":"default","adv-header-id-meta":"","stick-header-meta":"default","header-above-stick-meta":"","header-main-stick-meta":"","header-below-stick-meta":"","astra-migrate-meta-layouts":"set","ast-page-background-enabled":"default","ast-page-background-meta":{"desktop":{"background-color":"","background-image":"","background-repeat":"repeat","background-position":"center center","background-size":"auto","background-attachment":"scroll","background-type":"","background-media":"","overlay-type":"","overlay-color":"","overlay-opacity":"","overlay-gradient":""},"tablet":{"background-color":"","background-image":"","background-repeat":"repeat","background-position":"center center","background-size":"auto","background-attachment":"scroll","background-type":"","background-media":"","overlay-type":"","overlay-color":"","overlay-opacity":"","overlay-gradient":""},"mobile":{"background-color":"","background-image":"","background-repeat":"repeat","background-position":"center center","background-size":"auto","background-attachment":"scroll","background-type":"","background-media":"","overlay-type":"","overlay-color":"","overlay-opacity":"","overlay-gradient":""}},"ast-content-background-meta":{"desktop":{"background-color":"var(--ast-global-color-5)","background-image":"","background-repeat":"repeat","background-position":"center center","background-size":"auto","background-attachment":"scroll","background-type":"","background-media":"","overlay-type":"","overlay-color":"","overlay-opacity":"","overlay-gradient":""},"tablet":{"background-color":"var(--ast-global-color-5)","background-image":"","background-repeat":"repeat","background-position":"center center","background-size":"auto","background-attachment":"scroll","background-type":"","background-media":"","overlay-type":"","overlay-color":"","overlay-opacity":"","overlay-gradient":""},"mobile":{"background-color":"var(--ast-global-color-5)","background-image":"","background-repeat":"repeat","background-position":"center center","background-size":"auto","background-attachment":"scroll","background-type":"","background-media":"","overlay-type":"","overlay-color":"","overlay-opacity":"","overlay-gradient":""}}},"product_brand":[],"product_cat":[231,304,227],"product_tag":[],"class_list":{"0":"post-21346","1":"product","2":"type-product","3":"status-publish","4":"has-post-thumbnail","6":"product_cat-multimode-fiber-patch-cord-fr","7":"product_cat-sc-fiber-patch-cord-fr","8":"product_cat-fiber-patch-cord-fr","9":"pa_connector-type-sc-fr","10":"pa_fiber-type-50-125-om4-fr","11":"desktop-align-left","12":"tablet-align-left","13":"mobile-align-left","14":"ast-product-gallery-layout-vertical","15":"ast-product-gallery-with-no-image","16":"ast-product-tabs-layout-vertical","17":"ast-qv-on-image","19":"first","20":"instock","21":"shipping-taxable","22":"product-type-simple"},"_links":{"self":[{"href":"https:\/\/www.bonelinks.com\/fr\/wp-json\/wp\/v2\/product\/21346","targetHints":{"allow":["GET"]}}],"collection":[{"href":"https:\/\/www.bonelinks.com\/fr\/wp-json\/wp\/v2\/product"}],"about":[{"href":"https:\/\/www.bonelinks.com\/fr\/wp-json\/wp\/v2\/types\/product"}],"version-history":[{"count":3,"href":"https:\/\/www.bonelinks.com\/fr\/wp-json\/wp\/v2\/product\/21346\/revisions"}],"predecessor-version":[{"id":24097,"href":"https:\/\/www.bonelinks.com\/fr\/wp-json\/wp\/v2\/product\/21346\/revisions\/24097"}],"wp:featuredmedia":[{"embeddable":true,"href":"https:\/\/www.bonelinks.com\/fr\/wp-json\/wp\/v2\/media\/18045"}],"wp:attachment":[{"href":"https:\/\/www.bonelinks.com\/fr\/wp-json\/wp\/v2\/media?parent=21346"}],"wp:term":[{"taxonomy":"product_brand","embeddable":true,"href":"https:\/\/www.bonelinks.com\/fr\/wp-json\/wp\/v2\/product_brand?post=21346"},{"taxonomy":"product_cat","embeddable":true,"href":"https:\/\/www.bonelinks.com\/fr\/wp-json\/wp\/v2\/product_cat?post=21346"},{"taxonomy":"product_tag","embeddable":true,"href":"https:\/\/www.bonelinks.com\/fr\/wp-json\/wp\/v2\/product_tag?post=21346"}],"curies":[{"name":"wp","href":"https:\/\/api.w.org\/{rel}","templated":true}]}}