{"id":21325,"date":"2023-07-04T20:14:39","date_gmt":"2023-07-05T04:14:39","guid":{"rendered":"https:\/\/www.bonelinks.com\/product\/cordons-de-raccordement-st-lc-en-fibre-de-1m\/"},"modified":"2024-01-28T20:00:09","modified_gmt":"2024-01-29T04:00:09","slug":"1m-st-lc-fibre-patch-leads","status":"publish","type":"product","link":"https:\/\/www.bonelinks.com\/fr\/product\/1m-st-lc-fibre-patch-leads\/","title":{"rendered":"Cordons de raccordement ST-LC en fibre de 1m"},"content":{"rendered":"<h1 style=\"text-align: left; font-size: 18px;\"><strong>Am\u00e9liorez la connectivit\u00e9 avec des cordons de raccordement en fibre ST-LC de 1 m<\/strong><\/h1>\n<p>B\u00e9n\u00e9ficiez d&rsquo;une connectivit\u00e9 sans faille gr\u00e2ce \u00e0 nos cordons de raccordement fibre ST-LC de 1 m. Ces cordons sont con\u00e7us pour \u00e9tablir des connexions fiables entre les dispositifs de r\u00e9seau fibre dans les r\u00e9seaux \u00e0 grande vitesse et \u00e0 longue distance. Ces cordons de raccordement fibre ST-LC de 1 m ont une conception peu encombrante avec des connecteurs fibre LC de petite taille (1,25 mm de diam\u00e8tre) \u00e0 une extr\u00e9mit\u00e9, ce qui permet une installation facile. L&rsquo;extr\u00e9mit\u00e9 oppos\u00e9e du c\u00e2ble est termin\u00e9e par des connecteurs ST \u00e0 ba\u00efonnette, garantissant des connexions solides et fiables \u00e0 chaque utilisation.<\/p>\n<p>Nos cordons de raccordement en fibre ST-LC de 1 m sont soumis \u00e0 des tests individuels rigoureux afin de respecter les limites acceptables de perte d&rsquo;insertion optique, ce qui garantit une compatibilit\u00e9 et une fiabilit\u00e9 \u00e0 100 %. D\u00e9couvrez notre vaste gamme de cordons de raccordement, avec diverses options telles que le mode de fibre, le mat\u00e9riau de la gaine, la polarit\u00e9 et le diam\u00e8tre du c\u00e2ble. Nous proposons \u00e9galement des solutions sur mesure pour r\u00e9pondre \u00e0 vos besoins sp\u00e9cifiques. Contactez-nous pour discuter de vos besoins et trouver les cordons de raccordement parfaits pour votre r\u00e9seau.<\/p>\n<h2 style=\"text-align: left; font-size: 18px;\"><strong>Caract\u00e9ristiques des cordons de raccordement en fibre ST-LC de 1m<\/strong><\/h2>\n<ul>\n<li>Longueur du c\u00e2ble 1m<\/li>\n<li>Connecteurs ST \u00e0 LC<\/li>\n<li>Veste imperm\u00e9able<\/li>\n<li>Fibre monomode et multimode, simplex et duplex, options PC, UPC, APC<\/li>\n<li>Faible perte d&rsquo;insertion et forte perte par r\u00e9flexion arri\u00e8re<\/li>\n<li>Immunis\u00e9 contre les interf\u00e9rences \u00e9lectriques<\/li>\n<li>Test\u00e9 optiquement \u00e0 100 % pour la perte d&rsquo;insertion et la r\u00e9flexion arri\u00e8re<\/li>\n<\/ul>\n<h2 style=\"text-align: left; font-size: 18px;\"><strong>Applications des cordons de raccordement ST-LC de 1 m<\/strong><\/h2>\n<ul>\n<li>Communication de donn\u00e9es<\/li>\n<li>R\u00e9seaux locaux (LAN)<\/li>\n<li>Fibre optique jusqu&rsquo;au domicile (FTTX)<\/li>\n<\/ul>\n<h2 style=\"text-align: left; font-size: 18px;\"><strong>Vous cherchez d&rsquo;autres choix de c\u00e2bles de raccordement en fibre optique ?<\/strong><\/h2>\n<p>Vous souhaitez plus d&rsquo;options pour les c\u00e2bles de raccordement en fibre optique ? D\u00e9couvrez notre s\u00e9lection de <span style=\"color: #0054a6;\"><strong><a style=\"color: #0054a6;\" href=\"https:\/\/www.bonelinks.com\/fr\/lc-fibre-patch-leads\/\" target=\"_blank\" rel=\"noopener\">C\u00e2bles de raccordement en fibre LC, <\/a><\/strong><\/span><a title=\"C\u00e2bles de raccordement en fibre ST\" href=\"https:\/\/www.bonelinks.com\/fr\/st-fibre-patch-leads\/\" target=\"_blank\" rel=\"noopener\"><strong><span style=\"color: #0054a6;\">C\u00e2bles de raccordement en fibre ST,<\/span><\/strong> <\/a><strong><span style=\"color: #0054a6;\"><a style=\"color: #0054a6;\" href=\"https:\/\/www.bonelinks.com\/fr\/st-lc-fiber-patch-cable\/\" target=\"_blank\" rel=\"noopener\">C\u00e2bles de raccordement en fibre ST LC,<\/a><\/span> <span style=\"color: #0054a6;\"><a style=\"color: #0054a6;\" href=\"https:\/\/www.bonelinks.com\/fr\/multimode-fibre-patch-leads\/\">C\u00e2bles de raccordement en fibre multimode<\/a> <\/span><\/strong>pour une mise en r\u00e9seau sans faille.<\/p>\n<p>\u00c0 la recherche de cordons de raccordement en fibre optique con\u00e7us et fabriqu\u00e9s sur mesure ? D\u00e9couvrez notre section d\u00e9di\u00e9e aux<a href=\"https:\/\/www.bonelinks.com\/fr\/custom-fiber-optic-cables\/\" target=\"_blank\" rel=\"noopener\"><span style=\"color: #0054a6;\"><strong> C\u00e2bles \u00e0 fibres optiques sur mesure <\/strong><\/span><\/a>pour des solutions de connectivit\u00e9 sur mesure.<\/p>\n<ul>\n<li>Vente au d\u00e9tail ou en gros &#8211; Nous avons tout ce qu&rsquo;il faut !<\/li>\n<li>Vous ne savez pas quoi acheter ? Nous offrons des conseils d&rsquo;experts.<\/li>\n<li>Faible MOQ : pas besoin d&rsquo;acheter plus que ce que vous voulez.<\/li>\n<li>Des prix comp\u00e9titifs : Obtenez un excellent rapport qualit\u00e9-prix \u00e0 chaque fois.<\/li>\n<li>Livraison rapide : Votre rapidit\u00e9, notre priorit\u00e9.<\/li>\n<li>Centr\u00e9 sur le client : Nous adaptons nos services \u00e0 vos besoins.<\/li>\n<\/ul>\n<p><strong>Connectez-vous avec nous !<\/strong><br \/>\nSi vous avez des difficult\u00e9s \u00e0 trouver le bon <span style=\"color: #0054a6;\"><strong><a style=\"color: #0054a6;\" href=\"https:\/\/www.bonelinks.com\/fr\/fiber-optic-patch-cord-supplier\/\" target=\"_blank\" rel=\"noopener\">cordon de raccordement en fibre optique <\/a><\/strong><\/span>pour vos besoins, ou si vous avez besoin de conseils d&rsquo;experts, un seul clic et vous pouvez<a href=\"https:\/\/www.bonelinks.com\/fr\/contact-us\/\" target=\"_blank\" rel=\"noopener\"><strong><span style=\"color: #0054a6;\"> discuter avec nous<\/span><\/strong><\/a> en quelques secondes. Votre satisfaction est notre priorit\u00e9. Nous sommes pr\u00eats \u00e0 vous aider dans tous les domaines. <strong>Ne vous inqui\u00e9tez pas, il n&rsquo;est pas n\u00e9cessaire de trop r\u00e9fl\u00e9chir. Nous sommes l\u00e0, pr\u00eats \u00e0 vous aider.<\/strong><\/p>\n","protected":false},"excerpt":{"rendered":"<p>Les connecteurs ST \u00e0 ba\u00efonnette garantissent des connexions solides et fiables, tandis que les connecteurs LC (1,25 mm) sont faciles \u00e0 installer. Test\u00e9 pour une performance et une fiabilit\u00e9 optimales.<\/p>\n<ul>\n<li>Longueur du c\u00e2ble 1m<\/li>\n<li>Connecteurs ST \u00e0 LC<\/li>\n<li>Fibre monomode et multimode, simplex et duplex, options PC, UPC, APC<\/li>\n<li>Test\u00e9 optiquement \u00e0 100 % pour la perte d&rsquo;insertion et la r\u00e9flexion arri\u00e8re<\/li>\n<\/ul>\n","protected":false},"featured_media":17040,"template":"","meta":{"site-sidebar-layout":"default","site-content-layout":"default","ast-site-content-layout":"default","site-content-style":"default","site-sidebar-style":"default","ast-global-header-display":"","ast-banner-title-visibility":"","ast-main-header-display":"","ast-hfb-above-header-display":"","ast-hfb-below-header-display":"","ast-hfb-mobile-header-display":"","site-post-title":"","ast-breadcrumbs-content":"","ast-featured-img":"","footer-sml-layout":"","ast-disable-related-posts":"","theme-transparent-header-meta":"default","adv-header-id-meta":"","stick-header-meta":"default","header-above-stick-meta":"","header-main-stick-meta":"","header-below-stick-meta":"","astra-migrate-meta-layouts":"set","ast-page-background-enabled":"default","ast-page-background-meta":{"desktop":{"background-color":"","background-image":"","background-repeat":"repeat","background-position":"center center","background-size":"auto","background-attachment":"scroll","background-type":"","background-media":"","overlay-type":"","overlay-color":"","overlay-opacity":"","overlay-gradient":""},"tablet":{"background-color":"","background-image":"","background-repeat":"repeat","background-position":"center center","background-size":"auto","background-attachment":"scroll","background-type":"","background-media":"","overlay-type":"","overlay-color":"","overlay-opacity":"","overlay-gradient":""},"mobile":{"background-color":"","background-image":"","background-repeat":"repeat","background-position":"center center","background-size":"auto","background-attachment":"scroll","background-type":"","background-media":"","overlay-type":"","overlay-color":"","overlay-opacity":"","overlay-gradient":""}},"ast-content-background-meta":{"desktop":{"background-color":"var(--ast-global-color-5)","background-image":"","background-repeat":"repeat","background-position":"center center","background-size":"auto","background-attachment":"scroll","background-type":"","background-media":"","overlay-type":"","overlay-color":"","overlay-opacity":"","overlay-gradient":""},"tablet":{"background-color":"var(--ast-global-color-5)","background-image":"","background-repeat":"repeat","background-position":"center center","background-size":"auto","background-attachment":"scroll","background-type":"","background-media":"","overlay-type":"","overlay-color":"","overlay-opacity":"","overlay-gradient":""},"mobile":{"background-color":"var(--ast-global-color-5)","background-image":"","background-repeat":"repeat","background-position":"center center","background-size":"auto","background-attachment":"scroll","background-type":"","background-media":"","overlay-type":"","overlay-color":"","overlay-opacity":"","overlay-gradient":""}}},"product_brand":[],"product_cat":[253,229,227],"product_tag":[],"class_list":{"0":"post-21325","1":"product","2":"type-product","3":"status-publish","4":"has-post-thumbnail","6":"product_cat-st-fiber-patch-cord-fr","7":"product_cat-lc-fiber-patch-cord-fr","8":"product_cat-fiber-patch-cord-fr","9":"pa_connector-type-lc-st-fr","10":"desktop-align-left","11":"tablet-align-left","12":"mobile-align-left","13":"ast-product-gallery-layout-vertical","14":"ast-product-gallery-with-no-image","15":"ast-product-tabs-layout-vertical","16":"ast-qv-on-image","18":"first","19":"instock","20":"shipping-taxable","21":"product-type-simple"},"_links":{"self":[{"href":"https:\/\/www.bonelinks.com\/fr\/wp-json\/wp\/v2\/product\/21325","targetHints":{"allow":["GET"]}}],"collection":[{"href":"https:\/\/www.bonelinks.com\/fr\/wp-json\/wp\/v2\/product"}],"about":[{"href":"https:\/\/www.bonelinks.com\/fr\/wp-json\/wp\/v2\/types\/product"}],"version-history":[{"count":3,"href":"https:\/\/www.bonelinks.com\/fr\/wp-json\/wp\/v2\/product\/21325\/revisions"}],"predecessor-version":[{"id":24080,"href":"https:\/\/www.bonelinks.com\/fr\/wp-json\/wp\/v2\/product\/21325\/revisions\/24080"}],"wp:featuredmedia":[{"embeddable":true,"href":"https:\/\/www.bonelinks.com\/fr\/wp-json\/wp\/v2\/media\/17040"}],"wp:attachment":[{"href":"https:\/\/www.bonelinks.com\/fr\/wp-json\/wp\/v2\/media?parent=21325"}],"wp:term":[{"taxonomy":"product_brand","embeddable":true,"href":"https:\/\/www.bonelinks.com\/fr\/wp-json\/wp\/v2\/product_brand?post=21325"},{"taxonomy":"product_cat","embeddable":true,"href":"https:\/\/www.bonelinks.com\/fr\/wp-json\/wp\/v2\/product_cat?post=21325"},{"taxonomy":"product_tag","embeddable":true,"href":"https:\/\/www.bonelinks.com\/fr\/wp-json\/wp\/v2\/product_tag?post=21325"}],"curies":[{"name":"wp","href":"https:\/\/api.w.org\/{rel}","templated":true}]}}