{"id":21322,"date":"2023-07-03T04:25:21","date_gmt":"2023-07-03T12:25:21","guid":{"rendered":"https:\/\/www.bonelinks.com\/product\/cordons-de-raccordement-lc-a-sc-duplex-monomode\/"},"modified":"2024-01-28T20:17:15","modified_gmt":"2024-01-29T04:17:15","slug":"fibre-patch-leads-lc-to-sc-duplex-single-mode","status":"publish","type":"product","link":"https:\/\/www.bonelinks.com\/fr\/product\/fibre-patch-leads-lc-to-sc-duplex-single-mode\/","title":{"rendered":"Cordons de raccordement LC \u00e0 SC Duplex monomode"},"content":{"rendered":"<h1 style=\"text-align: left; font-size: 18px;\"><strong> Cordons de raccordement LC \u00e0 SC Duplex monomode pour la transmission de donn\u00e9es \u00e0 grande largeur de bande<\/strong><\/h1>\n<p>Les cordons de raccordement fibre LC vers SC Duplex Single Mode sont con\u00e7us pour les transmissions de donn\u00e9es \u00e0 grande vitesse et \u00e0 large bande passante dans les r\u00e9seaux Gigabit Ethernet et Fiber Channel. Construit avec une fibre monomode 9\/125 et des connecteurs LC \u00e0 SC, il est couramment utilis\u00e9 dans les applications passives telles que GPON, FTTX, et LAN, offrant une connectivit\u00e9 fiable avec de faibles pertes de signal. Id\u00e9ale pour les connexions Ethernet 1G\/10G\/25G\/40G\/100G\/400G, elle peut transporter des donn\u00e9es jusqu&rsquo;\u00e0 10 km \u00e0 1310nm ou jusqu&rsquo;\u00e0 40 km \u00e0 1550nm.<\/p>\n<table width=\"643\">\n<tbody>\n<tr>\n<td width=\"188\"><strong>Description et type de fibre<\/strong><\/td>\n<td colspan=\"4\" width=\"260\"><strong>Att\u00e9nuation typique (dB\/km))<\/strong><\/td>\n<td width=\"65\"><strong>1 Gbps Ethernet Distance (m\u00e8tres)<\/strong><\/td>\n<td colspan=\"2\" width=\"130\"><strong>10 Gbps Ethernet Distance (m\u00e8tres)<\/strong><\/td>\n<\/tr>\n<tr>\n<td width=\"188\">Singlemode, Tampon \u00e9troit<\/td>\n<td width=\"65\">1310nm<\/td>\n<td width=\"65\">1383nm<\/td>\n<td width=\"65\">1550nm<\/td>\n<td width=\"65\">1625nm<\/td>\n<td width=\"65\">1310nm<\/td>\n<td width=\"65\">1310nm<\/td>\n<td width=\"65\">1550nm<\/td>\n<\/tr>\n<tr>\n<td width=\"188\">900 microns<\/td>\n<td width=\"65\">0.65<\/td>\n<td width=\"65\">&#8212;<\/td>\n<td width=\"65\">0.65<\/td>\n<td width=\"65\">&#8212;<\/td>\n<td width=\"65\">10,000<\/td>\n<td width=\"65\">5,000<\/td>\n<td width=\"65\">30,000<\/td>\n<\/tr>\n<tr>\n<td width=\"188\">2mm\/3mm Breakout<\/td>\n<td width=\"65\">1<\/td>\n<td width=\"65\">&#8212;<\/td>\n<td width=\"65\">1<\/td>\n<td width=\"65\">&#8212;<\/td>\n<td width=\"65\">10,000<\/td>\n<td width=\"65\">5,000<\/td>\n<td width=\"65\">30,000<\/td>\n<\/tr>\n<\/tbody>\n<\/table>\n<h2 style=\"text-align: left; font-size: 18px;\"><strong>Caract\u00e9ristiques des cordons de raccordement LC \u00e0 SC Duplex monomode<\/strong><\/h2>\n<ul>\n<li>9\/125 micron monomode gaine de couleur jaune<\/li>\n<li>Configuration duplex (2 brins de fibres)<\/li>\n<li>Connecteurs LC \u00e0 SC<\/li>\n<li>C\u00e9ramique de zircone pour une performance et une durabilit\u00e9 maximales<\/li>\n<li>Disponible en diff\u00e9rentes longueurs<\/li>\n<li>Test\u00e9 \u00e0 100 % pour une performance optimale<\/li>\n<\/ul>\n<h2 style=\"text-align: left; font-size: 18px;\"><strong>Applications des cordons de raccordement LC \u00e0 SC Duplex monomode<\/strong><\/h2>\n<ul>\n<li>Solution id\u00e9ale pour les applications de donn\u00e9es n\u00e9cessitant une transmission de donn\u00e9es \u00e0 grande vitesse<\/li>\n<li>Syst\u00e8mes \u00e0 large bande<\/li>\n<li>T\u00e9l\u00e9communications \/ Communication de donn\u00e9es<\/li>\n<li>Utilis\u00e9 par les r\u00e9seaux longue distance avec des donn\u00e9es critiques<\/li>\n<\/ul>\n<h2 style=\"text-align: left; font-size: 18px;\"><strong>Vous cherchez d&rsquo;autres choix de c\u00e2bles de raccordement en fibre optique ?<\/strong><\/h2>\n<p>Vous souhaitez plus d&rsquo;options pour les c\u00e2bles de raccordement en fibre optique ? D\u00e9couvrez notre s\u00e9lection de <span style=\"color: #0054a6;\"><strong><a style=\"color: #0054a6;\" href=\"https:\/\/www.bonelinks.com\/fr\/lc-fibre-patch-leads\/\" target=\"_blank\" rel=\"noopener\">C\u00e2bles de raccordement en fibre LC, <\/a><\/strong><\/span><a title=\"C\u00e2bles de raccordement en fibre SC\" href=\"https:\/\/www.bonelinks.com\/fr\/sc-fibre-patch-leads\/\" target=\"_blank\" rel=\"noopener\"><strong><span style=\"color: #0054a6;\">C\u00e2bles de raccordement en fibre SC,<\/span><\/strong> <\/a><strong><span style=\"color: #0054a6;\"><a style=\"color: #0054a6;\" href=\"https:\/\/www.bonelinks.com\/fr\/lc-to-sc-fiber-cables\/\" target=\"_blank\" rel=\"noopener\">C\u00e2bles de raccordement fibre LC SC,<\/a><\/span> <span style=\"color: #0054a6;\"><a style=\"color: #0054a6;\" href=\"https:\/\/www.bonelinks.com\/fr\/products\/single-mode-fiber-patch-cord-fr\/\" target=\"_blank\" rel=\"noopener\">C\u00e2bles de raccordement \u00e0 fibre monomode<\/a> <\/span><\/strong>pour une mise en r\u00e9seau sans faille.<\/p>\n<p>\u00c0 la recherche de cordons de raccordement en fibre optique con\u00e7us et fabriqu\u00e9s sur mesure ? D\u00e9couvrez notre section d\u00e9di\u00e9e aux<a href=\"https:\/\/www.bonelinks.com\/fr\/custom-fiber-optic-cables\/\" target=\"_blank\" rel=\"noopener\"><span style=\"color: #0054a6;\"><strong> C\u00e2bles \u00e0 fibres optiques sur mesure <\/strong><\/span><\/a>pour des solutions de connectivit\u00e9 sur mesure.<\/p>\n<ul>\n<li>Vente au d\u00e9tail ou en gros &#8211; Nous avons tout ce qu&rsquo;il faut !<\/li>\n<li>Vous ne savez pas quoi acheter ? Nous offrons des conseils d&rsquo;experts.<\/li>\n<li>Faible MOQ : pas besoin d&rsquo;acheter plus que ce que vous voulez.<\/li>\n<li>Des prix comp\u00e9titifs : Obtenez un excellent rapport qualit\u00e9-prix \u00e0 chaque fois.<\/li>\n<li>Livraison rapide : Votre rapidit\u00e9, notre priorit\u00e9.<\/li>\n<li>Centr\u00e9 sur le client : Nous adaptons nos services \u00e0 vos besoins.<\/li>\n<\/ul>\n<p><strong>Connectez-vous avec nous !<\/strong><br \/>\nSi vous avez des difficult\u00e9s \u00e0 trouver le bon <span style=\"color: #0054a6;\"><strong><a style=\"color: #0054a6;\" href=\"https:\/\/www.bonelinks.com\/fr\/fiber-optic-patch-cord-supplier\/\" target=\"_blank\" rel=\"noopener\">cordon de raccordement en fibre optique <\/a><\/strong><\/span>pour vos besoins, ou si vous avez besoin de conseils d&rsquo;experts, un seul clic et vous pouvez<a href=\"https:\/\/www.bonelinks.com\/fr\/contact-us\/\" target=\"_blank\" rel=\"noopener\"><strong><span style=\"color: #0054a6;\"> discuter avec nous <\/span><\/strong><\/a>en quelques secondes. Votre satisfaction est notre priorit\u00e9. Nous sommes pr\u00eats \u00e0 vous aider dans tous les domaines. <strong>Ne vous inqui\u00e9tez pas, il n&rsquo;est pas n\u00e9cessaire de trop r\u00e9fl\u00e9chir. Nous sommes l\u00e0, pr\u00eats \u00e0 vous aider.<\/strong><\/p>\n","protected":false},"excerpt":{"rendered":"<p>Les cordons de raccordement LC vers SC Duplex monomode sont dot\u00e9s d&rsquo;une fibre 9\/125 microns. Il permet des transmissions de donn\u00e9es \u00e0 grande vitesse sur les r\u00e9seaux Gigabit Ethernet et Fibre Channel, en prenant en charge les applications duplex \u00e0 mode unique.<\/p>\n<ul>\n<li>Gaine duplex 9\/125 micron monomode de couleur jaune<\/li>\n<li>Connecteurs LC \u00e0 SC<\/li>\n<li>Disponible en diff\u00e9rentes longueurs<\/li>\n<li>Test\u00e9 \u00e0 100 % pour la perte d&rsquo;insertion et la r\u00e9flexion arri\u00e8re<\/li>\n<\/ul>\n","protected":false},"featured_media":16455,"template":"","meta":{"site-sidebar-layout":"default","site-content-layout":"default","ast-site-content-layout":"default","site-content-style":"default","site-sidebar-style":"default","ast-global-header-display":"","ast-banner-title-visibility":"","ast-main-header-display":"","ast-hfb-above-header-display":"","ast-hfb-below-header-display":"","ast-hfb-mobile-header-display":"","site-post-title":"","ast-breadcrumbs-content":"","ast-featured-img":"","footer-sml-layout":"","ast-disable-related-posts":"","theme-transparent-header-meta":"default","adv-header-id-meta":"","stick-header-meta":"default","header-above-stick-meta":"","header-main-stick-meta":"","header-below-stick-meta":"","astra-migrate-meta-layouts":"set","ast-page-background-enabled":"default","ast-page-background-meta":{"desktop":{"background-color":"","background-image":"","background-repeat":"repeat","background-position":"center center","background-size":"auto","background-attachment":"scroll","background-type":"","background-media":"","overlay-type":"","overlay-color":"","overlay-opacity":"","overlay-gradient":""},"tablet":{"background-color":"","background-image":"","background-repeat":"repeat","background-position":"center center","background-size":"auto","background-attachment":"scroll","background-type":"","background-media":"","overlay-type":"","overlay-color":"","overlay-opacity":"","overlay-gradient":""},"mobile":{"background-color":"","background-image":"","background-repeat":"repeat","background-position":"center center","background-size":"auto","background-attachment":"scroll","background-type":"","background-media":"","overlay-type":"","overlay-color":"","overlay-opacity":"","overlay-gradient":""}},"ast-content-background-meta":{"desktop":{"background-color":"var(--ast-global-color-5)","background-image":"","background-repeat":"repeat","background-position":"center center","background-size":"auto","background-attachment":"scroll","background-type":"","background-media":"","overlay-type":"","overlay-color":"","overlay-opacity":"","overlay-gradient":""},"tablet":{"background-color":"var(--ast-global-color-5)","background-image":"","background-repeat":"repeat","background-position":"center center","background-size":"auto","background-attachment":"scroll","background-type":"","background-media":"","overlay-type":"","overlay-color":"","overlay-opacity":"","overlay-gradient":""},"mobile":{"background-color":"var(--ast-global-color-5)","background-image":"","background-repeat":"repeat","background-position":"center center","background-size":"auto","background-attachment":"scroll","background-type":"","background-media":"","overlay-type":"","overlay-color":"","overlay-opacity":"","overlay-gradient":""}}},"product_brand":[],"product_cat":[232,304,229,227],"product_tag":[],"class_list":{"0":"post-21322","1":"product","2":"type-product","3":"status-publish","4":"has-post-thumbnail","6":"product_cat-single-mode-fiber-patch-cord-fr","7":"product_cat-sc-fiber-patch-cord-fr","8":"product_cat-lc-fiber-patch-cord-fr","9":"product_cat-fiber-patch-cord-fr","10":"pa_connector-type-lc-sc-fr","11":"pa_fiber-type-monomode","12":"desktop-align-left","13":"tablet-align-left","14":"mobile-align-left","15":"ast-product-gallery-layout-vertical","16":"ast-product-gallery-with-no-image","17":"ast-product-tabs-layout-vertical","18":"ast-qv-on-image","20":"first","21":"instock","22":"shipping-taxable","23":"product-type-simple"},"_links":{"self":[{"href":"https:\/\/www.bonelinks.com\/fr\/wp-json\/wp\/v2\/product\/21322","targetHints":{"allow":["GET"]}}],"collection":[{"href":"https:\/\/www.bonelinks.com\/fr\/wp-json\/wp\/v2\/product"}],"about":[{"href":"https:\/\/www.bonelinks.com\/fr\/wp-json\/wp\/v2\/types\/product"}],"version-history":[{"count":3,"href":"https:\/\/www.bonelinks.com\/fr\/wp-json\/wp\/v2\/product\/21322\/revisions"}],"predecessor-version":[{"id":24095,"href":"https:\/\/www.bonelinks.com\/fr\/wp-json\/wp\/v2\/product\/21322\/revisions\/24095"}],"wp:featuredmedia":[{"embeddable":true,"href":"https:\/\/www.bonelinks.com\/fr\/wp-json\/wp\/v2\/media\/16455"}],"wp:attachment":[{"href":"https:\/\/www.bonelinks.com\/fr\/wp-json\/wp\/v2\/media?parent=21322"}],"wp:term":[{"taxonomy":"product_brand","embeddable":true,"href":"https:\/\/www.bonelinks.com\/fr\/wp-json\/wp\/v2\/product_brand?post=21322"},{"taxonomy":"product_cat","embeddable":true,"href":"https:\/\/www.bonelinks.com\/fr\/wp-json\/wp\/v2\/product_cat?post=21322"},{"taxonomy":"product_tag","embeddable":true,"href":"https:\/\/www.bonelinks.com\/fr\/wp-json\/wp\/v2\/product_tag?post=21322"}],"curies":[{"name":"wp","href":"https:\/\/api.w.org\/{rel}","templated":true}]}}