{"id":21320,"date":"2023-07-03T22:23:14","date_gmt":"2023-07-04T06:23:14","guid":{"rendered":"https:\/\/www.bonelinks.com\/product\/cordon-de-raccordement-sc-sc-om4\/"},"modified":"2024-01-28T20:09:32","modified_gmt":"2024-01-29T04:09:32","slug":"sc-sc-om4-fibre-patch-lead","status":"publish","type":"product","link":"https:\/\/www.bonelinks.com\/fr\/product\/sc-sc-om4-fibre-patch-lead\/","title":{"rendered":"Cordon de raccordement SC SC OM4"},"content":{"rendered":"<h1 style=\"text-align: left; font-size: 18px;\"><strong>Cordon de raccordement fiable en fibre SC SC OM4 pour les connexions \u00e0 large bande passante<\/strong><\/h1>\n<p>Am\u00e9liorez votre r\u00e9seau avec notre cordon de raccordement fibre optique SC SC OM4 fiable, offrant des connexions Ethernet \u00e0 large bande passante. Ces c\u00e2bles offrent une largeur de bande impressionnante de 4700 MHz*km, permettant une transmission de 10GB jusqu&rsquo;\u00e0 550 m\u00e8tres et de 100GB jusqu&rsquo;\u00e0 125 m\u00e8tres. Ils sont enti\u00e8rement compatibles avec les \u00e9quipements 50\/125 et les applications Ethernet 10 gigabits, ce qui garantit une int\u00e9gration transparente.<\/p>\n<p>Avec les connecteurs polis UPC, nos c\u00e2bles de haute qualit\u00e9 offrent une meilleure finition de surface avec une r\u00e9duction de la r\u00e9flexion arri\u00e8re. Fabriqu\u00e9s avec des fibres optiques de premi\u00e8re qualit\u00e9 et des connecteurs c\u00e9ramiques SC-SC, ils assurent des connexions s\u00fbres et durables. Avec une dispersion modale et une perte de lumi\u00e8re minimis\u00e9es, nos c\u00e2bles patch en fibre OM4 garantissent une efficacit\u00e9 maximale du r\u00e9seau. Ils offrent une solution rentable pour une connectivit\u00e9 accrue, \u00e9liminant le besoin d&rsquo;optiques d&rsquo;\u00e9metteurs-r\u00e9cepteurs monomodes 40G\/100G co\u00fbteux. Id\u00e9aux pour les connexions d&rsquo;\u00e9metteurs-r\u00e9cepteurs 10GBase-SR, 40GBase-SR BiDi, SFP+ et QSFP+, nos c\u00e2bles patch en fibre SC SC OM4 sont disponibles en diff\u00e9rentes longueurs pour r\u00e9pondre \u00e0 vos exigences de d\u00e9ploiement.<\/p>\n<p>Faites confiance \u00e0 ces c\u00e2bles pour des connexions Ethernet efficaces et fiables, offrant des performances sup\u00e9rieures avec une faible perte de retour et d&rsquo;insertion.<\/p>\n<table>\n<caption><strong>Prise en charge de la distance de liaison OM4<\/strong><\/caption>\n<tbody>\n<tr>\n<th>D\u00e9signation de l&rsquo;\u00e9metteur-r\u00e9cepteur<\/th>\n<th>OM4 (distance maximale en m\u00e8tres)<\/th>\n<\/tr>\n<tr>\n<td style=\"text-align: center;\">10GBASE-SR<\/td>\n<td style=\"text-align: center;\">550<\/td>\n<\/tr>\n<tr>\n<td style=\"text-align: center;\">10GBASE-LX4<\/td>\n<td style=\"text-align: center;\">300<\/td>\n<\/tr>\n<tr>\n<td style=\"text-align: center;\">10GBASE-LRM<\/td>\n<td style=\"text-align: center;\">220<\/td>\n<\/tr>\n<tr>\n<td style=\"text-align: center;\">40GBASE-SR4<\/td>\n<td style=\"text-align: center;\">125<\/td>\n<\/tr>\n<tr>\n<td style=\"text-align: center;\">100GBASE-SR10<\/td>\n<td style=\"text-align: center;\">125<\/td>\n<\/tr>\n<\/tbody>\n<\/table>\n<h2 style=\"text-align: left; font-size: 18px;\"><strong>Caract\u00e9ristiques du cordon de raccordement en fibre SC SC OM4<\/strong><\/h2>\n<ul>\n<li>Fibre multimode optimis\u00e9e par laser (LOMMF) avec un c\u0153ur\/une gaine de fibre optique 50\/125<\/li>\n<li>Connecteurs SC \u00e0 SC<\/li>\n<li>Applications 100Gig<\/li>\n<li>100% enti\u00e8rement test\u00e9<\/li>\n<li>Options de longueur disponibles de 0,5 m\u00e8tre \u00e0 10 m\u00e8tres, ou longueurs personnalis\u00e9es<\/li>\n<\/ul>\n<h2 style=\"text-align: left; font-size: 18px;\"><strong>Applications du cordon de raccordement pour fibres SC SC OM4<\/strong><\/h2>\n<ul>\n<li>Applications \u00e0 haut d\u00e9bit<\/li>\n<li>Stockage des donn\u00e9es<\/li>\n<li>10\/40\/100 Gigabit Ethernet<\/li>\n<\/ul>\n<p><img fetchpriority=\"high\" decoding=\"async\" class=\"alignnone size-full wp-image-7181\" src=\"https:\/\/www.bonelinks.com\/wp-content\/uploads\/2023\/07\/dual-sc-patch-lead-application.png\" alt=\"\" width=\"714\" height=\"260\" srcset=\"https:\/\/www.bonelinks.com\/wp-content\/uploads\/2023\/07\/dual-sc-patch-lead-application.png 714w, https:\/\/www.bonelinks.com\/wp-content\/uploads\/2023\/07\/dual-sc-patch-lead-application-300x109.png 300w, https:\/\/www.bonelinks.com\/wp-content\/uploads\/2023\/07\/dual-sc-patch-lead-application-650x237.png 650w\" sizes=\"(max-width: 714px) 100vw, 714px\" \/><\/p>\n<h2 style=\"text-align: left; font-size: 18px;\"><strong>Vous cherchez d&rsquo;autres choix de c\u00e2bles de raccordement en fibre optique ?<\/strong><\/h2>\n<p>Vous souhaitez plus d&rsquo;options pour les c\u00e2bles de raccordement en fibre optique ? D\u00e9couvrez notre s\u00e9lection de <a title=\"C\u00e2bles de raccordement en fibre SC\" href=\"https:\/\/www.bonelinks.com\/fr\/sc-fibre-patch-leads\/\" target=\"_blank\" rel=\"noopener\"><strong><span style=\"color: #0054a6;\">C\u00e2bles de raccordement en fibre SC, <\/span><\/strong><\/a><strong><span style=\"color: #0054a6;\"><a style=\"color: #0054a6;\" href=\"https:\/\/www.bonelinks.com\/fr\/multimode-fibre-patch-leads\/\" target=\"_blank\" rel=\"noopener\">C\u00e2bles de raccordement en fibre multimode <\/a><\/span><\/strong>pour une mise en r\u00e9seau sans faille.<\/p>\n<p>\u00c0 la recherche de cordons de raccordement en fibre optique con\u00e7us et fabriqu\u00e9s sur mesure ? D\u00e9couvrez notre section d\u00e9di\u00e9e aux<a href=\"https:\/\/www.bonelinks.com\/fr\/custom-fiber-optic-cables\/\" target=\"_blank\" rel=\"noopener\"><span style=\"color: #0054a6;\"><strong> C\u00e2bles \u00e0 fibres optiques sur mesure <\/strong><\/span><\/a>pour des solutions de connectivit\u00e9 sur mesure.<\/p>\n<ul>\n<li>Vente au d\u00e9tail ou en gros &#8211; Nous avons tout ce qu&rsquo;il faut !<\/li>\n<li>Vous ne savez pas quoi acheter ? Nous offrons des conseils d&rsquo;experts.<\/li>\n<li>Faible MOQ : pas besoin d&rsquo;acheter plus que ce que vous voulez.<\/li>\n<li>Des prix comp\u00e9titifs : Obtenez un excellent rapport qualit\u00e9-prix \u00e0 chaque fois.<\/li>\n<li>Livraison rapide : Votre rapidit\u00e9, notre priorit\u00e9.<\/li>\n<li>Centr\u00e9 sur le client : Nous adaptons nos services \u00e0 vos besoins.<\/li>\n<\/ul>\n<p><strong>Connectez-vous avec nous !<\/strong><br \/>\nSi vous avez des difficult\u00e9s \u00e0 trouver le bon <span style=\"color: #0054a6;\"><strong><a style=\"color: #0054a6;\" href=\"https:\/\/www.bonelinks.com\/fr\/fiber-optic-patch-cord-supplier\/\" target=\"_blank\" rel=\"noopener\">cordon de raccordement en fibre optique <\/a><\/strong><\/span>pour vos besoins, ou si vous avez besoin de conseils d&rsquo;experts, un seul clic et vous pouvez<a href=\"https:\/\/www.bonelinks.com\/fr\/contact-us\/\" target=\"_blank\" rel=\"noopener\"><strong><span style=\"color: #0054a6;\"> discuter avec nous <\/span><\/strong><\/a>en quelques secondes. Votre satisfaction est notre priorit\u00e9. Nous sommes pr\u00eats \u00e0 vous aider dans tous les domaines. <strong>Ne vous inqui\u00e9tez pas, il n&rsquo;est pas n\u00e9cessaire de trop r\u00e9fl\u00e9chir. Nous sommes l\u00e0, pr\u00eats \u00e0 vous aider.<\/strong><\/p>\n","protected":false},"excerpt":{"rendered":"<p>Les cordons de raccordement en fibre SC OM4, dot\u00e9s de connecteurs SC aux deux extr\u00e9mit\u00e9s, offrent une bande passante extr\u00eamement \u00e9lev\u00e9e de 4700 MHz*km. Ils supportent 10GB jusqu&rsquo;\u00e0 550m et 100GB jusqu&rsquo;\u00e0 125m, ce qui les rend adapt\u00e9s aux applications \u00e0 haut d\u00e9bit et enti\u00e8rement compatibles avec les \u00e9quipements 50\/125 et 10 gigabit Ethernet.<\/p>\n<ul>\n<li>100Gig, fibre multimode optimis\u00e9e par laser (LOMMF)<\/li>\n<li>2,5 mm SC \u00e0 SC UPC\/UPC<\/li>\n<li>Prise en charge de Fast Ethernet, 1Gb Ethernet, 10Gb Ethernet, 40Gb Ethernet et 100Gb Ethernet<\/li>\n<li>Options de longueur de 0,5m \u00e0 10m ou personnalis\u00e9es<\/li>\n<li>100% enti\u00e8rement test\u00e9<\/li>\n<\/ul>\n","protected":false},"featured_media":17810,"template":"","meta":{"site-sidebar-layout":"default","site-content-layout":"default","ast-site-content-layout":"default","site-content-style":"default","site-sidebar-style":"default","ast-global-header-display":"","ast-banner-title-visibility":"","ast-main-header-display":"","ast-hfb-above-header-display":"","ast-hfb-below-header-display":"","ast-hfb-mobile-header-display":"","site-post-title":"","ast-breadcrumbs-content":"","ast-featured-img":"","footer-sml-layout":"","ast-disable-related-posts":"","theme-transparent-header-meta":"default","adv-header-id-meta":"","stick-header-meta":"default","header-above-stick-meta":"","header-main-stick-meta":"","header-below-stick-meta":"","astra-migrate-meta-layouts":"set","ast-page-background-enabled":"default","ast-page-background-meta":{"desktop":{"background-color":"","background-image":"","background-repeat":"repeat","background-position":"center center","background-size":"auto","background-attachment":"scroll","background-type":"","background-media":"","overlay-type":"","overlay-color":"","overlay-opacity":"","overlay-gradient":""},"tablet":{"background-color":"","background-image":"","background-repeat":"repeat","background-position":"center center","background-size":"auto","background-attachment":"scroll","background-type":"","background-media":"","overlay-type":"","overlay-color":"","overlay-opacity":"","overlay-gradient":""},"mobile":{"background-color":"","background-image":"","background-repeat":"repeat","background-position":"center center","background-size":"auto","background-attachment":"scroll","background-type":"","background-media":"","overlay-type":"","overlay-color":"","overlay-opacity":"","overlay-gradient":""}},"ast-content-background-meta":{"desktop":{"background-color":"var(--ast-global-color-5)","background-image":"","background-repeat":"repeat","background-position":"center center","background-size":"auto","background-attachment":"scroll","background-type":"","background-media":"","overlay-type":"","overlay-color":"","overlay-opacity":"","overlay-gradient":""},"tablet":{"background-color":"var(--ast-global-color-5)","background-image":"","background-repeat":"repeat","background-position":"center center","background-size":"auto","background-attachment":"scroll","background-type":"","background-media":"","overlay-type":"","overlay-color":"","overlay-opacity":"","overlay-gradient":""},"mobile":{"background-color":"var(--ast-global-color-5)","background-image":"","background-repeat":"repeat","background-position":"center center","background-size":"auto","background-attachment":"scroll","background-type":"","background-media":"","overlay-type":"","overlay-color":"","overlay-opacity":"","overlay-gradient":""}}},"product_brand":[],"product_cat":[231,304,227],"product_tag":[],"class_list":{"0":"post-21320","1":"product","2":"type-product","3":"status-publish","4":"has-post-thumbnail","6":"product_cat-multimode-fiber-patch-cord-fr","7":"product_cat-sc-fiber-patch-cord-fr","8":"product_cat-fiber-patch-cord-fr","9":"pa_connector-type-sc-sc-fr","10":"pa_fiber-type-50-125-om4-fr","11":"desktop-align-left","12":"tablet-align-left","13":"mobile-align-left","14":"ast-product-gallery-layout-vertical","15":"ast-product-gallery-with-no-image","16":"ast-product-tabs-layout-vertical","17":"ast-qv-on-image","19":"first","20":"instock","21":"shipping-taxable","22":"product-type-simple"},"_links":{"self":[{"href":"https:\/\/www.bonelinks.com\/fr\/wp-json\/wp\/v2\/product\/21320","targetHints":{"allow":["GET"]}}],"collection":[{"href":"https:\/\/www.bonelinks.com\/fr\/wp-json\/wp\/v2\/product"}],"about":[{"href":"https:\/\/www.bonelinks.com\/fr\/wp-json\/wp\/v2\/types\/product"}],"version-history":[{"count":3,"href":"https:\/\/www.bonelinks.com\/fr\/wp-json\/wp\/v2\/product\/21320\/revisions"}],"predecessor-version":[{"id":24090,"href":"https:\/\/www.bonelinks.com\/fr\/wp-json\/wp\/v2\/product\/21320\/revisions\/24090"}],"wp:featuredmedia":[{"embeddable":true,"href":"https:\/\/www.bonelinks.com\/fr\/wp-json\/wp\/v2\/media\/17810"}],"wp:attachment":[{"href":"https:\/\/www.bonelinks.com\/fr\/wp-json\/wp\/v2\/media?parent=21320"}],"wp:term":[{"taxonomy":"product_brand","embeddable":true,"href":"https:\/\/www.bonelinks.com\/fr\/wp-json\/wp\/v2\/product_brand?post=21320"},{"taxonomy":"product_cat","embeddable":true,"href":"https:\/\/www.bonelinks.com\/fr\/wp-json\/wp\/v2\/product_cat?post=21320"},{"taxonomy":"product_tag","embeddable":true,"href":"https:\/\/www.bonelinks.com\/fr\/wp-json\/wp\/v2\/product_tag?post=21320"}],"curies":[{"name":"wp","href":"https:\/\/api.w.org\/{rel}","templated":true}]}}