{"id":21318,"date":"2023-07-04T02:48:09","date_gmt":"2023-07-04T10:48:09","guid":{"rendered":"https:\/\/www.bonelinks.com\/product\/cables-de-raccordement-pour-fibres-multimodes-duplex-lc-st\/"},"modified":"2024-01-28T20:07:24","modified_gmt":"2024-01-29T04:07:24","slug":"lc-st-multimode-duplex-fibre-patch-leads","status":"publish","type":"product","link":"https:\/\/www.bonelinks.com\/fr\/product\/lc-st-multimode-duplex-fibre-patch-leads\/","title":{"rendered":"C\u00e2bles de raccordement pour fibres multimodes duplex LC ST"},"content":{"rendered":"<h1 style=\"text-align: left; font-size: 18px;\"><strong>Cordons de raccordement en fibre duplex multimode LC ST : Connexions rapides et fiables pour la transmission de donn\u00e9es sur de courtes distances<\/strong><\/h1>\n<p>Les cordons de raccordement fibre duplex multimode LC ST assurent les connexions essentielles entre les p\u00e9riph\u00e9riques de r\u00e9seau fibre, garantissant des performances \u00e0 grande vitesse. Ces cordons de raccordement sont dot\u00e9s d&rsquo;un connecteur LC (Lucent Connector) \u00e0 une extr\u00e9mit\u00e9 et d&rsquo;un connecteur ST (Straight Tip\/Bayonet Connector) \u00e0 l&rsquo;autre. Le connecteur LC utilise un m\u00e9canisme de verrouillage pour des connexions s\u00fbres, tandis que le connecteur ST utilise une conception \u00e0 ba\u00efonnette \u00e0 torsion et verrouillage. Avec des extr\u00e9mit\u00e9s \u00e9tiquet\u00e9es et des capuchons robustes, ces cordons de brassage r\u00e9sistent aux dommages caus\u00e9s par la traction et la torsion.<\/p>\n<p>Con\u00e7us pour la transmission de donn\u00e9es sur de courtes distances, nos cordons de raccordement en fibre duplex multimode LC ST sont disponibles en plusieurs qualit\u00e9s de c\u00e2ble, notamment 62,5\/125 (OM1), 50\/125 (OM2), 50\/125 am\u00e9lior\u00e9 (OM3) et 50\/125 (OM4). Ces cordons duplex permettent une communication synchrone entre les appareils.<\/p>\n<table width=\"1104\">\n<tbody>\n<tr>\n<td width=\"160\"><strong>Types de cordons de raccordement multimode duplex en fibre LC ST<\/strong><\/td>\n<td width=\"131\"><strong>Diam\u00e8tre<\/strong><\/td>\n<td width=\"121\"><strong>Couleur de la veste<\/strong><\/td>\n<td width=\"127\"><strong>Source optique<\/strong><\/td>\n<td width=\"143\"><strong>Largeur de bande<\/strong><\/td>\n<td width=\"134\"><strong>Fast Ethernet<\/strong><\/td>\n<td width=\"72\"><strong>1GbE<\/strong><\/td>\n<td width=\"72\"><strong>10GbE<\/strong><\/td>\n<td width=\"72\"><strong>40GbE<\/strong><\/td>\n<td width=\"72\"><strong>100GbE<\/strong><\/td>\n<\/tr>\n<tr>\n<td width=\"160\">OM1<\/td>\n<td width=\"131\">62,5\/125\u00b5m<\/td>\n<td width=\"121\">Orange<\/td>\n<td width=\"127\">LED<\/td>\n<td width=\"143\">200MHz*km<\/td>\n<td width=\"134\">2000m<\/td>\n<td width=\"72\">275m<\/td>\n<td width=\"72\">33m<\/td>\n<td width=\"72\">\/<\/td>\n<td width=\"72\">\/<\/td>\n<\/tr>\n<tr>\n<td width=\"160\">OM2<\/td>\n<td width=\"131\">50\/125\u00b5m<\/td>\n<td width=\"121\">Orange<\/td>\n<td width=\"127\">LED<\/td>\n<td width=\"143\">500MHz*km<\/td>\n<td width=\"134\">2000m<\/td>\n<td width=\"72\">550m<\/td>\n<td width=\"72\">82m<\/td>\n<td width=\"72\">\/<\/td>\n<td width=\"72\">\/<\/td>\n<\/tr>\n<tr>\n<td width=\"160\">OM3<\/td>\n<td width=\"131\">50\/125\u00b5m<\/td>\n<td width=\"121\">Aqua<\/td>\n<td width=\"127\">VSCEL<\/td>\n<td width=\"143\">2000MHz*km<\/td>\n<td width=\"134\">2000m<\/td>\n<td width=\"72\">\/<\/td>\n<td width=\"72\">300m<\/td>\n<td width=\"72\">100m<\/td>\n<td width=\"72\">70m<\/td>\n<\/tr>\n<tr>\n<td width=\"160\">OM4<\/td>\n<td width=\"131\">50\/125\u00b5m<\/td>\n<td width=\"121\">Violet<\/td>\n<td width=\"127\">VSCEL<\/td>\n<td width=\"143\">4700MHz*km<\/td>\n<td width=\"134\">2000m<\/td>\n<td width=\"72\">\/<\/td>\n<td width=\"72\">550m<\/td>\n<td width=\"72\">150m<\/td>\n<td width=\"72\">150m<\/td>\n<\/tr>\n<\/tbody>\n<\/table>\n<p>B\u00e9n\u00e9ficiant d&rsquo;une garantie \u00e0 vie, nos cordons de raccordement en fibre duplex multimode LC ST offrent une fiabilit\u00e9 \u00e0 long terme et des performances de qualit\u00e9 sup\u00e9rieure. Ces cordons de raccordement sont con\u00e7us pour fournir des connexions fiables et des performances optimales, ce qui en fait un excellent choix pour diverses applications de r\u00e9seau \u00e0 haut d\u00e9bit.<\/p>\n<h2 style=\"text-align: left; font-size: 18px;\"><strong>Meilleure vente LC ST Multimode Duplex Fibre Patch Leads At Bonelinks<\/strong><\/h2>\n<table>\n<tbody>\n<tr>\n<th class=\"header\"><strong>C\u00e2bles de raccordement pour fibres multimodes duplex LC ST<\/strong><\/th>\n<th class=\"header\">Fibre OM2 LC vers ST<\/th>\n<th class=\"header\">Fibre OM3 LC vers ST<\/th>\n<th class=\"header\">Fibre OM4 LC vers ST<\/th>\n<\/tr>\n<tr>\n<td>Nombre de fibres<\/td>\n<td>Duplex<\/td>\n<td>Duplex<\/td>\n<td>Duplex<\/td>\n<\/tr>\n<tr>\n<td>Mode fibre<\/td>\n<td>Multimode<\/td>\n<td>Multimode<\/td>\n<td>Multimode<\/td>\n<\/tr>\n<tr>\n<td>Taux de donn\u00e9es<\/td>\n<td>1G\/10GB<\/td>\n<td>10G\/40G\/100GB<\/td>\n<td>10G\/40G\/100GB<\/td>\n<\/tr>\n<tr>\n<td>Connecteur<\/td>\n<td>LC UPC vers ST UPC<\/td>\n<td>LC UPC vers ST UPC<\/td>\n<td>LC UPC vers ST UPC<\/td>\n<\/tr>\n<tr>\n<td>Perte d&rsquo;insertion<\/td>\n<td>\u22640,3dB<\/td>\n<td>\u22640,3dB<\/td>\n<td>\u22640,3dB<\/td>\n<\/tr>\n<tr>\n<td>Perte de retour<\/td>\n<td>\u226530dB<\/td>\n<td>\u226530dB<\/td>\n<td>\u226530dB<\/td>\n<\/tr>\n<tr>\n<td>Longueur<\/td>\n<td>1m, 2m, 3m, 5m, 10m ou sur mesure<\/td>\n<td>1m, 2m, 3m, 5m, 10m ou sur mesure<\/td>\n<td>1m, 2m, 3m, 5m, 10m ou sur mesure<\/td>\n<\/tr>\n<tr>\n<td>Veste<\/td>\n<td>LSZH, OFNR, PVC<\/td>\n<td>LSZH, OFNR, PVC<\/td>\n<td>LSZH, OFNR, PVC<\/td>\n<\/tr>\n<\/tbody>\n<\/table>\n<h2 style=\"text-align: left; font-size: 18px;\"><strong>Caract\u00e9ristiques des cordons de raccordement en fibre duplex multimode LC ST<\/strong><\/h2>\n<ul>\n<li>Connecteurs LC UPC vers ST UPC<\/li>\n<li>Longueur de l&rsquo;avalibale : 1, 2, 3, 5, 7 et 10 m\u00e8tres ou options personnalis\u00e9es<\/li>\n<li>Disponible en diff\u00e9rentes qualit\u00e9s de c\u00e2ble : 62,5\/125 (OM1), 50\/125 (OM2), 50\/125 am\u00e9lior\u00e9 (OM3) et 50\/125 (OM4).<\/li>\n<li>Ferrules standard en c\u00e9ramique de zircone pour une performance et une durabilit\u00e9 sup\u00e9rieures<\/li>\n<li>Immunis\u00e9 contre les interf\u00e9rences \u00e9lectriques<\/li>\n<li>Inspection des caract\u00e9ristiques optiques \u00e0 100 % avant l&rsquo;exp\u00e9dition<\/li>\n<\/ul>\n<h2 style=\"text-align: left; font-size: 18px;\"><strong>Applications des cordons de raccordement \u00e0 fibres duplex multimode LC ST<\/strong><\/h2>\n<ul>\n<li>Solution id\u00e9ale pour les applications de donn\u00e9es n\u00e9cessitant une transmission de donn\u00e9es \u00e0 grande vitesse<\/li>\n<li>Syst\u00e8mes \u00e0 large bande<\/li>\n<li>T\u00e9l\u00e9communications\/Communication de donn\u00e9es<\/li>\n<\/ul>\n<h2 style=\"text-align: left; font-size: 18px;\"><strong>Vous cherchez d&rsquo;autres choix de c\u00e2bles de raccordement en fibre optique ?<\/strong><\/h2>\n<p>Vous souhaitez plus d&rsquo;options pour les c\u00e2bles de raccordement en fibre optique ? D\u00e9couvrez notre s\u00e9lection de <span style=\"color: #0054a6;\"><strong><a style=\"color: #0054a6;\" href=\"https:\/\/www.bonelinks.com\/fr\/lc-fibre-patch-leads\/\" target=\"_blank\" rel=\"noopener\">C\u00e2bles de raccordement en fibre LC, <\/a><\/strong><\/span><a title=\"C\u00e2bles de raccordement en fibre ST\" href=\"https:\/\/www.bonelinks.com\/fr\/st-fibre-patch-leads\/\" target=\"_blank\" rel=\"noopener\"><strong><span style=\"color: #0054a6;\">C\u00e2bles de raccordement en fibre ST,<\/span><\/strong> <\/a><strong><span style=\"color: #0054a6;\"><a style=\"color: #0054a6;\" href=\"https:\/\/www.bonelinks.com\/fr\/st-lc-fiber-patch-cable\/\" target=\"_blank\" rel=\"noopener\">C\u00e2bles de raccordement en fibre ST LC,<\/a><\/span> <span style=\"color: #0054a6;\"><a style=\"color: #0054a6;\" href=\"https:\/\/www.bonelinks.com\/fr\/multimode-fibre-patch-leads\/\" target=\"_blank\" rel=\"noopener\">C\u00e2bles de raccordement en fibre multimode<\/a> <\/span><\/strong>pour une mise en r\u00e9seau sans faille.<\/p>\n<p>\u00c0 la recherche de cordons de raccordement en fibre optique con\u00e7us et fabriqu\u00e9s sur mesure ? D\u00e9couvrez notre section d\u00e9di\u00e9e aux<a href=\"https:\/\/www.bonelinks.com\/fr\/custom-fiber-optic-cables\/\" target=\"_blank\" rel=\"noopener\"><span style=\"color: #0054a6;\"><strong> C\u00e2bles \u00e0 fibres optiques sur mesure <\/strong><\/span><\/a>pour des solutions de connectivit\u00e9 sur mesure.<\/p>\n<ul>\n<li>Vente au d\u00e9tail ou en gros &#8211; Nous avons tout ce qu&rsquo;il faut !<\/li>\n<li>Vous ne savez pas quoi acheter ? Nous offrons des conseils d&rsquo;experts.<\/li>\n<li>Faible MOQ : pas besoin d&rsquo;acheter plus que ce que vous voulez.<\/li>\n<li>Des prix comp\u00e9titifs : Obtenez un excellent rapport qualit\u00e9-prix \u00e0 chaque fois.<\/li>\n<li>Livraison rapide : Votre rapidit\u00e9, notre priorit\u00e9.<\/li>\n<li>Centr\u00e9 sur le client : Nous adaptons nos services \u00e0 vos besoins.<\/li>\n<\/ul>\n<p><strong>Connectez-vous avec nous !<\/strong><br \/>\nSi vous avez des difficult\u00e9s \u00e0 trouver le bon <span style=\"color: #0054a6;\"><strong><a style=\"color: #0054a6;\" href=\"https:\/\/www.bonelinks.com\/fr\/fiber-optic-patch-cord-supplier\/\" target=\"_blank\" rel=\"noopener\">cordon de raccordement en fibre optique <\/a><\/strong><\/span>pour vos besoins, ou si vous avez besoin de conseils d&rsquo;experts, un seul clic et vous pouvez<a href=\"https:\/\/www.bonelinks.com\/fr\/contact-us\/\" target=\"_blank\" rel=\"noopener\"><strong><span style=\"color: #0054a6;\"> discuter avec nous<\/span><\/strong><\/a> en quelques secondes. Votre satisfaction est notre priorit\u00e9. Nous sommes pr\u00eats \u00e0 vous aider dans tous les domaines. <strong>Ne vous inqui\u00e9tez pas, il n&rsquo;est pas n\u00e9cessaire de trop r\u00e9fl\u00e9chir. Nous sommes l\u00e0, pr\u00eats \u00e0 vous aider.<\/strong><\/p>\n","protected":false},"excerpt":{"rendered":"<p>Les cordons de raccordement en fibre duplex multimode LC ST offrent des connexions \u00e0 grande vitesse avec des connecteurs LC et ST. Robuste, fiable et disponible en diff\u00e9rentes qualit\u00e9s de c\u00e2ble pour la transmission de donn\u00e9es sur de courtes distances.<\/p>\n<ul>\n<li>Disponible en multimode OM1, OM2, OM3 et OM4 dans une vari\u00e9t\u00e9 de longueurs<\/li>\n<li>Ferrules standard en c\u00e9ramique de zircone pour une performance et une durabilit\u00e9 sup\u00e9rieures<\/li>\n<li>Inspection des caract\u00e9ristiques optiques \u00e0 100 % avant l&rsquo;exp\u00e9dition<\/li>\n<\/ul>\n","protected":false},"featured_media":17035,"template":"","meta":{"site-sidebar-layout":"default","site-content-layout":"default","ast-site-content-layout":"default","site-content-style":"default","site-sidebar-style":"default","ast-global-header-display":"","ast-banner-title-visibility":"","ast-main-header-display":"","ast-hfb-above-header-display":"","ast-hfb-below-header-display":"","ast-hfb-mobile-header-display":"","site-post-title":"","ast-breadcrumbs-content":"","ast-featured-img":"","footer-sml-layout":"","ast-disable-related-posts":"","theme-transparent-header-meta":"default","adv-header-id-meta":"","stick-header-meta":"default","header-above-stick-meta":"","header-main-stick-meta":"","header-below-stick-meta":"","astra-migrate-meta-layouts":"set","ast-page-background-enabled":"default","ast-page-background-meta":{"desktop":{"background-color":"","background-image":"","background-repeat":"repeat","background-position":"center center","background-size":"auto","background-attachment":"scroll","background-type":"","background-media":"","overlay-type":"","overlay-color":"","overlay-opacity":"","overlay-gradient":""},"tablet":{"background-color":"","background-image":"","background-repeat":"repeat","background-position":"center center","background-size":"auto","background-attachment":"scroll","background-type":"","background-media":"","overlay-type":"","overlay-color":"","overlay-opacity":"","overlay-gradient":""},"mobile":{"background-color":"","background-image":"","background-repeat":"repeat","background-position":"center center","background-size":"auto","background-attachment":"scroll","background-type":"","background-media":"","overlay-type":"","overlay-color":"","overlay-opacity":"","overlay-gradient":""}},"ast-content-background-meta":{"desktop":{"background-color":"var(--ast-global-color-5)","background-image":"","background-repeat":"repeat","background-position":"center center","background-size":"auto","background-attachment":"scroll","background-type":"","background-media":"","overlay-type":"","overlay-color":"","overlay-opacity":"","overlay-gradient":""},"tablet":{"background-color":"var(--ast-global-color-5)","background-image":"","background-repeat":"repeat","background-position":"center center","background-size":"auto","background-attachment":"scroll","background-type":"","background-media":"","overlay-type":"","overlay-color":"","overlay-opacity":"","overlay-gradient":""},"mobile":{"background-color":"var(--ast-global-color-5)","background-image":"","background-repeat":"repeat","background-position":"center center","background-size":"auto","background-attachment":"scroll","background-type":"","background-media":"","overlay-type":"","overlay-color":"","overlay-opacity":"","overlay-gradient":""}}},"product_brand":[],"product_cat":[231,253,229,227],"product_tag":[],"class_list":{"0":"post-21318","1":"product","2":"type-product","3":"status-publish","4":"has-post-thumbnail","6":"product_cat-multimode-fiber-patch-cord-fr","7":"product_cat-st-fiber-patch-cord-fr","8":"product_cat-lc-fiber-patch-cord-fr","9":"product_cat-fiber-patch-cord-fr","10":"pa_connector-type-lc-st-fr","11":"pa_fiber-type-multimode-fr","12":"desktop-align-left","13":"tablet-align-left","14":"mobile-align-left","15":"ast-product-gallery-layout-vertical","16":"ast-product-gallery-with-no-image","17":"ast-product-tabs-layout-vertical","18":"ast-qv-on-image","20":"first","21":"instock","22":"shipping-taxable","23":"product-type-simple"},"_links":{"self":[{"href":"https:\/\/www.bonelinks.com\/fr\/wp-json\/wp\/v2\/product\/21318","targetHints":{"allow":["GET"]}}],"collection":[{"href":"https:\/\/www.bonelinks.com\/fr\/wp-json\/wp\/v2\/product"}],"about":[{"href":"https:\/\/www.bonelinks.com\/fr\/wp-json\/wp\/v2\/types\/product"}],"version-history":[{"count":3,"href":"https:\/\/www.bonelinks.com\/fr\/wp-json\/wp\/v2\/product\/21318\/revisions"}],"predecessor-version":[{"id":24088,"href":"https:\/\/www.bonelinks.com\/fr\/wp-json\/wp\/v2\/product\/21318\/revisions\/24088"}],"wp:featuredmedia":[{"embeddable":true,"href":"https:\/\/www.bonelinks.com\/fr\/wp-json\/wp\/v2\/media\/17035"}],"wp:attachment":[{"href":"https:\/\/www.bonelinks.com\/fr\/wp-json\/wp\/v2\/media?parent=21318"}],"wp:term":[{"taxonomy":"product_brand","embeddable":true,"href":"https:\/\/www.bonelinks.com\/fr\/wp-json\/wp\/v2\/product_brand?post=21318"},{"taxonomy":"product_cat","embeddable":true,"href":"https:\/\/www.bonelinks.com\/fr\/wp-json\/wp\/v2\/product_cat?post=21318"},{"taxonomy":"product_tag","embeddable":true,"href":"https:\/\/www.bonelinks.com\/fr\/wp-json\/wp\/v2\/product_tag?post=21318"}],"curies":[{"name":"wp","href":"https:\/\/api.w.org\/{rel}","templated":true}]}}