{"id":21316,"date":"2023-07-04T07:21:37","date_gmt":"2023-07-04T15:21:37","guid":{"rendered":"https:\/\/www.bonelinks.com\/product\/cordons-de-raccordement-en-fibre-optique-st-lc-2mt\/"},"modified":"2024-01-28T20:04:04","modified_gmt":"2024-01-29T04:04:04","slug":"fibre-patch-leads-st-lc-2mt","status":"publish","type":"product","link":"https:\/\/www.bonelinks.com\/fr\/product\/fibre-patch-leads-st-lc-2mt\/","title":{"rendered":"Cordons de raccordement en fibre optique ST-LC 2mt"},"content":{"rendered":"<h1 style=\"text-align: left; font-size: 18px;\"><strong>Cordons de raccordement en fibre optique ST-LC 2mt : Connexions fiables pour les installations de c\u00e2blage<\/strong><\/h1>\n<p>Les cordons de raccordement ST-LC 2mt sont \u00e9quip\u00e9s de connecteurs de fibre optique LC \u00e0 une extr\u00e9mit\u00e9 et de connecteurs de fibre optique ST \u00e0 l&rsquo;autre (LC-ST). Ces connecteurs encliquetables, \u00e9galement connus sous le nom de connecteurs Lucent ou Little Connectors, sont id\u00e9aux pour les connexions \u00e0 haute densit\u00e9. Ils sont compatibles avec les dispositifs plug-and-play tels que les modules SFP et les \u00e9metteurs-r\u00e9cepteurs XFP. Les connecteurs ST utilisent un type de couplage \u00e0 ba\u00efonnette, permettant une installation facile par rotation et d\u00e9connexion.<\/p>\n<p>Le cordon de raccordement fibre ST vers LC est disponible dans les types de c\u00e2ble monomode et multimode. Les options suppl\u00e9mentaires comprennent la couleur du c\u00e2ble, le diam\u00e8tre de la fibre et la personnalisation de la gaine pour r\u00e9pondre \u00e0 des besoins sp\u00e9cifiques.<\/p>\n<p>Fabriqu\u00e9s avec des fibres optiques et des connecteurs c\u00e9ramiques de haute qualit\u00e9, les cordons de raccordement pour fibres ST-LC sont soumis \u00e0 des tests stricts d&rsquo;insertion et de perte de retour. Cela garantit d&rsquo;excellentes performances et une grande fiabilit\u00e9 pour diverses installations de c\u00e2blage.Connecteurs LC \u00e0 ST<\/p>\n<h2 style=\"text-align: left; font-size: 18px;\"><strong>Caract\u00e9ristiques des cordons de raccordement en fibre optique ST-LC 2mt<\/strong><\/h2>\n<ul>\n<li>2mt Longueur du c\u00e2ble<\/li>\n<li>Fibre monomode et multimode, simplex et duplex, options PC, UPC, APC<\/li>\n<li>Faible perte d&rsquo;insertion et forte perte par r\u00e9flexion arri\u00e8re<\/li>\n<li>Capacit\u00e9 stable et grande fiabilit\u00e9<\/li>\n<li>Excellente capacit\u00e9 m\u00e9canique<\/li>\n<li>Tous les c\u00e2bles sont test\u00e9s \u00e0 100 % en ce qui concerne la perte d&rsquo;insertion et la r\u00e9flexion arri\u00e8re.<\/li>\n<\/ul>\n<h2 style=\"text-align: left; font-size: 18px;\"><strong>Applications des cordons de raccordement en fibre optique ST-LC 2mt<\/strong><\/h2>\n<ul>\n<li>centres de donn\u00e9es<\/li>\n<li>R\u00e9seaux d&rsquo;entreprise<\/li>\n<li>Salle de t\u00e9l\u00e9communications<\/li>\n<li>Serveurs h\u00f4tes<\/li>\n<li>R\u00e9seaux de stockage<\/li>\n<\/ul>\n<h2 style=\"text-align: left; font-size: 18px;\"><strong>Vous cherchez d&rsquo;autres choix de c\u00e2bles de raccordement en fibre optique ?<\/strong><\/h2>\n<p>Vous souhaitez plus d&rsquo;options pour les c\u00e2bles de raccordement en fibre optique ? D\u00e9couvrez notre s\u00e9lection de <span style=\"color: #0054a6;\"><strong><a style=\"color: #0054a6;\" href=\"https:\/\/www.bonelinks.com\/fr\/lc-fibre-patch-leads\/\" target=\"_blank\" rel=\"noopener\">C\u00e2bles de raccordement en fibre LC, <\/a><\/strong><\/span><a title=\"C\u00e2bles de raccordement en fibre ST\" href=\"https:\/\/www.bonelinks.com\/fr\/st-fibre-patch-leads\/\" target=\"_blank\" rel=\"noopener\"><strong><span style=\"color: #0054a6;\">C\u00e2bles de raccordement en fibre ST, <\/span><\/strong><\/a><strong><span style=\"color: #0054a6;\"><a style=\"color: #0054a6;\" href=\"https:\/\/www.bonelinks.com\/fr\/st-lc-fiber-patch-cable\/\" target=\"_blank\" rel=\"noopener\">C\u00e2ble de raccordement fibre ST LC <\/a><\/span><\/strong>pour une mise en r\u00e9seau sans faille.<\/p>\n<p>\u00c0 la recherche de cordons de raccordement en fibre optique con\u00e7us et fabriqu\u00e9s sur mesure ? D\u00e9couvrez notre section d\u00e9di\u00e9e aux<a href=\"https:\/\/www.bonelinks.com\/fr\/custom-fiber-optic-cables\/\" target=\"_blank\" rel=\"noopener\"><span style=\"color: #0054a6;\"><strong> C\u00e2bles \u00e0 fibres optiques sur mesure <\/strong><\/span><\/a>pour des solutions de connectivit\u00e9 sur mesure.<\/p>\n<ul>\n<li>Vente au d\u00e9tail ou en gros &#8211; Nous avons tout ce qu&rsquo;il faut !<\/li>\n<li>Vous ne savez pas quoi acheter ? Nous offrons des conseils d&rsquo;experts.<\/li>\n<li>Faible MOQ : pas besoin d&rsquo;acheter plus que ce que vous voulez.<\/li>\n<li>Des prix comp\u00e9titifs : Obtenez un excellent rapport qualit\u00e9-prix \u00e0 chaque fois.<\/li>\n<li>Livraison rapide : Votre rapidit\u00e9, notre priorit\u00e9.<\/li>\n<li>Centr\u00e9 sur le client : Nous adaptons nos services \u00e0 vos besoins.<\/li>\n<\/ul>\n<p><strong>Connectez-vous avec nous !<\/strong><br \/>\nSi vous avez des difficult\u00e9s \u00e0 trouver le bon <span style=\"color: #0054a6;\"><strong><a style=\"color: #0054a6;\" href=\"https:\/\/www.bonelinks.com\/fr\/fiber-optic-patch-cord-supplier\/\" target=\"_blank\" rel=\"noopener\">cordon de raccordement en fibre optique <\/a><\/strong><\/span>pour vos besoins, ou si vous avez besoin de conseils d&rsquo;experts, un seul clic et vous pouvez<a href=\"https:\/\/www.bonelinks.com\/fr\/contact-us\/\" target=\"_blank\" rel=\"noopener\"><strong><span style=\"color: #0054a6;\"> discuter avec nous <\/span><\/strong><\/a>en quelques secondes. Votre satisfaction est notre priorit\u00e9. Nous sommes pr\u00eats \u00e0 vous aider dans tous les domaines. <strong>Ne vous inqui\u00e9tez pas, il n&rsquo;est pas n\u00e9cessaire de trop r\u00e9fl\u00e9chir. Nous sommes l\u00e0, pr\u00eats \u00e0 vous aider.<\/strong><\/p>\n","protected":false},"excerpt":{"rendered":"<p>Les cordons de raccordement ST-LC 2mt sont \u00e9quip\u00e9s de connecteurs LC encliquetables et de connecteurs ST \u00e0 ba\u00efonnette. Des connecteurs en fibre et en c\u00e9ramique de haute qualit\u00e9 garantissent des performances optimales pour les installations de c\u00e2blage.<\/p>\n<ul>\n<li>Connecteurs LC \u00e0 ST<\/li>\n<li>Longueur du c\u00e2ble 2mt<\/li>\n<li>Fibre monomode et multimode, simplex et duplex, options PC, UPC, APC<\/li>\n<li>Tous les c\u00e2bles sont test\u00e9s \u00e0 100 % en ce qui concerne la perte d&rsquo;insertion et la r\u00e9flexion arri\u00e8re.<\/li>\n<\/ul>\n","protected":false},"featured_media":17040,"template":"","meta":{"site-sidebar-layout":"default","site-content-layout":"default","ast-site-content-layout":"default","site-content-style":"default","site-sidebar-style":"default","ast-global-header-display":"","ast-banner-title-visibility":"","ast-main-header-display":"","ast-hfb-above-header-display":"","ast-hfb-below-header-display":"","ast-hfb-mobile-header-display":"","site-post-title":"","ast-breadcrumbs-content":"","ast-featured-img":"","footer-sml-layout":"","ast-disable-related-posts":"","theme-transparent-header-meta":"default","adv-header-id-meta":"","stick-header-meta":"default","header-above-stick-meta":"","header-main-stick-meta":"","header-below-stick-meta":"","astra-migrate-meta-layouts":"set","ast-page-background-enabled":"default","ast-page-background-meta":{"desktop":{"background-color":"","background-image":"","background-repeat":"repeat","background-position":"center center","background-size":"auto","background-attachment":"scroll","background-type":"","background-media":"","overlay-type":"","overlay-color":"","overlay-opacity":"","overlay-gradient":""},"tablet":{"background-color":"","background-image":"","background-repeat":"repeat","background-position":"center center","background-size":"auto","background-attachment":"scroll","background-type":"","background-media":"","overlay-type":"","overlay-color":"","overlay-opacity":"","overlay-gradient":""},"mobile":{"background-color":"","background-image":"","background-repeat":"repeat","background-position":"center center","background-size":"auto","background-attachment":"scroll","background-type":"","background-media":"","overlay-type":"","overlay-color":"","overlay-opacity":"","overlay-gradient":""}},"ast-content-background-meta":{"desktop":{"background-color":"var(--ast-global-color-5)","background-image":"","background-repeat":"repeat","background-position":"center center","background-size":"auto","background-attachment":"scroll","background-type":"","background-media":"","overlay-type":"","overlay-color":"","overlay-opacity":"","overlay-gradient":""},"tablet":{"background-color":"var(--ast-global-color-5)","background-image":"","background-repeat":"repeat","background-position":"center center","background-size":"auto","background-attachment":"scroll","background-type":"","background-media":"","overlay-type":"","overlay-color":"","overlay-opacity":"","overlay-gradient":""},"mobile":{"background-color":"var(--ast-global-color-5)","background-image":"","background-repeat":"repeat","background-position":"center center","background-size":"auto","background-attachment":"scroll","background-type":"","background-media":"","overlay-type":"","overlay-color":"","overlay-opacity":"","overlay-gradient":""}}},"product_brand":[],"product_cat":[253,229,227],"product_tag":[],"class_list":{"0":"post-21316","1":"product","2":"type-product","3":"status-publish","4":"has-post-thumbnail","6":"product_cat-st-fiber-patch-cord-fr","7":"product_cat-lc-fiber-patch-cord-fr","8":"product_cat-fiber-patch-cord-fr","9":"pa_connector-type-lc-st-fr","10":"desktop-align-left","11":"tablet-align-left","12":"mobile-align-left","13":"ast-product-gallery-layout-vertical","14":"ast-product-gallery-with-no-image","15":"ast-product-tabs-layout-vertical","16":"ast-qv-on-image","18":"first","19":"instock","20":"shipping-taxable","21":"product-type-simple"},"_links":{"self":[{"href":"https:\/\/www.bonelinks.com\/fr\/wp-json\/wp\/v2\/product\/21316","targetHints":{"allow":["GET"]}}],"collection":[{"href":"https:\/\/www.bonelinks.com\/fr\/wp-json\/wp\/v2\/product"}],"about":[{"href":"https:\/\/www.bonelinks.com\/fr\/wp-json\/wp\/v2\/types\/product"}],"version-history":[{"count":3,"href":"https:\/\/www.bonelinks.com\/fr\/wp-json\/wp\/v2\/product\/21316\/revisions"}],"predecessor-version":[{"id":24084,"href":"https:\/\/www.bonelinks.com\/fr\/wp-json\/wp\/v2\/product\/21316\/revisions\/24084"}],"wp:featuredmedia":[{"embeddable":true,"href":"https:\/\/www.bonelinks.com\/fr\/wp-json\/wp\/v2\/media\/17040"}],"wp:attachment":[{"href":"https:\/\/www.bonelinks.com\/fr\/wp-json\/wp\/v2\/media?parent=21316"}],"wp:term":[{"taxonomy":"product_brand","embeddable":true,"href":"https:\/\/www.bonelinks.com\/fr\/wp-json\/wp\/v2\/product_brand?post=21316"},{"taxonomy":"product_cat","embeddable":true,"href":"https:\/\/www.bonelinks.com\/fr\/wp-json\/wp\/v2\/product_cat?post=21316"},{"taxonomy":"product_tag","embeddable":true,"href":"https:\/\/www.bonelinks.com\/fr\/wp-json\/wp\/v2\/product_tag?post=21316"}],"curies":[{"name":"wp","href":"https:\/\/api.w.org\/{rel}","templated":true}]}}