{"id":21314,"date":"2023-07-04T19:10:46","date_gmt":"2023-07-05T03:10:46","guid":{"rendered":"https:\/\/www.bonelinks.com\/product\/cordon-de-raccordement-en-fibre-st-lc-50-125um-longueur-1m\/"},"modified":"2024-01-28T20:01:52","modified_gmt":"2024-01-29T04:01:52","slug":"fibre-patch-lead-st-lc-50-125um-1m-length","status":"publish","type":"product","link":"https:\/\/www.bonelinks.com\/fr\/product\/fibre-patch-lead-st-lc-50-125um-1m-length\/","title":{"rendered":"Cordon de raccordement en fibre ST-LC 50 125um Longueur 1m"},"content":{"rendered":"<h1 style=\"text-align: left; font-size: 18px;\"><strong>Cordon de raccordement fibre ST-LC 50 125um 1m &#8211; Lib\u00e9rez la puissance de votre r\u00e9seau<\/strong><\/h1>\n<p>Mettez \u00e0 niveau votre infrastructure fibre et am\u00e9liorez les performances avec la fibre 50\/125, qui offre une perte de signal plus faible et des capacit\u00e9s de distance plus importantes par rapport \u00e0 la fibre 62,5\/125. Optez pour des c\u00e2bles patch en fibre optique LC\/ST de haute qualit\u00e9 qui r\u00e9pondent \u00e0 vos besoins sp\u00e9cifiques. Les connecteurs LC sont dot\u00e9s d&rsquo;un m\u00e9canisme de verrouillage qui garantit des connexions s\u00fbres sans risque de l\u00e9g\u00e8re traction ou d&rsquo;\u00e9tirement. Les connecteurs ST utilisent une conception \u00e0 ba\u00efonnette \u00e0 torsion et verrouillage pour des connexions ajust\u00e9es et fiables.<\/p>\n<p>Ces c\u00e2bles de raccordement en fibre optique (50\/125) sont con\u00e7us pour lib\u00e9rer tout le potentiel de votre r\u00e9seau local. Ils sont capables de r\u00e9pondre aux exigences des transmissions de donn\u00e9es \u00e0 haut d\u00e9bit, que l&rsquo;on trouve couramment dans les r\u00e9seaux Ethernet modernes fonctionnant \u00e0 des vitesses allant de 1 Gb\/s \u00e0 10 Gb\/s. Parfaitement adapt\u00e9s aux applications audio, vid\u00e9o et de transmission de donn\u00e9es, ces c\u00e2bles offrent une connectivit\u00e9 fiable et efficace pour vos besoins en r\u00e9seau.<\/p>\n<table width=\"1104\">\n<tbody>\n<tr>\n<td width=\"160\"><strong>Cordon de raccordement en fibre ST-LC 50 125um 1m Longueur Types<\/strong><\/td>\n<td width=\"131\"><strong>Diam\u00e8tre<\/strong><\/td>\n<td width=\"121\"><strong>Couleur de la veste<\/strong><\/td>\n<td width=\"127\"><strong>Source optique<\/strong><\/td>\n<td width=\"143\"><strong>Largeur de bande<\/strong><\/td>\n<td width=\"134\"><strong>Fast Ethernet<\/strong><\/td>\n<td width=\"72\"><strong>1GbE<\/strong><\/td>\n<td width=\"72\"><strong>10GbE<\/strong><\/td>\n<td width=\"72\"><strong>40GbE<\/strong><\/td>\n<td width=\"72\"><strong>100GbE<\/strong><\/td>\n<\/tr>\n<tr>\n<td width=\"160\">OM2<\/td>\n<td width=\"131\">50 125\u00b5m<\/td>\n<td width=\"121\">Orange<\/td>\n<td width=\"127\">LED<\/td>\n<td width=\"143\">500MHz*km<\/td>\n<td width=\"134\">2000m<\/td>\n<td width=\"72\">550m<\/td>\n<td width=\"72\">82m<\/td>\n<td width=\"72\">\/<\/td>\n<td width=\"72\">\/<\/td>\n<\/tr>\n<tr>\n<td width=\"160\">OM3<\/td>\n<td width=\"131\">50 125\u00b5m<\/td>\n<td width=\"121\">Aqua<\/td>\n<td width=\"127\">VSCEL<\/td>\n<td width=\"143\">2000MHz*km<\/td>\n<td width=\"134\">2000m<\/td>\n<td width=\"72\">\/<\/td>\n<td width=\"72\">300m<\/td>\n<td width=\"72\">100m<\/td>\n<td width=\"72\">70m<\/td>\n<\/tr>\n<tr>\n<td width=\"160\">OM4<\/td>\n<td width=\"131\">50 125\u00b5m<\/td>\n<td width=\"121\">Violet<\/td>\n<td width=\"127\">VSCEL<\/td>\n<td width=\"143\">4700MHz*km<\/td>\n<td width=\"134\">2000m<\/td>\n<td width=\"72\">\/<\/td>\n<td width=\"72\">550m<\/td>\n<td width=\"72\">150m<\/td>\n<td width=\"72\">150m<\/td>\n<\/tr>\n<\/tbody>\n<\/table>\n<h2 style=\"text-align: left; font-size: 18px;\"><strong>Meilleure vente Fibre Patch Lead ST-LC 50 125um 1m Length At Bonelinks<\/strong><\/h2>\n<table>\n<tbody>\n<tr>\n<th class=\"header\">Cordon de raccordement en fibre ST-LC 50 125um Longueur 1m<\/th>\n<th class=\"header\">Fibre OM2 ST-LC<\/th>\n<th class=\"header\">Fibre OM3 ST-LC<\/th>\n<th class=\"header\">Fibre OM4 ST-LC<\/th>\n<\/tr>\n<tr>\n<td>Nombre de fibres<\/td>\n<td>Simplex, Duplex<\/td>\n<td>Simplex, Duplex<\/td>\n<td>Simplex, Duplex<\/td>\n<\/tr>\n<tr>\n<td>Mode fibre<\/td>\n<td>Multimode<\/td>\n<td>Multimode<\/td>\n<td>Multimode<\/td>\n<\/tr>\n<tr>\n<td>Taux de donn\u00e9es<\/td>\n<td>1G\/10GB<\/td>\n<td>10G\/40G\/100GB<\/td>\n<td>10G\/40G\/100GB<\/td>\n<\/tr>\n<tr>\n<td>Connecteur<\/td>\n<td>ST UPC vers LC UPC<\/td>\n<td>ST UPC vers LC UPC<\/td>\n<td>ST UPC vers LC UPC<\/td>\n<\/tr>\n<tr>\n<td>Perte d&rsquo;insertion<\/td>\n<td>\u22640,3dB<\/td>\n<td>\u22640,3dB<\/td>\n<td>\u22640,3dB<\/td>\n<\/tr>\n<tr>\n<td>Perte de retour<\/td>\n<td>\u226530dB<\/td>\n<td>\u226530dB<\/td>\n<td>\u226530dB<\/td>\n<\/tr>\n<tr>\n<td>Longueur<\/td>\n<td>1m<\/td>\n<td>1m<\/td>\n<td>1m<\/td>\n<\/tr>\n<tr>\n<td>Veste<\/td>\n<td>LSZH, OFNR, PVC<\/td>\n<td>LSZH, OFNR, PVC<\/td>\n<td>LSZH, OFNR, PVC<\/td>\n<\/tr>\n<\/tbody>\n<\/table>\n<h2 style=\"text-align: left; font-size: 18px;\"><strong>Caract\u00e9ristiques du cordon de raccordement en fibre ST-LC 50 125um 1m de longueur<\/strong><\/h2>\n<ul>\n<li>1m Longueur du c\u00e2ble<\/li>\n<li>Connecteur ST-LC<\/li>\n<li>10\/40\/100G Multimode<\/li>\n<li>Connecteur poli UPC<\/li>\n<li>100% inspect\u00e9<\/li>\n<li>Faible perte d&rsquo;insertion<\/li>\n<li>Perte de r\u00e9flexion sur le haut du dos<\/li>\n<li>Capacit\u00e9 stable et fiabilit\u00e9 \u00e9lev\u00e9e<\/li>\n<li>Excellente capacit\u00e9 m\u00e9canique<\/li>\n<\/ul>\n<h2 style=\"text-align: left; font-size: 18px;\"><strong>Applications du cordon de raccordement en fibre ST-LC 50 125um 1m de longueur<\/strong><\/h2>\n<ul>\n<li>Centres de donn\u00e9es<\/li>\n<li>R\u00e9seaux de stockage<\/li>\n<li>LAN\/Entreprise<\/li>\n<li>Centres de calcul \u00e0 haute performance<\/li>\n<\/ul>\n<h2 style=\"text-align: left; font-size: 18px;\"><strong>Vous cherchez d&rsquo;autres choix de c\u00e2bles de raccordement en fibre optique ?<\/strong><\/h2>\n<p>Vous souhaitez plus d&rsquo;options pour les c\u00e2bles de raccordement en fibre optique ? D\u00e9couvrez notre s\u00e9lection de <span style=\"color: #0054a6;\"><strong><a style=\"color: #0054a6;\" href=\"https:\/\/www.bonelinks.com\/fr\/lc-fibre-patch-leads\/\" target=\"_blank\" rel=\"noopener\">C\u00e2bles de raccordement en fibre LC, <\/a><\/strong><\/span><a title=\"C\u00e2bles de raccordement en fibre ST\" href=\"https:\/\/www.bonelinks.com\/fr\/st-fibre-patch-leads\/\" target=\"_blank\" rel=\"noopener\"><strong><span style=\"color: #0054a6;\">C\u00e2bles de raccordement en fibre ST,<\/span><\/strong> <\/a><strong><span style=\"color: #0054a6;\"><a style=\"color: #0054a6;\" href=\"https:\/\/www.bonelinks.com\/fr\/st-lc-fiber-patch-cable\/\" target=\"_blank\" rel=\"noopener\">C\u00e2bles de raccordement en fibre ST LC,<\/a><\/span> <span style=\"color: #0054a6;\"><a style=\"color: #0054a6;\" href=\"https:\/\/www.bonelinks.com\/fr\/multimode-fibre-patch-leads\/\" target=\"_blank\" rel=\"noopener\">C\u00e2bles de raccordement en fibre multimode<\/a> <\/span><\/strong>pour une mise en r\u00e9seau sans faille.<\/p>\n<p>\u00c0 la recherche de cordons de raccordement en fibre optique con\u00e7us et fabriqu\u00e9s sur mesure ? D\u00e9couvrez notre section d\u00e9di\u00e9e aux<a href=\"https:\/\/www.bonelinks.com\/fr\/custom-fiber-optic-cables\/\" target=\"_blank\" rel=\"noopener\"><span style=\"color: #0054a6;\"><strong> C\u00e2bles \u00e0 fibres optiques sur mesure <\/strong><\/span><\/a>pour des solutions de connectivit\u00e9 sur mesure.<\/p>\n<ul>\n<li>Vente au d\u00e9tail ou en gros &#8211; Nous avons tout ce qu&rsquo;il faut !<\/li>\n<li>Vous ne savez pas quoi acheter ? Nous offrons des conseils d&rsquo;experts.<\/li>\n<li>Faible MOQ : pas besoin d&rsquo;acheter plus que ce que vous voulez.<\/li>\n<li>Des prix comp\u00e9titifs : Obtenez un excellent rapport qualit\u00e9-prix \u00e0 chaque fois.<\/li>\n<li>Livraison rapide : Votre rapidit\u00e9, notre priorit\u00e9.<\/li>\n<li>Centr\u00e9 sur le client : Nous adaptons nos services \u00e0 vos besoins.<\/li>\n<\/ul>\n<p><strong>Connectez-vous avec nous !<\/strong><br \/>\nSi vous avez des difficult\u00e9s \u00e0 trouver le bon <span style=\"color: #0054a6;\"><strong><a style=\"color: #0054a6;\" href=\"https:\/\/www.bonelinks.com\/fr\/fiber-optic-patch-cord-supplier\/\" target=\"_blank\" rel=\"noopener\">cordon de raccordement en fibre optique <\/a><\/strong><\/span>pour vos besoins, ou si vous avez besoin de conseils d&rsquo;experts, un seul clic et vous pouvez<a href=\"https:\/\/www.bonelinks.com\/fr\/contact-us\/\" target=\"_blank\" rel=\"noopener\"><strong><span style=\"color: #0054a6;\"> discuter avec nous <\/span><\/strong><\/a>en quelques secondes. Votre satisfaction est notre priorit\u00e9. Nous sommes pr\u00eats \u00e0 vous aider dans tous les domaines. <strong>Ne vous inqui\u00e9tez pas, il n&rsquo;est pas n\u00e9cessaire de trop r\u00e9fl\u00e9chir. Nous sommes l\u00e0, pr\u00eats \u00e0 vous aider.<\/strong><\/p>\n","protected":false},"excerpt":{"rendered":"<p>Am\u00e9liorez votre infrastructure fibre avec un cordon de raccordement fibre ST-LC 50 125um 1m de haute qualit\u00e9 pour r\u00e9duire la perte de signal. Id\u00e9al pour la transmission de donn\u00e9es \u00e0 haut d\u00e9bit dans les r\u00e9seaux Ethernet.<\/p>\n<ul>\n<li>1,25 mm LC UPC vers 2,5 mm ST UPC<\/li>\n<li>Longueur du c\u00e2ble 1m<\/li>\n<li>Applications multimodes 10\/40\/100G<\/li>\n<li>100% inspect\u00e9<\/li>\n<\/ul>\n","protected":false},"featured_media":17045,"template":"","meta":{"site-sidebar-layout":"default","site-content-layout":"default","ast-site-content-layout":"default","site-content-style":"default","site-sidebar-style":"default","ast-global-header-display":"","ast-banner-title-visibility":"","ast-main-header-display":"","ast-hfb-above-header-display":"","ast-hfb-below-header-display":"","ast-hfb-mobile-header-display":"","site-post-title":"","ast-breadcrumbs-content":"","ast-featured-img":"","footer-sml-layout":"","ast-disable-related-posts":"","theme-transparent-header-meta":"default","adv-header-id-meta":"","stick-header-meta":"default","header-above-stick-meta":"","header-main-stick-meta":"","header-below-stick-meta":"","astra-migrate-meta-layouts":"set","ast-page-background-enabled":"default","ast-page-background-meta":{"desktop":{"background-color":"","background-image":"","background-repeat":"repeat","background-position":"center center","background-size":"auto","background-attachment":"scroll","background-type":"","background-media":"","overlay-type":"","overlay-color":"","overlay-opacity":"","overlay-gradient":""},"tablet":{"background-color":"","background-image":"","background-repeat":"repeat","background-position":"center center","background-size":"auto","background-attachment":"scroll","background-type":"","background-media":"","overlay-type":"","overlay-color":"","overlay-opacity":"","overlay-gradient":""},"mobile":{"background-color":"","background-image":"","background-repeat":"repeat","background-position":"center center","background-size":"auto","background-attachment":"scroll","background-type":"","background-media":"","overlay-type":"","overlay-color":"","overlay-opacity":"","overlay-gradient":""}},"ast-content-background-meta":{"desktop":{"background-color":"var(--ast-global-color-5)","background-image":"","background-repeat":"repeat","background-position":"center center","background-size":"auto","background-attachment":"scroll","background-type":"","background-media":"","overlay-type":"","overlay-color":"","overlay-opacity":"","overlay-gradient":""},"tablet":{"background-color":"var(--ast-global-color-5)","background-image":"","background-repeat":"repeat","background-position":"center center","background-size":"auto","background-attachment":"scroll","background-type":"","background-media":"","overlay-type":"","overlay-color":"","overlay-opacity":"","overlay-gradient":""},"mobile":{"background-color":"var(--ast-global-color-5)","background-image":"","background-repeat":"repeat","background-position":"center center","background-size":"auto","background-attachment":"scroll","background-type":"","background-media":"","overlay-type":"","overlay-color":"","overlay-opacity":"","overlay-gradient":""}}},"product_brand":[],"product_cat":[231,253,229,227],"product_tag":[],"class_list":{"0":"post-21314","1":"product","2":"type-product","3":"status-publish","4":"has-post-thumbnail","6":"product_cat-multimode-fiber-patch-cord-fr","7":"product_cat-st-fiber-patch-cord-fr","8":"product_cat-lc-fiber-patch-cord-fr","9":"product_cat-fiber-patch-cord-fr","10":"pa_connector-type-lc-st-fr","11":"pa_fiber-type-multimode-fr","12":"desktop-align-left","13":"tablet-align-left","14":"mobile-align-left","15":"ast-product-gallery-layout-vertical","16":"ast-product-gallery-with-no-image","17":"ast-product-tabs-layout-vertical","18":"ast-qv-on-image","20":"first","21":"instock","22":"shipping-taxable","23":"product-type-simple"},"_links":{"self":[{"href":"https:\/\/www.bonelinks.com\/fr\/wp-json\/wp\/v2\/product\/21314","targetHints":{"allow":["GET"]}}],"collection":[{"href":"https:\/\/www.bonelinks.com\/fr\/wp-json\/wp\/v2\/product"}],"about":[{"href":"https:\/\/www.bonelinks.com\/fr\/wp-json\/wp\/v2\/types\/product"}],"version-history":[{"count":3,"href":"https:\/\/www.bonelinks.com\/fr\/wp-json\/wp\/v2\/product\/21314\/revisions"}],"predecessor-version":[{"id":24081,"href":"https:\/\/www.bonelinks.com\/fr\/wp-json\/wp\/v2\/product\/21314\/revisions\/24081"}],"wp:featuredmedia":[{"embeddable":true,"href":"https:\/\/www.bonelinks.com\/fr\/wp-json\/wp\/v2\/media\/17045"}],"wp:attachment":[{"href":"https:\/\/www.bonelinks.com\/fr\/wp-json\/wp\/v2\/media?parent=21314"}],"wp:term":[{"taxonomy":"product_brand","embeddable":true,"href":"https:\/\/www.bonelinks.com\/fr\/wp-json\/wp\/v2\/product_brand?post=21314"},{"taxonomy":"product_cat","embeddable":true,"href":"https:\/\/www.bonelinks.com\/fr\/wp-json\/wp\/v2\/product_cat?post=21314"},{"taxonomy":"product_tag","embeddable":true,"href":"https:\/\/www.bonelinks.com\/fr\/wp-json\/wp\/v2\/product_tag?post=21314"}],"curies":[{"name":"wp","href":"https:\/\/api.w.org\/{rel}","templated":true}]}}