{"id":21264,"date":"2023-07-05T07:16:53","date_gmt":"2023-07-05T15:16:53","guid":{"rendered":"https:\/\/www.bonelinks.com\/product\/cordons-de-raccordement-lc-fibre-om2\/"},"modified":"2024-01-28T19:52:38","modified_gmt":"2024-01-29T03:52:38","slug":"lc-fibre-om2-patch-leads","status":"publish","type":"product","link":"https:\/\/www.bonelinks.com\/fr\/product\/lc-fibre-om2-patch-leads\/","title":{"rendered":"Cordons de raccordement LC Fibre OM2"},"content":{"rendered":"<h1 style=\"text-align: left; font-size: 18px;\"><strong>Cordons de raccordement LC Fibre OM2 pour une transmission de donn\u00e9es rapide et fiable<\/strong><\/h1>\n<p>Les cordons de raccordement Bonelinks LC Fibre OM2 sont termin\u00e9s par un connecteur LC \u00e0 virole c\u00e9ramique SFF durable, garantissant une connectivit\u00e9 fiable et performante. Ces cordons de raccordement sont dot\u00e9s de c\u00e2bles en fibre multimode \u00e0 large bande renforc\u00e9e par une fermeture \u00e0 glissi\u00e8re et d&rsquo;un verre de fibre optique de haute qualit\u00e9. Con\u00e7us pour la transmission de donn\u00e9es \u00e0 haut d\u00e9bit et \u00e0 faible perte, ces cordons de raccordement sont id\u00e9aux pour diverses applications.<\/p>\n<p>Les cordons de raccordement LC Fibre OM2 sont termin\u00e9s par un connecteur LC (Lucent Connector), ce qui permet des applications \u00e0 plus haute densit\u00e9 gr\u00e2ce \u00e0 leur plus petit diam\u00e8tre. Le connecteur LC est largement reconnu comme un standard dans l&rsquo;industrie de la fibre, offrant des connexions rapides, faciles et fiables.<\/p>\n<p>La fibre multimode OM2 avec une taille de c\u0153ur de 50 microns et un diam\u00e8tre de gaine ext\u00e9rieure de 125 microns est id\u00e9ale pour l&rsquo;Ethernet rapide, l&rsquo;Ethernet gigabit, les centres de donn\u00e9es et d&rsquo;autres applications de donn\u00e9es \u00e0 haut d\u00e9bit. Il supporte de plus longues distances de transmission avec une perte moindre par rapport aux c\u00e2bles \u00e0 fibre 62,5\/125\u00b5m OM1.<\/p>\n<p>Bonelinks propose une gamme \u00e9tendue de cordons de raccordement LC Fibre OM2, offrant une grande flexibilit\u00e9 gr\u00e2ce \u00e0 des options de longueurs, de mat\u00e9riaux de gaine et de nombres de fibres diff\u00e9rents. Choisissez les cordons de raccordement qui r\u00e9pondent \u00e0 vos besoins sp\u00e9cifiques pour une connectivit\u00e9 de donn\u00e9es transparente et efficace.<\/p>\n<h2 style=\"text-align: left; font-size: 18px;\"><strong>Caract\u00e9ristiques des cordons de raccordement LC Fibre OM2<\/strong><\/h2>\n<ul>\n<li>Fibre OM2 50\/125<\/li>\n<li>Connecteur LC \u00e0 virole c\u00e9ramique de 1,25<\/li>\n<li>Disponible en diff\u00e9rentes longueurs de c\u00e2ble<\/li>\n<li>Test\u00e9 \u00e0 100 % pour la perte d&rsquo;insertion et la r\u00e9flexion arri\u00e8re<\/li>\n<\/ul>\n<h2 style=\"text-align: left; font-size: 18px;\"><strong>Applications des cordons de raccordement LC Fibre OM2<\/strong><\/h2>\n<ul>\n<li>T\u00e9l\u00e9communications<\/li>\n<li>Datacom (centres de donn\u00e9es)<\/li>\n<li>Connectivit\u00e9 de l&rsquo;\u00e9metteur-r\u00e9cepteur<\/li>\n<\/ul>\n<h2 style=\"text-align: left; font-size: 18px;\"><strong>Vous cherchez d&rsquo;autres choix de c\u00e2bles de raccordement en fibre optique ?<\/strong><\/h2>\n<p>Vous souhaitez plus d&rsquo;options pour les c\u00e2bles de raccordement en fibre optique ? D\u00e9couvrez notre s\u00e9lection de <span style=\"color: #0054a6;\"><strong><a style=\"color: #0054a6;\" href=\"https:\/\/www.bonelinks.com\/fr\/lc-fibre-patch-leads\/\" target=\"_blank\" rel=\"noopener\">C\u00e2bles de raccordement en fibre LC, <\/a><\/strong><\/span><strong><span style=\"color: #0054a6;\"><a style=\"color: #0054a6;\" href=\"https:\/\/www.bonelinks.com\/fr\/multimode-fibre-patch-leads\/\" target=\"_blank\" rel=\"noopener\">C\u00e2ble de raccordement en fibre multimode <\/a><\/span><\/strong>pour une mise en r\u00e9seau sans faille.<\/p>\n<p>\u00c0 la recherche de cordons de raccordement en fibre optique con\u00e7us et fabriqu\u00e9s sur mesure ? D\u00e9couvrez notre section d\u00e9di\u00e9e aux<a href=\"https:\/\/www.bonelinks.com\/fr\/custom-fiber-optic-cables\/\" target=\"_blank\" rel=\"noopener\"><span style=\"color: #0054a6;\"><strong> C\u00e2bles \u00e0 fibres optiques sur mesure <\/strong><\/span><\/a>pour des solutions de connectivit\u00e9 sur mesure.<\/p>\n<ul>\n<li>Vente au d\u00e9tail ou en gros &#8211; Nous avons tout ce qu&rsquo;il faut !<\/li>\n<li>Vous ne savez pas quoi acheter ? Nous offrons des conseils d&rsquo;experts.<\/li>\n<li>Faible MOQ : pas besoin d&rsquo;acheter plus que ce que vous voulez.<\/li>\n<li>Des prix comp\u00e9titifs : Obtenez un excellent rapport qualit\u00e9-prix \u00e0 chaque fois.<\/li>\n<li>Livraison rapide : Votre rapidit\u00e9, notre priorit\u00e9.<\/li>\n<li>Centr\u00e9 sur le client : Nous adaptons nos services \u00e0 vos besoins.<\/li>\n<\/ul>\n<p><strong>Connectez-vous avec nous !<\/strong><br \/>\nSi vous avez des difficult\u00e9s \u00e0 trouver le bon <span style=\"color: #0054a6;\"><strong><a style=\"color: #0054a6;\" href=\"https:\/\/www.bonelinks.com\/fr\/fiber-optic-patch-cord-supplier\/\" target=\"_blank\" rel=\"noopener\">cordon de raccordement en fibre optique <\/a><\/strong><\/span>pour vos besoins, ou si vous avez besoin de conseils d&rsquo;experts, un seul clic et vous pouvez<a href=\"https:\/\/www.bonelinks.com\/fr\/contact-us\/\" target=\"_blank\" rel=\"noopener\"><strong><span style=\"color: #0054a6;\"> discuter avec nous <\/span><\/strong><\/a>en quelques secondes. Votre satisfaction est notre priorit\u00e9. Nous sommes pr\u00eats \u00e0 vous aider dans tous les domaines. <strong>Ne vous inqui\u00e9tez pas, il n&rsquo;est pas n\u00e9cessaire de trop r\u00e9fl\u00e9chir. Nous sommes l\u00e0, pr\u00eats \u00e0 vous aider.<\/strong><\/p>\n","protected":false},"excerpt":{"rendered":"<p>Les cordons de raccordement LC Fibre OM2 sont dot\u00e9s de connecteurs LC durables \u00e0 f\u00e9rule c\u00e9ramique et \u00e0 petit facteur de forme (SFF). La fibre multimode \u00e0 grande largeur de bande assure une transmission de donn\u00e9es \u00e0 grande vitesse et \u00e0 faible perte avec un renforcement par cordon de serrage.<\/p>\n<ul>\n<li>Multimode OM2 50\/125 micron verre avec gaine orange<\/li>\n<li>Connecteur LC \u00e0 virole c\u00e9ramique de 1,25<\/li>\n<li>Solution id\u00e9ale pour la transmission de donn\u00e9es \u00e0 haut d\u00e9bit<\/li>\n<li>La qualit\u00e9 est contr\u00f4l\u00e9e \u00e0 100 %.<\/li>\n<\/ul>\n","protected":false},"featured_media":16445,"template":"","meta":{"site-sidebar-layout":"default","site-content-layout":"default","ast-site-content-layout":"default","site-content-style":"default","site-sidebar-style":"default","ast-global-header-display":"","ast-banner-title-visibility":"","ast-main-header-display":"","ast-hfb-above-header-display":"","ast-hfb-below-header-display":"","ast-hfb-mobile-header-display":"","site-post-title":"","ast-breadcrumbs-content":"","ast-featured-img":"","footer-sml-layout":"","ast-disable-related-posts":"","theme-transparent-header-meta":"default","adv-header-id-meta":"","stick-header-meta":"default","header-above-stick-meta":"","header-main-stick-meta":"","header-below-stick-meta":"","astra-migrate-meta-layouts":"set","ast-page-background-enabled":"default","ast-page-background-meta":{"desktop":{"background-color":"","background-image":"","background-repeat":"repeat","background-position":"center center","background-size":"auto","background-attachment":"scroll","background-type":"","background-media":"","overlay-type":"","overlay-color":"","overlay-opacity":"","overlay-gradient":""},"tablet":{"background-color":"","background-image":"","background-repeat":"repeat","background-position":"center center","background-size":"auto","background-attachment":"scroll","background-type":"","background-media":"","overlay-type":"","overlay-color":"","overlay-opacity":"","overlay-gradient":""},"mobile":{"background-color":"","background-image":"","background-repeat":"repeat","background-position":"center center","background-size":"auto","background-attachment":"scroll","background-type":"","background-media":"","overlay-type":"","overlay-color":"","overlay-opacity":"","overlay-gradient":""}},"ast-content-background-meta":{"desktop":{"background-color":"var(--ast-global-color-5)","background-image":"","background-repeat":"repeat","background-position":"center center","background-size":"auto","background-attachment":"scroll","background-type":"","background-media":"","overlay-type":"","overlay-color":"","overlay-opacity":"","overlay-gradient":""},"tablet":{"background-color":"var(--ast-global-color-5)","background-image":"","background-repeat":"repeat","background-position":"center center","background-size":"auto","background-attachment":"scroll","background-type":"","background-media":"","overlay-type":"","overlay-color":"","overlay-opacity":"","overlay-gradient":""},"mobile":{"background-color":"var(--ast-global-color-5)","background-image":"","background-repeat":"repeat","background-position":"center center","background-size":"auto","background-attachment":"scroll","background-type":"","background-media":"","overlay-type":"","overlay-color":"","overlay-opacity":"","overlay-gradient":""}}},"product_brand":[],"product_cat":[231,229,227],"product_tag":[],"class_list":{"0":"post-21264","1":"product","2":"type-product","3":"status-publish","4":"has-post-thumbnail","6":"product_cat-multimode-fiber-patch-cord-fr","7":"product_cat-lc-fiber-patch-cord-fr","8":"product_cat-fiber-patch-cord-fr","9":"pa_connector-type-lc-fr","10":"pa_fiber-type-50-125-om2-fr","11":"desktop-align-left","12":"tablet-align-left","13":"mobile-align-left","14":"ast-product-gallery-layout-vertical","15":"ast-product-gallery-with-no-image","16":"ast-product-tabs-layout-vertical","17":"ast-qv-on-image","19":"first","20":"instock","21":"shipping-taxable","22":"product-type-simple"},"_links":{"self":[{"href":"https:\/\/www.bonelinks.com\/fr\/wp-json\/wp\/v2\/product\/21264","targetHints":{"allow":["GET"]}}],"collection":[{"href":"https:\/\/www.bonelinks.com\/fr\/wp-json\/wp\/v2\/product"}],"about":[{"href":"https:\/\/www.bonelinks.com\/fr\/wp-json\/wp\/v2\/types\/product"}],"version-history":[{"count":3,"href":"https:\/\/www.bonelinks.com\/fr\/wp-json\/wp\/v2\/product\/21264\/revisions"}],"predecessor-version":[{"id":24072,"href":"https:\/\/www.bonelinks.com\/fr\/wp-json\/wp\/v2\/product\/21264\/revisions\/24072"}],"wp:featuredmedia":[{"embeddable":true,"href":"https:\/\/www.bonelinks.com\/fr\/wp-json\/wp\/v2\/media\/16445"}],"wp:attachment":[{"href":"https:\/\/www.bonelinks.com\/fr\/wp-json\/wp\/v2\/media?parent=21264"}],"wp:term":[{"taxonomy":"product_brand","embeddable":true,"href":"https:\/\/www.bonelinks.com\/fr\/wp-json\/wp\/v2\/product_brand?post=21264"},{"taxonomy":"product_cat","embeddable":true,"href":"https:\/\/www.bonelinks.com\/fr\/wp-json\/wp\/v2\/product_cat?post=21264"},{"taxonomy":"product_tag","embeddable":true,"href":"https:\/\/www.bonelinks.com\/fr\/wp-json\/wp\/v2\/product_tag?post=21264"}],"curies":[{"name":"wp","href":"https:\/\/api.w.org\/{rel}","templated":true}]}}