{"id":21262,"date":"2023-07-05T18:11:48","date_gmt":"2023-07-06T02:11:48","guid":{"rendered":"https:\/\/www.bonelinks.com\/product\/10g-multimode-lc-lc-patch-fibre\/"},"modified":"2024-01-28T19:50:16","modified_gmt":"2024-01-29T03:50:16","slug":"10g-multimode-lc-lc-fibre-patch","status":"publish","type":"product","link":"https:\/\/www.bonelinks.com\/fr\/product\/10g-multimode-lc-lc-fibre-patch\/","title":{"rendered":"10g Multimode LC-LC Patch Fibre"},"content":{"rendered":"<h1 style=\"text-align: left; font-size: 18px;\"><strong>Patch fibre multimode LC-LC 10g : Solution \u00e0 large bande passante pour 10 Gigabit Ethernet<\/strong><\/h1>\n<p>Bonelinks pr\u00e9sente le 10g Multimode LC-LC Fibre Patch, un c\u00e2ble de qualit\u00e9 sup\u00e9rieure sp\u00e9cialement con\u00e7u pour les applications 10 Gigabit Ethernet. Ce c\u00e2ble \u00e0 fibre multimode optimis\u00e9 pour le laser (LOMMF) se caract\u00e9rise par une conception de fibre optique multimode 50\/125 OM3, offrant une largeur de bande nettement sup\u00e9rieure \u00e0 celle des c\u00e2bles \u00e0 fibre multimode 62,5\/125\u00b5m traditionnels. Il est id\u00e9al pour les connexions 10GBase-SR et 10GBase-LRM dans les centres de donn\u00e9es. Les connecteurs LC, connus sous le nom de connecteurs Lucent, garantissent des connexions fiables \u00e0 haute densit\u00e9 et la compatibilit\u00e9 avec les dispositifs plug-and-play tels que les modules SFP et les \u00e9metteurs-r\u00e9cepteurs XFP.<\/p>\n<p>Notre patch fibre multimode LC-LC 10g est fabriqu\u00e9 \u00e0 partir de fibres optiques et de connecteurs c\u00e9ramiques de haute qualit\u00e9. Il subit des tests rigoureux pour assurer une faible perte d&rsquo;insertion et de retour, garantissant des performances sup\u00e9rieures et une qualit\u00e9 exceptionnelle. Le c\u00e2ble offre la compatibilit\u00e9 ascendante et la marge de man\u0153uvre n\u00e9cessaires pour prendre en charge les sources lumineuses LED, Laser et VCSEL, ce qui en fait une solution id\u00e9ale pour les r\u00e9seaux 10 Gigabit Ethernet et les applications exigeantes.<\/p>\n<h2 style=\"text-align: left; font-size: 18px;\"><strong>Caract\u00e9ristiques du Patch fibre multimode 10g LC-LC<\/strong><\/h2>\n<ul>\n<li>Connecteurs LC\/LC<\/li>\n<li>LOMMF, Laser-optimized Aqua fiber pour les sources de lumi\u00e8re laser LED\/VCSEL et les applications 10 gigabit<\/li>\n<li>OM3 pour les applications Ethernet 10G<\/li>\n<li>Distance maximale 10G de 300 m \u00e0 850 nm<\/li>\n<li>Utilis\u00e9 pour connecter des panneaux de brassage et\/ou des dispositifs de r\u00e9seau qui n\u00e9cessitent un c\u00e2blage multimode 50\/125<\/li>\n<li>Les caract\u00e9ristiques optiques sont contr\u00f4l\u00e9es \u00e0 100 % avant l&rsquo;exp\u00e9dition<\/li>\n<li>Disponible en diff\u00e9rentes longueurs<\/li>\n<\/ul>\n<h2 style=\"text-align: left; font-size: 18px;\"><strong>Applications du patch fibre multimode LC-LC 10g<\/strong><\/h2>\n<ul>\n<li>10 Gigabit Ethernet<\/li>\n<li>Stockage des donn\u00e9es<\/li>\n<li>R\u00e9seaux locaux<\/li>\n<\/ul>\n<h2 style=\"text-align: left; font-size: 18px;\"><strong>Vous cherchez d&rsquo;autres choix de c\u00e2bles de raccordement en fibre optique ?<\/strong><\/h2>\n<p>Vous souhaitez plus d&rsquo;options pour les c\u00e2bles de raccordement en fibre optique ? D\u00e9couvrez notre s\u00e9lection de <span style=\"color: #0054a6;\"><strong><a style=\"color: #0054a6;\" href=\"https:\/\/www.bonelinks.com\/fr\/lc-fibre-patch-leads\/\" target=\"_blank\" rel=\"noopener\">C\u00e2bles de raccordement en fibre LC, <\/a><\/strong><\/span><a title=\"C\u00e2bles de raccordement en fibre LC \u00e0 LC\" href=\"https:\/\/www.bonelinks.com\/fr\/lc-to-lc-fiber-patch-cable\/\" target=\"_blank\" rel=\"noopener\"><strong><span style=\"color: #0054a6;\">C\u00e2bles de raccordement fibre LC \u00e0 LC, <\/span><\/strong><\/a><strong><span style=\"color: #0054a6;\"><a style=\"color: #0054a6;\" href=\"https:\/\/www.bonelinks.com\/fr\/multimode-fibre-patch-leads\/\" target=\"_blank\" rel=\"noopener\">C\u00e2bles de raccordement en fibre multimode <\/a><\/span><\/strong>pour une mise en r\u00e9seau sans faille.<\/p>\n<p>\u00c0 la recherche de cordons de raccordement en fibre optique con\u00e7us et fabriqu\u00e9s sur mesure ? D\u00e9couvrez notre section d\u00e9di\u00e9e aux<a href=\"https:\/\/www.bonelinks.com\/fr\/custom-fiber-optic-cables\/\" target=\"_blank\" rel=\"noopener\"><span style=\"color: #0054a6;\"><strong> C\u00e2bles \u00e0 fibres optiques sur mesure <\/strong><\/span><\/a>pour des solutions de connectivit\u00e9 sur mesure.<\/p>\n<ul>\n<li>Vente au d\u00e9tail ou en gros &#8211; Nous avons tout ce qu&rsquo;il faut !<\/li>\n<li>Vous ne savez pas quoi acheter ? Nous offrons des conseils d&rsquo;experts.<\/li>\n<li>Faible MOQ : pas besoin d&rsquo;acheter plus que ce que vous voulez.<\/li>\n<li>Des prix comp\u00e9titifs : Obtenez un excellent rapport qualit\u00e9-prix \u00e0 chaque fois.<\/li>\n<li>Livraison rapide : Votre rapidit\u00e9, notre priorit\u00e9.<\/li>\n<li>Centr\u00e9 sur le client : Nous adaptons nos services \u00e0 vos besoins.<\/li>\n<\/ul>\n<p><strong>Connectez-vous avec nous !<\/strong><br \/>\nSi vous avez des difficult\u00e9s \u00e0 trouver le bon <span style=\"color: #0054a6;\"><strong><a style=\"color: #0054a6;\" href=\"https:\/\/www.bonelinks.com\/fr\/fiber-optic-patch-cord-supplier\/\" target=\"_blank\" rel=\"noopener\">cordon de raccordement en fibre optique <\/a><\/strong><\/span>pour vos besoins, ou si vous avez besoin de conseils d&rsquo;experts, un seul clic et vous pouvez<a href=\"https:\/\/www.bonelinks.com\/fr\/contact-us\/\" target=\"_blank\" rel=\"noopener\"><strong><span style=\"color: #0054a6;\"> discuter avec nous <\/span><\/strong><\/a>en quelques secondes. Votre satisfaction est notre priorit\u00e9. Nous sommes pr\u00eats \u00e0 vous aider dans tous les domaines. <strong>Ne vous inqui\u00e9tez pas, il n&rsquo;est pas n\u00e9cessaire de trop r\u00e9fl\u00e9chir. Nous sommes l\u00e0, pr\u00eats \u00e0 vous aider.<\/strong><\/p>\n","protected":false},"excerpt":{"rendered":"<p>Bonelinks 10g Multimode LC-LC Fibre Patch est un c\u00e2ble de haute qualit\u00e9, \u00e0 large bande passante, con\u00e7u pour les applications 10 Gigabit Ethernet. Termin\u00e9 par des connecteurs LC durables pour des performances sup\u00e9rieures.<\/p>\n<ul>\n<li>OM3 pour les applications Ethernet 10G<\/li>\n<li>R\u00e9trocompatibilit\u00e9 avec les fibres 50\/125 existantes<\/li>\n<li>Disponible en diff\u00e9rentes longueurs<\/li>\n<li>Les caract\u00e9ristiques optiques sont contr\u00f4l\u00e9es \u00e0 100 % avant l&rsquo;exp\u00e9dition<\/li>\n<\/ul>\n","protected":false},"featured_media":17865,"template":"","meta":{"site-sidebar-layout":"default","site-content-layout":"default","ast-site-content-layout":"default","site-content-style":"default","site-sidebar-style":"default","ast-global-header-display":"","ast-banner-title-visibility":"","ast-main-header-display":"","ast-hfb-above-header-display":"","ast-hfb-below-header-display":"","ast-hfb-mobile-header-display":"","site-post-title":"","ast-breadcrumbs-content":"","ast-featured-img":"","footer-sml-layout":"","ast-disable-related-posts":"","theme-transparent-header-meta":"default","adv-header-id-meta":"","stick-header-meta":"default","header-above-stick-meta":"","header-main-stick-meta":"","header-below-stick-meta":"","astra-migrate-meta-layouts":"set","ast-page-background-enabled":"default","ast-page-background-meta":{"desktop":{"background-color":"","background-image":"","background-repeat":"repeat","background-position":"center center","background-size":"auto","background-attachment":"scroll","background-type":"","background-media":"","overlay-type":"","overlay-color":"","overlay-opacity":"","overlay-gradient":""},"tablet":{"background-color":"","background-image":"","background-repeat":"repeat","background-position":"center center","background-size":"auto","background-attachment":"scroll","background-type":"","background-media":"","overlay-type":"","overlay-color":"","overlay-opacity":"","overlay-gradient":""},"mobile":{"background-color":"","background-image":"","background-repeat":"repeat","background-position":"center center","background-size":"auto","background-attachment":"scroll","background-type":"","background-media":"","overlay-type":"","overlay-color":"","overlay-opacity":"","overlay-gradient":""}},"ast-content-background-meta":{"desktop":{"background-color":"var(--ast-global-color-5)","background-image":"","background-repeat":"repeat","background-position":"center center","background-size":"auto","background-attachment":"scroll","background-type":"","background-media":"","overlay-type":"","overlay-color":"","overlay-opacity":"","overlay-gradient":""},"tablet":{"background-color":"var(--ast-global-color-5)","background-image":"","background-repeat":"repeat","background-position":"center center","background-size":"auto","background-attachment":"scroll","background-type":"","background-media":"","overlay-type":"","overlay-color":"","overlay-opacity":"","overlay-gradient":""},"mobile":{"background-color":"var(--ast-global-color-5)","background-image":"","background-repeat":"repeat","background-position":"center center","background-size":"auto","background-attachment":"scroll","background-type":"","background-media":"","overlay-type":"","overlay-color":"","overlay-opacity":"","overlay-gradient":""}}},"product_brand":[],"product_cat":[231,229,227],"product_tag":[],"class_list":{"0":"post-21262","1":"product","2":"type-product","3":"status-publish","4":"has-post-thumbnail","6":"product_cat-multimode-fiber-patch-cord-fr","7":"product_cat-lc-fiber-patch-cord-fr","8":"product_cat-fiber-patch-cord-fr","9":"pa_connector-type-lc-lc-fr","10":"pa_fiber-type-50-125-om3-fr","11":"desktop-align-left","12":"tablet-align-left","13":"mobile-align-left","14":"ast-product-gallery-layout-vertical","15":"ast-product-gallery-with-no-image","16":"ast-product-tabs-layout-vertical","17":"ast-qv-on-image","19":"first","20":"instock","21":"shipping-taxable","22":"product-type-simple"},"_links":{"self":[{"href":"https:\/\/www.bonelinks.com\/fr\/wp-json\/wp\/v2\/product\/21262","targetHints":{"allow":["GET"]}}],"collection":[{"href":"https:\/\/www.bonelinks.com\/fr\/wp-json\/wp\/v2\/product"}],"about":[{"href":"https:\/\/www.bonelinks.com\/fr\/wp-json\/wp\/v2\/types\/product"}],"version-history":[{"count":3,"href":"https:\/\/www.bonelinks.com\/fr\/wp-json\/wp\/v2\/product\/21262\/revisions"}],"predecessor-version":[{"id":24069,"href":"https:\/\/www.bonelinks.com\/fr\/wp-json\/wp\/v2\/product\/21262\/revisions\/24069"}],"wp:featuredmedia":[{"embeddable":true,"href":"https:\/\/www.bonelinks.com\/fr\/wp-json\/wp\/v2\/media\/17865"}],"wp:attachment":[{"href":"https:\/\/www.bonelinks.com\/fr\/wp-json\/wp\/v2\/media?parent=21262"}],"wp:term":[{"taxonomy":"product_brand","embeddable":true,"href":"https:\/\/www.bonelinks.com\/fr\/wp-json\/wp\/v2\/product_brand?post=21262"},{"taxonomy":"product_cat","embeddable":true,"href":"https:\/\/www.bonelinks.com\/fr\/wp-json\/wp\/v2\/product_cat?post=21262"},{"taxonomy":"product_tag","embeddable":true,"href":"https:\/\/www.bonelinks.com\/fr\/wp-json\/wp\/v2\/product_tag?post=21262"}],"curies":[{"name":"wp","href":"https:\/\/api.w.org\/{rel}","templated":true}]}}