{"id":21261,"date":"2023-07-05T22:06:06","date_gmt":"2023-07-06T06:06:06","guid":{"rendered":"https:\/\/www.bonelinks.com\/product\/cordon-de-raccordement-fibre-multimode-lc-50-125-om3-duplex\/"},"modified":"2024-01-28T19:48:47","modified_gmt":"2024-01-29T03:48:47","slug":"lc-lc-multimode-fibre-patch-cord-50-125-om3-duplex","status":"publish","type":"product","link":"https:\/\/www.bonelinks.com\/fr\/product\/lc-lc-multimode-fibre-patch-cord-50-125-om3-duplex\/","title":{"rendered":"Cordon de raccordement fibre multimode LC 50 125 OM3 Duplex"},"content":{"rendered":"<h1 style=\"text-align: left; font-size: 18px;\"><strong>Cordon de raccordement en fibre multimode LC 50 125 OM3 Duplex : c\u00e2ble \u00e0 large bande passante pour la transmission de donn\u00e9es exigeantes<\/strong><\/h1>\n<p>Notre cordon de raccordement en fibre multimode LC 50 125 OM3 Duplex est un c\u00e2ble duplex de haute qualit\u00e9 con\u00e7u pour r\u00e9pondre aux exigences \u00e9lev\u00e9es de la transmission de donn\u00e9es dans le domaine des t\u00e9l\u00e9communications. Il utilise la conception compacte et peu encombrante des connecteurs LC, qui sont largement utilis\u00e9s sur le march\u00e9 aujourd&rsquo;hui. Ce cordon de raccordement en fibre optique est id\u00e9al pour les connexions Ethernet 10\/40\/100G et constitue la sp\u00e9cification de fibre pr\u00e9f\u00e9r\u00e9e pour les connexions Ethernet 10G.<\/p>\n<p>Dot\u00e9 d&rsquo;une fibre multimode optimis\u00e9e pour le laser (LOMMF) et offrant une bande passante presque trois fois sup\u00e9rieure \u00e0 celle de la fibre multimode 62,5\/125\u00b5m conventionnelle, ce c\u00e2ble multimode duplex OM3 offre des performances accrues. Il est con\u00e7u pour les connexions 10GBase-SR et 10GBase-LRM dans les centres de donn\u00e9es. En outre, il est enti\u00e8rement compatible avec les syst\u00e8mes existants utilisant des optiques LED ou VCSEL, ce qui permet une int\u00e9gration facile dans le c\u00e2blage en fibre optique et les conceptions de syst\u00e8mes existants.<\/p>\n<p>Notre cordon de raccordement de fibre multimode LC 50 125 OM3 Duplex est termin\u00e9 par des connecteurs LC \u00e0 virole c\u00e9ramique durables. Les connecteurs LC, \u00e9galement connus sous le nom de connecteurs Lucent, sont des connecteurs encliquetables largement utilis\u00e9s pour les connexions \u00e0 haute densit\u00e9. Ils sont compatibles avec les dispositifs plug-and-play tels que les modules SFP et les \u00e9metteurs-r\u00e9cepteurs XFP, offrant ainsi une connectivit\u00e9 fiable et pratique.<\/p>\n<p>Chez Bonelinks, nous donnons la priorit\u00e9 \u00e0 une fabrication de haute qualit\u00e9 pour l&rsquo;ensemble de notre gamme de produits. Chaque c\u00e2ble de raccordement de fibre optique, y compris notre c\u00e2ble de raccordement de fibre multimode LC 50 125 OM3 Duplex, est test\u00e9 \u00e0 100 % pour garantir des performances exceptionnelles. Avec diff\u00e9rentes options de longueur et de mat\u00e9riau de gaine, nos cordons de raccordement sont fabriqu\u00e9s \u00e0 l&rsquo;aide de mat\u00e9riaux de haute qualit\u00e9 et strictement test\u00e9s pour une faible perte d&rsquo;insertion et de retour. Profitez de performances stables et d&rsquo;une qualit\u00e9 sup\u00e9rieure avec le cordon de raccordement en fibre multimode LC 50 125 OM3 Duplex pour vos besoins de transmission de donn\u00e9es \u00e0 haut d\u00e9bit.<\/p>\n<h2 style=\"text-align: left; font-size: 18px;\"><strong>Caract\u00e9ristiques du cordon de raccordement fibre multimode LC 50 125 OM3 Duplex<\/strong><\/h2>\n<ul>\n<li>C\u00e2ble de raccordement en fibre optique duplex OM3 50\/125<\/li>\n<li>Connecteurs LC \u00e0 LC<\/li>\n<li>C\u00e2ble de raccordement en fibre optique multimode pour les connexions de donn\u00e9es \u00e0 haut d\u00e9bit<\/li>\n<li>Fibre optique multimode pour la transmission de donn\u00e9es sur de courtes distances<\/li>\n<li>Id\u00e9al pour les applications de r\u00e9seau Ethernet 10GB<\/li>\n<li>Compatibilit\u00e9 ascendante avec les \u00e9quipements 50\/125 existants<\/li>\n<li>Disponible en diff\u00e9rentes longueurs<\/li>\n<li>Les caract\u00e9ristiques optiques sont contr\u00f4l\u00e9es \u00e0 100 % avant l&rsquo;exp\u00e9dition<\/li>\n<\/ul>\n<h2 style=\"text-align: left; font-size: 18px;\"><strong>Applications du cordon de raccordement fibre optique multimode LC 50 125 OM3 Duplex<\/strong><\/h2>\n<ul>\n<li>10 Gigabit Ethernet<\/li>\n<li>Stockage des donn\u00e9es<\/li>\n<li>R\u00e9seaux locaux<\/li>\n<\/ul>\n<h2 style=\"text-align: left; font-size: 18px;\"><strong>Vous cherchez d&rsquo;autres choix de c\u00e2bles de raccordement en fibre optique ?<\/strong><\/h2>\n<p>Vous souhaitez plus d&rsquo;options pour les c\u00e2bles de raccordement en fibre optique ? D\u00e9couvrez notre s\u00e9lection de <span style=\"color: #0054a6;\"><strong><a style=\"color: #0054a6;\" href=\"https:\/\/www.bonelinks.com\/fr\/lc-fibre-patch-leads\/\" target=\"_blank\" rel=\"noopener\">C\u00e2bles de raccordement en fibre LC, <\/a><\/strong><\/span><a title=\"C\u00e2bles de raccordement en fibre LC \u00e0 LC\" href=\"https:\/\/www.bonelinks.com\/fr\/lc-to-lc-fiber-patch-cable\/\" target=\"_blank\" rel=\"noopener\"><strong><span style=\"color: #0054a6;\">C\u00e2bles de raccordement fibre LC \u00e0 LC, <\/span><\/strong><\/a><strong><span style=\"color: #0054a6;\"><a style=\"color: #0054a6;\" href=\"https:\/\/www.bonelinks.com\/fr\/multimode-fibre-patch-leads\/\" target=\"_blank\" rel=\"noopener\">C\u00e2bles de raccordement en fibre multimode <\/a><\/span><\/strong>pour une mise en r\u00e9seau sans faille.<\/p>\n<p>\u00c0 la recherche de cordons de raccordement en fibre optique con\u00e7us et fabriqu\u00e9s sur mesure ? D\u00e9couvrez notre section d\u00e9di\u00e9e aux<a href=\"https:\/\/www.bonelinks.com\/fr\/custom-fiber-optic-cables\/\" target=\"_blank\" rel=\"noopener\"><span style=\"color: #0054a6;\"><strong> C\u00e2bles \u00e0 fibres optiques sur mesure <\/strong><\/span><\/a>pour des solutions de connectivit\u00e9 sur mesure.<\/p>\n<ul>\n<li>Vente au d\u00e9tail ou en gros &#8211; Nous avons tout ce qu&rsquo;il faut !<\/li>\n<li>Vous ne savez pas quoi acheter ? Nous offrons des conseils d&rsquo;experts.<\/li>\n<li>Faible MOQ : pas besoin d&rsquo;acheter plus que ce que vous voulez.<\/li>\n<li>Des prix comp\u00e9titifs : Obtenez un excellent rapport qualit\u00e9-prix \u00e0 chaque fois.<\/li>\n<li>Livraison rapide : Votre rapidit\u00e9, notre priorit\u00e9.<\/li>\n<li>Centr\u00e9 sur le client : Nous adaptons nos services \u00e0 vos besoins.<\/li>\n<\/ul>\n<p><strong>Connectez-vous avec nous !<\/strong><br \/>\nSi vous avez des difficult\u00e9s \u00e0 trouver le bon <span style=\"color: #0054a6;\"><strong><a style=\"color: #0054a6;\" href=\"https:\/\/www.bonelinks.com\/fr\/fiber-optic-patch-cord-supplier\/\" target=\"_blank\" rel=\"noopener\">cordon de raccordement en fibre optique <\/a><\/strong><\/span>pour vos besoins, ou si vous avez besoin de conseils d&rsquo;experts, un seul clic et vous pouvez<a href=\"https:\/\/www.bonelinks.com\/fr\/contact-us\/\" target=\"_blank\" rel=\"noopener\"><strong><span style=\"color: #0054a6;\"> discuter avec nous <\/span><\/strong><\/a>en quelques secondes. Votre satisfaction est notre priorit\u00e9. Nous sommes pr\u00eats \u00e0 vous aider dans tous les domaines. <strong>Ne vous inqui\u00e9tez pas, il n&rsquo;est pas n\u00e9cessaire de trop r\u00e9fl\u00e9chir. Nous sommes l\u00e0, pr\u00eats \u00e0 vous aider.<\/strong><\/p>\n","protected":false},"excerpt":{"rendered":"<p>Le cordon de raccordement en fibre multimode LC 50 125 OM3 Duplex est un c\u00e2ble \u00e0 large bande passante pour les connexions Ethernet 10\/40\/100G. Termin\u00e9 par des connecteurs LC durables et compacts, il assure une transmission fiable des r\u00e9seaux \u00e0 fibres optiques.<\/p>\n<ul>\n<li>Deux connecteurs LC \u00e0 chaque extr\u00e9mit\u00e9 pour un d\u00e9ploiement rapide<\/li>\n<li>Id\u00e9al pour les applications de r\u00e9seau Ethernet 10GB<\/li>\n<li>C\u00e2ble de raccordement en fibre optique multimode 50\/125 OM3 pour les connexions de donn\u00e9es \u00e0 haut d\u00e9bit<\/li>\n<li>100% inspect\u00e9<\/li>\n<\/ul>\n","protected":false},"featured_media":17865,"template":"","meta":{"site-sidebar-layout":"default","site-content-layout":"default","ast-site-content-layout":"default","site-content-style":"default","site-sidebar-style":"default","ast-global-header-display":"","ast-banner-title-visibility":"","ast-main-header-display":"","ast-hfb-above-header-display":"","ast-hfb-below-header-display":"","ast-hfb-mobile-header-display":"","site-post-title":"","ast-breadcrumbs-content":"","ast-featured-img":"","footer-sml-layout":"","ast-disable-related-posts":"","theme-transparent-header-meta":"default","adv-header-id-meta":"","stick-header-meta":"default","header-above-stick-meta":"","header-main-stick-meta":"","header-below-stick-meta":"","astra-migrate-meta-layouts":"set","ast-page-background-enabled":"default","ast-page-background-meta":{"desktop":{"background-color":"","background-image":"","background-repeat":"repeat","background-position":"center center","background-size":"auto","background-attachment":"scroll","background-type":"","background-media":"","overlay-type":"","overlay-color":"","overlay-opacity":"","overlay-gradient":""},"tablet":{"background-color":"","background-image":"","background-repeat":"repeat","background-position":"center center","background-size":"auto","background-attachment":"scroll","background-type":"","background-media":"","overlay-type":"","overlay-color":"","overlay-opacity":"","overlay-gradient":""},"mobile":{"background-color":"","background-image":"","background-repeat":"repeat","background-position":"center center","background-size":"auto","background-attachment":"scroll","background-type":"","background-media":"","overlay-type":"","overlay-color":"","overlay-opacity":"","overlay-gradient":""}},"ast-content-background-meta":{"desktop":{"background-color":"var(--ast-global-color-5)","background-image":"","background-repeat":"repeat","background-position":"center center","background-size":"auto","background-attachment":"scroll","background-type":"","background-media":"","overlay-type":"","overlay-color":"","overlay-opacity":"","overlay-gradient":""},"tablet":{"background-color":"var(--ast-global-color-5)","background-image":"","background-repeat":"repeat","background-position":"center center","background-size":"auto","background-attachment":"scroll","background-type":"","background-media":"","overlay-type":"","overlay-color":"","overlay-opacity":"","overlay-gradient":""},"mobile":{"background-color":"var(--ast-global-color-5)","background-image":"","background-repeat":"repeat","background-position":"center center","background-size":"auto","background-attachment":"scroll","background-type":"","background-media":"","overlay-type":"","overlay-color":"","overlay-opacity":"","overlay-gradient":""}}},"product_brand":[],"product_cat":[231,229,227],"product_tag":[],"class_list":{"0":"post-21261","1":"product","2":"type-product","3":"status-publish","4":"has-post-thumbnail","6":"product_cat-multimode-fiber-patch-cord-fr","7":"product_cat-lc-fiber-patch-cord-fr","8":"product_cat-fiber-patch-cord-fr","9":"pa_connector-type-lc-lc-fr","10":"pa_fiber-type-50-125-om3-fr","11":"desktop-align-left","12":"tablet-align-left","13":"mobile-align-left","14":"ast-product-gallery-layout-vertical","15":"ast-product-gallery-with-no-image","16":"ast-product-tabs-layout-vertical","17":"ast-qv-on-image","19":"first","20":"instock","21":"shipping-taxable","22":"product-type-simple"},"_links":{"self":[{"href":"https:\/\/www.bonelinks.com\/fr\/wp-json\/wp\/v2\/product\/21261","targetHints":{"allow":["GET"]}}],"collection":[{"href":"https:\/\/www.bonelinks.com\/fr\/wp-json\/wp\/v2\/product"}],"about":[{"href":"https:\/\/www.bonelinks.com\/fr\/wp-json\/wp\/v2\/types\/product"}],"version-history":[{"count":3,"href":"https:\/\/www.bonelinks.com\/fr\/wp-json\/wp\/v2\/product\/21261\/revisions"}],"predecessor-version":[{"id":24068,"href":"https:\/\/www.bonelinks.com\/fr\/wp-json\/wp\/v2\/product\/21261\/revisions\/24068"}],"wp:featuredmedia":[{"embeddable":true,"href":"https:\/\/www.bonelinks.com\/fr\/wp-json\/wp\/v2\/media\/17865"}],"wp:attachment":[{"href":"https:\/\/www.bonelinks.com\/fr\/wp-json\/wp\/v2\/media?parent=21261"}],"wp:term":[{"taxonomy":"product_brand","embeddable":true,"href":"https:\/\/www.bonelinks.com\/fr\/wp-json\/wp\/v2\/product_brand?post=21261"},{"taxonomy":"product_cat","embeddable":true,"href":"https:\/\/www.bonelinks.com\/fr\/wp-json\/wp\/v2\/product_cat?post=21261"},{"taxonomy":"product_tag","embeddable":true,"href":"https:\/\/www.bonelinks.com\/fr\/wp-json\/wp\/v2\/product_tag?post=21261"}],"curies":[{"name":"wp","href":"https:\/\/api.w.org\/{rel}","templated":true}]}}