{"id":21260,"date":"2023-07-05T23:26:45","date_gmt":"2023-07-06T07:26:45","guid":{"rendered":"https:\/\/www.bonelinks.com\/product\/cable-de-raccordement-a-fibres-optiques-om4-lc-lc\/"},"modified":"2024-01-28T19:47:21","modified_gmt":"2024-01-29T03:47:21","slug":"om4-lc-lc-fibre-optic-patch-cable","status":"publish","type":"product","link":"https:\/\/www.bonelinks.com\/fr\/product\/om4-lc-lc-fibre-optic-patch-cable\/","title":{"rendered":"C\u00e2ble de raccordement \u00e0 fibres optiques OM4 LC-LC"},"content":{"rendered":"<h1 style=\"text-align: left; font-size: 18px;\"><strong>C\u00e2ble de raccordement \u00e0 fibre optique OM4 LC-LC pour des connexions fiables \u00e0 haut d\u00e9bit<\/strong><\/h1>\n<p>Notre c\u00e2ble de raccordement OM4 LC-LC pour fibres optiques est con\u00e7u avec des fibres optiques et des connecteurs LC de haute qualit\u00e9, garantissant des performances et une fiabilit\u00e9 sup\u00e9rieures. Il est soumis \u00e0 des tests stricts de faible perte d&rsquo;insertion et de retour, ce qui en fait un choix id\u00e9al pour les connexions Ethernet 10G et 40G \u00e0 grande vitesse.<\/p>\n<p>Ce c\u00e2ble en fibre multimode optimis\u00e9 laser (LOMMF) prend en charge les connexions 10GBase-SR, 40GBase-SR4 et 100GBase-SR10, offrant ainsi une bande passante \u00e9lev\u00e9e et des performances exceptionnelles. Avec une compatibilit\u00e9 ascendante avec les \u00e9quipements multimodes 50\/125 existants, il offre une solution rentable sans compromis sur la qualit\u00e9.<\/p>\n<p>Les connecteurs LC situ\u00e9s aux deux extr\u00e9mit\u00e9s du c\u00e2ble de raccordement permettent des applications \u00e0 plus haute densit\u00e9 gr\u00e2ce \u00e0 leur diam\u00e8tre plus petit. Ces connecteurs, commun\u00e9ment appel\u00e9s Lucent Connection ou Little Connector, offrent une conception de type \u00ab\u00a0snap\u00a0\u00bb avec un diam\u00e8tre de ferrule de 1,25 mm, conforme aux normes IEC 61754-20.<\/p>\n<p>Chaque c\u00e2ble en fibre OM4 est test\u00e9 et certifi\u00e9 individuellement pour respecter les limites acceptables de perte d&rsquo;insertion optique, garantissant ainsi une compatibilit\u00e9 et une fiabilit\u00e9 \u00e0 100 %. Nos cordons de raccordement font l&rsquo;objet d&rsquo;une inspection et de tests rigoureux pendant la production afin de garantir la performance et la protection dans n&rsquo;importe quelle application. Faites confiance aux performances et \u00e0 la fiabilit\u00e9 de notre c\u00e2ble de raccordement \u00e0 fibre optique OM4 LC-LC, con\u00e7u pour offrir une connectivit\u00e9 \u00e0 haut d\u00e9bit pour vos besoins critiques en mati\u00e8re de transmission de donn\u00e9es.<\/p>\n<table>\n<caption><strong>Prise en charge de la distance de liaison OM4<\/strong><\/caption>\n<tbody>\n<tr>\n<th>D\u00e9signation de l&rsquo;\u00e9metteur-r\u00e9cepteur<\/th>\n<th>OM4 (distance maximale en m\u00e8tres)<\/th>\n<\/tr>\n<tr>\n<td style=\"text-align: center;\">10GBASE-SR<\/td>\n<td style=\"text-align: center;\">550<\/td>\n<\/tr>\n<tr>\n<td style=\"text-align: center;\">10GBASE-LX4<\/td>\n<td style=\"text-align: center;\">300<\/td>\n<\/tr>\n<tr>\n<td style=\"text-align: center;\">10GBASE-LRM<\/td>\n<td style=\"text-align: center;\">220<\/td>\n<\/tr>\n<tr>\n<td style=\"text-align: center;\">40GBASE-SR4<\/td>\n<td style=\"text-align: center;\">125<\/td>\n<\/tr>\n<tr>\n<td style=\"text-align: center;\">100GBASE-SR10<\/td>\n<td style=\"text-align: center;\">125<\/td>\n<\/tr>\n<\/tbody>\n<\/table>\n<h2 style=\"text-align: left; font-size: 18px;\"><strong>Caract\u00e9ristiques du c\u00e2ble de raccordement \u00e0 fibres optiques OM4 LC-LC<\/strong><\/h2>\n<ul>\n<li>Connecteurs LC\/LC avec ferrules c\u00e9ramiques polies UPC pour une perte d&rsquo;insertion inf\u00e9rieure \u00e0 0,3dB<\/li>\n<li>C\u00e2bles de raccordement multimode OM4 compatibles avec les sources lumineuses LED et VCSEL<\/li>\n<li>Fibre multimode optimis\u00e9e pour le laser (LOMMF) pour des performances accrues<\/li>\n<li>Prend en charge 10GBase-SR SFP+, 40GBase-SR4 QSFP+ et 100GBase-SR10 QSFP28<\/li>\n<li>Taux de transfert de donn\u00e9es jusqu&rsquo;\u00e0 10 Gbps, 40 Gbps et 100 Gbps<\/li>\n<li>R\u00e9trocompatibilit\u00e9 avec les \u00e9quipements MMF 50\/125 OM2 et OM3 existants<\/li>\n<li>Couleur violette pour une identification facile, \u00e0 distinguer du c\u00e2blage OM1\/OM2 de couleur orange et du c\u00e2blage OM3 de couleur aqua.<\/li>\n<li>Test\u00e9 \u00e0 100 % pour garantir des performances et une fiabilit\u00e9 optimales<\/li>\n<\/ul>\n<h2 style=\"text-align: left; font-size: 18px;\"><strong>Applications du c\u00e2ble de raccordement \u00e0 fibres optiques OM4 LC-LC<\/strong><\/h2>\n<p>Utilisation dans les applications Ethernet 40\/100 Gigabit et les applications de canaux \u00e0 fibres optiques<br \/>\nConnectivit\u00e9 \u00e0 grande vitesse pour les applications \u00e0 haute densit\u00e9<\/p>\n<h2 style=\"text-align: left; font-size: 18px;\"><strong>Vous cherchez d&rsquo;autres choix de c\u00e2bles de raccordement en fibre optique ?<\/strong><\/h2>\n<p>Vous souhaitez plus d&rsquo;options pour les c\u00e2bles de raccordement en fibre optique ? D\u00e9couvrez notre s\u00e9lection de <span style=\"color: #0054a6;\"><strong><a style=\"color: #0054a6;\" href=\"https:\/\/www.bonelinks.com\/fr\/lc-fibre-patch-leads\/\" target=\"_blank\" rel=\"noopener\">C\u00e2bles de raccordement en fibre LC, <\/a><\/strong><\/span><a title=\"C\u00e2bles de raccordement en fibre LC \u00e0 LC\" href=\"https:\/\/www.bonelinks.com\/fr\/lc-to-lc-fiber-patch-cable\/\" target=\"_blank\" rel=\"noopener\"><strong><span style=\"color: #0054a6;\">C\u00e2bles de raccordement fibre LC \u00e0 LC, <\/span><\/strong><\/a><strong><span style=\"color: #0054a6;\"><a style=\"color: #0054a6;\" href=\"https:\/\/www.bonelinks.com\/fr\/multimode-fibre-patch-leads\/\" target=\"_blank\" rel=\"noopener\">C\u00e2bles de raccordement en fibre multimode <\/a><\/span><\/strong>pour une mise en r\u00e9seau sans faille.<\/p>\n<p>\u00c0 la recherche de cordons de raccordement en fibre optique con\u00e7us et fabriqu\u00e9s sur mesure ? D\u00e9couvrez notre section d\u00e9di\u00e9e aux<a href=\"https:\/\/www.bonelinks.com\/fr\/custom-fiber-optic-cables\/\" target=\"_blank\" rel=\"noopener\"><span style=\"color: #0054a6;\"><strong> C\u00e2bles \u00e0 fibres optiques sur mesure <\/strong><\/span><\/a>pour des solutions de connectivit\u00e9 sur mesure.<\/p>\n<ul>\n<li>Vente au d\u00e9tail ou en gros &#8211; Nous avons tout ce qu&rsquo;il faut !<\/li>\n<li>Vous ne savez pas quoi acheter ? Nous offrons des conseils d&rsquo;experts.<\/li>\n<li>Faible MOQ : pas besoin d&rsquo;acheter plus que ce que vous voulez.<\/li>\n<li>Des prix comp\u00e9titifs : Obtenez un excellent rapport qualit\u00e9-prix \u00e0 chaque fois.<\/li>\n<li>Livraison rapide : Votre rapidit\u00e9, notre priorit\u00e9.<\/li>\n<li>Centr\u00e9 sur le client : Nous adaptons nos services \u00e0 vos besoins.<\/li>\n<\/ul>\n<p><strong>Connectez-vous avec nous !<\/strong><br \/>\nSi vous avez des difficult\u00e9s \u00e0 trouver le bon <span style=\"color: #0054a6;\"><strong><a style=\"color: #0054a6;\" href=\"https:\/\/www.bonelinks.com\/fr\/fiber-optic-patch-cord-supplier\/\" target=\"_blank\" rel=\"noopener\">cordon de raccordement en fibre optique <\/a><\/strong><\/span>pour vos besoins, ou si vous avez besoin de conseils d&rsquo;experts, un seul clic et vous pouvez<a href=\"https:\/\/www.bonelinks.com\/fr\/contact-us\/\" target=\"_blank\" rel=\"noopener\"><strong><span style=\"color: #0054a6;\"> discuter avec nous <\/span><\/strong><\/a>en quelques secondes. Votre satisfaction est notre priorit\u00e9. Nous sommes pr\u00eats \u00e0 vous aider dans tous les domaines. <strong>Ne vous inqui\u00e9tez pas, il n&rsquo;est pas n\u00e9cessaire de trop r\u00e9fl\u00e9chir. Nous sommes l\u00e0, pr\u00eats \u00e0 vous aider.<\/strong><\/p>\n","protected":false},"excerpt":{"rendered":"<p>C\u00e2ble de raccordement \u00e0 fibre optique OM4 LC-LC avec fibre optique de haute qualit\u00e9 et connecteurs LC-LC. Test\u00e9 strictement pour la performance et la compatibilit\u00e9. Id\u00e9al pour les connexions 10GBase-SR, 40GBase-SR BiDi, SFP+ et QSFP+.<\/p>\n<ul>\n<li>Connecteurs LC\/LC avec ferrules c\u00e9ramiques polies UPC pour une perte d&rsquo;insertion inf\u00e9rieure \u00e0 0,3dB<\/li>\n<li>Prise en charge des taux de transfert de donn\u00e9es jusqu&rsquo;\u00e0 10 Gbps, 40 Gbps et 100 Gbps<\/li>\n<li>R\u00e9trocompatibilit\u00e9 avec les \u00e9quipements MMF 50\/125 OM2 et OM3 existants<\/li>\n<li>Chaque c\u00e2ble est test\u00e9 \u00e0 100 % pour garantir des performances optimales.<\/li>\n<\/ul>\n","protected":false},"featured_media":19325,"template":"","meta":{"site-sidebar-layout":"default","site-content-layout":"default","ast-site-content-layout":"default","site-content-style":"default","site-sidebar-style":"default","ast-global-header-display":"","ast-banner-title-visibility":"","ast-main-header-display":"","ast-hfb-above-header-display":"","ast-hfb-below-header-display":"","ast-hfb-mobile-header-display":"","site-post-title":"","ast-breadcrumbs-content":"","ast-featured-img":"","footer-sml-layout":"","ast-disable-related-posts":"","theme-transparent-header-meta":"default","adv-header-id-meta":"","stick-header-meta":"default","header-above-stick-meta":"","header-main-stick-meta":"","header-below-stick-meta":"","astra-migrate-meta-layouts":"set","ast-page-background-enabled":"default","ast-page-background-meta":{"desktop":{"background-color":"","background-image":"","background-repeat":"repeat","background-position":"center center","background-size":"auto","background-attachment":"scroll","background-type":"","background-media":"","overlay-type":"","overlay-color":"","overlay-opacity":"","overlay-gradient":""},"tablet":{"background-color":"","background-image":"","background-repeat":"repeat","background-position":"center center","background-size":"auto","background-attachment":"scroll","background-type":"","background-media":"","overlay-type":"","overlay-color":"","overlay-opacity":"","overlay-gradient":""},"mobile":{"background-color":"","background-image":"","background-repeat":"repeat","background-position":"center center","background-size":"auto","background-attachment":"scroll","background-type":"","background-media":"","overlay-type":"","overlay-color":"","overlay-opacity":"","overlay-gradient":""}},"ast-content-background-meta":{"desktop":{"background-color":"var(--ast-global-color-5)","background-image":"","background-repeat":"repeat","background-position":"center center","background-size":"auto","background-attachment":"scroll","background-type":"","background-media":"","overlay-type":"","overlay-color":"","overlay-opacity":"","overlay-gradient":""},"tablet":{"background-color":"var(--ast-global-color-5)","background-image":"","background-repeat":"repeat","background-position":"center center","background-size":"auto","background-attachment":"scroll","background-type":"","background-media":"","overlay-type":"","overlay-color":"","overlay-opacity":"","overlay-gradient":""},"mobile":{"background-color":"var(--ast-global-color-5)","background-image":"","background-repeat":"repeat","background-position":"center center","background-size":"auto","background-attachment":"scroll","background-type":"","background-media":"","overlay-type":"","overlay-color":"","overlay-opacity":"","overlay-gradient":""}}},"product_brand":[],"product_cat":[231,229,227],"product_tag":[],"class_list":{"0":"post-21260","1":"product","2":"type-product","3":"status-publish","4":"has-post-thumbnail","6":"product_cat-multimode-fiber-patch-cord-fr","7":"product_cat-lc-fiber-patch-cord-fr","8":"product_cat-fiber-patch-cord-fr","9":"pa_connector-type-lc-lc-fr","10":"pa_fiber-type-50-125-om4-fr","11":"desktop-align-left","12":"tablet-align-left","13":"mobile-align-left","14":"ast-product-gallery-layout-vertical","15":"ast-product-gallery-with-no-image","16":"ast-product-tabs-layout-vertical","17":"ast-qv-on-image","19":"first","20":"instock","21":"shipping-taxable","22":"product-type-simple"},"_links":{"self":[{"href":"https:\/\/www.bonelinks.com\/fr\/wp-json\/wp\/v2\/product\/21260","targetHints":{"allow":["GET"]}}],"collection":[{"href":"https:\/\/www.bonelinks.com\/fr\/wp-json\/wp\/v2\/product"}],"about":[{"href":"https:\/\/www.bonelinks.com\/fr\/wp-json\/wp\/v2\/types\/product"}],"version-history":[{"count":3,"href":"https:\/\/www.bonelinks.com\/fr\/wp-json\/wp\/v2\/product\/21260\/revisions"}],"predecessor-version":[{"id":24066,"href":"https:\/\/www.bonelinks.com\/fr\/wp-json\/wp\/v2\/product\/21260\/revisions\/24066"}],"wp:featuredmedia":[{"embeddable":true,"href":"https:\/\/www.bonelinks.com\/fr\/wp-json\/wp\/v2\/media\/19325"}],"wp:attachment":[{"href":"https:\/\/www.bonelinks.com\/fr\/wp-json\/wp\/v2\/media?parent=21260"}],"wp:term":[{"taxonomy":"product_brand","embeddable":true,"href":"https:\/\/www.bonelinks.com\/fr\/wp-json\/wp\/v2\/product_brand?post=21260"},{"taxonomy":"product_cat","embeddable":true,"href":"https:\/\/www.bonelinks.com\/fr\/wp-json\/wp\/v2\/product_cat?post=21260"},{"taxonomy":"product_tag","embeddable":true,"href":"https:\/\/www.bonelinks.com\/fr\/wp-json\/wp\/v2\/product_tag?post=21260"}],"curies":[{"name":"wp","href":"https:\/\/api.w.org\/{rel}","templated":true}]}}