{"id":21258,"date":"2023-07-07T22:37:34","date_gmt":"2023-07-08T06:37:34","guid":{"rendered":"https:\/\/www.bonelinks.com\/product\/mpo-vers-lc-8-fibre-om3-50-125-breakout-cable-40g-100g\/"},"modified":"2024-01-28T19:40:31","modified_gmt":"2024-01-29T03:40:31","slug":"mpo-to-lc-8-fiber-om3-50-125-breakout-cable-40g-100g","status":"publish","type":"product","link":"https:\/\/www.bonelinks.com\/fr\/product\/mpo-to-lc-8-fiber-om3-50-125-breakout-cable-40g-100g\/","title":{"rendered":"MPO vers LC 8 Fibre OM3 50\/125 Breakout Cable 40g 100g"},"content":{"rendered":"<h1 style=\"text-align: left; font-size: 18px;\"><strong> MPO vers LC 8 Fibre OM3 50\/125 Breakout Cable 40g 100g : Connectivit\u00e9 polyvalente pour les r\u00e9seaux \u00e0 haute densit\u00e9<\/strong><\/h1>\n<p>Le c\u00e2ble de d\u00e9rivation MPO se compose d&rsquo;un connecteur femelle MPO \u00e0 une extr\u00e9mit\u00e9 et de connecteurs fibre duplex 4xLC \u00e0 l&rsquo;autre extr\u00e9mit\u00e9. Il convient \u00e0 la connexion de 100G QSFP28 SR4 \u00e0 25G SFP28 SR ou de 40G QSFP SR4 \u00e0 10G SFP+ SR. Ce c\u00e2ble 8 fibres OM3 MPO \u00e0 4xLC Duplex respecte la polarit\u00e9 de la m\u00e9thode B (Cross-Connect).<\/p>\n<p>Compar\u00e9 aux solutions traditionnelles de c\u00e2blage en fibre optique, le c\u00e2ble MPO vers LC OM3 50\/125 Breakout offre une plus grande flexibilit\u00e9 et des avantages en termes d&rsquo;\u00e9conomie d&rsquo;espace. Il offre une connectivit\u00e9 efficace tout en prenant en charge des d\u00e9bits de donn\u00e9es tr\u00e8s \u00e9lev\u00e9s, tels que 40 gigabits et 100 gigabits Ethernet.<\/p>\n<p>Des options de personnalisation sont disponibles, y compris des queues LC de diff\u00e9rentes longueurs dans des configurations en quinconce ou non. Chaque c\u00e2ble de d\u00e9rivation MPO vers LC subit des tests complets et est fabriqu\u00e9 avec des composants robustes pour garantir sa durabilit\u00e9. En outre, sur demande, un connecteur MTP\u00ae peut \u00eatre fourni pour des besoins sp\u00e9cifiques.<\/p>\n<h2 style=\"text-align: left; font-size: 18px;\"><strong>Caract\u00e9ristiques de MPO \u00e0 LC 8 Fibre OM3 50\/125 Breakout Cable 40g 100g<\/strong><\/h2>\n<ul>\n<li>8 fibres<\/li>\n<li>C\u00e2ble Aqua OM3 50\/125\u00b5m<\/li>\n<li>Connecteurs MPO (femelle) vers LC<\/li>\n<li>40g 100g transmission de donn\u00e9es<\/li>\n<li>Termin\u00e9 en usine pour une qualit\u00e9 constante et des performances \u00e9lev\u00e9es, ce qui r\u00e9duit le temps d&rsquo;installation<\/li>\n<li>Test\u00e9 \u00e0 100 % pour garantir une faible perte d&rsquo;insertion et une perte de retour \u00e9lev\u00e9e<\/li>\n<li>Performances optimis\u00e9es avec des options pour les connecteurs \u00e9lites MTP et les connecteurs discrets haut de gamme<\/li>\n<li>Configurations personnalis\u00e9es disponibles pour r\u00e9pondre \u00e0 des besoins sp\u00e9cifiques<\/li>\n<\/ul>\n<h2 style=\"text-align: left; font-size: 18px;\"><strong>Applications de MPO \u00e0 LC 8 Fibre OM3 50\/125 Breakout 40g 100g<\/strong><\/h2>\n<ul>\n<li>Connexions interframes de la commutation optique<\/li>\n<li>Acc\u00e8s au bord de la carte en fibre optique \u00e0 haute densit\u00e9<\/li>\n<li>Interconnexion 40G et 100G<\/li>\n<li>C\u00e2blage de centre de donn\u00e9es<\/li>\n<\/ul>\n<h2 style=\"text-align: left; font-size: 18px;\"><strong>Vous cherchez d&rsquo;autres choix de c\u00e2bles MTP\/MPO ?<\/strong><\/h2>\n<p>Vous souhaitez plus d&rsquo;options pour les c\u00e2bles MTP\/MPO ? D\u00e9couvrez notre s\u00e9lection de <span style=\"color: #0054a6;\"><strong><a style=\"color: #0054a6;\" href=\"https:\/\/www.bonelinks.com\/fr\/8-fiber-mpo-cable\/\" target=\"_blank\" rel=\"noopener\">C\u00e2bles MTP\/MPO 8 fibres, <\/a><\/strong><\/span><a title=\"C\u00e2bles de d\u00e9rivation MPO\/MTP vers LC\" href=\"https:\/\/www.bonelinks.com\/fr\/mpo-breakout-cable\/\" target=\"_blank\" rel=\"noopener\"><strong><span style=\"color: #0054a6;\">MPO\/MTP vers LC Breakout Cables<\/span><\/strong> <\/a>pour une mise en r\u00e9seau sans faille.<\/p>\n<p>Vous \u00eates \u00e0 la recherche de cordons de raccordement MPO con\u00e7us et fabriqu\u00e9s sur mesure ? D\u00e9couvrez notre section d\u00e9di\u00e9e aux<a href=\"https:\/\/www.bonelinks.com\/fr\/custom-fiber-optic-cables\/\" target=\"_blank\" rel=\"noopener\"><span style=\"color: #0054a6;\"><strong> C\u00e2bles \u00e0 fibres optiques sur mesure <\/strong><\/span><\/a>pour des solutions de connectivit\u00e9 sur mesure.<\/p>\n<ul>\n<li>Vente au d\u00e9tail ou en gros &#8211; Nous avons tout ce qu&rsquo;il faut !<\/li>\n<li>Vous ne savez pas quoi acheter ? Nous offrons des conseils d&rsquo;experts.<\/li>\n<li>Faible MOQ : pas besoin d&rsquo;acheter plus que ce que vous voulez.<\/li>\n<li>Des prix comp\u00e9titifs : Obtenez un excellent rapport qualit\u00e9-prix \u00e0 chaque fois.<\/li>\n<li>Livraison rapide : Votre rapidit\u00e9, notre priorit\u00e9.<\/li>\n<li>Centr\u00e9 sur le client : Nous adaptons nos services \u00e0 vos besoins.<\/li>\n<\/ul>\n<p><strong>Connectez-vous avec nous !<\/strong><br \/>\nSi vous avez des difficult\u00e9s \u00e0 trouver le bon <span style=\"color: #0054a6;\"><strong><a style=\"color: #0054a6;\" href=\"https:\/\/www.bonelinks.com\/fr\/fiber-optic-patch-cord-supplier\/\" target=\"_blank\" rel=\"noopener\">cordon de raccordement en fibre optique <\/a><\/strong><\/span>pour vos besoins, ou si vous avez besoin de conseils d&rsquo;experts, un seul clic et vous pouvez<a href=\"https:\/\/www.bonelinks.com\/fr\/contact-us\/\" target=\"_blank\" rel=\"noopener\"><strong><span style=\"color: #0054a6;\"> discuter avec nous <\/span><\/strong><\/a>en quelques secondes. Votre satisfaction est notre priorit\u00e9. Nous sommes pr\u00eats \u00e0 vous aider dans tous les domaines. <strong>Ne vous inqui\u00e9tez pas, il n&rsquo;est pas n\u00e9cessaire de trop r\u00e9fl\u00e9chir. Nous sommes l\u00e0, pr\u00eats \u00e0 vous aider.<\/strong><\/p>\n","protected":false},"excerpt":{"rendered":"<p>MPO vers LC 8 Fiber OM3 50\/125 Breakout Cable 40g 100g permet la connexion d&rsquo;un \u00e9metteur-r\u00e9cepteur QSFP+ ou QSFP28 \u00e0 4 ports SFP+ ou LC, offrant une solution flexible et peu encombrante pour les d\u00e9bits de donn\u00e9es \u00e9lev\u00e9s.<\/p>\n<ul>\n<li>Id\u00e9al pour les applications 40G SR4 ou 100G SR4<\/li>\n<li>Performances optimis\u00e9es &#8211; disponible en MTP \u00e9lite et en connecteur discret de qualit\u00e9 sup\u00e9rieure<\/li>\n<li>Configurations personnalis\u00e9es disponibles<\/li>\n<\/ul>\n","protected":false},"featured_media":16595,"template":"","meta":{"site-sidebar-layout":"default","site-content-layout":"default","ast-site-content-layout":"default","site-content-style":"default","site-sidebar-style":"default","ast-global-header-display":"","ast-banner-title-visibility":"","ast-main-header-display":"","ast-hfb-above-header-display":"","ast-hfb-below-header-display":"","ast-hfb-mobile-header-display":"","site-post-title":"","ast-breadcrumbs-content":"","ast-featured-img":"","footer-sml-layout":"","ast-disable-related-posts":"","theme-transparent-header-meta":"default","adv-header-id-meta":"","stick-header-meta":"default","header-above-stick-meta":"","header-main-stick-meta":"","header-below-stick-meta":"","astra-migrate-meta-layouts":"set","ast-page-background-enabled":"default","ast-page-background-meta":{"desktop":{"background-color":"","background-image":"","background-repeat":"repeat","background-position":"center center","background-size":"auto","background-attachment":"scroll","background-type":"","background-media":"","overlay-type":"","overlay-color":"","overlay-opacity":"","overlay-gradient":""},"tablet":{"background-color":"","background-image":"","background-repeat":"repeat","background-position":"center center","background-size":"auto","background-attachment":"scroll","background-type":"","background-media":"","overlay-type":"","overlay-color":"","overlay-opacity":"","overlay-gradient":""},"mobile":{"background-color":"","background-image":"","background-repeat":"repeat","background-position":"center center","background-size":"auto","background-attachment":"scroll","background-type":"","background-media":"","overlay-type":"","overlay-color":"","overlay-opacity":"","overlay-gradient":""}},"ast-content-background-meta":{"desktop":{"background-color":"var(--ast-global-color-5)","background-image":"","background-repeat":"repeat","background-position":"center center","background-size":"auto","background-attachment":"scroll","background-type":"","background-media":"","overlay-type":"","overlay-color":"","overlay-opacity":"","overlay-gradient":""},"tablet":{"background-color":"var(--ast-global-color-5)","background-image":"","background-repeat":"repeat","background-position":"center center","background-size":"auto","background-attachment":"scroll","background-type":"","background-media":"","overlay-type":"","overlay-color":"","overlay-opacity":"","overlay-gradient":""},"mobile":{"background-color":"var(--ast-global-color-5)","background-image":"","background-repeat":"repeat","background-position":"center center","background-size":"auto","background-attachment":"scroll","background-type":"","background-media":"","overlay-type":"","overlay-color":"","overlay-opacity":"","overlay-gradient":""}}},"product_brand":[],"product_cat":[231,229,258,227],"product_tag":[],"class_list":{"0":"post-21258","1":"product","2":"type-product","3":"status-publish","4":"has-post-thumbnail","6":"product_cat-multimode-fiber-patch-cord-fr","7":"product_cat-lc-fiber-patch-cord-fr","8":"product_cat-mpo-patch-cord-fr","9":"product_cat-fiber-patch-cord-fr","10":"pa_connector-type-mpo-lc-fr","11":"pa_fiber-type-50-125-om3-fr","12":"desktop-align-left","13":"tablet-align-left","14":"mobile-align-left","15":"ast-product-gallery-layout-vertical","16":"ast-product-gallery-with-no-image","17":"ast-product-tabs-layout-vertical","18":"ast-qv-on-image","20":"first","21":"instock","22":"shipping-taxable","23":"product-type-simple"},"_links":{"self":[{"href":"https:\/\/www.bonelinks.com\/fr\/wp-json\/wp\/v2\/product\/21258","targetHints":{"allow":["GET"]}}],"collection":[{"href":"https:\/\/www.bonelinks.com\/fr\/wp-json\/wp\/v2\/product"}],"about":[{"href":"https:\/\/www.bonelinks.com\/fr\/wp-json\/wp\/v2\/types\/product"}],"version-history":[{"count":3,"href":"https:\/\/www.bonelinks.com\/fr\/wp-json\/wp\/v2\/product\/21258\/revisions"}],"predecessor-version":[{"id":24060,"href":"https:\/\/www.bonelinks.com\/fr\/wp-json\/wp\/v2\/product\/21258\/revisions\/24060"}],"wp:featuredmedia":[{"embeddable":true,"href":"https:\/\/www.bonelinks.com\/fr\/wp-json\/wp\/v2\/media\/16595"}],"wp:attachment":[{"href":"https:\/\/www.bonelinks.com\/fr\/wp-json\/wp\/v2\/media?parent=21258"}],"wp:term":[{"taxonomy":"product_brand","embeddable":true,"href":"https:\/\/www.bonelinks.com\/fr\/wp-json\/wp\/v2\/product_brand?post=21258"},{"taxonomy":"product_cat","embeddable":true,"href":"https:\/\/www.bonelinks.com\/fr\/wp-json\/wp\/v2\/product_cat?post=21258"},{"taxonomy":"product_tag","embeddable":true,"href":"https:\/\/www.bonelinks.com\/fr\/wp-json\/wp\/v2\/product_tag?post=21258"}],"curies":[{"name":"wp","href":"https:\/\/api.w.org\/{rel}","templated":true}]}}