{"id":21234,"date":"2023-07-08T05:45:54","date_gmt":"2023-07-08T13:45:54","guid":{"rendered":"https:\/\/www.bonelinks.com\/product\/mpo-12-breakout-cable-50-125-multimode-om4\/"},"modified":"2024-01-28T19:33:06","modified_gmt":"2024-01-29T03:33:06","slug":"mpo-to-lc-12-fiber-50-125-multimode-om4-breakout-cable","status":"publish","type":"product","link":"https:\/\/www.bonelinks.com\/fr\/product\/mpo-to-lc-12-fiber-50-125-multimode-om4-breakout-cable\/","title":{"rendered":"MPO-12 Breakout Cable 50\/125 Multimode OM4"},"content":{"rendered":"<h1 style=\"text-align: left; font-size: 18px;\"><strong>C\u00e2ble de d\u00e9rivation MPO-12 50\/125 Multimode OM4 : Performance et flexibilit\u00e9 accrues<\/strong><\/h1>\n<p>Ce c\u00e2ble de d\u00e9rivation MPO-12 est id\u00e9al lorsque l&rsquo;espace est limit\u00e9 et que vous avez besoin de convertir un r\u00e9seau fibre standard en un r\u00e9seau MTP\/MPO haute densit\u00e9 tout en conservant d&rsquo;excellentes connexions fibre. Il se compose d&rsquo;un connecteur MPO femelle et de 6x connecteurs fibre duplex LC UPC, utilisant le polissage UPC pour une meilleure finition de surface et une r\u00e9duction de la r\u00e9flexion arri\u00e8re.<\/p>\n<p>L&rsquo;objectif principal du c\u00e2ble de d\u00e9rivation MPO-12 est de rationaliser l&rsquo;organisation des c\u00e2bles LC duplex, ce qui permet de r\u00e9aliser des \u00e9conomies et d&rsquo;obtenir une installation plus propre. Par exemple, au lieu d&rsquo;installer six c\u00e2bles LC duplex, un administrateur r\u00e9seau peut opter pour un seul assemblage de tronc MPO, reliant plusieurs \u00e9metteurs-r\u00e9cepteurs SFP+ sans perte d&rsquo;insertion significative caus\u00e9e par une douzaine de connecteurs. Ces c\u00e2bles MPO breakout sont \u00e9galement utilis\u00e9s pour faciliter la transition des taux de transmission de 10G \u00e0 40G, comme on le voit dans des sc\u00e9narios tels que la solution QSFP+ vers 4x SFP+.<\/p>\n<p>Les c\u00e2bles de d\u00e9rivation OM4 MPO vers LC offrent une bande passante extr\u00eamement \u00e9lev\u00e9e, surpassant les autres modes \u00e0 4700MHz*km. Ils supportent des distances allant jusqu&rsquo;\u00e0 550 m\u00e8tres pour 10GB et 125 m\u00e8tres pour 100GB, ce qui permet d&rsquo;utiliser des longueurs plus importantes que les c\u00e2bles OM3 tout en maintenant d&rsquo;excellentes performances de connexion.<\/p>\n<p>Le connecteur MTP\u00ae est disponible sur demande. Chaque c\u00e2ble de d\u00e9rivation MPO-12 vers LC peut \u00eatre personnalis\u00e9 avec des connecteurs broch\u00e9s (m\u00e2les) ou non broch\u00e9s (femelles) dans n&rsquo;importe quelle combinaison pour assurer la compatibilit\u00e9 du r\u00e9seau. Les longueurs de c\u00e2ble sont disponibles sur demande. Chaque c\u00e2ble de d\u00e9rivation MPO 12 est soumis \u00e0 des tests complets et est construit avec des composants robustes pour garantir sa fiabilit\u00e9 et sa durabilit\u00e9 dans divers environnements.<\/p>\n<h2 style=\"text-align: left; font-size: 18px;\"><strong>Caract\u00e9ristiques du c\u00e2ble de d\u00e9rivation MPO-12 50\/125 Multimode OM4<\/strong><\/h2>\n<ul>\n<li style=\"list-style-type: none;\">\n<ul>\n<li>Fibre multimode 50\/125 OM4 optimis\u00e9e par laser<\/li>\n<li>C\u00e2ble MPO 12 vers LC<\/li>\n<li>Connexion directe entre les \u00e9metteurs-r\u00e9cepteurs et les troncs MPO (MTP)<\/li>\n<li>Id\u00e9al pour les applications \u00e0 haute densit\u00e9<\/li>\n<li>La terminaison en usine assure une qualit\u00e9 constante, des performances \u00e9lev\u00e9es et r\u00e9duit le temps d&rsquo;installation.<\/li>\n<li>Test\u00e9 \u00e0 100 % pour une faible perte d&rsquo;insertion et une perte de retour \u00e9lev\u00e9e<\/li>\n<li>Performances optimis\u00e9es &#8211; disponible en MTP \u00e9lite et en connecteur discret de qualit\u00e9 sup\u00e9rieure<\/li>\n<li>Configurations personnalis\u00e9es disponibles<\/li>\n<\/ul>\n<\/li>\n<\/ul>\n<h2 style=\"text-align: left; font-size: 18px;\"><strong>Applications du c\u00e2ble de d\u00e9rivation MPO-12 50\/125 Multimode OM4<\/strong><\/h2>\n<ul>\n<li>Connexions interframes de la commutation optique<\/li>\n<li>Acc\u00e8s au bord de la carte en fibre optique \u00e0 haute densit\u00e9<\/li>\n<li>Interconnexion 40G et 10G<\/li>\n<li>C\u00e2blage du centre de donn\u00e9es<\/li>\n<\/ul>\n<h2 style=\"text-align: left; font-size: 18px;\"><strong>Vous cherchez d&rsquo;autres choix de c\u00e2bles MTP\/MPO ?<\/strong><\/h2>\n<p>Vous souhaitez plus d&rsquo;options pour les c\u00e2bles MTP\/MPO ? D\u00e9couvrez notre s\u00e9lection de <span style=\"color: #0054a6;\"><strong><a style=\"color: #0054a6;\" href=\"https:\/\/www.bonelinks.com\/fr\/mpo-12-fiber-cable\/\" target=\"_blank\" rel=\"noopener\">C\u00e2bles MTP\/MPO 12 fibres,<\/a><\/strong><\/span>\u00a0<a title=\"C\u00e2bles de d\u00e9rivation MPO\/MTP vers LC\" href=\"https:\/\/www.bonelinks.com\/fr\/mpo-breakout-cable\/\" target=\"_blank\" rel=\"noopener\"><strong><span style=\"color: #0054a6;\">MPO\/MTP vers LC Breakout Cables<\/span><\/strong> <\/a>pour une mise en r\u00e9seau sans faille.<\/p>\n<p>Vous \u00eates \u00e0 la recherche de cordons de raccordement MPO con\u00e7us et fabriqu\u00e9s sur mesure ? D\u00e9couvrez notre section d\u00e9di\u00e9e aux<a href=\"https:\/\/www.bonelinks.com\/fr\/custom-fiber-optic-cables\/\" target=\"_blank\" rel=\"noopener\"><span style=\"color: #0054a6;\"><strong> C\u00e2bles \u00e0 fibres optiques sur mesure <\/strong><\/span><\/a>pour des solutions de connectivit\u00e9 sur mesure.<\/p>\n<ul>\n<li>Vente au d\u00e9tail ou en gros &#8211; Nous avons tout ce qu&rsquo;il faut !<\/li>\n<li>Vous ne savez pas quoi acheter ? Nous offrons des conseils d&rsquo;experts.<\/li>\n<li>Faible MOQ : pas besoin d&rsquo;acheter plus que ce que vous voulez.<\/li>\n<li>Des prix comp\u00e9titifs : Obtenez un excellent rapport qualit\u00e9-prix \u00e0 chaque fois.<\/li>\n<li>Livraison rapide : Votre rapidit\u00e9, notre priorit\u00e9.<\/li>\n<li>Centr\u00e9 sur le client : Nous adaptons nos services \u00e0 vos besoins.<\/li>\n<\/ul>\n<p><strong>Connectez-vous avec nous !<\/strong><br \/>\nSi vous avez des difficult\u00e9s \u00e0 trouver le bon <span style=\"color: #0054a6;\"><strong><a style=\"color: #0054a6;\" href=\"https:\/\/www.bonelinks.com\/fr\/fiber-optic-patch-cord-supplier\/\" target=\"_blank\" rel=\"noopener\">cordon de raccordement en fibre optique <\/a><\/strong><\/span>pour vos besoins, ou si vous avez besoin de conseils d&rsquo;experts, un seul clic et vous pouvez<a href=\"https:\/\/www.bonelinks.com\/fr\/contact-us\/\" target=\"_blank\" rel=\"noopener\"><strong><span style=\"color: #0054a6;\"> discuter avec nous <\/span><\/strong><\/a>en quelques secondes. Votre satisfaction est notre priorit\u00e9. Nous sommes pr\u00eats \u00e0 vous aider dans tous les domaines. <strong>Ne vous inqui\u00e9tez pas, il n&rsquo;est pas n\u00e9cessaire de trop r\u00e9fl\u00e9chir. Nous sommes l\u00e0, pr\u00eats \u00e0 vous aider.<\/strong><\/p>\n","protected":false},"excerpt":{"rendered":"<p>Le c\u00e2ble de d\u00e9rivation MPO-12 pr\u00e9-termin\u00e9 50\/125 Multimode OM4 offre une qualit\u00e9 constante, une installation rapide et une gestion simplifi\u00e9e des c\u00e2bles, convertissant les r\u00e9seaux fibre standard en connexions MTP\/MPO haute densit\u00e9.<\/p>\n<ul>\n<li>Fibre multimode OM4 optimis\u00e9e par laser<\/li>\n<li>C\u00e2ble de harnais MPO femelle vers 6 x LC duplex<\/li>\n<li>Connexion directe entre les \u00e9metteurs-r\u00e9cepteurs et les troncs MPO (MTP)<\/li>\n<li>Disponible en connecteur \u00e9lite MTP et en connecteur discret premium<\/li>\n<\/ul>\n","protected":false},"featured_media":18090,"template":"","meta":{"site-sidebar-layout":"default","site-content-layout":"default","ast-site-content-layout":"default","site-content-style":"default","site-sidebar-style":"default","ast-global-header-display":"","ast-banner-title-visibility":"","ast-main-header-display":"","ast-hfb-above-header-display":"","ast-hfb-below-header-display":"","ast-hfb-mobile-header-display":"","site-post-title":"","ast-breadcrumbs-content":"","ast-featured-img":"","footer-sml-layout":"","ast-disable-related-posts":"","theme-transparent-header-meta":"default","adv-header-id-meta":"","stick-header-meta":"default","header-above-stick-meta":"","header-main-stick-meta":"","header-below-stick-meta":"","astra-migrate-meta-layouts":"set","ast-page-background-enabled":"default","ast-page-background-meta":{"desktop":{"background-color":"","background-image":"","background-repeat":"repeat","background-position":"center center","background-size":"auto","background-attachment":"scroll","background-type":"","background-media":"","overlay-type":"","overlay-color":"","overlay-opacity":"","overlay-gradient":""},"tablet":{"background-color":"","background-image":"","background-repeat":"repeat","background-position":"center center","background-size":"auto","background-attachment":"scroll","background-type":"","background-media":"","overlay-type":"","overlay-color":"","overlay-opacity":"","overlay-gradient":""},"mobile":{"background-color":"","background-image":"","background-repeat":"repeat","background-position":"center center","background-size":"auto","background-attachment":"scroll","background-type":"","background-media":"","overlay-type":"","overlay-color":"","overlay-opacity":"","overlay-gradient":""}},"ast-content-background-meta":{"desktop":{"background-color":"var(--ast-global-color-5)","background-image":"","background-repeat":"repeat","background-position":"center center","background-size":"auto","background-attachment":"scroll","background-type":"","background-media":"","overlay-type":"","overlay-color":"","overlay-opacity":"","overlay-gradient":""},"tablet":{"background-color":"var(--ast-global-color-5)","background-image":"","background-repeat":"repeat","background-position":"center center","background-size":"auto","background-attachment":"scroll","background-type":"","background-media":"","overlay-type":"","overlay-color":"","overlay-opacity":"","overlay-gradient":""},"mobile":{"background-color":"var(--ast-global-color-5)","background-image":"","background-repeat":"repeat","background-position":"center center","background-size":"auto","background-attachment":"scroll","background-type":"","background-media":"","overlay-type":"","overlay-color":"","overlay-opacity":"","overlay-gradient":""}}},"product_brand":[],"product_cat":[231,229,258,227],"product_tag":[],"class_list":{"0":"post-21234","1":"product","2":"type-product","3":"status-publish","4":"has-post-thumbnail","6":"product_cat-multimode-fiber-patch-cord-fr","7":"product_cat-lc-fiber-patch-cord-fr","8":"product_cat-mpo-patch-cord-fr","9":"product_cat-fiber-patch-cord-fr","10":"pa_connector-type-mpo-lc-fr","11":"pa_fiber-type-50-125-om4-fr","12":"desktop-align-left","13":"tablet-align-left","14":"mobile-align-left","15":"ast-product-gallery-layout-vertical","16":"ast-product-gallery-with-no-image","17":"ast-product-tabs-layout-vertical","18":"ast-qv-on-image","20":"first","21":"instock","22":"shipping-taxable","23":"product-type-simple"},"_links":{"self":[{"href":"https:\/\/www.bonelinks.com\/fr\/wp-json\/wp\/v2\/product\/21234","targetHints":{"allow":["GET"]}}],"collection":[{"href":"https:\/\/www.bonelinks.com\/fr\/wp-json\/wp\/v2\/product"}],"about":[{"href":"https:\/\/www.bonelinks.com\/fr\/wp-json\/wp\/v2\/types\/product"}],"version-history":[{"count":3,"href":"https:\/\/www.bonelinks.com\/fr\/wp-json\/wp\/v2\/product\/21234\/revisions"}],"predecessor-version":[{"id":24053,"href":"https:\/\/www.bonelinks.com\/fr\/wp-json\/wp\/v2\/product\/21234\/revisions\/24053"}],"wp:featuredmedia":[{"embeddable":true,"href":"https:\/\/www.bonelinks.com\/fr\/wp-json\/wp\/v2\/media\/18090"}],"wp:attachment":[{"href":"https:\/\/www.bonelinks.com\/fr\/wp-json\/wp\/v2\/media?parent=21234"}],"wp:term":[{"taxonomy":"product_brand","embeddable":true,"href":"https:\/\/www.bonelinks.com\/fr\/wp-json\/wp\/v2\/product_brand?post=21234"},{"taxonomy":"product_cat","embeddable":true,"href":"https:\/\/www.bonelinks.com\/fr\/wp-json\/wp\/v2\/product_cat?post=21234"},{"taxonomy":"product_tag","embeddable":true,"href":"https:\/\/www.bonelinks.com\/fr\/wp-json\/wp\/v2\/product_tag?post=21234"}],"curies":[{"name":"wp","href":"https:\/\/api.w.org\/{rel}","templated":true}]}}