{"id":21205,"date":"2023-07-09T19:41:45","date_gmt":"2023-07-10T03:41:45","guid":{"rendered":"https:\/\/www.bonelinks.com\/product\/mpo-vers-lc-24-fibre-om4-50-125-breakout-cable\/"},"modified":"2024-01-28T19:30:09","modified_gmt":"2024-01-29T03:30:09","slug":"mpo-to-lc-24-fiber-om4-50-125-breakout-cable","status":"publish","type":"product","link":"https:\/\/www.bonelinks.com\/fr\/product\/mpo-to-lc-24-fiber-om4-50-125-breakout-cable\/","title":{"rendered":"MPO vers LC 24 Fibre OM4 50\/125 Breakout Cable"},"content":{"rendered":"<h1 style=\"text-align: left; font-size: 18px;\"><strong> C\u00e2ble de d\u00e9rivation haute densit\u00e9 MPO vers LC 24 fibres OM4 50\/125 : Solution de connexion efficace <\/strong><\/h1>\n<p>Le c\u00e2ble MPO vers LC 24 Fiber OM4 50\/125 Breakout Cable est sp\u00e9cialement con\u00e7u pour aider les centres de donn\u00e9es et les salles de t\u00e9l\u00e9communications \u00e0 optimiser la densit\u00e9 de connexion dans les environnements \u00e0 espace limit\u00e9. En r\u00e9duisant l&rsquo;encombrement des c\u00e2bles, les administrateurs de syst\u00e8mes et de r\u00e9seaux peuvent r\u00e9cup\u00e9rer un espace pr\u00e9cieux et g\u00e9rer efficacement leurs zones de travail.<\/p>\n<p>Ce c\u00e2ble de d\u00e9rivation est \u00e9quip\u00e9 d&rsquo;un connecteur MPO, pouvant accueillir 24 fibres, se d\u00e9ployant jusqu&rsquo;\u00e0 24 connecteurs LC. Le facteur de forme compact des connecteurs contribue \u00e0 l&rsquo;\u00e9conomie d&rsquo;espace du c\u00e2ble. Il adopte une polarit\u00e9 de \u00ab\u00a0type B\u00a0\u00bb, garantissant un alignement et une connectivit\u00e9 corrects.<\/p>\n<p>Le 24 Fiber MPO Breakout Cable est couramment utilis\u00e9 pour l&rsquo;agr\u00e9gation de 10x10GBASE SFP+ \u00e0 1x100GBASE-SR4. En outre, les connecteurs MPO permettent de transf\u00e9rer jusqu&rsquo;\u00e0 trois liens 40G individuels (40GBASE-SR4) lorsqu&rsquo;ils sont associ\u00e9s \u00e0 des \u00e9metteurs-r\u00e9cepteurs correctement configur\u00e9s. Il facilite \u00e9galement la consolidation des fibres sans n\u00e9cessiter de modules de conversion, tels que les cassettes de fibres.<\/p>\n<p>Avec sa construction multimode 50\/125 OM4, ce c\u00e2ble MPO breakout est un excellent choix pour les applications Ethernet 400G, supportant des distances allant jusqu&rsquo;\u00e0 100 m\u00e8tres \u00e0 850 nm. Il est soumis \u00e0 des tests complets, notamment en ce qui concerne la perte d&rsquo;insertion, la r\u00e9flexion arri\u00e8re et la perte d&rsquo;att\u00e9nuation, afin de satisfaire ou de d\u00e9passer les normes industrielles.<\/p>\n<p>Nos c\u00e2bles MPO vers LC 24 fibres OM4 50\/125 sont m\u00e9ticuleusement assembl\u00e9s pour d\u00e9passer les normes de performance de l&rsquo;industrie. Chaque c\u00e2ble est soumis \u00e0 des tests complets et les r\u00e9sultats sont inclus dans le produit. Les options de personnalisation comprennent des connecteurs broch\u00e9s (m\u00e2les) ou non broch\u00e9s (femelles) dans n&rsquo;importe quelle combinaison, garantissant la compatibilit\u00e9 avec vos exigences de mise en r\u00e9seau. Les longueurs de c\u00e2ble sont disponibles sur demande, et chaque c\u00e2ble de d\u00e9rivation est construit avec des composants robustes pour une performance fiable et durable.<\/p>\n<h2 style=\"text-align: left; font-size: 18px;\"><strong>Caract\u00e9ristiques de MPO \u00e0 LC 24 Fibre OM4 50\/125 Breakout Cable<\/strong><\/h2>\n<ul>\n<li>Connecteur MPO en \u00e9ventail vers 24 connecteurs LC<\/li>\n<li>Pour les \u00e9metteurs-r\u00e9cepteurs 400G QSFP-DD de la prochaine g\u00e9n\u00e9ration<\/li>\n<li>Le c\u00e2ble OM 400 GbE prend en charge les largeurs de bande plus \u00e9lev\u00e9es n\u00e9cessaires aux r\u00e9seaux de donn\u00e9es de nouvelle g\u00e9n\u00e9ration<\/li>\n<li>La gaine violette permet une identification rapide et facile dans un commutateur ou un panneau de raccordement encombr\u00e9.<\/li>\n<li>Performances optimis\u00e9es &#8211; disponible en MTP \u00e9lite et en connecteur discret de qualit\u00e9 sup\u00e9rieure<\/li>\n<li>Faible IL et transmission stable du signal garantissant la s\u00e9curit\u00e9 du r\u00e9seau<\/li>\n<li>Connecteurs MPO de haute qualit\u00e9 et garantis par un interf\u00e9rom\u00e8tre 3D<\/li>\n<li>La terminaison en usine assure une qualit\u00e9 constante, des performances \u00e9lev\u00e9es et r\u00e9duit le temps d&rsquo;installation.<\/li>\n<\/ul>\n<h2 style=\"text-align: left; font-size: 18px;\"><strong>Applications du c\u00e2ble de d\u00e9rivation MPO vers LC 24 fibres OM4 50\/125<\/strong><\/h2>\n<ul>\n<li>Connexions interframes de la commutation optique<\/li>\n<li>Acc\u00e8s au bord de la carte en fibre optique \u00e0 haute densit\u00e9<\/li>\n<li>C\u00e2blage de centre de donn\u00e9es<\/li>\n<\/ul>\n<p><img fetchpriority=\"high\" decoding=\"async\" class=\"alignnone size-full wp-image-7368\" src=\"https:\/\/www.bonelinks.com\/wp-content\/uploads\/2023\/07\/24-fiber-MPO.jpg\" alt=\"24 fibre MPO breakout cable\" width=\"1120\" height=\"524\" srcset=\"https:\/\/www.bonelinks.com\/wp-content\/uploads\/2023\/07\/24-fiber-MPO.jpg 1120w, https:\/\/www.bonelinks.com\/wp-content\/uploads\/2023\/07\/24-fiber-MPO-300x140.jpg 300w, https:\/\/www.bonelinks.com\/wp-content\/uploads\/2023\/07\/24-fiber-MPO-1030x482.jpg 1030w, https:\/\/www.bonelinks.com\/wp-content\/uploads\/2023\/07\/24-fiber-MPO-768x359.jpg 768w, https:\/\/www.bonelinks.com\/wp-content\/uploads\/2023\/07\/24-fiber-MPO-650x304.jpg 650w\" sizes=\"(max-width: 1120px) 100vw, 1120px\" \/><\/p>\n<h2 style=\"text-align: left; font-size: 18px;\"><strong>Vous cherchez d&rsquo;autres choix de c\u00e2bles MTP\/MPO ?<\/strong><\/h2>\n<p>Vous souhaitez plus d&rsquo;options pour les c\u00e2bles MTP\/MPO ? D\u00e9couvrez notre s\u00e9lection de <span style=\"color: #0054a6;\"><strong><a style=\"color: #0054a6;\" href=\"https:\/\/www.bonelinks.com\/fr\/mpo-24-fiber-cable\/\" target=\"_blank\" rel=\"noopener\">C\u00e2bles MTP\/MPO 24 fibres,<\/a><\/strong><\/span>\u00a0<a title=\"C\u00e2bles de d\u00e9rivation MPO\/MTP vers LC\" href=\"https:\/\/www.bonelinks.com\/fr\/mpo-breakout-cable\/\" target=\"_blank\" rel=\"noopener\"><strong><span style=\"color: #0054a6;\">MPO\/MTP vers LC Breakout Cables<\/span><\/strong> <\/a>pour une mise en r\u00e9seau sans faille.<\/p>\n<p>Vous \u00eates \u00e0 la recherche de cordons de raccordement MPO con\u00e7us et fabriqu\u00e9s sur mesure ? D\u00e9couvrez notre section d\u00e9di\u00e9e aux<a href=\"https:\/\/www.bonelinks.com\/fr\/custom-fiber-optic-cables\/\" target=\"_blank\" rel=\"noopener\"><span style=\"color: #0054a6;\"><strong> C\u00e2bles \u00e0 fibres optiques sur mesure <\/strong><\/span><\/a>pour des solutions de connectivit\u00e9 sur mesure.<\/p>\n<ul>\n<li>Vente au d\u00e9tail ou en gros &#8211; Nous avons tout ce qu&rsquo;il faut !<\/li>\n<li>Vous ne savez pas quoi acheter ? Nous offrons des conseils d&rsquo;experts.<\/li>\n<li>Faible MOQ : pas besoin d&rsquo;acheter plus que ce que vous voulez.<\/li>\n<li>Des prix comp\u00e9titifs : Obtenez un excellent rapport qualit\u00e9-prix \u00e0 chaque fois.<\/li>\n<li>Livraison rapide : Votre rapidit\u00e9, notre priorit\u00e9.<\/li>\n<li>Centr\u00e9 sur le client : Nous adaptons nos services \u00e0 vos besoins.<\/li>\n<\/ul>\n<p><strong>Connectez-vous avec nous !<\/strong><br \/>\nSi vous avez des difficult\u00e9s \u00e0 trouver le bon <span style=\"color: #0054a6;\"><strong><a style=\"color: #0054a6;\" href=\"https:\/\/www.bonelinks.com\/fr\/fiber-optic-patch-cord-supplier\/\" target=\"_blank\" rel=\"noopener\">cordon de raccordement en fibre optique <\/a><\/strong><\/span>pour vos besoins, ou si vous avez besoin de conseils d&rsquo;experts, un seul clic et vous pouvez<a href=\"https:\/\/www.bonelinks.com\/fr\/contact-us\/\" target=\"_blank\" rel=\"noopener\"><strong><span style=\"color: #0054a6;\"> discuter avec nous <\/span><\/strong><\/a>en quelques secondes. Votre satisfaction est notre priorit\u00e9. Nous sommes pr\u00eats \u00e0 vous aider dans tous les domaines. <strong>Ne vous inqui\u00e9tez pas, il n&rsquo;est pas n\u00e9cessaire de trop r\u00e9fl\u00e9chir. Nous sommes l\u00e0, pr\u00eats \u00e0 vous aider.<\/strong><\/p>\n","protected":false},"excerpt":{"rendered":"<p>Le c\u00e2ble MPO vers LC 24 Fiber OM4 Breakout Cable maximise la densit\u00e9 de connexion dans les centres de donn\u00e9es et les salles de t\u00e9l\u00e9communications, en offrant une gestion efficace des c\u00e2bles et des capacit\u00e9s d&rsquo;\u00e9conomie d&rsquo;espace.<\/p>\n<ul>\n<li>Les connecteurs MPO s&rsquo;\u00e9tendent jusqu&rsquo;\u00e0 24 connecteurs LC<\/li>\n<li>Pour les \u00e9metteurs-r\u00e9cepteurs 400G QSFP-DD de la prochaine g\u00e9n\u00e9ration<\/li>\n<li>C\u00e2ble OM4 recommand\u00e9 pour des vitesses de 400 Gb jusqu&rsquo;\u00e0 100 m (@ 850 nm)<\/li>\n<li>Configurations personnalis\u00e9es disponibles<\/li>\n<\/ul>\n","protected":false},"featured_media":18095,"template":"","meta":{"site-sidebar-layout":"default","site-content-layout":"default","ast-site-content-layout":"default","site-content-style":"default","site-sidebar-style":"default","ast-global-header-display":"","ast-banner-title-visibility":"","ast-main-header-display":"","ast-hfb-above-header-display":"","ast-hfb-below-header-display":"","ast-hfb-mobile-header-display":"","site-post-title":"","ast-breadcrumbs-content":"","ast-featured-img":"","footer-sml-layout":"","ast-disable-related-posts":"","theme-transparent-header-meta":"default","adv-header-id-meta":"","stick-header-meta":"default","header-above-stick-meta":"","header-main-stick-meta":"","header-below-stick-meta":"","astra-migrate-meta-layouts":"set","ast-page-background-enabled":"default","ast-page-background-meta":{"desktop":{"background-color":"","background-image":"","background-repeat":"repeat","background-position":"center center","background-size":"auto","background-attachment":"scroll","background-type":"","background-media":"","overlay-type":"","overlay-color":"","overlay-opacity":"","overlay-gradient":""},"tablet":{"background-color":"","background-image":"","background-repeat":"repeat","background-position":"center center","background-size":"auto","background-attachment":"scroll","background-type":"","background-media":"","overlay-type":"","overlay-color":"","overlay-opacity":"","overlay-gradient":""},"mobile":{"background-color":"","background-image":"","background-repeat":"repeat","background-position":"center center","background-size":"auto","background-attachment":"scroll","background-type":"","background-media":"","overlay-type":"","overlay-color":"","overlay-opacity":"","overlay-gradient":""}},"ast-content-background-meta":{"desktop":{"background-color":"var(--ast-global-color-5)","background-image":"","background-repeat":"repeat","background-position":"center center","background-size":"auto","background-attachment":"scroll","background-type":"","background-media":"","overlay-type":"","overlay-color":"","overlay-opacity":"","overlay-gradient":""},"tablet":{"background-color":"var(--ast-global-color-5)","background-image":"","background-repeat":"repeat","background-position":"center center","background-size":"auto","background-attachment":"scroll","background-type":"","background-media":"","overlay-type":"","overlay-color":"","overlay-opacity":"","overlay-gradient":""},"mobile":{"background-color":"var(--ast-global-color-5)","background-image":"","background-repeat":"repeat","background-position":"center center","background-size":"auto","background-attachment":"scroll","background-type":"","background-media":"","overlay-type":"","overlay-color":"","overlay-opacity":"","overlay-gradient":""}}},"product_brand":[],"product_cat":[231,229,258,227],"product_tag":[],"class_list":{"0":"post-21205","1":"product","2":"type-product","3":"status-publish","4":"has-post-thumbnail","6":"product_cat-multimode-fiber-patch-cord-fr","7":"product_cat-lc-fiber-patch-cord-fr","8":"product_cat-mpo-patch-cord-fr","9":"product_cat-fiber-patch-cord-fr","10":"pa_connector-type-mpo-lc-fr","11":"pa_fiber-type-50-125-om4-fr","12":"desktop-align-left","13":"tablet-align-left","14":"mobile-align-left","15":"ast-product-gallery-layout-vertical","16":"ast-product-gallery-with-no-image","17":"ast-product-tabs-layout-vertical","18":"ast-qv-on-image","20":"first","21":"instock","22":"shipping-taxable","23":"product-type-simple"},"_links":{"self":[{"href":"https:\/\/www.bonelinks.com\/fr\/wp-json\/wp\/v2\/product\/21205","targetHints":{"allow":["GET"]}}],"collection":[{"href":"https:\/\/www.bonelinks.com\/fr\/wp-json\/wp\/v2\/product"}],"about":[{"href":"https:\/\/www.bonelinks.com\/fr\/wp-json\/wp\/v2\/types\/product"}],"version-history":[{"count":3,"href":"https:\/\/www.bonelinks.com\/fr\/wp-json\/wp\/v2\/product\/21205\/revisions"}],"predecessor-version":[{"id":24050,"href":"https:\/\/www.bonelinks.com\/fr\/wp-json\/wp\/v2\/product\/21205\/revisions\/24050"}],"wp:featuredmedia":[{"embeddable":true,"href":"https:\/\/www.bonelinks.com\/fr\/wp-json\/wp\/v2\/media\/18095"}],"wp:attachment":[{"href":"https:\/\/www.bonelinks.com\/fr\/wp-json\/wp\/v2\/media?parent=21205"}],"wp:term":[{"taxonomy":"product_brand","embeddable":true,"href":"https:\/\/www.bonelinks.com\/fr\/wp-json\/wp\/v2\/product_brand?post=21205"},{"taxonomy":"product_cat","embeddable":true,"href":"https:\/\/www.bonelinks.com\/fr\/wp-json\/wp\/v2\/product_cat?post=21205"},{"taxonomy":"product_tag","embeddable":true,"href":"https:\/\/www.bonelinks.com\/fr\/wp-json\/wp\/v2\/product_tag?post=21205"}],"curies":[{"name":"wp","href":"https:\/\/api.w.org\/{rel}","templated":true}]}}