{"id":21202,"date":"2023-07-08T06:53:25","date_gmt":"2023-07-08T14:53:25","guid":{"rendered":"https:\/\/www.bonelinks.com\/product\/mpo-vers-lc-12-fibre-9-125-single-mode-os2-breakout-cable\/"},"modified":"2024-01-28T19:31:50","modified_gmt":"2024-01-29T03:31:50","slug":"mpo-to-lc-12-fiber-9-125-single-mode-os2-breakout-cable","status":"publish","type":"product","link":"https:\/\/www.bonelinks.com\/fr\/product\/mpo-to-lc-12-fiber-9-125-single-mode-os2-breakout-cable\/","title":{"rendered":"MPO vers LC 12 Fibre 9\/125 Single Mode OS2 Breakout Cable"},"content":{"rendered":"<h1 style=\"text-align: left; font-size: 18px;\"><strong> C\u00e2ble de raccordement MPO vers LC 12 fibres 9\/125 monomode OS2 haute densit\u00e9 : Connexion fiable \u00e0 la fibre<\/strong><\/h1>\n<p>Le c\u00e2ble MPO vers LC 12 Fiber 9\/125 Single Mode OS2 Breakout Cable utilise une fibre monomode 9\/125 avec une gaine jaune LSZH\/OFNP\/OFNR. Le c\u00f4t\u00e9 fanout est \u00e9quip\u00e9 de 12 connecteurs LC\/UPC simplex ou de 6 connecteurs LC\/UPC duplex, num\u00e9rot\u00e9s en fonction de la position de la fibre correspondante dans le connecteur MPO. Ces c\u00e2bles de d\u00e9rivation sont id\u00e9aux pour convertir les r\u00e9seaux fibre standard en r\u00e9seaux MPO haute densit\u00e9 lorsque l&rsquo;espace est limit\u00e9.<\/p>\n<p>Principalement utilis\u00e9s pour les connexions directes entre les \u00e9metteurs-r\u00e9cepteurs ou les panneaux de brassage dot\u00e9s de ports LC et les backbone\/trunks MPO, ces c\u00e2bles breakout permettent aux administrateurs r\u00e9seau d&rsquo;utiliser un seul trunk MPO \u00e0 partir de plusieurs \u00e9metteurs-r\u00e9cepteurs SFP+, en minimisant la perte d&rsquo;insertion associ\u00e9e \u00e0 de multiples connecteurs. Ils facilitent \u00e9galement la migration des taux de transmission de 10G \u00e0 40G.<\/p>\n<p>En utilisant la fibre monomode OS2, vous pouvez transmettre des donn\u00e9es jusqu&rsquo;\u00e0 10 000 m\u00e8tres \u00e0 1Gbps (1310nm). Pour une liaison de 10 Gbps, il est possible d&rsquo;atteindre des distances allant jusqu&rsquo;\u00e0 5 000 m\u00e8tres \u00e0 1310 nm ou jusqu&rsquo;\u00e0 30 000 m\u00e8tres \u00e0 1550 nm.<\/p>\n<p>Le connecteur MTP\u00ae est disponible sur demande. Chaque c\u00e2ble de d\u00e9rivation MPO vers LC est dot\u00e9 de connecteurs broch\u00e9s (m\u00e2les) ou non broch\u00e9s (femelles) personnalisables afin de garantir la compatibilit\u00e9 avec le r\u00e9seau. Les longueurs de c\u00e2ble peuvent \u00eatre adapt\u00e9es \u00e0 des besoins sp\u00e9cifiques. Chaque c\u00e2ble de d\u00e9rivation est soumis \u00e0 des tests complets et est fabriqu\u00e9 avec des composants robustes pour une durabilit\u00e9 et une fiabilit\u00e9 accrues.<\/p>\n<h2 style=\"text-align: left; font-size: 18px;\"><strong>Caract\u00e9ristiques de MPO \u00e0 LC 12 Fibre 9\/125 Single Mode OS2 Breakout Cable<\/strong><\/h2>\n<ul>\n<li style=\"list-style-type: none;\">\n<ul>\n<li>9\/125 monomode OS2<\/li>\n<li>C\u00e2ble MPO femelle vers harnais LC<\/li>\n<li>Connexion directe entre les \u00e9metteurs-r\u00e9cepteurs et les troncs MPO (MTP)<\/li>\n<li>Id\u00e9al pour les applications \u00e0 haute densit\u00e9<\/li>\n<li>Immunis\u00e9 contre les interf\u00e9rences \u00e9lectriques<\/li>\n<li>La terminaison en usine assure une qualit\u00e9 constante, des performances \u00e9lev\u00e9es et r\u00e9duit le temps d&rsquo;installation.<\/li>\n<li>100% inspect\u00e9 optiquement et test\u00e9 pour la perte d&rsquo;insertion<\/li>\n<li>Performances optimis\u00e9es &#8211; disponible en MTP \u00e9lite et en connecteur discret de qualit\u00e9 sup\u00e9rieure<\/li>\n<li>Configurations personnalis\u00e9es disponibles<\/li>\n<\/ul>\n<\/li>\n<\/ul>\n<h2 style=\"text-align: left; font-size: 18px;\"><strong>Applications du c\u00e2ble de d\u00e9rivation MPO vers LC 12 fibres 9\/125 monomode OS2<\/strong><\/h2>\n<ul>\n<li>Connexions interframes de la commutation optique<\/li>\n<li>Acc\u00e8s au bord de la carte en fibre optique \u00e0 haute densit\u00e9<\/li>\n<li>Interconnexion 40G et 10G<\/li>\n<li>C\u00e2blage de centre de donn\u00e9es<\/li>\n<\/ul>\n<h2 style=\"text-align: left; font-size: 18px;\"><strong>Vous cherchez d&rsquo;autres choix de c\u00e2bles MTP\/MPO ?<\/strong><\/h2>\n<p>Vous souhaitez plus d&rsquo;options pour les c\u00e2bles MTP\/MPO ? D\u00e9couvrez notre s\u00e9lection de <span style=\"color: #0054a6;\"><strong><a style=\"color: #0054a6;\" href=\"https:\/\/www.bonelinks.com\/fr\/mpo-12-fiber-cable\/\" target=\"_blank\" rel=\"noopener\">C\u00e2bles MTP\/MPO 12 fibres,<\/a><\/strong><\/span>\u00a0<a title=\"C\u00e2bles de d\u00e9rivation MPO\/MTP vers LC\" href=\"https:\/\/www.bonelinks.com\/fr\/mpo-breakout-cable\/\" target=\"_blank\" rel=\"noopener\"><strong><span style=\"color: #0054a6;\">MPO\/MTP vers LC Breakout Cables<\/span><\/strong> <\/a>pour une mise en r\u00e9seau sans faille.<\/p>\n<p>Vous \u00eates \u00e0 la recherche de cordons de raccordement MPO con\u00e7us et fabriqu\u00e9s sur mesure ? D\u00e9couvrez notre section d\u00e9di\u00e9e aux<a href=\"https:\/\/www.bonelinks.com\/fr\/custom-fiber-optic-cables\/\" target=\"_blank\" rel=\"noopener\"><span style=\"color: #0054a6;\"><strong> C\u00e2bles \u00e0 fibres optiques sur mesure <\/strong><\/span><\/a>pour des solutions de connectivit\u00e9 sur mesure.<\/p>\n<ul>\n<li>Vente au d\u00e9tail ou en gros &#8211; Nous avons tout ce qu&rsquo;il faut !<\/li>\n<li>Vous ne savez pas quoi acheter ? Nous offrons des conseils d&rsquo;experts.<\/li>\n<li>Faible MOQ : pas besoin d&rsquo;acheter plus que ce que vous voulez.<\/li>\n<li>Des prix comp\u00e9titifs : Obtenez un excellent rapport qualit\u00e9-prix \u00e0 chaque fois.<\/li>\n<li>Livraison rapide : Votre rapidit\u00e9, notre priorit\u00e9.<\/li>\n<li>Centr\u00e9 sur le client : Nous adaptons nos services \u00e0 vos besoins.<\/li>\n<\/ul>\n<p><strong>Connectez-vous avec nous !<\/strong><br \/>\nSi vous avez des difficult\u00e9s \u00e0 trouver le bon <span style=\"color: #0054a6;\"><strong><a style=\"color: #0054a6;\" href=\"https:\/\/www.bonelinks.com\/fr\/fiber-optic-patch-cord-supplier\/\" target=\"_blank\" rel=\"noopener\">cordon de raccordement en fibre optique <\/a><\/strong><\/span>pour vos besoins, ou si vous avez besoin de conseils d&rsquo;experts, un seul clic et vous pouvez<a href=\"https:\/\/www.bonelinks.com\/fr\/contact-us\/\" target=\"_blank\" rel=\"noopener\"><strong><span style=\"color: #0054a6;\"> discuter avec nous <\/span><\/strong><\/a>en quelques secondes. Votre satisfaction est notre priorit\u00e9. Nous sommes pr\u00eats \u00e0 vous aider dans tous les domaines. <strong>Ne vous inqui\u00e9tez pas, il n&rsquo;est pas n\u00e9cessaire de trop r\u00e9fl\u00e9chir. Nous sommes l\u00e0, pr\u00eats \u00e0 vous aider.<\/strong><\/p>\n","protected":false},"excerpt":{"rendered":"<p>Le c\u00e2ble MPO vers LC 12 Fiber OS2 Breakout Cable permet une connexion efficace de la fibre monomode, convertissant les r\u00e9seaux fibre standard en connexions MPO haute densit\u00e9 pour les espaces limit\u00e9s.<\/p>\n<ul>\n<li>9\/125 monomode OS2<\/li>\n<li>C\u00e2ble MPO femelle vers harnais LC<\/li>\n<li>Connexion directe entre les \u00e9metteurs-r\u00e9cepteurs et les troncs MPO (MTP)<\/li>\n<li>Disponible en connecteur \u00e9lite MTP et en connecteur discret premium<\/li>\n<\/ul>\n","protected":false},"featured_media":18075,"template":"","meta":{"site-sidebar-layout":"default","site-content-layout":"default","ast-site-content-layout":"default","site-content-style":"default","site-sidebar-style":"default","ast-global-header-display":"","ast-banner-title-visibility":"","ast-main-header-display":"","ast-hfb-above-header-display":"","ast-hfb-below-header-display":"","ast-hfb-mobile-header-display":"","site-post-title":"","ast-breadcrumbs-content":"","ast-featured-img":"","footer-sml-layout":"","ast-disable-related-posts":"","theme-transparent-header-meta":"default","adv-header-id-meta":"","stick-header-meta":"default","header-above-stick-meta":"","header-main-stick-meta":"","header-below-stick-meta":"","astra-migrate-meta-layouts":"set","ast-page-background-enabled":"default","ast-page-background-meta":{"desktop":{"background-color":"","background-image":"","background-repeat":"repeat","background-position":"center center","background-size":"auto","background-attachment":"scroll","background-type":"","background-media":"","overlay-type":"","overlay-color":"","overlay-opacity":"","overlay-gradient":""},"tablet":{"background-color":"","background-image":"","background-repeat":"repeat","background-position":"center center","background-size":"auto","background-attachment":"scroll","background-type":"","background-media":"","overlay-type":"","overlay-color":"","overlay-opacity":"","overlay-gradient":""},"mobile":{"background-color":"","background-image":"","background-repeat":"repeat","background-position":"center center","background-size":"auto","background-attachment":"scroll","background-type":"","background-media":"","overlay-type":"","overlay-color":"","overlay-opacity":"","overlay-gradient":""}},"ast-content-background-meta":{"desktop":{"background-color":"var(--ast-global-color-5)","background-image":"","background-repeat":"repeat","background-position":"center center","background-size":"auto","background-attachment":"scroll","background-type":"","background-media":"","overlay-type":"","overlay-color":"","overlay-opacity":"","overlay-gradient":""},"tablet":{"background-color":"var(--ast-global-color-5)","background-image":"","background-repeat":"repeat","background-position":"center center","background-size":"auto","background-attachment":"scroll","background-type":"","background-media":"","overlay-type":"","overlay-color":"","overlay-opacity":"","overlay-gradient":""},"mobile":{"background-color":"var(--ast-global-color-5)","background-image":"","background-repeat":"repeat","background-position":"center center","background-size":"auto","background-attachment":"scroll","background-type":"","background-media":"","overlay-type":"","overlay-color":"","overlay-opacity":"","overlay-gradient":""}}},"product_brand":[],"product_cat":[232,229,258,227],"product_tag":[],"class_list":{"0":"post-21202","1":"product","2":"type-product","3":"status-publish","4":"has-post-thumbnail","6":"product_cat-single-mode-fiber-patch-cord-fr","7":"product_cat-lc-fiber-patch-cord-fr","8":"product_cat-mpo-patch-cord-fr","9":"product_cat-fiber-patch-cord-fr","10":"pa_connector-type-mpo-lc-fr","11":"pa_fiber-type-9-125-os2-fr","12":"desktop-align-left","13":"tablet-align-left","14":"mobile-align-left","15":"ast-product-gallery-layout-vertical","16":"ast-product-gallery-with-no-image","17":"ast-product-tabs-layout-vertical","18":"ast-qv-on-image","20":"first","21":"instock","22":"shipping-taxable","23":"product-type-simple"},"_links":{"self":[{"href":"https:\/\/www.bonelinks.com\/fr\/wp-json\/wp\/v2\/product\/21202","targetHints":{"allow":["GET"]}}],"collection":[{"href":"https:\/\/www.bonelinks.com\/fr\/wp-json\/wp\/v2\/product"}],"about":[{"href":"https:\/\/www.bonelinks.com\/fr\/wp-json\/wp\/v2\/types\/product"}],"version-history":[{"count":3,"href":"https:\/\/www.bonelinks.com\/fr\/wp-json\/wp\/v2\/product\/21202\/revisions"}],"predecessor-version":[{"id":24052,"href":"https:\/\/www.bonelinks.com\/fr\/wp-json\/wp\/v2\/product\/21202\/revisions\/24052"}],"wp:featuredmedia":[{"embeddable":true,"href":"https:\/\/www.bonelinks.com\/fr\/wp-json\/wp\/v2\/media\/18075"}],"wp:attachment":[{"href":"https:\/\/www.bonelinks.com\/fr\/wp-json\/wp\/v2\/media?parent=21202"}],"wp:term":[{"taxonomy":"product_brand","embeddable":true,"href":"https:\/\/www.bonelinks.com\/fr\/wp-json\/wp\/v2\/product_brand?post=21202"},{"taxonomy":"product_cat","embeddable":true,"href":"https:\/\/www.bonelinks.com\/fr\/wp-json\/wp\/v2\/product_cat?post=21202"},{"taxonomy":"product_tag","embeddable":true,"href":"https:\/\/www.bonelinks.com\/fr\/wp-json\/wp\/v2\/product_tag?post=21202"}],"curies":[{"name":"wp","href":"https:\/\/api.w.org\/{rel}","templated":true}]}}