{"id":21159,"date":"2023-07-16T18:24:37","date_gmt":"2023-07-17T02:24:37","guid":{"rendered":"https:\/\/www.bonelinks.com\/product\/1x32-mini-steel-ftth-fiber-plc-splitter-singlemode-sc-apc-connector\/"},"modified":"2024-01-28T18:57:38","modified_gmt":"2024-01-29T02:57:38","slug":"1x32-mini-steel-ftth-fiber-plc-splitter-singlemode-sc-apc-connector","status":"publish","type":"product","link":"https:\/\/www.bonelinks.com\/fr\/product\/1x32-mini-steel-ftth-fiber-plc-splitter-singlemode-sc-apc-connector\/","title":{"rendered":"1&#215;32 Mini Steel FTTH Fiber PLC Splitter Singlemode SC\/APC Connector"},"content":{"rendered":"<h1 style=\"text-align: left; font-size: 18px;\"><span style=\"color: #000000;\"><strong> FTTH 1&#215;32 Blockless PLC Fiber Splitter, Mini Module, SC\/APC<\/strong><\/span><\/h1>\n<ul>\n<li><strong>Distribution efficace des signaux avec les r\u00e9partiteurs optiques 1&#215;32 PLC<\/strong><br \/>\nLe r\u00e9partiteur optique 1&#215;32 PLC joue un r\u00f4le crucial dans les syst\u00e8mes de gestion de la puissance optique, avec une entr\u00e9e et trente-deux sorties. Il assure une distribution uniforme du signal, chaque sortie recevant 3,125 % du signal optique. Cette configuration permet une distribution efficace et \u00e9quilibr\u00e9e du signal sur plusieurs connexions.<\/li>\n<li><strong>S\u00e9parateurs de circuits planaires \u00e0 ondes lumineuses (PLC) pour une gestion optimale du signal<br \/>\n<\/strong>Les s\u00e9parateurs de circuits planaires \u00e0 ondes lumineuses (PLC) sont des dispositifs avanc\u00e9s de gestion de la puissance optique fabriqu\u00e9s \u00e0 l&rsquo;aide de la technologie des guides d&rsquo;ondes optiques en silice. Ces r\u00e9partiteurs sont con\u00e7us pour distribuer les signaux optiques depuis le bureau central (CO) vers plusieurs locaux, assurant ainsi une transmission efficace et fiable des signaux dans diverses applications.<\/li>\n<li><strong>Protection am\u00e9lior\u00e9e de la fibre avec le s\u00e9parateur PLC sans bloc<br \/>\n<\/strong>Les s\u00e9parateurs PLC sans bloc offrent une protection sup\u00e9rieure de la fibre par rapport aux s\u00e9parateurs de fibre nue. Gr\u00e2ce \u00e0 la miniaturisation des r\u00e9partiteurs \u00e0 cassette, les r\u00e9partiteurs PLC sans bloc offrent une meilleure protection des fibres et sont largement utilis\u00e9s dans les bo\u00eetes de connexion et de distribution, ainsi que dans les armoires de r\u00e9seau, garantissant une transmission s\u00fbre et fiable des signaux dans des environnements exigeants.<\/li>\n<li><strong> Solutions polyvalentes de Bonelinks Fiber Splitters<br \/>\n<\/strong>Bonelinks offre une large gamme de s\u00e9parateurs de fibre optique dans diff\u00e9rents styles et tailles pour r\u00e9pondre aux diff\u00e9rentes exigences de gestion des signaux. Ces s\u00e9parateurs sont fabriqu\u00e9s selon un processus simple mais fiable, ce qui permet d&rsquo;obtenir des dispositifs fiables et rentables. De plus, Bonelinks offre la flexibilit\u00e9 d&rsquo;une fabrication sur mesure, permettant de fabriquer des splitters dans des longueurs de fibres personnalis\u00e9es et avec n&rsquo;importe quel type de connecteur, r\u00e9pondant ainsi facilement aux besoins d&rsquo;applications sp\u00e9cifiques.<\/li>\n<\/ul>\n<h2 style=\"text-align: left; font-size: 18px;\"><strong>Caract\u00e9ristiques<\/strong><\/h2>\n<ul>\n<li>Conception compacte<\/li>\n<li>Acier inoxydable \u00e0 haute r\u00e9sistance, test\u00e9 au brouillard salin<\/li>\n<li>100% 3D test\u00e9 par Daisi et Sumix<\/li>\n<li>Essai de cycle \u00e0 haute et basse temp\u00e9rature<\/li>\n<li>Test \u00e0 100 % avant la livraison<\/li>\n<li>Faible perte d&rsquo;insertion et faible PDL<\/li>\n<\/ul>\n<h2 style=\"text-align: left; font-size: 18px;\"><strong>Applications<\/strong><\/h2>\n<ul>\n<li>FTTx<\/li>\n<li>T\u00e9l\u00e9vision par c\u00e2ble (CATV)<\/li>\n<li>R\u00e9seaux locaux (LAN)<\/li>\n<li>Mat\u00e9riel d&rsquo;essai<\/li>\n<li>R\u00e9seaux optiques passifs (PON)<\/li>\n<\/ul>\n<h2 style=\"text-align: left; font-size: 18px;\"><strong>Vous cherchez un s\u00e9parateur More PLC ?<\/strong><\/h2>\n<p>Voulez-vous plus d&rsquo;options pour Fiber Splitters ? D\u00e9couvrez notre s\u00e9lection de<a title=\"Mini-s\u00e9parateur PLC en acier\" href=\"https:\/\/www.bonelinks.com\/fr\/mini-plc-splitter\/\" target=\"_blank\" rel=\"noopener\"><strong><span style=\"color: #0054a6;\"> Mini splitter PLC en acier, <\/span><\/strong><\/a><span style=\"color: #0054a6;\"><strong><a style=\"color: #0054a6;\" href=\"https:\/\/www.bonelinks.com\/fr\/1x32-fiber-splitter\/\" target=\"_blank\" rel=\"noopener\">R\u00e9partiteur fibre 1&#215;32 <\/a><\/strong><\/span>pour une mise en r\u00e9seau sans faille.<\/p>\n<p><strong>Connectez-vous avec nous !<\/strong><br \/>\nSi vous avez des difficult\u00e9s \u00e0 trouver le bon <span style=\"color: #0054a6;\"><strong><a style=\"color: #0054a6;\" href=\"https:\/\/www.bonelinks.com\/fr\/china-ftth-plc-splitter-supplier\/\" target=\"_blank\" rel=\"noopener\">R\u00e9partiteur de fibres <\/a><\/strong><\/span>pour vos besoins, ou si vous avez besoin de conseils d&rsquo;experts, un seul clic et vous pouvez<a href=\"https:\/\/www.bonelinks.com\/fr\/contact-us\/\" target=\"_blank\" rel=\"noopener\"><strong><span style=\"color: #0054a6;\"> discuter avec nous <\/span><\/strong><\/a>en quelques secondes. Votre satisfaction est notre priorit\u00e9. Nous sommes pr\u00eats \u00e0 vous aider dans tous les domaines. <strong>Ne vous inqui\u00e9tez pas, il n&rsquo;est pas n\u00e9cessaire de trop r\u00e9fl\u00e9chir. Nous sommes l\u00e0, pr\u00eats \u00e0 vous aider.<\/strong><\/p>\n<ul>\n<li>Vente au d\u00e9tail ou en gros &#8211; Nous avons tout ce qu&rsquo;il faut !<\/li>\n<li>Vous ne savez pas quoi acheter ? Nous offrons des conseils d&rsquo;experts.<\/li>\n<li>Faible MOQ : pas besoin d&rsquo;acheter plus que ce que vous voulez.<\/li>\n<li>Des prix comp\u00e9titifs : Obtenez un excellent rapport qualit\u00e9-prix \u00e0 chaque fois.<\/li>\n<li>Livraison rapide : Votre rapidit\u00e9, notre priorit\u00e9.<\/li>\n<li>Centr\u00e9 sur le client : Nous adaptons nos services \u00e0 vos besoins.<\/li>\n<\/ul>\n","protected":false},"excerpt":{"rendered":"<p>Le mini module PLC fiber splitter, avec une configuration de 1 x 32, est log\u00e9 dans un bo\u00eetier en acier durable. Il utilise la fibre monomode G.657A1 avec un diam\u00e8tre ext\u00e9rieur de c\u00e2ble de 0,9 mm. Le produit est \u00e9quip\u00e9 de connecteurs SC\/APC. Il offre 1&#215;32 ports, avec un ratio de partage de 3,125% allou\u00e9 \u00e0 chaque port.<\/p>\n<ul>\n<li>R\u00e9partiteurs optiques 1&#215;32 PLC<\/li>\n<li>Distribution uniforme du signal optique<\/li>\n<li>Bo\u00eetier compact adapt\u00e9 aux racks, aux bo\u00eetiers muraux, aux bo\u00eetiers de distribution optique, etc.<\/li>\n<\/ul>\n","protected":false},"featured_media":18125,"template":"","meta":{"site-sidebar-layout":"default","site-content-layout":"default","ast-site-content-layout":"default","site-content-style":"default","site-sidebar-style":"default","ast-global-header-display":"","ast-banner-title-visibility":"","ast-main-header-display":"","ast-hfb-above-header-display":"","ast-hfb-below-header-display":"","ast-hfb-mobile-header-display":"","site-post-title":"","ast-breadcrumbs-content":"","ast-featured-img":"","footer-sml-layout":"","ast-disable-related-posts":"","theme-transparent-header-meta":"default","adv-header-id-meta":"","stick-header-meta":"default","header-above-stick-meta":"","header-main-stick-meta":"","header-below-stick-meta":"","astra-migrate-meta-layouts":"set","ast-page-background-enabled":"default","ast-page-background-meta":{"desktop":{"background-color":"","background-image":"","background-repeat":"repeat","background-position":"center center","background-size":"auto","background-attachment":"scroll","background-type":"","background-media":"","overlay-type":"","overlay-color":"","overlay-opacity":"","overlay-gradient":""},"tablet":{"background-color":"","background-image":"","background-repeat":"repeat","background-position":"center center","background-size":"auto","background-attachment":"scroll","background-type":"","background-media":"","overlay-type":"","overlay-color":"","overlay-opacity":"","overlay-gradient":""},"mobile":{"background-color":"","background-image":"","background-repeat":"repeat","background-position":"center center","background-size":"auto","background-attachment":"scroll","background-type":"","background-media":"","overlay-type":"","overlay-color":"","overlay-opacity":"","overlay-gradient":""}},"ast-content-background-meta":{"desktop":{"background-color":"var(--ast-global-color-5)","background-image":"","background-repeat":"repeat","background-position":"center center","background-size":"auto","background-attachment":"scroll","background-type":"","background-media":"","overlay-type":"","overlay-color":"","overlay-opacity":"","overlay-gradient":""},"tablet":{"background-color":"var(--ast-global-color-5)","background-image":"","background-repeat":"repeat","background-position":"center center","background-size":"auto","background-attachment":"scroll","background-type":"","background-media":"","overlay-type":"","overlay-color":"","overlay-opacity":"","overlay-gradient":""},"mobile":{"background-color":"var(--ast-global-color-5)","background-image":"","background-repeat":"repeat","background-position":"center center","background-size":"auto","background-attachment":"scroll","background-type":"","background-media":"","overlay-type":"","overlay-color":"","overlay-opacity":"","overlay-gradient":""}}},"product_brand":[],"product_cat":[281],"product_tag":[],"class_list":{"0":"post-21159","1":"product","2":"type-product","3":"status-publish","4":"has-post-thumbnail","6":"product_cat-plc-splitter-fr","7":"pa_configuration-1x32-fr","8":"pa_splitter-type-mini-module-fr","9":"desktop-align-left","10":"tablet-align-left","11":"mobile-align-left","12":"ast-product-gallery-layout-vertical","13":"ast-product-gallery-with-no-image","14":"ast-product-tabs-layout-vertical","15":"ast-qv-on-image","17":"first","18":"instock","19":"shipping-taxable","20":"product-type-simple"},"_links":{"self":[{"href":"https:\/\/www.bonelinks.com\/fr\/wp-json\/wp\/v2\/product\/21159","targetHints":{"allow":["GET"]}}],"collection":[{"href":"https:\/\/www.bonelinks.com\/fr\/wp-json\/wp\/v2\/product"}],"about":[{"href":"https:\/\/www.bonelinks.com\/fr\/wp-json\/wp\/v2\/types\/product"}],"version-history":[{"count":4,"href":"https:\/\/www.bonelinks.com\/fr\/wp-json\/wp\/v2\/product\/21159\/revisions"}],"predecessor-version":[{"id":24024,"href":"https:\/\/www.bonelinks.com\/fr\/wp-json\/wp\/v2\/product\/21159\/revisions\/24024"}],"wp:featuredmedia":[{"embeddable":true,"href":"https:\/\/www.bonelinks.com\/fr\/wp-json\/wp\/v2\/media\/18125"}],"wp:attachment":[{"href":"https:\/\/www.bonelinks.com\/fr\/wp-json\/wp\/v2\/media?parent=21159"}],"wp:term":[{"taxonomy":"product_brand","embeddable":true,"href":"https:\/\/www.bonelinks.com\/fr\/wp-json\/wp\/v2\/product_brand?post=21159"},{"taxonomy":"product_cat","embeddable":true,"href":"https:\/\/www.bonelinks.com\/fr\/wp-json\/wp\/v2\/product_cat?post=21159"},{"taxonomy":"product_tag","embeddable":true,"href":"https:\/\/www.bonelinks.com\/fr\/wp-json\/wp\/v2\/product_tag?post=21159"}],"curies":[{"name":"wp","href":"https:\/\/api.w.org\/{rel}","templated":true}]}}