{"id":21143,"date":"2023-07-16T20:06:31","date_gmt":"2023-07-17T04:06:31","guid":{"rendered":"https:\/\/www.bonelinks.com\/product\/1x2-mini-separateur-plc-fibre-acier-connecteur-sc-apc-monomode\/"},"modified":"2024-01-28T18:54:09","modified_gmt":"2024-01-29T02:54:09","slug":"1x2-mini-steel-fiber-plc-splitter-singlemode-sc-apc-connector","status":"publish","type":"product","link":"https:\/\/www.bonelinks.com\/fr\/product\/1x2-mini-steel-fiber-plc-splitter-singlemode-sc-apc-connector\/","title":{"rendered":"1&#215;2 Mini S\u00e9parateur PLC Fibre Acier Connecteur SC\/APC monomode"},"content":{"rendered":"<h1 style=\"text-align: left; font-size: 18px;\"><span style=\"color: #000000;\"><strong> 1&#215;2 Blockless PLC Fiber Splitter, Mini Module, SC\/APC<\/strong><\/span><\/h1>\n<ul>\n<li><strong>Distribution efficace des signaux avec les r\u00e9partiteurs<\/strong>optiques 1&#215;2 PLC <strong><br \/>\nLe r\u00e9partiteur optique 1&#215;2 PLC est un composant essentiel des syst\u00e8mes de gestion de la puissance optique, avec une entr\u00e9e et deux sorties.<\/strong> Il assure une distribution uniforme du signal, chaque sortie recevant 50 % du signal optique. Cette configuration permet une distribution efficace et \u00e9quilibr\u00e9e du signal sur deux connexions.<\/li>\n<li><strong>S\u00e9parateurs de circuits planaires \u00e0 ondes lumineuses (PLC) pour une gestion optimale du signal<\/strong><br \/>\nLes s\u00e9parateurs de circuits planaires \u00e0 ondes lumineuses (PLC) sont des dispositifs avanc\u00e9s de gestion de la puissance optique fabriqu\u00e9s \u00e0 l&rsquo;aide de la technologie des guides d&rsquo;ondes optiques en silice. Ils excellent dans la distribution des signaux optiques depuis le bureau central (CO) jusqu&rsquo;\u00e0 de multiples locaux, assurant une transmission efficace et fiable des signaux dans une large gamme d&rsquo;applications.<\/li>\n<li><strong>Protection renforc\u00e9e de la fibre avec des s\u00e9parateurs PLC sans bloc<\/strong><br \/>\nLes s\u00e9parateurs PLC sans bloc offrent une protection sup\u00e9rieure \u00e0 celle des s\u00e9parateurs de fibres nues. Issus de la miniaturisation des splitters \u00e0 cassette, les splitters PLC sans bloc offrent une meilleure protection des fibres. Ils sont largement utilis\u00e9s dans divers bo\u00eetiers de connexion et de distribution, ainsi que dans les armoires de r\u00e9seau, garantissant une transmission s\u00fbre et fiable des signaux.<\/li>\n<li><strong>Solutions polyvalentes avec les s\u00e9parateurs de fibre optique Bonelinks<\/strong><br \/>\nNos s\u00e9parateurs de fibre optique offrent une large gamme de styles et de tailles pour r\u00e9pondre aux diff\u00e9rents besoins de gestion des signaux. Ces s\u00e9parateurs excellent dans la division ou la combinaison de la lumi\u00e8re avec une perte minimale, assurant une distribution efficace du signal optique. Fabriqu\u00e9s selon un processus simple et fiable, les s\u00e9parateurs de fibre optique Bonelinks sont fiables et rentables. En outre, les s\u00e9parateurs peuvent \u00eatre personnalis\u00e9s avec diff\u00e9rentes longueurs de fibres et de connecteurs, ce qui permet une int\u00e9gration transparente dans diverses configurations de r\u00e9seau.<\/li>\n<\/ul>\n<h2 style=\"text-align: left; font-size: 18px;\"><strong>Caract\u00e9ristiques<\/strong><\/h2>\n<ul>\n<li>Conception compacte<\/li>\n<li>Acier inoxydable \u00e0 haute r\u00e9sistance, test\u00e9 au brouillard salin<\/li>\n<li>100% 3D test\u00e9 par Daisi et Sumix<\/li>\n<li>Essai de cycle \u00e0 haute et basse temp\u00e9rature<\/li>\n<li>Test \u00e0 100 % avant la livraison<\/li>\n<li>Faible perte d&rsquo;insertion et faible PDL<\/li>\n<\/ul>\n<h2 style=\"text-align: left; font-size: 18px;\"><strong>Applications<\/strong><\/h2>\n<ul>\n<li>FTTx<\/li>\n<li>T\u00e9l\u00e9vision par c\u00e2ble (CATV)<\/li>\n<li>R\u00e9seaux locaux (LAN)<\/li>\n<li>Mat\u00e9riel d&rsquo;essai<\/li>\n<li>R\u00e9seaux optiques passifs (PON)<\/li>\n<\/ul>\n<h2 style=\"text-align: left; font-size: 18px;\"><strong>Vous cherchez un s\u00e9parateur More PLC ?<\/strong><\/h2>\n<p>Voulez-vous plus d&rsquo;options pour Fiber Splitters ? D\u00e9couvrez notre s\u00e9lection de<a title=\"Mini-s\u00e9parateur PLC en acier\" href=\"https:\/\/www.bonelinks.com\/fr\/mini-plc-splitter\/\" target=\"_blank\" rel=\"noopener\"><strong><span style=\"color: #0054a6;\"> Mini splitter PLC en acier, <\/span><\/strong><\/a><a href=\"https:\/\/www.bonelinks.com\/fr\/fiber-optic-splitter-1x2\/\" target=\"_blank\" rel=\"noopener\"><strong><span style=\"color: #0054a6;\">R\u00e9partiteur fibre 1&#215;2 <\/span><\/strong><\/a>pour une mise en r\u00e9seau sans faille.<\/p>\n<p><strong>Connectez-vous avec nous !<\/strong><br \/>\nSi vous avez des difficult\u00e9s \u00e0 trouver le bon <span style=\"color: #0054a6;\"><strong><a style=\"color: #0054a6;\" href=\"https:\/\/www.bonelinks.com\/fr\/china-ftth-plc-splitter-supplier\/\" target=\"_blank\" rel=\"noopener\">R\u00e9partiteur de fibres <\/a><\/strong><\/span>pour vos besoins, ou si vous avez besoin de conseils d&rsquo;experts, un seul clic et vous pouvez<a href=\"https:\/\/www.bonelinks.com\/fr\/contact-us\/\" target=\"_blank\" rel=\"noopener\"><strong><span style=\"color: #0054a6;\"> discuter avec nous <\/span><\/strong><\/a>en quelques secondes. Votre satisfaction est notre priorit\u00e9. Nous sommes pr\u00eats \u00e0 vous aider dans tous les domaines. <strong>Ne vous inqui\u00e9tez pas, il n&rsquo;est pas n\u00e9cessaire de trop r\u00e9fl\u00e9chir. Nous sommes l\u00e0, pr\u00eats \u00e0 vous aider.<\/strong><\/p>\n<ul>\n<li>Vente au d\u00e9tail ou en gros &#8211; Nous avons tout ce qu&rsquo;il faut !<\/li>\n<li>Vous ne savez pas quoi acheter ? Nous offrons des conseils d&rsquo;experts.<\/li>\n<li>Faible MOQ : pas besoin d&rsquo;acheter plus que ce que vous voulez.<\/li>\n<li>Des prix comp\u00e9titifs : Obtenez un excellent rapport qualit\u00e9-prix \u00e0 chaque fois.<\/li>\n<li>Livraison rapide : Votre rapidit\u00e9, notre priorit\u00e9.<\/li>\n<li>Centr\u00e9 sur le client : Nous adaptons nos services \u00e0 vos besoins.<\/li>\n<\/ul>\n","protected":false},"excerpt":{"rendered":"<p>Le mini module PLC fiber splitter, avec une configuration 1 x 2, est enferm\u00e9 dans un bo\u00eetier en acier. Il utilise la fibre monomode G.657A1 avec un diam\u00e8tre ext\u00e9rieur de c\u00e2ble de 0,9 mm. Le produit est \u00e9quip\u00e9 de connecteurs SC\/APC. Il offre des ports 1&#215;2, avec un ratio de partage de 50% allou\u00e9 \u00e0 chaque port.<\/p>\n<ul>\n<li>S\u00e9parateurs optiques CPL 1&#215;2<\/li>\n<li>Distribution uniforme du signal optique<\/li>\n<li>Bo\u00eetier compact adapt\u00e9 aux racks, aux bo\u00eetiers muraux, aux bo\u00eetiers de distribution optique, etc.<\/li>\n<\/ul>\n","protected":false},"featured_media":15105,"template":"","meta":{"site-sidebar-layout":"default","site-content-layout":"default","ast-site-content-layout":"default","site-content-style":"default","site-sidebar-style":"default","ast-global-header-display":"","ast-banner-title-visibility":"","ast-main-header-display":"","ast-hfb-above-header-display":"","ast-hfb-below-header-display":"","ast-hfb-mobile-header-display":"","site-post-title":"","ast-breadcrumbs-content":"","ast-featured-img":"","footer-sml-layout":"","ast-disable-related-posts":"","theme-transparent-header-meta":"default","adv-header-id-meta":"","stick-header-meta":"default","header-above-stick-meta":"","header-main-stick-meta":"","header-below-stick-meta":"","astra-migrate-meta-layouts":"set","ast-page-background-enabled":"default","ast-page-background-meta":{"desktop":{"background-color":"","background-image":"","background-repeat":"repeat","background-position":"center center","background-size":"auto","background-attachment":"scroll","background-type":"","background-media":"","overlay-type":"","overlay-color":"","overlay-opacity":"","overlay-gradient":""},"tablet":{"background-color":"","background-image":"","background-repeat":"repeat","background-position":"center center","background-size":"auto","background-attachment":"scroll","background-type":"","background-media":"","overlay-type":"","overlay-color":"","overlay-opacity":"","overlay-gradient":""},"mobile":{"background-color":"","background-image":"","background-repeat":"repeat","background-position":"center center","background-size":"auto","background-attachment":"scroll","background-type":"","background-media":"","overlay-type":"","overlay-color":"","overlay-opacity":"","overlay-gradient":""}},"ast-content-background-meta":{"desktop":{"background-color":"var(--ast-global-color-5)","background-image":"","background-repeat":"repeat","background-position":"center center","background-size":"auto","background-attachment":"scroll","background-type":"","background-media":"","overlay-type":"","overlay-color":"","overlay-opacity":"","overlay-gradient":""},"tablet":{"background-color":"var(--ast-global-color-5)","background-image":"","background-repeat":"repeat","background-position":"center center","background-size":"auto","background-attachment":"scroll","background-type":"","background-media":"","overlay-type":"","overlay-color":"","overlay-opacity":"","overlay-gradient":""},"mobile":{"background-color":"var(--ast-global-color-5)","background-image":"","background-repeat":"repeat","background-position":"center center","background-size":"auto","background-attachment":"scroll","background-type":"","background-media":"","overlay-type":"","overlay-color":"","overlay-opacity":"","overlay-gradient":""}}},"product_brand":[],"product_cat":[281],"product_tag":[],"class_list":{"0":"post-21143","1":"product","2":"type-product","3":"status-publish","4":"has-post-thumbnail","6":"product_cat-plc-splitter-fr","7":"pa_configuration-1x2-fr","8":"pa_splitter-type-mini-module-fr","9":"desktop-align-left","10":"tablet-align-left","11":"mobile-align-left","12":"ast-product-gallery-layout-vertical","13":"ast-product-gallery-with-no-image","14":"ast-product-tabs-layout-vertical","15":"ast-qv-on-image","17":"first","18":"instock","19":"shipping-taxable","20":"product-type-simple"},"_links":{"self":[{"href":"https:\/\/www.bonelinks.com\/fr\/wp-json\/wp\/v2\/product\/21143","targetHints":{"allow":["GET"]}}],"collection":[{"href":"https:\/\/www.bonelinks.com\/fr\/wp-json\/wp\/v2\/product"}],"about":[{"href":"https:\/\/www.bonelinks.com\/fr\/wp-json\/wp\/v2\/types\/product"}],"version-history":[{"count":3,"href":"https:\/\/www.bonelinks.com\/fr\/wp-json\/wp\/v2\/product\/21143\/revisions"}],"predecessor-version":[{"id":24018,"href":"https:\/\/www.bonelinks.com\/fr\/wp-json\/wp\/v2\/product\/21143\/revisions\/24018"}],"wp:featuredmedia":[{"embeddable":true,"href":"https:\/\/www.bonelinks.com\/fr\/wp-json\/wp\/v2\/media\/15105"}],"wp:attachment":[{"href":"https:\/\/www.bonelinks.com\/fr\/wp-json\/wp\/v2\/media?parent=21143"}],"wp:term":[{"taxonomy":"product_brand","embeddable":true,"href":"https:\/\/www.bonelinks.com\/fr\/wp-json\/wp\/v2\/product_brand?post=21143"},{"taxonomy":"product_cat","embeddable":true,"href":"https:\/\/www.bonelinks.com\/fr\/wp-json\/wp\/v2\/product_cat?post=21143"},{"taxonomy":"product_tag","embeddable":true,"href":"https:\/\/www.bonelinks.com\/fr\/wp-json\/wp\/v2\/product_tag?post=21143"}],"curies":[{"name":"wp","href":"https:\/\/api.w.org\/{rel}","templated":true}]}}