{"id":21065,"date":"2023-07-17T02:59:16","date_gmt":"2023-07-17T10:59:16","guid":{"rendered":"https:\/\/www.bonelinks.com\/product\/1x32-plc-fiber-splitter-abs-module-sc-apc-singlemode\/"},"modified":"2024-01-28T18:40:46","modified_gmt":"2024-01-29T02:40:46","slug":"1x32-plc-fiber-splitter-abs-module-sc-apc-singlemode","status":"publish","type":"product","link":"https:\/\/www.bonelinks.com\/fr\/product\/1x32-plc-fiber-splitter-abs-module-sc-apc-singlemode\/","title":{"rendered":"1&#215;32 PLC Fiber Splitter, ABS Module, SC\/APC, Singlemode"},"content":{"rendered":"<h1 style=\"text-align: left; font-size: 18px;\"><span style=\"color: #000000;\"><strong> R\u00e9partiteur CPL 1&#215;32 fibres, type bo\u00eetier ABS, monomode, SC\/APC<\/strong><\/span><\/h1>\n<ul>\n<li><strong>Distribution efficace des signaux avec les r\u00e9partiteurs optiques 1&#215;32<\/strong>PLC <strong><br \/>\nLe r\u00e9partiteur optique 1&#215;32 PLC joue un r\u00f4le essentiel dans les syst\u00e8mes de gestion de la puissance optique, avec une entr\u00e9e et trente-deux sorties.<\/strong> Il assure une distribution uniforme du signal, chaque sortie recevant 3,125 % du signal optique. Cette configuration permet une distribution efficace et \u00e9quilibr\u00e9e des signaux sur trente-deux connexions.<\/li>\n<li><strong>S\u00e9parateurs PLC (Planar Lightwave Circuit) pour une gestion optimale des signaux<br \/>\n<\/strong>Les s\u00e9parateurs PLC (Planar Lightwave Circuit) utilisent la technologie des guides d&rsquo;ondes optiques en silice pour distribuer efficacement les signaux optiques du Central Office (CO) vers de multiples locaux. Ces dispositifs avanc\u00e9s de gestion de la puissance optique garantissent une transmission efficace et fiable des signaux dans diverses applications.<\/li>\n<li><strong>ABS PLC Splitters for Reliable PON Networks<br \/>\n<\/strong>Les splitters ABS PLC sont largement utilis\u00e9s dans les r\u00e9seaux PON, offrant une protection compl\u00e8te pour les composants optiques internes et les c\u00e2bles. Ils sont con\u00e7us pour une installation pratique et fiable. Bien que leur volume soit relativement important, ils conviennent \u00e0 divers produits de connexion et de distribution, tels que les bo\u00eetiers de distribution de fibres optiques en ext\u00e9rieur ou les armoires de r\u00e9seau. Les s\u00e9parateurs ABS PLC offrent des solutions fiables de gestion des signaux, garantissant des performances optimales dans les environnements exigeants.<\/li>\n<li><strong>Solutions polyvalentes avec les s\u00e9parateurs de fibre optique Bonelinks<\/strong><br \/>\nNos s\u00e9parateurs de fibre optique offrent une large gamme de styles et de tailles pour r\u00e9pondre aux diff\u00e9rents besoins de gestion des signaux. Ces s\u00e9parateurs excellent dans la division ou la combinaison de la lumi\u00e8re avec une perte minimale, assurant une distribution efficace du signal optique. Fabriqu\u00e9s selon un processus simple et fiable, les s\u00e9parateurs de fibre optique Bonelinks sont fiables et rentables. En outre, les s\u00e9parateurs peuvent \u00eatre personnalis\u00e9s avec diff\u00e9rentes longueurs de fibres et de connecteurs, ce qui permet une int\u00e9gration transparente dans diverses configurations de r\u00e9seau.<\/li>\n<\/ul>\n<h2 style=\"text-align: left; font-size: 18px;\"><strong>Caract\u00e9ristiques<\/strong><\/h2>\n<ul>\n<li>Faible perte d&rsquo;insertion<\/li>\n<li>Faible perte d\u00e9pendante de la polarisation<\/li>\n<li>Bonne uniformit\u00e9 d&rsquo;un canal \u00e0 l&rsquo;autre<\/li>\n<li>Excellente stabilit\u00e9 environnementale<\/li>\n<li>Excellente stabilit\u00e9 m\u00e9canique<\/li>\n<\/ul>\n<h2 style=\"text-align: left; font-size: 18px;\"><strong>Applications<\/strong><\/h2>\n<ul>\n<li>Fibre optique jusqu&rsquo;au point (FTTX)<\/li>\n<li>Fibre optique jusqu&rsquo;au domicile (FTTH)<\/li>\n<li>R\u00e9seaux optiques passifs (PON)<\/li>\n<li>R\u00e9seaux optiques passifs Gigabit (GPON)<\/li>\n<li>R\u00e9seaux locaux (LAN)<\/li>\n<li>T\u00e9l\u00e9vision par c\u00e2ble (CATV)<\/li>\n<li>Mat\u00e9riel d&rsquo;essai<\/li>\n<\/ul>\n<h2 style=\"text-align: left; font-size: 18px;\"><strong>Vous cherchez un s\u00e9parateur More PLC ?<\/strong><\/h2>\n<p>Voulez-vous plus d&rsquo;options pour Fiber Splitters ? D\u00e9couvrez notre s\u00e9lection de<a title=\"ABS PLC Splitter\" href=\"https:\/\/www.bonelinks.com\/fr\/abs-plc-splitter\/\" target=\"_blank\" rel=\"noopener\"><strong><span style=\"color: #0054a6;\"> ABS PLC Splitter, <\/span><\/strong><\/a><a href=\"https:\/\/www.bonelinks.com\/fr\/1x32-fiber-splitter\/\" target=\"_blank\" rel=\"noopener\"><strong><span style=\"color: #0054a6;\">R\u00e9partiteur fibre 1&#215;32 <\/span><\/strong><\/a>pour une mise en r\u00e9seau sans faille.<\/p>\n<p><strong>Connectez-vous avec nous !<\/strong><br \/>\nSi vous avez des difficult\u00e9s \u00e0 trouver le bon <span style=\"color: #0054a6;\"><strong><a style=\"color: #0054a6;\" href=\"https:\/\/www.bonelinks.com\/fr\/china-ftth-plc-splitter-supplier\/\" target=\"_blank\" rel=\"noopener\">R\u00e9partiteur de fibres <\/a><\/strong><\/span>pour vos besoins, ou si vous avez besoin de conseils d&rsquo;experts, un seul clic et vous pouvez<a href=\"https:\/\/www.bonelinks.com\/fr\/contact-us\/\" target=\"_blank\" rel=\"noopener\"><strong><span style=\"color: #0054a6;\"> discuter avec nous <\/span><\/strong><\/a>en quelques secondes. Votre satisfaction est notre priorit\u00e9. Nous sommes pr\u00eats \u00e0 vous aider dans tous les domaines. <strong>Ne vous inqui\u00e9tez pas, il n&rsquo;est pas n\u00e9cessaire de trop r\u00e9fl\u00e9chir. Nous sommes l\u00e0, pr\u00eats \u00e0 vous aider.<\/strong><\/p>\n<ul>\n<li>Vente au d\u00e9tail ou en gros &#8211; Nous avons tout ce qu&rsquo;il faut !<\/li>\n<li>Vous ne savez pas quoi acheter ? Nous offrons des conseils d&rsquo;experts.<\/li>\n<li>Faible MOQ : pas besoin d&rsquo;acheter plus que ce que vous voulez.<\/li>\n<li>Des prix comp\u00e9titifs : Obtenez un excellent rapport qualit\u00e9-prix \u00e0 chaque fois.<\/li>\n<li>Livraison rapide : Votre rapidit\u00e9, notre priorit\u00e9.<\/li>\n<li>Centr\u00e9 sur le client : Nous adaptons nos services \u00e0 vos besoins.<\/li>\n<\/ul>\n","protected":false},"excerpt":{"rendered":"<p>Le s\u00e9parateur de fibre PLC est con\u00e7u avec une configuration 1&#215;32 et dispose d&rsquo;un bo\u00eetier ABS. Il est compatible avec la fibre monomode G.657A1 et a un diam\u00e8tre ext\u00e9rieur de c\u00e2ble de 2,0 mm. Le produit est \u00e9quip\u00e9 de connecteurs SC\/APC. Il offre 1&#215;32 ports, avec un ratio de partage de 3,125% allou\u00e9 \u00e0 chaque port.<\/p>\n<ul>\n<li>R\u00e9partiteurs optiques 1&#215;32 PLC<\/li>\n<li>Distribution uniforme du signal optique<\/li>\n<li>Bo\u00eetier compact adapt\u00e9 aux racks, aux bo\u00eetiers muraux, aux bo\u00eetiers de distribution optique, etc.<\/li>\n<li>Largement utilis\u00e9 dans les projets FTTX et les centres de communication de donn\u00e9es<\/li>\n<\/ul>\n","protected":false},"featured_media":15095,"template":"","meta":{"site-sidebar-layout":"default","site-content-layout":"default","ast-site-content-layout":"default","site-content-style":"default","site-sidebar-style":"default","ast-global-header-display":"","ast-banner-title-visibility":"","ast-main-header-display":"","ast-hfb-above-header-display":"","ast-hfb-below-header-display":"","ast-hfb-mobile-header-display":"","site-post-title":"","ast-breadcrumbs-content":"","ast-featured-img":"","footer-sml-layout":"","ast-disable-related-posts":"","theme-transparent-header-meta":"default","adv-header-id-meta":"","stick-header-meta":"default","header-above-stick-meta":"","header-main-stick-meta":"","header-below-stick-meta":"","astra-migrate-meta-layouts":"set","ast-page-background-enabled":"default","ast-page-background-meta":{"desktop":{"background-color":"","background-image":"","background-repeat":"repeat","background-position":"center center","background-size":"auto","background-attachment":"scroll","background-type":"","background-media":"","overlay-type":"","overlay-color":"","overlay-opacity":"","overlay-gradient":""},"tablet":{"background-color":"","background-image":"","background-repeat":"repeat","background-position":"center center","background-size":"auto","background-attachment":"scroll","background-type":"","background-media":"","overlay-type":"","overlay-color":"","overlay-opacity":"","overlay-gradient":""},"mobile":{"background-color":"","background-image":"","background-repeat":"repeat","background-position":"center center","background-size":"auto","background-attachment":"scroll","background-type":"","background-media":"","overlay-type":"","overlay-color":"","overlay-opacity":"","overlay-gradient":""}},"ast-content-background-meta":{"desktop":{"background-color":"var(--ast-global-color-5)","background-image":"","background-repeat":"repeat","background-position":"center center","background-size":"auto","background-attachment":"scroll","background-type":"","background-media":"","overlay-type":"","overlay-color":"","overlay-opacity":"","overlay-gradient":""},"tablet":{"background-color":"var(--ast-global-color-5)","background-image":"","background-repeat":"repeat","background-position":"center center","background-size":"auto","background-attachment":"scroll","background-type":"","background-media":"","overlay-type":"","overlay-color":"","overlay-opacity":"","overlay-gradient":""},"mobile":{"background-color":"var(--ast-global-color-5)","background-image":"","background-repeat":"repeat","background-position":"center center","background-size":"auto","background-attachment":"scroll","background-type":"","background-media":"","overlay-type":"","overlay-color":"","overlay-opacity":"","overlay-gradient":""}}},"product_brand":[],"product_cat":[281],"product_tag":[],"class_list":{"0":"post-21065","1":"product","2":"type-product","3":"status-publish","4":"has-post-thumbnail","6":"product_cat-plc-splitter-fr","7":"pa_configuration-1x32-fr","8":"pa_splitter-type-module-abs","9":"desktop-align-left","10":"tablet-align-left","11":"mobile-align-left","12":"ast-product-gallery-layout-vertical","13":"ast-product-gallery-with-no-image","14":"ast-product-tabs-layout-vertical","15":"ast-qv-on-image","17":"first","18":"instock","19":"shipping-taxable","20":"product-type-simple"},"_links":{"self":[{"href":"https:\/\/www.bonelinks.com\/fr\/wp-json\/wp\/v2\/product\/21065","targetHints":{"allow":["GET"]}}],"collection":[{"href":"https:\/\/www.bonelinks.com\/fr\/wp-json\/wp\/v2\/product"}],"about":[{"href":"https:\/\/www.bonelinks.com\/fr\/wp-json\/wp\/v2\/types\/product"}],"version-history":[{"count":3,"href":"https:\/\/www.bonelinks.com\/fr\/wp-json\/wp\/v2\/product\/21065\/revisions"}],"predecessor-version":[{"id":23997,"href":"https:\/\/www.bonelinks.com\/fr\/wp-json\/wp\/v2\/product\/21065\/revisions\/23997"}],"wp:featuredmedia":[{"embeddable":true,"href":"https:\/\/www.bonelinks.com\/fr\/wp-json\/wp\/v2\/media\/15095"}],"wp:attachment":[{"href":"https:\/\/www.bonelinks.com\/fr\/wp-json\/wp\/v2\/media?parent=21065"}],"wp:term":[{"taxonomy":"product_brand","embeddable":true,"href":"https:\/\/www.bonelinks.com\/fr\/wp-json\/wp\/v2\/product_brand?post=21065"},{"taxonomy":"product_cat","embeddable":true,"href":"https:\/\/www.bonelinks.com\/fr\/wp-json\/wp\/v2\/product_cat?post=21065"},{"taxonomy":"product_tag","embeddable":true,"href":"https:\/\/www.bonelinks.com\/fr\/wp-json\/wp\/v2\/product_tag?post=21065"}],"curies":[{"name":"wp","href":"https:\/\/api.w.org\/{rel}","templated":true}]}}