{"id":21060,"date":"2023-07-17T19:12:39","date_gmt":"2023-07-18T03:12:39","guid":{"rendered":"https:\/\/www.bonelinks.com\/product\/repartiteur-fibre-optique-1x32-plc-montage-en-rack-19-1u-sc-apc-monomode\/"},"modified":"2024-01-28T18:32:14","modified_gmt":"2024-01-29T02:32:14","slug":"1x32-plc-fiber-splitter-1u-19-rack-mount-sc-apc","status":"publish","type":"product","link":"https:\/\/www.bonelinks.com\/fr\/product\/1x32-plc-fiber-splitter-1u-19-rack-mount-sc-apc\/","title":{"rendered":"R\u00e9partiteur fibre optique 1&#215;32 PLC, montage en rack 19&Prime; 1U, SC\/APC, monomode"},"content":{"rendered":"<h1 style=\"text-align: left; font-size: 18px;\"><span style=\"color: #000000;\"><strong> R\u00e9partiteur CPL 1\u00d732 fibres, montage en rack 1U, monomode<\/strong><\/span><\/h1>\n<ul>\n<li><strong>R\u00e9partiteur PLC passif 1&#215;32 mont\u00e9 en rack pour une distribution efficace du signal<\/strong><br \/>\nLe produit propos\u00e9 est un r\u00e9partiteur PLC passif 1&#215;32, con\u00e7u comme un filtre 1RU 19&Prime; mont\u00e9 en rack. Ce s\u00e9parateur divise efficacement un signal d&rsquo;entr\u00e9e en 32 signaux de sortie et vice versa, permettant la transmission bidirectionnelle de signaux composites. Il constitue une solution fiable pour la distribution de la puissance optique dans les r\u00e9seaux.<\/li>\n<li><strong>R\u00e9partiteurs PLC \u00e0 fibre optique pour des r\u00e9seaux efficaces de fibre<\/strong>optique \u00e0 domicile <strong><br \/>\nLes r\u00e9partiteurs PLC \u00e0 fibre optique jouent un r\u00f4le essentiel en tant que composants passifs dans les r\u00e9seaux de fibre optique \u00e0 domicile (FTTH).<\/strong> Utilisant la technologie des guides d&rsquo;ondes optiques en silice, ces s\u00e9parateurs facilitent l&rsquo;allocation de la puissance optique depuis le bureau central jusqu&rsquo;aux locaux des clients. Les splitters PLC, sp\u00e9cialement con\u00e7us pour les fibres monomodes, offrent un rapport de division \u00e9gal entre une fibre d&rsquo;entr\u00e9e unique et plusieurs fibres de sortie. Ils constituent une solution rentable, peu encombrante et tr\u00e8s fiable pour les syst\u00e8mes de transmission optique, ce qui les rend essentiels dans les r\u00e9seaux FTTx et FTTH.<\/li>\n<li><strong>R\u00e9partiteurs PLC en rack pour une installation pratique et polyvalente<br \/>\n<\/strong>Les r\u00e9partiteurs PLC en rack consistent en des r\u00e9partiteurs PLC int\u00e9gr\u00e9s dans des bo\u00eetiers, offrant des tailles standardis\u00e9es pour une installation facile. Ces splitters prennent en charge diverses interfaces d&rsquo;adaptateur, telles que SC ou FC, et conviennent aux applications int\u00e9rieures ou ext\u00e9rieures dans les projets FTTx, CATV et les centres de communication de donn\u00e9es. La conception de montage en rack permet une fonctionnalit\u00e9 coulissante, permettant l&rsquo;\u00e9pissage, la distribution, la terminaison, le brassage, le stockage et la gestion des fibres dans une seule unit\u00e9. Ils constituent des composants essentiels pour les r\u00e9seaux EPON et GPON, en fournissant des interfaces entre les c\u00e2bles de l&rsquo;usine ext\u00e9rieure et l&rsquo;\u00e9quipement de transmission.<\/li>\n<li><strong>Options polyvalentes pour les r\u00e9partiteurs d&rsquo;automates en rack afin de r\u00e9pondre \u00e0 divers besoins<\/strong><br \/>\nLes r\u00e9partiteurs CPL en rack existent en diff\u00e9rents types, notamment 1&#215;4, 1&#215;8, 1&#215;16, 1&#215;32 et 1&#215;64, ainsi que 2&#215;4, 2&#215;8, 2&#215;16 et 2&#215;32, tous conditionn\u00e9s dans des bo\u00eetiers de montage en rack 1U 19&Prime;. Diff\u00e9rentes options d&rsquo;adaptateurs, telles que LC, SC, FC ou ST, sont disponibles, avec des connecteurs APC ou UPC en fonction des demandes des clients. Ces s\u00e9parateurs offrent des performances optiques sup\u00e9rieures, une grande stabilit\u00e9 et une grande fiabilit\u00e9, ce qui permet de r\u00e9pondre \u00e0 un large \u00e9ventail d&rsquo;exigences en mati\u00e8re d&rsquo;applications. Qu&rsquo;il s&rsquo;agisse d&rsquo;une configuration 1xN ou 2xN, les r\u00e9partiteurs PLC mont\u00e9s en rack offrent des solutions efficaces de distribution des signaux optiques pour diff\u00e9rentes configurations de r\u00e9seau.<\/li>\n<\/ul>\n<h2 style=\"text-align: left; font-size: 18px;\"><strong>Caract\u00e9ristiques<\/strong><\/h2>\n<ul>\n<li>R\u00e9partition uniforme de la puissance<\/li>\n<li>Faible perte d&rsquo;insertion et perte de retour \u00e9lev\u00e9e<\/li>\n<li>Faible perte en fonction de la polarisation<\/li>\n<li>Transmission optique hautement stable et fiable<\/li>\n<li>Convient \u00e0 une armoire de distribution int\u00e9gr\u00e9e standard de 19\u2033 ou \u00e0 une armoire de r\u00e9seau<\/li>\n<li>Con\u00e7u pour un environnement de c\u00e2blage \u00e0 haute densit\u00e9<\/li>\n<li>Num\u00e9ro de port s\u00e9rigraphi\u00e9 pour une identification facile<\/li>\n<\/ul>\n<h2 style=\"text-align: left; font-size: 18px;\"><strong>Applications<\/strong><\/h2>\n<ul>\n<li>LAN optique, WAN et CATV<\/li>\n<li>Projets FTTH et d\u00e9ploiements FTTX<\/li>\n<li>R\u00e9seaux de communication par fibres optiques<\/li>\n<li>R\u00e9seaux PON<\/li>\n<li>Fonctionnement \u00e0 l&rsquo;int\u00e9rieur de l&rsquo;usine (ISP)<\/li>\n<\/ul>\n<h2 style=\"text-align: left; font-size: 18px;\"><strong>Vous cherchez un s\u00e9parateur More PLC ?<\/strong><\/h2>\n<p>Voulez-vous plus d&rsquo;options pour Fiber Splitters ? D\u00e9couvrez notre s\u00e9lection de<a title=\"R\u00e9partiteur PLC \u00e0 montage en rack\" href=\"https:\/\/www.bonelinks.com\/fr\/rack-mount-plc-splitter\/\" target=\"_blank\" rel=\"noopener\"><strong><span style=\"color: #0054a6;\"> R\u00e9partiteur PLC en rack, <\/span><\/strong><\/a><a href=\"https:\/\/www.bonelinks.com\/fr\/1x32-fiber-splitter\/\" target=\"_blank\" rel=\"noopener\"><strong><span style=\"color: #0054a6;\">R\u00e9partiteur fibre 1&#215;32 <\/span><\/strong><\/a>pour une mise en r\u00e9seau sans faille.<\/p>\n<p><strong>Connectez-vous avec nous !<\/strong><br \/>\nSi vous avez des difficult\u00e9s \u00e0 trouver le bon <span style=\"color: #0054a6;\"><strong><a style=\"color: #0054a6;\" href=\"https:\/\/www.bonelinks.com\/fr\/china-ftth-plc-splitter-supplier\/\" target=\"_blank\" rel=\"noopener\">R\u00e9partiteur de fibres <\/a><\/strong><\/span>pour vos besoins, ou si vous avez besoin de conseils d&rsquo;experts, un seul clic et vous pouvez<a href=\"https:\/\/www.bonelinks.com\/fr\/contact-us\/\" target=\"_blank\" rel=\"noopener\"><strong><span style=\"color: #0054a6;\"> discuter avec nous <\/span><\/strong><\/a>en quelques secondes. Votre satisfaction est notre priorit\u00e9. Nous sommes pr\u00eats \u00e0 vous aider dans tous les domaines. <strong>Ne vous inqui\u00e9tez pas, il n&rsquo;est pas n\u00e9cessaire de trop r\u00e9fl\u00e9chir. Nous sommes l\u00e0, pr\u00eats \u00e0 vous aider.<\/strong><\/p>\n<ul>\n<li>Vente au d\u00e9tail ou en gros &#8211; Nous avons tout ce qu&rsquo;il faut !<\/li>\n<li>Vous ne savez pas quoi acheter ? Nous offrons des conseils d&rsquo;experts.<\/li>\n<li>Faible MOQ : pas besoin d&rsquo;acheter plus que ce que vous voulez.<\/li>\n<li>Des prix comp\u00e9titifs : Obtenez un excellent rapport qualit\u00e9-prix \u00e0 chaque fois.<\/li>\n<li>Livraison rapide : Votre rapidit\u00e9, notre priorit\u00e9.<\/li>\n<li>Centr\u00e9 sur le client : Nous adaptons nos services \u00e0 vos besoins.<\/li>\n<\/ul>\n","protected":false},"excerpt":{"rendered":"<p>Notre r\u00e9partiteur de fibre optique 1&#215;32 PLC est une solution pratique \u00e0 monter en rack avec des adaptateurs SC pr\u00e9charg\u00e9s, ce qui permet une utilisation facile sur site. Il comprend un r\u00e9partiteur CPL 1&#215;32 SC\/APC log\u00e9 dans un panneau 1RU. Avec des s\u00e9parateurs et des adaptateurs de fibre optique pr\u00e9-assembl\u00e9s, il garantit des performances stables. Con\u00e7u pour s&rsquo;adapter aux racks ou armoires standard de 19 pouces, il permet de gagner du temps lors de l&rsquo;installation. Ce filtre \u00e0 fibre unique est parfait pour les applications FTTx et PON, offrant une distribution efficace du signal.<\/p>\n<ul>\n<li>R\u00e9partiteurs optiques 1&#215;32 PLC<\/li>\n<li>Distribution uniforme du signal optique<\/li>\n<li>Con\u00e7u pour un rack ou une armoire r\u00e9seau 19\u00a0\u00bb, Plug and Play<\/li>\n<li>Largement utilis\u00e9 dans les projets FTTX et les centres de communication de donn\u00e9es<\/li>\n<\/ul>\n","protected":false},"featured_media":15050,"template":"","meta":{"site-sidebar-layout":"default","site-content-layout":"default","ast-site-content-layout":"default","site-content-style":"default","site-sidebar-style":"default","ast-global-header-display":"","ast-banner-title-visibility":"","ast-main-header-display":"","ast-hfb-above-header-display":"","ast-hfb-below-header-display":"","ast-hfb-mobile-header-display":"","site-post-title":"","ast-breadcrumbs-content":"","ast-featured-img":"","footer-sml-layout":"","ast-disable-related-posts":"","theme-transparent-header-meta":"default","adv-header-id-meta":"","stick-header-meta":"default","header-above-stick-meta":"","header-main-stick-meta":"","header-below-stick-meta":"","astra-migrate-meta-layouts":"set","ast-page-background-enabled":"default","ast-page-background-meta":{"desktop":{"background-color":"","background-image":"","background-repeat":"repeat","background-position":"center center","background-size":"auto","background-attachment":"scroll","background-type":"","background-media":"","overlay-type":"","overlay-color":"","overlay-opacity":"","overlay-gradient":""},"tablet":{"background-color":"","background-image":"","background-repeat":"repeat","background-position":"center center","background-size":"auto","background-attachment":"scroll","background-type":"","background-media":"","overlay-type":"","overlay-color":"","overlay-opacity":"","overlay-gradient":""},"mobile":{"background-color":"","background-image":"","background-repeat":"repeat","background-position":"center center","background-size":"auto","background-attachment":"scroll","background-type":"","background-media":"","overlay-type":"","overlay-color":"","overlay-opacity":"","overlay-gradient":""}},"ast-content-background-meta":{"desktop":{"background-color":"var(--ast-global-color-5)","background-image":"","background-repeat":"repeat","background-position":"center center","background-size":"auto","background-attachment":"scroll","background-type":"","background-media":"","overlay-type":"","overlay-color":"","overlay-opacity":"","overlay-gradient":""},"tablet":{"background-color":"var(--ast-global-color-5)","background-image":"","background-repeat":"repeat","background-position":"center center","background-size":"auto","background-attachment":"scroll","background-type":"","background-media":"","overlay-type":"","overlay-color":"","overlay-opacity":"","overlay-gradient":""},"mobile":{"background-color":"var(--ast-global-color-5)","background-image":"","background-repeat":"repeat","background-position":"center center","background-size":"auto","background-attachment":"scroll","background-type":"","background-media":"","overlay-type":"","overlay-color":"","overlay-opacity":"","overlay-gradient":""}}},"product_brand":[],"product_cat":[281],"product_tag":[],"class_list":{"0":"post-21060","1":"product","2":"type-product","3":"status-publish","4":"has-post-thumbnail","6":"product_cat-plc-splitter-fr","7":"pa_configuration-1x32-fr","8":"pa_splitter-type-montage-en-rack","9":"desktop-align-left","10":"tablet-align-left","11":"mobile-align-left","12":"ast-product-gallery-layout-vertical","13":"ast-product-gallery-with-no-image","14":"ast-product-tabs-layout-vertical","15":"ast-qv-on-image","17":"first","18":"instock","19":"shipping-taxable","20":"product-type-simple"},"_links":{"self":[{"href":"https:\/\/www.bonelinks.com\/fr\/wp-json\/wp\/v2\/product\/21060","targetHints":{"allow":["GET"]}}],"collection":[{"href":"https:\/\/www.bonelinks.com\/fr\/wp-json\/wp\/v2\/product"}],"about":[{"href":"https:\/\/www.bonelinks.com\/fr\/wp-json\/wp\/v2\/types\/product"}],"version-history":[{"count":3,"href":"https:\/\/www.bonelinks.com\/fr\/wp-json\/wp\/v2\/product\/21060\/revisions"}],"predecessor-version":[{"id":23990,"href":"https:\/\/www.bonelinks.com\/fr\/wp-json\/wp\/v2\/product\/21060\/revisions\/23990"}],"wp:featuredmedia":[{"embeddable":true,"href":"https:\/\/www.bonelinks.com\/fr\/wp-json\/wp\/v2\/media\/15050"}],"wp:attachment":[{"href":"https:\/\/www.bonelinks.com\/fr\/wp-json\/wp\/v2\/media?parent=21060"}],"wp:term":[{"taxonomy":"product_brand","embeddable":true,"href":"https:\/\/www.bonelinks.com\/fr\/wp-json\/wp\/v2\/product_brand?post=21060"},{"taxonomy":"product_cat","embeddable":true,"href":"https:\/\/www.bonelinks.com\/fr\/wp-json\/wp\/v2\/product_cat?post=21060"},{"taxonomy":"product_tag","embeddable":true,"href":"https:\/\/www.bonelinks.com\/fr\/wp-json\/wp\/v2\/product_tag?post=21060"}],"curies":[{"name":"wp","href":"https:\/\/api.w.org\/{rel}","templated":true}]}}