{"id":21030,"date":"2023-07-17T21:30:12","date_gmt":"2023-07-18T05:30:12","guid":{"rendered":"https:\/\/www.bonelinks.com\/product\/repartiteur-fibre-optique-2x16-plc-montage-en-rack-1u-19-sc-apc-monomode\/"},"modified":"2024-01-28T06:27:19","modified_gmt":"2024-01-28T14:27:19","slug":"2x16-plc-fiber-splitter-19-rack-mount-sc-apc","status":"publish","type":"product","link":"https:\/\/www.bonelinks.com\/fr\/product\/2x16-plc-fiber-splitter-19-rack-mount-sc-apc\/","title":{"rendered":"R\u00e9partiteur fibre optique 2&#215;16 PLC, montage en rack 1U 19&Prime;, SC\/APC, monomode"},"content":{"rendered":"<h1 style=\"text-align: left; font-size: 18px;\"><span style=\"color: #000000;\"><strong> R\u00e9partiteur PLC 2\u00d716 fibres, montage en rack 1U, monomode<\/strong><\/span><\/h1>\n<ul>\n<li><strong>R\u00e9partiteur PLC passif 2&#215;16 mont\u00e9 en rack pour une distribution efficace des signaux bidirectionnels<br \/>\n<\/strong>Le produit propos\u00e9 est un r\u00e9partiteur PLC passif 2&#215;16 con\u00e7u comme un filtre mont\u00e9 en rack 19&Prime; 1RU. Ce s\u00e9parateur divise efficacement deux signaux d&rsquo;entr\u00e9e en seize signaux de sortie et vice versa, permettant la transmission bidirectionnelle de signaux composites. Il constitue une solution fiable pour la distribution de la puissance optique dans les r\u00e9seaux.<\/li>\n<li><strong>Splitters PLC \u00e0 fibre optique pour des r\u00e9seaux FTTH optimaux<br \/>\n<\/strong>Le splitter PLC \u00e0 fibre optique est un composant passif essentiel dans les r\u00e9seaux Fiber to the Home (FTTH). Il adopte la technologie des guides d&rsquo;ondes optiques en silice et est utilis\u00e9 pour la r\u00e9partition de la puissance optique entre le bureau central et les locaux des clients dans les r\u00e9seaux FTTx et FTTH. Les s\u00e9parateurs PLC (Planar Lightwave Circuit) sont des s\u00e9parateurs monomodes qui divisent uniform\u00e9ment le signal optique d&rsquo;une fibre d&rsquo;entr\u00e9e vers plusieurs fibres de sortie. Bas\u00e9s sur la technologie des circuits planaires \u00e0 ondes lumineuses, les s\u00e9parateurs PLC offrent une solution de distribution de la lumi\u00e8re \u00e0 faible co\u00fbt, avec un petit facteur de forme et une grande fiabilit\u00e9. Ils jouent un r\u00f4le crucial dans les syst\u00e8mes de transmission optique, offrant une solution de mise en r\u00e9seau rentable et peu encombrante.<\/li>\n<li><strong>R\u00e9partiteurs PLC en rack pour une installation pratique et polyvalente<br \/>\n<\/strong>Les r\u00e9partiteurs PLC en rack sont des r\u00e9partiteurs PLC int\u00e9gr\u00e9s dans des bo\u00eetiers de taille standard pour une installation ais\u00e9e. Ces splitters prennent en charge diff\u00e9rentes interfaces d&rsquo;adaptateur, telles que SC ou FC, ce qui les rend adapt\u00e9s aux applications int\u00e9rieures ou ext\u00e9rieures dans les projets FTTx, CATV et les centres de communication de donn\u00e9es. Les r\u00e9partiteurs PLC \u00e0 montage en rack sont conditionn\u00e9s dans un panneau \u00e0 montage en rack de 19 pouces, offrant une solution compacte et organis\u00e9e. Ils sont couramment utilis\u00e9s comme s\u00e9parateurs optiques passifs dans les r\u00e9seaux optiques passifs FTTH, y compris les d\u00e9ploiements EPON (Ethernet Passive Optical Network) et GPON (Gigabit Passive Optical Network). En outre, les armoires de distribution de fibres optiques mont\u00e9es en rack offrent des fonctionnalit\u00e9s compl\u00e8tes, notamment l&rsquo;\u00e9pissage, la distribution, la terminaison, le brassage, le stockage et la gestion des fibres au sein d&rsquo;une seule unit\u00e9. Ces bo\u00eetiers prennent en charge les architectures de connexion transversale et d&rsquo;interconnexion, facilitant la connexion entre les c\u00e2bles de l&rsquo;usine ext\u00e9rieure et l&rsquo;\u00e9quipement de transmission.<\/li>\n<li><strong>Options polyvalentes pour les r\u00e9partiteurs d&rsquo;automates en rack afin de r\u00e9pondre \u00e0 divers besoins<\/strong><br \/>\nLes r\u00e9partiteurs CPL en rack existent en diff\u00e9rents types, notamment 1&#215;4, 1&#215;8, 1&#215;16, 1&#215;32 et 1&#215;64, ainsi que 2&#215;4, 2&#215;8, 2&#215;16 et 2&#215;32, tous conditionn\u00e9s dans des bo\u00eetiers de montage en rack 1U 19&Prime;. Diff\u00e9rentes options d&rsquo;adaptateurs, telles que LC, SC, FC ou ST, sont disponibles, avec des connecteurs APC ou UPC en fonction des demandes des clients. Ces s\u00e9parateurs offrent des performances optiques sup\u00e9rieures, une grande stabilit\u00e9 et une grande fiabilit\u00e9, ce qui permet de r\u00e9pondre \u00e0 un large \u00e9ventail d&rsquo;exigences en mati\u00e8re d&rsquo;applications. Qu&rsquo;il s&rsquo;agisse d&rsquo;une configuration 1xN ou 2xN, les r\u00e9partiteurs PLC mont\u00e9s en rack offrent des solutions efficaces de distribution des signaux optiques pour diff\u00e9rentes configurations de r\u00e9seau.<\/li>\n<\/ul>\n<h2 style=\"text-align: left; font-size: 18px;\"><strong>Caract\u00e9ristiques<\/strong><\/h2>\n<ul>\n<li>R\u00e9partition uniforme de la puissance<\/li>\n<li>Faible perte d&rsquo;insertion et perte de retour \u00e9lev\u00e9e<\/li>\n<li>Faible perte en fonction de la polarisation<\/li>\n<li>Transmission optique hautement stable et fiable<\/li>\n<li>Convient \u00e0 une armoire de distribution int\u00e9gr\u00e9e standard de 19\u2033 ou \u00e0 une armoire de r\u00e9seau<\/li>\n<li>Con\u00e7u pour un environnement de c\u00e2blage \u00e0 haute densit\u00e9<\/li>\n<li>Num\u00e9ro de port s\u00e9rigraphi\u00e9 pour une identification facile<\/li>\n<\/ul>\n<h2 style=\"text-align: left; font-size: 18px;\"><strong>Applications<\/strong><\/h2>\n<ul>\n<li>LAN optique, WAN et CATV<\/li>\n<li>Projets FTTH et d\u00e9ploiements FTTX<\/li>\n<li>R\u00e9seaux de communication par fibres optiques<\/li>\n<li>R\u00e9seaux PON<\/li>\n<li>Fonctionnement \u00e0 l&rsquo;int\u00e9rieur de l&rsquo;usine (ISP)<\/li>\n<\/ul>\n<h2 style=\"text-align: left; font-size: 18px;\"><strong>Vous cherchez un s\u00e9parateur More PLC ?<\/strong><\/h2>\n<p>Voulez-vous plus d&rsquo;options pour Fiber Splitters ? D\u00e9couvrez notre s\u00e9lection de<a title=\"R\u00e9partiteur PLC \u00e0 montage en rack\" href=\"https:\/\/www.bonelinks.com\/fr\/rack-mount-plc-splitter\/\" target=\"_blank\" rel=\"noopener\"><strong><span style=\"color: #0054a6;\"> R\u00e9partiteur PLC en rack <\/span><\/strong><\/a>pour une mise en r\u00e9seau transparente.<\/p>\n<p><strong>Connectez-vous avec nous !<\/strong><br \/>\nSi vous avez des difficult\u00e9s \u00e0 trouver le bon <span style=\"color: #0054a6;\"><strong><a style=\"color: #0054a6;\" href=\"https:\/\/www.bonelinks.com\/fr\/china-ftth-plc-splitter-supplier\/\" target=\"_blank\" rel=\"noopener\">R\u00e9partiteur de fibres <\/a><\/strong><\/span>pour vos besoins, ou si vous avez besoin de conseils d&rsquo;experts, un seul clic et vous pouvez<a href=\"https:\/\/www.bonelinks.com\/fr\/contact-us\/\" target=\"_blank\" rel=\"noopener\"><strong><span style=\"color: #0054a6;\"> discuter avec nous <\/span><\/strong><\/a>en quelques secondes. Votre satisfaction est notre priorit\u00e9. Nous sommes pr\u00eats \u00e0 vous aider dans tous les domaines. <strong>Ne vous inqui\u00e9tez pas, il n&rsquo;est pas n\u00e9cessaire de trop r\u00e9fl\u00e9chir. Nous sommes l\u00e0, pr\u00eats \u00e0 vous aider.<\/strong><\/p>\n<ul>\n<li>Vente au d\u00e9tail ou en gros &#8211; Nous avons tout ce qu&rsquo;il faut !<\/li>\n<li>Vous ne savez pas quoi acheter ? Nous offrons des conseils d&rsquo;experts.<\/li>\n<li>Faible MOQ : pas besoin d&rsquo;acheter plus que ce que vous voulez.<\/li>\n<li>Des prix comp\u00e9titifs : Obtenez un excellent rapport qualit\u00e9-prix \u00e0 chaque fois.<\/li>\n<li>Livraison rapide : Votre rapidit\u00e9, notre priorit\u00e9.<\/li>\n<li>Centr\u00e9 sur le client : Nous adaptons nos services \u00e0 vos besoins.<\/li>\n<\/ul>\n","protected":false},"excerpt":{"rendered":"<p>Notre r\u00e9partiteur fibre optique 2&#215;16 PLC est con\u00e7u pour une utilisation pratique sur site. Il contient 2&#215;16 SC\/APC PLC splitters enferm\u00e9s dans des panneaux de patch fibre en rack 1RU, avec tous les adaptateurs SC charg\u00e9s sur le devant pour un acc\u00e8s facile. Les s\u00e9parateurs et adaptateurs de fibre optique pr\u00e9-assembl\u00e9s garantissent des performances stables. Ce panneau de r\u00e9partition PLC \u00e0 montage en rack est con\u00e7u pour \u00eatre mont\u00e9 sur des racks ou des armoires standard de 19 pouces, ce qui permet de gagner un temps pr\u00e9cieux lors de l&rsquo;installation. Il s&rsquo;agit d&rsquo;une solution id\u00e9ale de filtre \u00e0 fibre unique pour les applications FTTx et PON.<\/p>\n<ul>\n<li>S\u00e9parateurs optiques 2&#215;16 PLC<\/li>\n<li>Distribution uniforme du signal optique<\/li>\n<li>Con\u00e7u pour un rack ou une armoire r\u00e9seau 19\u00a0\u00bb, Plug and Play<\/li>\n<li>Largement utilis\u00e9 dans les projets FTTX et les centres de communication de donn\u00e9es<\/li>\n<\/ul>\n","protected":false},"featured_media":15060,"template":"","meta":{"site-sidebar-layout":"default","site-content-layout":"default","ast-site-content-layout":"default","site-content-style":"default","site-sidebar-style":"default","ast-global-header-display":"","ast-banner-title-visibility":"","ast-main-header-display":"","ast-hfb-above-header-display":"","ast-hfb-below-header-display":"","ast-hfb-mobile-header-display":"","site-post-title":"","ast-breadcrumbs-content":"","ast-featured-img":"","footer-sml-layout":"","ast-disable-related-posts":"","theme-transparent-header-meta":"default","adv-header-id-meta":"","stick-header-meta":"default","header-above-stick-meta":"","header-main-stick-meta":"","header-below-stick-meta":"","astra-migrate-meta-layouts":"set","ast-page-background-enabled":"default","ast-page-background-meta":{"desktop":{"background-color":"","background-image":"","background-repeat":"repeat","background-position":"center center","background-size":"auto","background-attachment":"scroll","background-type":"","background-media":"","overlay-type":"","overlay-color":"","overlay-opacity":"","overlay-gradient":""},"tablet":{"background-color":"","background-image":"","background-repeat":"repeat","background-position":"center center","background-size":"auto","background-attachment":"scroll","background-type":"","background-media":"","overlay-type":"","overlay-color":"","overlay-opacity":"","overlay-gradient":""},"mobile":{"background-color":"","background-image":"","background-repeat":"repeat","background-position":"center center","background-size":"auto","background-attachment":"scroll","background-type":"","background-media":"","overlay-type":"","overlay-color":"","overlay-opacity":"","overlay-gradient":""}},"ast-content-background-meta":{"desktop":{"background-color":"var(--ast-global-color-5)","background-image":"","background-repeat":"repeat","background-position":"center center","background-size":"auto","background-attachment":"scroll","background-type":"","background-media":"","overlay-type":"","overlay-color":"","overlay-opacity":"","overlay-gradient":""},"tablet":{"background-color":"var(--ast-global-color-5)","background-image":"","background-repeat":"repeat","background-position":"center center","background-size":"auto","background-attachment":"scroll","background-type":"","background-media":"","overlay-type":"","overlay-color":"","overlay-opacity":"","overlay-gradient":""},"mobile":{"background-color":"var(--ast-global-color-5)","background-image":"","background-repeat":"repeat","background-position":"center center","background-size":"auto","background-attachment":"scroll","background-type":"","background-media":"","overlay-type":"","overlay-color":"","overlay-opacity":"","overlay-gradient":""}}},"product_brand":[],"product_cat":[281],"product_tag":[],"class_list":{"0":"post-21030","1":"product","2":"type-product","3":"status-publish","4":"has-post-thumbnail","6":"product_cat-plc-splitter-fr","7":"pa_configuration-2x16-fr","8":"pa_splitter-type-montage-en-rack","9":"desktop-align-left","10":"tablet-align-left","11":"mobile-align-left","12":"ast-product-gallery-layout-vertical","13":"ast-product-gallery-with-no-image","14":"ast-product-tabs-layout-vertical","15":"ast-qv-on-image","17":"first","18":"instock","19":"shipping-taxable","20":"product-type-simple"},"_links":{"self":[{"href":"https:\/\/www.bonelinks.com\/fr\/wp-json\/wp\/v2\/product\/21030","targetHints":{"allow":["GET"]}}],"collection":[{"href":"https:\/\/www.bonelinks.com\/fr\/wp-json\/wp\/v2\/product"}],"about":[{"href":"https:\/\/www.bonelinks.com\/fr\/wp-json\/wp\/v2\/types\/product"}],"version-history":[{"count":3,"href":"https:\/\/www.bonelinks.com\/fr\/wp-json\/wp\/v2\/product\/21030\/revisions"}],"predecessor-version":[{"id":23984,"href":"https:\/\/www.bonelinks.com\/fr\/wp-json\/wp\/v2\/product\/21030\/revisions\/23984"}],"wp:featuredmedia":[{"embeddable":true,"href":"https:\/\/www.bonelinks.com\/fr\/wp-json\/wp\/v2\/media\/15060"}],"wp:attachment":[{"href":"https:\/\/www.bonelinks.com\/fr\/wp-json\/wp\/v2\/media?parent=21030"}],"wp:term":[{"taxonomy":"product_brand","embeddable":true,"href":"https:\/\/www.bonelinks.com\/fr\/wp-json\/wp\/v2\/product_brand?post=21030"},{"taxonomy":"product_cat","embeddable":true,"href":"https:\/\/www.bonelinks.com\/fr\/wp-json\/wp\/v2\/product_cat?post=21030"},{"taxonomy":"product_tag","embeddable":true,"href":"https:\/\/www.bonelinks.com\/fr\/wp-json\/wp\/v2\/product_tag?post=21030"}],"curies":[{"name":"wp","href":"https:\/\/api.w.org\/{rel}","templated":true}]}}