{"id":20974,"date":"2023-09-27T17:52:50","date_gmt":"2023-09-28T01:52:50","guid":{"rendered":"https:\/\/www.bonelinks.com\/product\/cable-de-raccordement-militaire-tactique-a-fibre-optique\/"},"modified":"2024-01-28T06:17:52","modified_gmt":"2024-01-28T14:17:52","slug":"military-tactical-fiber-optic-patch-cable","status":"publish","type":"product","link":"https:\/\/www.bonelinks.com\/fr\/product\/military-tactical-fiber-optic-patch-cable\/","title":{"rendered":"C\u00e2ble de raccordement militaire tactique \u00e0 fibre optique"},"content":{"rendered":"<h2 style=\"text-align: left; font-size: 18px;\"><strong>C\u00e2ble de raccordement tactique en fibre optique \u00e9tanche IP65 LC\/UPC 2 c\u0153urs<\/strong><\/h2>\n<p>Les stations de base de communication ext\u00e9rieures install\u00e9es dans des zones humides ou pluvieuses tout au long de l&rsquo;ann\u00e9e font l&rsquo;objet d&rsquo;une forte demande de c\u00e2bles de liaison imperm\u00e9ables \u00e0 l&rsquo;eau, dot\u00e9s d&rsquo;un indice d&rsquo;imperm\u00e9abilit\u00e9 \u00e9lev\u00e9 et d&rsquo;excellentes propri\u00e9t\u00e9s m\u00e9caniques, qui peuvent correspondre \u00e0 ceux des principaux fabricants d&rsquo;\u00e9quipements de communication (Nokia, Ericsson, Cisco, Huawei et autres) dans l&rsquo;environnement ext\u00e9rieur, en fournissant des connexions de transmission de signaux stables et fiables entre les modules de communication des stations de base du segment BBU\/DU et du segment RRU\/AAU. Par cons\u00e9quent, les c\u00e2bles \u00e0 fibres optiques non blind\u00e9s, ignifuges et dot\u00e9s de bonnes propri\u00e9t\u00e9s m\u00e9caniques sont pr\u00e9termin\u00e9s. Les connecteurs \u00e0 fibres optiques \u00e9tanches IP65 sont con\u00e7us et produits pour connecter des modules optiques ou d&rsquo;autres ports d&rsquo;\u00e9quipement dans diff\u00e9rents modes de BBU\/DU.<\/p>\n<p>Le c\u00e2ble de patch en fibre optique \u00e9tanche est principalement compos\u00e9 de connecteurs en fibre optique LC de qualit\u00e9 \u00e9tanche ip65 et d&rsquo;un c\u00e2ble en fibre optique non arm\u00e9. Le principe du c\u00e2ble de patch est de pr\u00e9-terminer les deux extr\u00e9mit\u00e9s d&rsquo;une section de c\u00e2ble en fibre optique \u00e0 l&rsquo;aide de connecteurs en fibre optique \u00e9tanches. Contrairement aux connecteurs de fibre optique des c\u00e2bles de raccordement ordinaires, le connecteur pr\u00e9termin\u00e9 du c\u00e2ble de terrain utilise un manchon spiral\u00e9 avec une coque en plastique \u00e0 anneau d&rsquo;\u00e9tanch\u00e9it\u00e9. Lorsque le connecteur LC ou SC est pr\u00e9termin\u00e9 \u00e0 l&rsquo;int\u00e9rieur du connecteur \u00e9tanche, l&rsquo;ensemble du cordon de raccordement \u00e9tanche peut \u00eatre utilis\u00e9 lorsqu&rsquo;il est associ\u00e9 \u00e0 l&rsquo;\u00e9quipement de la station de base de communication. Il suffit d&rsquo;ouvrir le couvercle du connecteur \u00e9tanche, d&rsquo;ins\u00e9rer le connecteur dans le trou correspondant de l&rsquo;\u00e9quipement, puis de serrer la coque du connecteur \u00e9tanche avec les filets internes pour fixer l&rsquo;extr\u00e9mit\u00e9 de l&rsquo;\u00e9quipement.<\/p>\n<p>Le processus de production du c\u00e2ble patch \u00e9tanche ip65 consiste tout d&rsquo;abord \u00e0 couper la longueur correspondante du c\u00e2ble \u00e0 fibres optiques, \u00e0 en extraire le sous-c\u00e2ble de l&rsquo;unit\u00e9, puis \u00e0 retirer la peau ext\u00e9rieure et la couche de rev\u00eatement ; ensuite, la fibre nue est ins\u00e9r\u00e9e dans le connecteur \u00e0 fibres LC ou SC rempli de colle fixe, puis elle est durcie, sertie et rectifi\u00e9e pour terminer la terminaison du c\u00e2ble \u00e0 fibres optiques et du connecteur. Toutefois, lorsque l&rsquo;ensemble du cordon de raccordement du c\u00e2ble \u00e0 fibres optiques est pr\u00e9termin\u00e9 et produit, il est n\u00e9cessaire de continuer \u00e0 tester la face terminale du connecteur, afin de d\u00e9terminer si le c\u00e2ble \u00e0 fibres optiques peut transmettre des signaux \u00e0 travers la lumi\u00e8re, si la valeur de perte de l&rsquo;ensemble du cordon de raccordement est conforme \u00e0 la norme requise et si la valeur du test 3D est conforme \u00e0 la norme. Si l&rsquo;une des donn\u00e9es de test est anormale, l&rsquo;ensemble du cordon de raccordement fini doit \u00eatre retravaill\u00e9, voire re-produit. Une fois que tous les param\u00e8tres d&rsquo;essai sont conformes aux normes requises, le produit est emball\u00e9 et accompagn\u00e9 d&rsquo;un rapport d&rsquo;essai permettant \u00e0 chacun de comprendre les performances du produit fini lors de l&rsquo;installation et de l&rsquo;utilisation du c\u00e2ble \u00e0 fibres optiques, et de tester le taux de transmission de l&rsquo;ensemble du r\u00e9seau de liaison.<\/p>\n<h2 style=\"text-align: left; font-size: 18px;\"><strong>Caract\u00e9ristiques du c\u00e2ble de raccordement tactique en fibre optique \u00e9tanche IP65 LC\/UPC \u00e0 2 c\u0153urs<\/strong><\/h2>\n<ul>\n<li>\u00c9tanche avec un indice de protection IP65.<\/li>\n<li>Construit avec des fibres optiques robustes \u00e0 tampon serr\u00e9 pour une durabilit\u00e9 maximale, m\u00eame dans des conditions difficiles telles que l&rsquo;\u00e9crasement, l&rsquo;impact et l&rsquo;\u00e9crasement d&rsquo;un v\u00e9hicule.<\/li>\n<li>R\u00e9pond aux normes rigoureuses de qualification des c\u00e2bles tactiques militaires.<\/li>\n<li>Offre une capacit\u00e9 de charge de traction \u00e9lev\u00e9e pour des terminaisons solides avec des connecteurs tactiques militaires.<\/li>\n<\/ul>\n<h2 style=\"text-align: left; font-size: 18px;\"><strong>Vous cherchez d&rsquo;autres choix de c\u00e2bles de raccordement en fibre optique ?<\/strong><\/h2>\n<p>Vous cherchez plus de choix dans les c\u00e2bles de raccordement en fibre optique ? Consultez nos <span style=\"color: #0054a6;\"><strong><a style=\"color: #0054a6;\" href=\"https:\/\/www.bonelinks.com\/fr\/lc-fibre-patch-leads\/\" target=\"_blank\" rel=\"noopener\">C\u00e2bles de raccordement en fibre LC, <\/a><a style=\"color: #0054a6;\" href=\"https:\/\/www.bonelinks.com\/fr\/lc-to-lc-fiber-patch-cable\/\" target=\"_blank\" rel=\"noopener\">C\u00e2bles de raccordement en fibre LC, <\/a><\/strong><\/span><strong><span style=\"color: #0054a6;\"><a style=\"color: #0054a6;\" href=\"https:\/\/www.bonelinks.com\/fr\/ruggedised-fibre-patch-leads\/\" target=\"_blank\" rel=\"noopener\">C\u00e2bles de raccordement fibre durcis <\/a><\/span><\/strong>pour une mise en r\u00e9seau sans faille.<\/p>\n<p>Si vous ne trouvez pas le c\u00e2ble exact que vous recherchez, vous pouvez facilement cr\u00e9er vos <strong><a href=\"https:\/\/www.bonelinks.com\/fr\/custom-fiber-optic-cables\/\" target=\"_blank\" rel=\"noopener\">c\u00e2bles \u00e0 fibres optiques personnalis\u00e9s<\/a> <\/strong>. Vous pouvez choisir le type de c\u00e2ble, la longueur, les connecteurs, la modalit\u00e9, le nombre de brins et le type de gaine, et nous le fabriquerons selon vos sp\u00e9cifications.<\/p>\n<p>Soyez assur\u00e9s que nos prix sont comp\u00e9titifs et que nous avons des quantit\u00e9s minimales de commande (MOQ) adaptables.<\/p>\n<p>Si vous avez besoin d&rsquo;aide, n&rsquo;h\u00e9sitez pas \u00e0 nous contacter et notre \u00e9quipe d&rsquo;assistance vous guidera dans la d\u00e9couverte de la solution de c\u00e2ble \u00e0 fibre optique id\u00e9ale pour r\u00e9pondre \u00e0 vos besoins.<\/p>\n","protected":false},"excerpt":{"rendered":"<p>Nos c\u00e2bles \u00e0 fibres optiques MIL-TAC Military Tactical sont con\u00e7us pour une utilisation ext\u00e9rieure difficile, offrant une r\u00e9sistance, une l\u00e9g\u00e8ret\u00e9 et une durabilit\u00e9 exceptionnelles. Ils r\u00e9pondent \u00e0 des besoins militaires et commerciaux, ayant subi des tests rigoureux et \u00e9tant d\u00e9ploy\u00e9s dans le monde entier dans le domaine de la communication de donn\u00e9es militaires. Ils peuvent \u00eatre personnalis\u00e9s pour r\u00e9pondre aux besoins de vos applications sp\u00e9cifiques gr\u00e2ce \u00e0 des connecteurs pr\u00e9termin\u00e9s sur des bobines d\u00e9ployables.<\/p>\n","protected":false},"featured_media":19400,"template":"","meta":{"site-sidebar-layout":"default","site-content-layout":"default","ast-site-content-layout":"default","site-content-style":"default","site-sidebar-style":"default","ast-global-header-display":"","ast-banner-title-visibility":"","ast-main-header-display":"","ast-hfb-above-header-display":"","ast-hfb-below-header-display":"","ast-hfb-mobile-header-display":"","site-post-title":"","ast-breadcrumbs-content":"","ast-featured-img":"","footer-sml-layout":"","ast-disable-related-posts":"","theme-transparent-header-meta":"default","adv-header-id-meta":"","stick-header-meta":"default","header-above-stick-meta":"","header-main-stick-meta":"","header-below-stick-meta":"","astra-migrate-meta-layouts":"set","ast-page-background-enabled":"default","ast-page-background-meta":{"desktop":{"background-color":"","background-image":"","background-repeat":"repeat","background-position":"center center","background-size":"auto","background-attachment":"scroll","background-type":"","background-media":"","overlay-type":"","overlay-color":"","overlay-opacity":"","overlay-gradient":""},"tablet":{"background-color":"","background-image":"","background-repeat":"repeat","background-position":"center center","background-size":"auto","background-attachment":"scroll","background-type":"","background-media":"","overlay-type":"","overlay-color":"","overlay-opacity":"","overlay-gradient":""},"mobile":{"background-color":"","background-image":"","background-repeat":"repeat","background-position":"center center","background-size":"auto","background-attachment":"scroll","background-type":"","background-media":"","overlay-type":"","overlay-color":"","overlay-opacity":"","overlay-gradient":""}},"ast-content-background-meta":{"desktop":{"background-color":"var(--ast-global-color-5)","background-image":"","background-repeat":"repeat","background-position":"center center","background-size":"auto","background-attachment":"scroll","background-type":"","background-media":"","overlay-type":"","overlay-color":"","overlay-opacity":"","overlay-gradient":""},"tablet":{"background-color":"var(--ast-global-color-5)","background-image":"","background-repeat":"repeat","background-position":"center center","background-size":"auto","background-attachment":"scroll","background-type":"","background-media":"","overlay-type":"","overlay-color":"","overlay-opacity":"","overlay-gradient":""},"mobile":{"background-color":"var(--ast-global-color-5)","background-image":"","background-repeat":"repeat","background-position":"center center","background-size":"auto","background-attachment":"scroll","background-type":"","background-media":"","overlay-type":"","overlay-color":"","overlay-opacity":"","overlay-gradient":""}}},"product_brand":[],"product_cat":[232,229,227],"product_tag":[],"class_list":{"0":"post-20974","1":"product","2":"type-product","3":"status-publish","4":"has-post-thumbnail","6":"product_cat-single-mode-fiber-patch-cord-fr","7":"product_cat-lc-fiber-patch-cord-fr","8":"product_cat-fiber-patch-cord-fr","9":"desktop-align-left","10":"tablet-align-left","11":"mobile-align-left","12":"ast-product-gallery-layout-vertical","13":"ast-product-gallery-with-no-image","14":"ast-product-tabs-layout-vertical","15":"ast-qv-on-image","17":"first","18":"instock","19":"shipping-taxable","20":"product-type-simple"},"_links":{"self":[{"href":"https:\/\/www.bonelinks.com\/fr\/wp-json\/wp\/v2\/product\/20974","targetHints":{"allow":["GET"]}}],"collection":[{"href":"https:\/\/www.bonelinks.com\/fr\/wp-json\/wp\/v2\/product"}],"about":[{"href":"https:\/\/www.bonelinks.com\/fr\/wp-json\/wp\/v2\/types\/product"}],"version-history":[{"count":3,"href":"https:\/\/www.bonelinks.com\/fr\/wp-json\/wp\/v2\/product\/20974\/revisions"}],"predecessor-version":[{"id":23970,"href":"https:\/\/www.bonelinks.com\/fr\/wp-json\/wp\/v2\/product\/20974\/revisions\/23970"}],"wp:featuredmedia":[{"embeddable":true,"href":"https:\/\/www.bonelinks.com\/fr\/wp-json\/wp\/v2\/media\/19400"}],"wp:attachment":[{"href":"https:\/\/www.bonelinks.com\/fr\/wp-json\/wp\/v2\/media?parent=20974"}],"wp:term":[{"taxonomy":"product_brand","embeddable":true,"href":"https:\/\/www.bonelinks.com\/fr\/wp-json\/wp\/v2\/product_brand?post=20974"},{"taxonomy":"product_cat","embeddable":true,"href":"https:\/\/www.bonelinks.com\/fr\/wp-json\/wp\/v2\/product_cat?post=20974"},{"taxonomy":"product_tag","embeddable":true,"href":"https:\/\/www.bonelinks.com\/fr\/wp-json\/wp\/v2\/product_tag?post=20974"}],"curies":[{"name":"wp","href":"https:\/\/api.w.org\/{rel}","templated":true}]}}