{"id":20906,"date":"2023-10-27T19:48:42","date_gmt":"2023-10-28T03:48:42","guid":{"rendered":"https:\/\/www.bonelinks.com\/product\/mtp-mpo-lc-breakout-cable-8-fiber-om3-10g-multi-fiber-fanout\/"},"modified":"2024-01-28T06:04:48","modified_gmt":"2024-01-28T14:04:48","slug":"mtp-mpo-lc-breakout-cable-8-fiber-om3-10g-multi-fiber-fanout","status":"publish","type":"product","link":"https:\/\/www.bonelinks.com\/fr\/product\/mtp-mpo-lc-breakout-cable-8-fiber-om3-10g-multi-fiber-fanout\/","title":{"rendered":"MTP\/MPO LC Breakout Cable 8 Fiber OM3 10G Multi-Fiber Fanout"},"content":{"rendered":"<h1 style=\"text-align: left; font-size: 18px;\"><strong>OM3 MTP\/MPO LC 8 Fiber Breakout Cable 10G Multi-Fiber Fanout<\/strong><\/h1>\n<p>Pr\u00e9sentation de l&rsquo;ensemble de distribution multifibre OM3 MPO\/MTP\u00ae vers LC 8, dot\u00e9 d&rsquo;un classement Plenum OFNP et de c\u0153urs\/cladding en fibre optique Corning multimode 50\/125 10Gb. Le connecteur 1 est \u00e9quip\u00e9 d&rsquo;un contact de type push-on multifibre compatible MTP\u00ae, tandis que le connecteur 2 est \u00e9quip\u00e9 de 8 connecteurs de c\u00e2ble \u00e0 fibre optique LC \u00e0 virole c\u00e9ramique. Ces connecteurs LC Simplex sont \u00e9quip\u00e9s de ferrules c\u00e9ramiques de 1,25 mm, garantissant un alignement pr\u00e9cis du c\u0153ur de la fibre et une connectivit\u00e9 fiable dans un facteur de forme compact con\u00e7u pour une gestion efficace dans les environnements de c\u00e2bles \u00e0 haute densit\u00e9.<\/p>\n<p>Avec 8 connecteurs LC Simplex individuels, cet assemblage fournit une fonctionnalit\u00e9 \u00e9quivalente \u00e0 4 connecteurs fibre Duplex. Le connecteur multi-fibres MPO\/MTP, dot\u00e9 de 8 c\u0153urs de fibre 50\/125, se divise de mani\u00e8re experte en 8 cordons de raccordement simplex individuels \u00e0 l&rsquo;extr\u00e9mit\u00e9 oppos\u00e9e de l&rsquo;assemblage de distribution 8-fibres. Chacun de nos cordons de d\u00e9rivation Simplex de couleur Aqua est \u00e9quip\u00e9 d&rsquo;une gaine d&rsquo;un diam\u00e8tre ext\u00e9rieur de 2,0 mm afin d&rsquo;assurer une protection fiable contre les interf\u00e9rences \u00e9lectromagn\u00e9tiques.<\/p>\n<p>Chez Bonelinks, nous prenons la qualit\u00e9 au s\u00e9rieux. Chaque assemblage de c\u00e2ble \u00e0 fibre optique command\u00e9 chez nous est soumis \u00e0 un test individuel, et nous sommes heureux de fournir les r\u00e9sultats des tests sur demande. Pour plus d&rsquo;assurance, tous nos produits sont assortis d&rsquo;une garantie compl\u00e8te \u00e0 vie.<\/p>\n<h2 style=\"text-align: left; font-size: 18px;\"><strong>Vous cherchez d&rsquo;autres choix de c\u00e2bles MTP\/MPO ?<\/strong><\/h2>\n<p>Vous souhaitez plus d&rsquo;options pour les c\u00e2bles MTP\/MPO ? D\u00e9couvrez notre s\u00e9lection de <span style=\"color: #0054a6;\"><strong><a style=\"color: #0054a6;\" href=\"https:\/\/www.bonelinks.com\/fr\/8-fiber-mpo-cable\/\" target=\"_blank\" rel=\"noopener\">c\u00e2bles MTP\/MPO \u00e0 8 fibres,<\/a><\/strong><\/span>\u00a0<a href=\"https:\/\/www.bonelinks.com\/fr\/mpo-breakout-cable\/\" target=\"_blank\" rel=\"noopener\"><strong><span style=\"color: #0054a6;\">MPO\/MTP vers LC Breakout Cables<\/span><\/strong> <\/a>pour une mise en r\u00e9seau sans faille.<\/p>\n<p>Vous \u00eates \u00e0 la recherche de cordons de raccordement MPO con\u00e7us et fabriqu\u00e9s sur mesure ? D\u00e9couvrez notre section d\u00e9di\u00e9e aux<a href=\"https:\/\/www.bonelinks.com\/fr\/custom-fiber-optic-cables\/\" target=\"_blank\" rel=\"noopener\"><span style=\"color: #0054a6;\"><strong> C\u00e2bles \u00e0 fibres optiques sur mesure <\/strong><\/span><\/a>pour des solutions de connectivit\u00e9 sur mesure.<\/p>\n<ul>\n<li>Vente au d\u00e9tail ou en gros &#8211; Nous avons tout ce qu&rsquo;il faut !<\/li>\n<li>Vous ne savez pas quoi acheter ? Nous offrons des conseils d&rsquo;experts.<\/li>\n<li>Faible MOQ : pas besoin d&rsquo;acheter plus que ce que vous voulez.<\/li>\n<li>Des prix comp\u00e9titifs : Obtenez un excellent rapport qualit\u00e9-prix \u00e0 chaque fois.<\/li>\n<li>Livraison rapide : Votre rapidit\u00e9, notre priorit\u00e9.<\/li>\n<li>Centr\u00e9 sur le client : Nous adaptons nos services \u00e0 vos besoins.<\/li>\n<\/ul>\n<p><strong>Connectez-vous avec nous !<\/strong><br \/>\nEn un clic, vous pouvez<a href=\"https:\/\/www.bonelinks.com\/fr\/contact-us\/\" target=\"_blank\" rel=\"noopener\"><strong><span style=\"color: #0054a6;\"> discuter avec nous <\/span><\/strong><\/a>en quelques secondes. Votre satisfaction est notre priorit\u00e9. Nous sommes pr\u00eats \u00e0 vous aider dans tous les domaines. <strong>Ne vous inqui\u00e9tez pas, il n&rsquo;est pas n\u00e9cessaire de trop r\u00e9fl\u00e9chir. Nous sommes l\u00e0, pr\u00eats \u00e0 vous aider.<\/strong><\/p>\n","protected":false},"excerpt":{"rendered":"<p>Type de c\u00e2ble : 8 Fibre MTP\u00ae\/MPO Breakout<br \/>\nAssemblage Breakout : OM3 MPO vers fibre 8xLC Simplex<br \/>\nClass\u00e9 : OFNP Class\u00e9 Plenum<br \/>\nType de fibre : MPO\/MTP multi-fibres, haute densit\u00e9<br \/>\nConnexion : Distribue jusqu&rsquo;\u00e0 8 connecteurs de fibre LC Simplex, chacun avec une gaine de 2,0 mm de couleur aqua.<br \/>\nType de connecteur : Connecteurs de fibre optique LC \u00e0 virole c\u00e9ramique<br \/>\nType de fibre : Corning OM3 50\/125, fibre multimode optimis\u00e9e par laser (LOMMF)<br \/>\nC\u0153ur de r\u00e9seau : C\u0153urs de fibre optique \u00e9valu\u00e9s \u00e0 10 Gb<\/p>\n","protected":false},"featured_media":16595,"template":"","meta":{"site-sidebar-layout":"default","site-content-layout":"default","ast-site-content-layout":"default","site-content-style":"default","site-sidebar-style":"default","ast-global-header-display":"","ast-banner-title-visibility":"","ast-main-header-display":"","ast-hfb-above-header-display":"","ast-hfb-below-header-display":"","ast-hfb-mobile-header-display":"","site-post-title":"","ast-breadcrumbs-content":"","ast-featured-img":"","footer-sml-layout":"","ast-disable-related-posts":"","theme-transparent-header-meta":"default","adv-header-id-meta":"","stick-header-meta":"default","header-above-stick-meta":"","header-main-stick-meta":"","header-below-stick-meta":"","astra-migrate-meta-layouts":"set","ast-page-background-enabled":"default","ast-page-background-meta":{"desktop":{"background-color":"","background-image":"","background-repeat":"repeat","background-position":"center center","background-size":"auto","background-attachment":"scroll","background-type":"","background-media":"","overlay-type":"","overlay-color":"","overlay-opacity":"","overlay-gradient":""},"tablet":{"background-color":"","background-image":"","background-repeat":"repeat","background-position":"center center","background-size":"auto","background-attachment":"scroll","background-type":"","background-media":"","overlay-type":"","overlay-color":"","overlay-opacity":"","overlay-gradient":""},"mobile":{"background-color":"","background-image":"","background-repeat":"repeat","background-position":"center center","background-size":"auto","background-attachment":"scroll","background-type":"","background-media":"","overlay-type":"","overlay-color":"","overlay-opacity":"","overlay-gradient":""}},"ast-content-background-meta":{"desktop":{"background-color":"var(--ast-global-color-5)","background-image":"","background-repeat":"repeat","background-position":"center center","background-size":"auto","background-attachment":"scroll","background-type":"","background-media":"","overlay-type":"","overlay-color":"","overlay-opacity":"","overlay-gradient":""},"tablet":{"background-color":"var(--ast-global-color-5)","background-image":"","background-repeat":"repeat","background-position":"center center","background-size":"auto","background-attachment":"scroll","background-type":"","background-media":"","overlay-type":"","overlay-color":"","overlay-opacity":"","overlay-gradient":""},"mobile":{"background-color":"var(--ast-global-color-5)","background-image":"","background-repeat":"repeat","background-position":"center center","background-size":"auto","background-attachment":"scroll","background-type":"","background-media":"","overlay-type":"","overlay-color":"","overlay-opacity":"","overlay-gradient":""}}},"product_brand":[],"product_cat":[231,229,258,227],"product_tag":[],"class_list":{"0":"post-20906","1":"product","2":"type-product","3":"status-publish","4":"has-post-thumbnail","6":"product_cat-multimode-fiber-patch-cord-fr","7":"product_cat-lc-fiber-patch-cord-fr","8":"product_cat-mpo-patch-cord-fr","9":"product_cat-fiber-patch-cord-fr","10":"desktop-align-left","11":"tablet-align-left","12":"mobile-align-left","13":"ast-product-gallery-layout-vertical","14":"ast-product-gallery-with-no-image","15":"ast-product-tabs-layout-vertical","16":"ast-qv-on-image","18":"first","19":"instock","20":"shipping-taxable","21":"product-type-simple"},"_links":{"self":[{"href":"https:\/\/www.bonelinks.com\/fr\/wp-json\/wp\/v2\/product\/20906","targetHints":{"allow":["GET"]}}],"collection":[{"href":"https:\/\/www.bonelinks.com\/fr\/wp-json\/wp\/v2\/product"}],"about":[{"href":"https:\/\/www.bonelinks.com\/fr\/wp-json\/wp\/v2\/types\/product"}],"version-history":[{"count":3,"href":"https:\/\/www.bonelinks.com\/fr\/wp-json\/wp\/v2\/product\/20906\/revisions"}],"predecessor-version":[{"id":23946,"href":"https:\/\/www.bonelinks.com\/fr\/wp-json\/wp\/v2\/product\/20906\/revisions\/23946"}],"wp:featuredmedia":[{"embeddable":true,"href":"https:\/\/www.bonelinks.com\/fr\/wp-json\/wp\/v2\/media\/16595"}],"wp:attachment":[{"href":"https:\/\/www.bonelinks.com\/fr\/wp-json\/wp\/v2\/media?parent=20906"}],"wp:term":[{"taxonomy":"product_brand","embeddable":true,"href":"https:\/\/www.bonelinks.com\/fr\/wp-json\/wp\/v2\/product_brand?post=20906"},{"taxonomy":"product_cat","embeddable":true,"href":"https:\/\/www.bonelinks.com\/fr\/wp-json\/wp\/v2\/product_cat?post=20906"},{"taxonomy":"product_tag","embeddable":true,"href":"https:\/\/www.bonelinks.com\/fr\/wp-json\/wp\/v2\/product_tag?post=20906"}],"curies":[{"name":"wp","href":"https:\/\/api.w.org\/{rel}","templated":true}]}}