{"id":20899,"date":"2023-11-02T18:14:04","date_gmt":"2023-11-03T02:14:04","guid":{"rendered":"https:\/\/www.bonelinks.com\/product\/om3-50-125-st-st-multimode-duplex-fiber-patch-cable-10g\/"},"modified":"2024-01-28T05:57:13","modified_gmt":"2024-01-28T13:57:13","slug":"om3-50-125-st-st-multimode-duplex-fiber-patch-cable-10g","status":"publish","type":"product","link":"https:\/\/www.bonelinks.com\/fr\/product\/om3-50-125-st-st-multimode-duplex-fiber-patch-cable-10g\/","title":{"rendered":"OM3 50\/125 ST ST Multimode Duplex Fiber Patch Cable 10G"},"content":{"rendered":"<h1 style=\"text-align: left; font-size: 18px;\"><strong>OM3 50\/125 Multimode ST ST Duplex Fiber Patch Cable<br \/>\n<\/strong><\/h1>\n<p>Il s&rsquo;agit d&rsquo;un c\u00e2ble \u00e0 fibre optique duplex multimode OM3 ST \u00e0 ST 10 Gig 50\/125 avec fibre optique Corning. Le c\u00e2ble est con\u00e7u pour une capacit\u00e9 de 300 m\u00e8tres \u00e0 10Gb\/850nm et est pr\u00e9termin\u00e9 avec des connecteurs ST en acier inoxydable. Il s&rsquo;agit d&rsquo;un cordon de raccordement robuste, de couleur aqua, avec un diam\u00e8tre ext\u00e9rieur de 3,0 mm et une gaine en PVC OFNR pour colonnes montantes, adapt\u00e9 \u00e0 une utilisation dans les voies verticales, les puits et les espaces entre les \u00e9tages dans les b\u00e2timents.<\/p>\n<p>Chaque c\u00e2ble \u00e0 fibre optique multimode OM3 ST\/ST 50\/125 command\u00e9 chez Bonelinks est soumis \u00e0 un test individuel et nous pouvons vous fournir les r\u00e9sultats de ce test sur demande. En outre, nous offrons une garantie \u00e0 vie sur tous nos produits.<\/p>\n<p>Vous pouvez trouver une gamme de longueurs pour les c\u00e2bles \u00e0 fibres optiques OM3 ST\/ST, y compris des options de 0,5 m\u00e8tre, 1 m\u00e8tre, 2 m\u00e8tres, 3 m\u00e8tres, 4 m\u00e8tres, 5 m\u00e8tres, 6 m\u00e8tres, 7 m\u00e8tres, 8 m\u00e8tres, 9 m\u00e8tres, 10 m\u00e8tres, 12 m\u00e8tres, 15 m\u00e8tres, 20 m\u00e8tres, 25 m\u00e8tres, 30 m\u00e8tres, 35 m\u00e8tres, 40 m\u00e8tres, 45 m\u00e8tres, 50 m\u00e8tres, 55 m\u00e8tres, 60 m\u00e8tres, 65 m\u00e8tres, 70 m\u00e8tres, 75 m\u00e8tres, 80 m\u00e8tres, 85 m\u00e8tres, 90 m\u00e8tres, 95 m\u00e8tres, 100 m\u00e8tres, 125 m\u00e8tres, 150 m\u00e8tres, 200 m\u00e8tres, 250 m\u00e8tres, et 300 m\u00e8tres.<\/p>\n<h2 style=\"text-align: left; font-size: 18px;\"><strong>Vous cherchez d&rsquo;autres choix de c\u00e2bles de raccordement en fibre optique ?<\/strong><\/h2>\n<p>Vous souhaitez plus d&rsquo;options pour les c\u00e2bles de raccordement en fibre optique ? D\u00e9couvrez notre s\u00e9lection de <a title=\"C\u00e2bles de raccordement en fibre ST\" href=\"https:\/\/www.bonelinks.com\/fr\/st-fibre-patch-leads\/\" target=\"_blank\" rel=\"noopener\"><strong><span style=\"color: #0054a6;\">C\u00e2bles de raccordement en fibre ST, <\/span><\/strong><\/a><strong><span style=\"color: #0054a6;\"><a style=\"color: #0054a6;\" href=\"https:\/\/www.bonelinks.com\/fr\/multimode-fibre-patch-leads\/\" target=\"_blank\" rel=\"noopener\">C\u00e2bles de raccordement en fibre multimode <\/a><\/span><\/strong>pour une mise en r\u00e9seau sans faille.<\/p>\n<p>\u00c0 la recherche de cordons de raccordement en fibre optique con\u00e7us et fabriqu\u00e9s sur mesure ? D\u00e9couvrez notre section d\u00e9di\u00e9e aux<a href=\"https:\/\/www.bonelinks.com\/fr\/custom-fiber-optic-cables\/\" target=\"_blank\" rel=\"noopener\"><span style=\"color: #0054a6;\"><strong> C\u00e2bles \u00e0 fibres optiques sur mesure <\/strong><\/span><\/a>pour des solutions de connectivit\u00e9 sur mesure.<\/p>\n<ul>\n<li>Vente au d\u00e9tail ou en gros &#8211; Nous avons tout ce qu&rsquo;il faut !<\/li>\n<li>Vous ne savez pas quoi acheter ? Nous offrons des conseils d&rsquo;experts.<\/li>\n<li>Faible MOQ : pas besoin d&rsquo;acheter plus que ce que vous voulez.<\/li>\n<li>Des prix comp\u00e9titifs : Obtenez un excellent rapport qualit\u00e9-prix \u00e0 chaque fois.<\/li>\n<li>Livraison rapide : Votre rapidit\u00e9, notre priorit\u00e9.<\/li>\n<li>Centr\u00e9 sur le client : Nous adaptons nos services \u00e0 vos besoins.<\/li>\n<\/ul>\n<p><strong>Connectez-vous avec nous !<\/strong><br \/>\nSi vous avez des difficult\u00e9s \u00e0 trouver le bon <span style=\"color: #0054a6;\"><strong><a style=\"color: #0054a6;\" href=\"https:\/\/www.bonelinks.com\/fr\/fiber-optic-patch-cord-supplier\/\" target=\"_blank\" rel=\"noopener\">cordon de raccordement en fibre optique <\/a><\/strong><\/span>pour vos besoins, ou si vous avez besoin de conseils d&rsquo;experts, un seul clic et vous pouvez<a href=\"https:\/\/www.bonelinks.com\/fr\/contact-us\/\" target=\"_blank\" rel=\"noopener\"><strong><span style=\"color: #0054a6;\"> discuter avec nous <\/span><\/strong><\/a>en quelques secondes. Votre satisfaction est notre priorit\u00e9. Nous sommes pr\u00eats \u00e0 vous aider dans tous les domaines. <strong>Ne vous inqui\u00e9tez pas, il n&rsquo;est pas n\u00e9cessaire de trop r\u00e9fl\u00e9chir. Nous sommes l\u00e0, pr\u00eats \u00e0 vous aider.<\/strong><\/p>\n","protected":false},"excerpt":{"rendered":"<p>OM3 50\/125 ST ST Multimode Duplex 10G Fiber Patch Cable. C\u00e2ble \u00e0 fibre optique zip-cord de couleur aqua avec connecteurs ST robustes en acier inoxydable pour les applications multimodes duplex. Le c\u00e2ble a un diam\u00e8tre ext\u00e9rieur de 3,0 mm et est envelopp\u00e9 dans une gaine en PVC OFNR Riser Rated.<\/p>\n","protected":false},"featured_media":0,"template":"","meta":{"site-sidebar-layout":"default","site-content-layout":"default","ast-site-content-layout":"default","site-content-style":"default","site-sidebar-style":"default","ast-global-header-display":"","ast-banner-title-visibility":"","ast-main-header-display":"","ast-hfb-above-header-display":"","ast-hfb-below-header-display":"","ast-hfb-mobile-header-display":"","site-post-title":"","ast-breadcrumbs-content":"","ast-featured-img":"","footer-sml-layout":"","ast-disable-related-posts":"","theme-transparent-header-meta":"default","adv-header-id-meta":"","stick-header-meta":"default","header-above-stick-meta":"","header-main-stick-meta":"","header-below-stick-meta":"","astra-migrate-meta-layouts":"set","ast-page-background-enabled":"default","ast-page-background-meta":{"desktop":{"background-color":"","background-image":"","background-repeat":"repeat","background-position":"center center","background-size":"auto","background-attachment":"scroll","background-type":"","background-media":"","overlay-type":"","overlay-color":"","overlay-opacity":"","overlay-gradient":""},"tablet":{"background-color":"","background-image":"","background-repeat":"repeat","background-position":"center center","background-size":"auto","background-attachment":"scroll","background-type":"","background-media":"","overlay-type":"","overlay-color":"","overlay-opacity":"","overlay-gradient":""},"mobile":{"background-color":"","background-image":"","background-repeat":"repeat","background-position":"center center","background-size":"auto","background-attachment":"scroll","background-type":"","background-media":"","overlay-type":"","overlay-color":"","overlay-opacity":"","overlay-gradient":""}},"ast-content-background-meta":{"desktop":{"background-color":"var(--ast-global-color-5)","background-image":"","background-repeat":"repeat","background-position":"center center","background-size":"auto","background-attachment":"scroll","background-type":"","background-media":"","overlay-type":"","overlay-color":"","overlay-opacity":"","overlay-gradient":""},"tablet":{"background-color":"var(--ast-global-color-5)","background-image":"","background-repeat":"repeat","background-position":"center center","background-size":"auto","background-attachment":"scroll","background-type":"","background-media":"","overlay-type":"","overlay-color":"","overlay-opacity":"","overlay-gradient":""},"mobile":{"background-color":"var(--ast-global-color-5)","background-image":"","background-repeat":"repeat","background-position":"center center","background-size":"auto","background-attachment":"scroll","background-type":"","background-media":"","overlay-type":"","overlay-color":"","overlay-opacity":"","overlay-gradient":""}}},"product_brand":[],"product_cat":[231,253,227],"product_tag":[],"class_list":{"0":"post-20899","1":"product","2":"type-product","3":"status-publish","5":"product_cat-multimode-fiber-patch-cord-fr","6":"product_cat-st-fiber-patch-cord-fr","7":"product_cat-fiber-patch-cord-fr","8":"desktop-align-left","9":"tablet-align-left","10":"mobile-align-left","11":"ast-product-gallery-layout-vertical","12":"ast-product-gallery-with-no-image","13":"ast-product-tabs-layout-vertical","14":"ast-qv-on-image","16":"first","17":"instock","18":"shipping-taxable","19":"product-type-simple"},"_links":{"self":[{"href":"https:\/\/www.bonelinks.com\/fr\/wp-json\/wp\/v2\/product\/20899","targetHints":{"allow":["GET"]}}],"collection":[{"href":"https:\/\/www.bonelinks.com\/fr\/wp-json\/wp\/v2\/product"}],"about":[{"href":"https:\/\/www.bonelinks.com\/fr\/wp-json\/wp\/v2\/types\/product"}],"version-history":[{"count":3,"href":"https:\/\/www.bonelinks.com\/fr\/wp-json\/wp\/v2\/product\/20899\/revisions"}],"predecessor-version":[{"id":23936,"href":"https:\/\/www.bonelinks.com\/fr\/wp-json\/wp\/v2\/product\/20899\/revisions\/23936"}],"wp:attachment":[{"href":"https:\/\/www.bonelinks.com\/fr\/wp-json\/wp\/v2\/media?parent=20899"}],"wp:term":[{"taxonomy":"product_brand","embeddable":true,"href":"https:\/\/www.bonelinks.com\/fr\/wp-json\/wp\/v2\/product_brand?post=20899"},{"taxonomy":"product_cat","embeddable":true,"href":"https:\/\/www.bonelinks.com\/fr\/wp-json\/wp\/v2\/product_cat?post=20899"},{"taxonomy":"product_tag","embeddable":true,"href":"https:\/\/www.bonelinks.com\/fr\/wp-json\/wp\/v2\/product_tag?post=20899"}],"curies":[{"name":"wp","href":"https:\/\/api.w.org\/{rel}","templated":true}]}}