{"id":20861,"date":"2024-01-17T23:43:38","date_gmt":"2024-01-18T07:43:38","guid":{"rendered":"https:\/\/www.bonelinks.com\/product\/connecteur-lc-duplex-mm-fibre-pour-cable-1-6mm-avec-clips\/"},"modified":"2024-01-28T05:41:54","modified_gmt":"2024-01-28T13:41:54","slug":"lc-lc-connector-duplex-mm-fiber","status":"publish","type":"product","link":"https:\/\/www.bonelinks.com\/fr\/product\/lc-lc-connector-duplex-mm-fiber\/","title":{"rendered":"Connecteur LC Duplex MM Fibre pour C\u00e2ble 1.6mm avec Clips"},"content":{"rendered":"<h2 style=\"text-align: left; font-size: 18px;\"><strong>Caract\u00e9ristiques<\/strong><\/h2>\n<ul>\n<li>Connecteur LC LC avec clips<\/li>\n<li>Fibre multimode<\/li>\n<li>A utiliser avec des fibres d&rsquo;un diam\u00e8tre de 1,6 mm<\/li>\n<li>IL : \u22640,5dB RL : \u226535dB<\/li>\n<\/ul>\n<h2 style=\"text-align: left; font-size: 18px;\"><strong>Application<\/strong><\/h2>\n<ul>\n<li>Terminaison de la fibre<\/li>\n<li>C\u00e2bles de raccordement multimode<\/li>\n<li>R\u00e9seaux locaux<\/li>\n<li>R\u00e9seaux d&rsquo;entreprise<\/li>\n<\/ul>\n<h2 style=\"text-align: left; font-size: 18px;\"><strong>Vous cherchez d&rsquo;autres connecteurs pour fibres optiques ?<\/strong><\/h2>\n<p>Vous cherchez d&rsquo;autres options ? D\u00e9couvrez notre vaste s\u00e9lection de <strong><a href=\"https:\/\/www.bonelinks.com\/fr\/china-fiber-optic-connector-supplier\/\" target=\"_blank\" rel=\"noopener\">connecteurs de fibre optique <\/a><\/strong>pour une mise en r\u00e9seau sans faille.<\/p>\n","protected":false},"excerpt":{"rendered":"<p>Le connecteur duplex LC est sp\u00e9cialement con\u00e7u pour \u00eatre utilis\u00e9 avec une fibre \u00e0 gaine de 1,6 mm et comprend des clips pour maintenir solidement les deux connecteurs en place. Le pas standard du clip rend ces connecteurs bien adapt\u00e9s aux c\u00e2bles de raccordement utilis\u00e9s dans les d\u00e9ploiements d&rsquo;\u00e9metteurs-r\u00e9cepteurs ou les connexions de panneaux de raccordement. Le connecteur duplex LC et le clip sont de couleur beige.<\/p>\n","protected":false},"featured_media":20035,"template":"","meta":{"site-sidebar-layout":"default","site-content-layout":"","ast-site-content-layout":"default","site-content-style":"default","site-sidebar-style":"default","ast-global-header-display":"","ast-banner-title-visibility":"","ast-main-header-display":"","ast-hfb-above-header-display":"","ast-hfb-below-header-display":"","ast-hfb-mobile-header-display":"","site-post-title":"","ast-breadcrumbs-content":"","ast-featured-img":"","footer-sml-layout":"","ast-disable-related-posts":"","theme-transparent-header-meta":"default","adv-header-id-meta":"","stick-header-meta":"default","header-above-stick-meta":"","header-main-stick-meta":"","header-below-stick-meta":"","astra-migrate-meta-layouts":"set","ast-page-background-enabled":"default","ast-page-background-meta":{"desktop":{"background-color":"","background-image":"","background-repeat":"repeat","background-position":"center center","background-size":"auto","background-attachment":"scroll","background-type":"","background-media":"","overlay-type":"","overlay-color":"","overlay-opacity":"","overlay-gradient":""},"tablet":{"background-color":"","background-image":"","background-repeat":"repeat","background-position":"center center","background-size":"auto","background-attachment":"scroll","background-type":"","background-media":"","overlay-type":"","overlay-color":"","overlay-opacity":"","overlay-gradient":""},"mobile":{"background-color":"","background-image":"","background-repeat":"repeat","background-position":"center center","background-size":"auto","background-attachment":"scroll","background-type":"","background-media":"","overlay-type":"","overlay-color":"","overlay-opacity":"","overlay-gradient":""}},"ast-content-background-meta":{"desktop":{"background-color":"var(--ast-global-color-5)","background-image":"","background-repeat":"repeat","background-position":"center center","background-size":"auto","background-attachment":"scroll","background-type":"","background-media":"","overlay-type":"","overlay-color":"","overlay-opacity":"","overlay-gradient":""},"tablet":{"background-color":"var(--ast-global-color-5)","background-image":"","background-repeat":"repeat","background-position":"center center","background-size":"auto","background-attachment":"scroll","background-type":"","background-media":"","overlay-type":"","overlay-color":"","overlay-opacity":"","overlay-gradient":""},"mobile":{"background-color":"var(--ast-global-color-5)","background-image":"","background-repeat":"repeat","background-position":"center center","background-size":"auto","background-attachment":"scroll","background-type":"","background-media":"","overlay-type":"","overlay-color":"","overlay-opacity":"","overlay-gradient":""}}},"product_brand":[],"product_cat":[224],"product_tag":[],"class_list":{"0":"post-20861","1":"product","2":"type-product","3":"status-publish","4":"has-post-thumbnail","6":"product_cat-fiber-optic-connectors-fr","7":"desktop-align-left","8":"tablet-align-left","9":"mobile-align-left","10":"ast-product-gallery-layout-vertical","11":"ast-product-gallery-with-no-image","12":"ast-product-tabs-layout-vertical","13":"ast-qv-on-image","15":"first","16":"instock","17":"shipping-taxable","18":"product-type-simple"},"_links":{"self":[{"href":"https:\/\/www.bonelinks.com\/fr\/wp-json\/wp\/v2\/product\/20861","targetHints":{"allow":["GET"]}}],"collection":[{"href":"https:\/\/www.bonelinks.com\/fr\/wp-json\/wp\/v2\/product"}],"about":[{"href":"https:\/\/www.bonelinks.com\/fr\/wp-json\/wp\/v2\/types\/product"}],"version-history":[{"count":3,"href":"https:\/\/www.bonelinks.com\/fr\/wp-json\/wp\/v2\/product\/20861\/revisions"}],"predecessor-version":[{"id":23923,"href":"https:\/\/www.bonelinks.com\/fr\/wp-json\/wp\/v2\/product\/20861\/revisions\/23923"}],"wp:featuredmedia":[{"embeddable":true,"href":"https:\/\/www.bonelinks.com\/fr\/wp-json\/wp\/v2\/media\/20035"}],"wp:attachment":[{"href":"https:\/\/www.bonelinks.com\/fr\/wp-json\/wp\/v2\/media?parent=20861"}],"wp:term":[{"taxonomy":"product_brand","embeddable":true,"href":"https:\/\/www.bonelinks.com\/fr\/wp-json\/wp\/v2\/product_brand?post=20861"},{"taxonomy":"product_cat","embeddable":true,"href":"https:\/\/www.bonelinks.com\/fr\/wp-json\/wp\/v2\/product_cat?post=20861"},{"taxonomy":"product_tag","embeddable":true,"href":"https:\/\/www.bonelinks.com\/fr\/wp-json\/wp\/v2\/product_tag?post=20861"}],"curies":[{"name":"wp","href":"https:\/\/api.w.org\/{rel}","templated":true}]}}