{"id":20859,"date":"2024-01-17T23:50:01","date_gmt":"2024-01-18T07:50:01","guid":{"rendered":"https:\/\/www.bonelinks.com\/product\/lc-sm-simplex-fiber-connector-for-1-6mm-cable\/"},"modified":"2024-01-28T05:41:32","modified_gmt":"2024-01-28T13:41:32","slug":"lc-sm-simplex-fiber-connector","status":"publish","type":"product","link":"https:\/\/www.bonelinks.com\/fr\/product\/lc-sm-simplex-fiber-connector\/","title":{"rendered":"LC SM Simplex Fiber Connector for 1.6mm Cable"},"content":{"rendered":"<h2 style=\"text-align: left; font-size: 18px;\"><strong>Fonctionnalit\u00e9<\/strong><\/h2>\n<ul>\n<li>Connecteur LC<\/li>\n<li>Fibre monomode<\/li>\n<li>A utiliser avec des fibres d&rsquo;un diam\u00e8tre de 1,6 mm<\/li>\n<li>IL : \u22640,3dB RL : \u226555dB<\/li>\n<\/ul>\n<h2 style=\"text-align: left; font-size: 18px;\"><strong>Application<\/strong><\/h2>\n<ul>\n<li>Terminaison de la fibre<\/li>\n<li>C\u00e2bles de raccordement monomodes<\/li>\n<li>R\u00e9seaux locaux<\/li>\n<li>FTTx<\/li>\n<\/ul>\n<h2 style=\"text-align: left; font-size: 18px;\"><strong>Vous cherchez d&rsquo;autres connecteurs pour fibres optiques ?<\/strong><\/h2>\n<p>Vous cherchez d&rsquo;autres options ? D\u00e9couvrez notre vaste s\u00e9lection de <strong><a href=\"https:\/\/www.bonelinks.com\/fr\/china-fiber-optic-connector-supplier\/\" target=\"_blank\" rel=\"noopener\">connecteurs de fibre optique <\/a><\/strong>pour une mise en r\u00e9seau sans faille.<\/p>\n","protected":false},"excerpt":{"rendered":"<p>Le connecteur LC SM est con\u00e7u pour \u00eatre utilis\u00e9 avec une fibre simplex dot\u00e9e d&rsquo;une gaine de 1,6 mm. Ce connecteur LC monomode est dot\u00e9 d&rsquo;un corps bleu standard et d&rsquo;une gaine de d\u00e9charge de traction blanche.<\/p>\n","protected":false},"featured_media":16790,"template":"","meta":{"site-sidebar-layout":"default","site-content-layout":"","ast-site-content-layout":"default","site-content-style":"default","site-sidebar-style":"default","ast-global-header-display":"","ast-banner-title-visibility":"","ast-main-header-display":"","ast-hfb-above-header-display":"","ast-hfb-below-header-display":"","ast-hfb-mobile-header-display":"","site-post-title":"","ast-breadcrumbs-content":"","ast-featured-img":"","footer-sml-layout":"","ast-disable-related-posts":"","theme-transparent-header-meta":"default","adv-header-id-meta":"","stick-header-meta":"default","header-above-stick-meta":"","header-main-stick-meta":"","header-below-stick-meta":"","astra-migrate-meta-layouts":"set","ast-page-background-enabled":"default","ast-page-background-meta":{"desktop":{"background-color":"","background-image":"","background-repeat":"repeat","background-position":"center center","background-size":"auto","background-attachment":"scroll","background-type":"","background-media":"","overlay-type":"","overlay-color":"","overlay-opacity":"","overlay-gradient":""},"tablet":{"background-color":"","background-image":"","background-repeat":"repeat","background-position":"center center","background-size":"auto","background-attachment":"scroll","background-type":"","background-media":"","overlay-type":"","overlay-color":"","overlay-opacity":"","overlay-gradient":""},"mobile":{"background-color":"","background-image":"","background-repeat":"repeat","background-position":"center center","background-size":"auto","background-attachment":"scroll","background-type":"","background-media":"","overlay-type":"","overlay-color":"","overlay-opacity":"","overlay-gradient":""}},"ast-content-background-meta":{"desktop":{"background-color":"var(--ast-global-color-5)","background-image":"","background-repeat":"repeat","background-position":"center center","background-size":"auto","background-attachment":"scroll","background-type":"","background-media":"","overlay-type":"","overlay-color":"","overlay-opacity":"","overlay-gradient":""},"tablet":{"background-color":"var(--ast-global-color-5)","background-image":"","background-repeat":"repeat","background-position":"center center","background-size":"auto","background-attachment":"scroll","background-type":"","background-media":"","overlay-type":"","overlay-color":"","overlay-opacity":"","overlay-gradient":""},"mobile":{"background-color":"var(--ast-global-color-5)","background-image":"","background-repeat":"repeat","background-position":"center center","background-size":"auto","background-attachment":"scroll","background-type":"","background-media":"","overlay-type":"","overlay-color":"","overlay-opacity":"","overlay-gradient":""}}},"product_brand":[],"product_cat":[224],"product_tag":[],"class_list":{"0":"post-20859","1":"product","2":"type-product","3":"status-publish","4":"has-post-thumbnail","6":"product_cat-fiber-optic-connectors-fr","7":"desktop-align-left","8":"tablet-align-left","9":"mobile-align-left","10":"ast-product-gallery-layout-vertical","11":"ast-product-gallery-with-no-image","12":"ast-product-tabs-layout-vertical","13":"ast-qv-on-image","15":"first","16":"instock","17":"shipping-taxable","18":"product-type-simple"},"_links":{"self":[{"href":"https:\/\/www.bonelinks.com\/fr\/wp-json\/wp\/v2\/product\/20859","targetHints":{"allow":["GET"]}}],"collection":[{"href":"https:\/\/www.bonelinks.com\/fr\/wp-json\/wp\/v2\/product"}],"about":[{"href":"https:\/\/www.bonelinks.com\/fr\/wp-json\/wp\/v2\/types\/product"}],"version-history":[{"count":3,"href":"https:\/\/www.bonelinks.com\/fr\/wp-json\/wp\/v2\/product\/20859\/revisions"}],"predecessor-version":[{"id":23922,"href":"https:\/\/www.bonelinks.com\/fr\/wp-json\/wp\/v2\/product\/20859\/revisions\/23922"}],"wp:featuredmedia":[{"embeddable":true,"href":"https:\/\/www.bonelinks.com\/fr\/wp-json\/wp\/v2\/media\/16790"}],"wp:attachment":[{"href":"https:\/\/www.bonelinks.com\/fr\/wp-json\/wp\/v2\/media?parent=20859"}],"wp:term":[{"taxonomy":"product_brand","embeddable":true,"href":"https:\/\/www.bonelinks.com\/fr\/wp-json\/wp\/v2\/product_brand?post=20859"},{"taxonomy":"product_cat","embeddable":true,"href":"https:\/\/www.bonelinks.com\/fr\/wp-json\/wp\/v2\/product_cat?post=20859"},{"taxonomy":"product_tag","embeddable":true,"href":"https:\/\/www.bonelinks.com\/fr\/wp-json\/wp\/v2\/product_tag?post=20859"}],"curies":[{"name":"wp","href":"https:\/\/api.w.org\/{rel}","templated":true}]}}