{"id":21807,"date":"2022-11-15T22:38:41","date_gmt":"2022-11-16T06:38:41","guid":{"rendered":"https:\/\/www.bonelinks.com\/product\/abs-plc-splitter\/"},"modified":"2024-02-19T22:01:12","modified_gmt":"2024-02-20T06:01:12","slug":"abs-plc-splitter","status":"publish","type":"product","link":"https:\/\/www.bonelinks.com\/es\/product\/abs-plc-splitter\/","title":{"rendered":"Divisor PLC ABS"},"content":{"rendered":"<h1 style=\"text-align: left; font-size: 18px;\"><strong>ABS PLC Splitter: Protecci\u00f3n y versatilidad para su red de fibra \u00f3ptica<\/strong><\/h1>\n<p>El divisor PLC de ABS de Bonelinks est\u00e1 dise\u00f1ado para ofrecer protecci\u00f3n al chip de gu\u00eda de ondas \u00f3pticas y a la placa de matriz de fibras. Fabricado en pl\u00e1stico ABS duradero, es id\u00f3neo para su uso en condiciones de construcci\u00f3n exigentes. Se puede instalar f\u00e1cilmente en varios armarios y chasis, incluidas las <a href=\"https:\/\/www.bonelinks.com\/es\/product\/server-room-data-center-rack-mount-fiber-optic-patch-panel\/\" target=\"_blank\" rel=\"noopener\">unidades est\u00e1ndar de montaje en bastidor de 19<\/a> pulgadas.<\/p>\n<p><img fetchpriority=\"high\" decoding=\"async\" class=\"alignleft wp-image-6455 size-full\" src=\"https:\/\/www.bonelinks.com\/wp-content\/uploads\/2022\/11\/abs-plc-splitter.jpg\" alt=\"divisor abs plc\" width=\"1024\" height=\"467\" srcset=\"https:\/\/www.bonelinks.com\/wp-content\/uploads\/2022\/11\/abs-plc-splitter.jpg 1024w, https:\/\/www.bonelinks.com\/wp-content\/uploads\/2022\/11\/abs-plc-splitter-300x137.jpg 300w, https:\/\/www.bonelinks.com\/wp-content\/uploads\/2022\/11\/abs-plc-splitter-768x350.jpg 768w, https:\/\/www.bonelinks.com\/wp-content\/uploads\/2022\/11\/abs-plc-splitter-650x296.jpg 650w\" sizes=\"(max-width: 1024px) 100vw, 1024px\" \/><\/p>\n<h2 style=\"text-align: left; font-size: 18px;\"><strong><span style=\"color: #000000;\"><br \/>\nCaracter\u00edsticas: \u00bfPor qu\u00e9 elegir ABS PLC Splitter?<\/span><\/strong><\/h2>\n<ul>\n<li>Caja de pl\u00e1stico ABS: El material ABS se caracteriza por su resistencia a la compresi\u00f3n, al impacto, al calor y a las bajas temperaturas.<\/li>\n<li>Tama\u00f1o compacto: Es de tama\u00f1o peque\u00f1o y compacto, lo que facilita su instalaci\u00f3n y manejo.<\/li>\n<li>Gran estabilidad: Los divisores PLC de ABS tienen una gran estabilidad, lo que garantiza que la potencia de salida permanezca constante incluso durante un largo periodo de tiempo.<\/li>\n<li>Baja p\u00e9rdida de inserci\u00f3n: Los divisores PLC tienen una baja p\u00e9rdida de inserci\u00f3n, lo que significa que no afectan significativamente a la intensidad de la se\u00f1al cuando la luz pasa a trav\u00e9s de ellos.<\/li>\n<li>Baja p\u00e9rdida en funci\u00f3n de la polarizaci\u00f3n (PDL): Los divisores tienen una PDL baja, lo que significa que no se ven afectados por la orientaci\u00f3n de la luz polarizada.<\/li>\n<li>Independencia de la longitud de onda: Los divisores PLC de ABS son independientes de la longitud de onda, lo que significa que funcionan con una amplia gama de longitudes de onda y pueden utilizarse en diversos sistemas de comunicaci\u00f3n.<\/li>\n<li>Alta fiabilidad: Es altamente fiable, lo que significa que puede soportar condiciones ambientales duras y tienen menos probabilidades de fallar.<\/li>\n<\/ul>\n<h2 style=\"text-align: left; font-size: 18px;\"><strong>Aplicaci\u00f3n: \u00bfD\u00f3nde utilizar el Divisor PLC de ABS? <\/strong><\/h2>\n<ul>\n<li>Redes de fibra hasta el hogar (FTTH): Los divisores PLC de ABS se utilizan para distribuir se\u00f1ales \u00f3pticas desde un punto central a m\u00faltiples abonados en redes FTTH.<\/li>\n<li>LAN \u00f3pticas (redes de \u00e1rea local): Se utiliza para distribuir se\u00f1ales desde fibras \u00f3pticas a distintos dispositivos finales en LAN \u00f3pticas.<\/li>\n<li>Centros de datos: Los divisores PLC de ABS se utilizan para encaminar se\u00f1ales \u00f3pticas entre distintos componentes de centros de datos, como servidores, conmutadores y dispositivos de almacenamiento.<\/li>\n<li>Redes de televisi\u00f3n por cable: Se utiliza para distribuir se\u00f1ales \u00f3pticas desde una cabecera a m\u00faltiples abonados en redes de televisi\u00f3n por cable.<\/li>\n<li>Redes metropolitanas y de acceso Los divisores PLC de ABS se utilizan en redes de metro y de acceso para encaminar se\u00f1ales \u00f3pticas entre distintos elementos de red.<\/li>\n<li>Equipos de prueba y medici\u00f3n: Se utiliza en equipos de prueba y medici\u00f3n, como medidores de potencia \u00f3ptica y analizadores de espectro \u00f3ptico.<\/li>\n<\/ul>\n<h2 style=\"text-align: left; font-size: 18px;\"><strong><span style=\"color: #000000;\">\u00bfPor qu\u00e9 nuestro divisor PLC de ABS?<\/span><\/strong><\/h2>\n<ul>\n<li>Variedad de relaciones de divisi\u00f3n y conectores de fibra: Elija la relaci\u00f3n de divisi\u00f3n que se adapte a sus necesidades espec\u00edficas entre nuestra gama de opciones, que incluye 1:4, 1:8, 1:16, 1:32, etc. Entendemos que los requisitos de conectividad pueden variar, por lo que ofrecemos varios conectores de fibra de entrada y salida, como FC, SC, LC y ST. Adapte su ABS PLC Splitter a las necesidades de su red.<\/li>\n<li>Personalizaci\u00f3n para aplicaciones espec\u00edficas:Comprendemos los requisitos \u00fanicos de las distintas aplicaciones. Por eso, nuestro divisor PLC de ABS se puede personalizar con longitudes de entrada y salida cortas, de s\u00f3lo 0,5 metros, lo que lo convierte en una opci\u00f3n excelente para CATV o equipos de comunicaci\u00f3n \u00f3ptica activa. Ya sea para centros de datos, centros de servidores, cabinas FTTH o cajas divisoras de suelo, nuestro divisor PLC de ABS proporciona la flexibilidad que necesita.<\/li>\n<li>Aplicaciones espec\u00edficas y pruebas rigurosas: En las redes PON, el divisor 1&#215;8 sirve como nodo de conexi\u00f3n primario o secundario en equipos OLT espec\u00edficos. Para centros de datos o centros de servidores, la toma 1&#215;32 es la opci\u00f3n m\u00e1s adecuada y puede instalarse c\u00f3modamente en bastidores de 1U o 2U. Bonelinks tambi\u00e9n ofrece servicios integrales de instalaci\u00f3n de grifos de rack para su comodidad. La toma 1&#215;64 destaca en la distribuci\u00f3n de datos de se\u00f1al y conectividad en cabinas FTTH y cajas divisoras de suelo. Tenga la seguridad de que todos nuestros grifos se someten a rigurosas pruebas antes de su env\u00edo para garantizar un rendimiento de primera categor\u00eda. Cada ABS PLC Splitter se somete a exhaustivas pruebas en f\u00e1brica para garantizar la m\u00e1xima calidad y rendimiento. Todas las unidades incluyen un informe de pruebas y una garant\u00eda, para que pueda confiar en la fiabilidad y estabilidad de su red \u00f3ptica.<\/li>\n<\/ul>\n<p>Explore nuestro divisor \u00f3ptico de alta calidad para un rendimiento fiable. Para obtener una amplia gama de soluciones de conectividad, considere la posibilidad de asociarse con un <a href=\"https:\/\/www.bonelinks.com\/es\/china-ftth-plc-splitter-supplier\/\" target=\"_blank\" rel=\"noopener\">proveedor de divisores \u00f3pticos de confianza como Bonelinks<\/a><\/p>\n","protected":false},"excerpt":{"rendered":"<p>El divisor PLC de ABS es un dispositivo de alto rendimiento dise\u00f1ado para su uso en redes \u00f3pticas pasivas (PON). Este divisor est\u00e1 equipado con una carcasa de ABS (acrilonitrilo butadieno estireno), que lo hace duradero y resistente a las duras condiciones ambientales, garantizando un uso duradero.<\/p>\n<p>El divisor PLC de ABS es una soluci\u00f3n ideal para aplicaciones FTTH (fibra hasta el hogar), FTTB (fibra hasta el edificio) y FTTC (fibra hasta la acera). Gracias a su dise\u00f1o compacto, este divisor puede instalarse f\u00e1cilmente en distintos tipos de armarios \u00f3pticos y cajas de distribuci\u00f3n. El divisor puede utilizarse para dividir una se\u00f1al \u00f3ptica en varias salidas, lo que permite dar servicio a varios abonados desde un terminal de l\u00ednea \u00f3ptica (OLT).<\/p>\n<p>El divisor PLC de ABS es f\u00e1cil de usar y mantener, lo que lo convierte en una excelente opci\u00f3n para los operadores de red que buscan una soluci\u00f3n fiable y rentable. La divisora requiere poco mantenimiento, lo que garantiza que funcionar\u00e1 sin problemas durante muchos a\u00f1os. Adem\u00e1s, presenta un dise\u00f1o sencillo e intuitivo que facilita su instalaci\u00f3n y mantenimiento.<\/p>\n","protected":false},"featured_media":15163,"template":"","meta":{"site-sidebar-layout":"default","site-content-layout":"default","ast-site-content-layout":"default","site-content-style":"default","site-sidebar-style":"default","ast-global-header-display":"","ast-banner-title-visibility":"","ast-main-header-display":"","ast-hfb-above-header-display":"","ast-hfb-below-header-display":"","ast-hfb-mobile-header-display":"","site-post-title":"","ast-breadcrumbs-content":"","ast-featured-img":"","footer-sml-layout":"","ast-disable-related-posts":"","theme-transparent-header-meta":"default","adv-header-id-meta":"","stick-header-meta":"default","header-above-stick-meta":"","header-main-stick-meta":"","header-below-stick-meta":"","astra-migrate-meta-layouts":"set","ast-page-background-enabled":"default","ast-page-background-meta":{"desktop":{"background-color":"","background-image":"","background-repeat":"repeat","background-position":"center center","background-size":"auto","background-attachment":"scroll","background-type":"","background-media":"","overlay-type":"","overlay-color":"","overlay-opacity":"","overlay-gradient":""},"tablet":{"background-color":"","background-image":"","background-repeat":"repeat","background-position":"center center","background-size":"auto","background-attachment":"scroll","background-type":"","background-media":"","overlay-type":"","overlay-color":"","overlay-opacity":"","overlay-gradient":""},"mobile":{"background-color":"","background-image":"","background-repeat":"repeat","background-position":"center center","background-size":"auto","background-attachment":"scroll","background-type":"","background-media":"","overlay-type":"","overlay-color":"","overlay-opacity":"","overlay-gradient":""}},"ast-content-background-meta":{"desktop":{"background-color":"var(--ast-global-color-5)","background-image":"","background-repeat":"repeat","background-position":"center center","background-size":"auto","background-attachment":"scroll","background-type":"","background-media":"","overlay-type":"","overlay-color":"","overlay-opacity":"","overlay-gradient":""},"tablet":{"background-color":"var(--ast-global-color-5)","background-image":"","background-repeat":"repeat","background-position":"center center","background-size":"auto","background-attachment":"scroll","background-type":"","background-media":"","overlay-type":"","overlay-color":"","overlay-opacity":"","overlay-gradient":""},"mobile":{"background-color":"var(--ast-global-color-5)","background-image":"","background-repeat":"repeat","background-position":"center center","background-size":"auto","background-attachment":"scroll","background-type":"","background-media":"","overlay-type":"","overlay-color":"","overlay-opacity":"","overlay-gradient":""}}},"product_brand":[],"product_cat":[290],"product_tag":[],"class_list":{"0":"post-21807","1":"product","2":"type-product","3":"status-publish","4":"has-post-thumbnail","6":"product_cat-plc-splitter-es","7":"desktop-align-left","8":"tablet-align-left","9":"mobile-align-left","10":"ast-product-gallery-layout-vertical","11":"ast-product-gallery-with-no-image","12":"ast-product-tabs-layout-vertical","13":"ast-qv-on-image","15":"first","16":"instock","17":"shipping-taxable","18":"product-type-simple"},"_links":{"self":[{"href":"https:\/\/www.bonelinks.com\/es\/wp-json\/wp\/v2\/product\/21807","targetHints":{"allow":["GET"]}}],"collection":[{"href":"https:\/\/www.bonelinks.com\/es\/wp-json\/wp\/v2\/product"}],"about":[{"href":"https:\/\/www.bonelinks.com\/es\/wp-json\/wp\/v2\/types\/product"}],"version-history":[{"count":3,"href":"https:\/\/www.bonelinks.com\/es\/wp-json\/wp\/v2\/product\/21807\/revisions"}],"predecessor-version":[{"id":26514,"href":"https:\/\/www.bonelinks.com\/es\/wp-json\/wp\/v2\/product\/21807\/revisions\/26514"}],"wp:featuredmedia":[{"embeddable":true,"href":"https:\/\/www.bonelinks.com\/es\/wp-json\/wp\/v2\/media\/15163"}],"wp:attachment":[{"href":"https:\/\/www.bonelinks.com\/es\/wp-json\/wp\/v2\/media?parent=21807"}],"wp:term":[{"taxonomy":"product_brand","embeddable":true,"href":"https:\/\/www.bonelinks.com\/es\/wp-json\/wp\/v2\/product_brand?post=21807"},{"taxonomy":"product_cat","embeddable":true,"href":"https:\/\/www.bonelinks.com\/es\/wp-json\/wp\/v2\/product_cat?post=21807"},{"taxonomy":"product_tag","embeddable":true,"href":"https:\/\/www.bonelinks.com\/es\/wp-json\/wp\/v2\/product_tag?post=21807"}],"curies":[{"name":"wp","href":"https:\/\/api.w.org\/{rel}","templated":true}]}}