{"id":21796,"date":"2022-11-15T23:53:13","date_gmt":"2022-11-16T07:53:13","guid":{"rendered":"https:\/\/www.bonelinks.com\/product\/divisor-plc-enchufable\/"},"modified":"2024-02-19T22:01:38","modified_gmt":"2024-02-20T06:01:38","slug":"plug-in-plc-splitter","status":"publish","type":"product","link":"https:\/\/www.bonelinks.com\/es\/product\/plug-in-plc-splitter\/","title":{"rendered":"Divisor PLC enchufable"},"content":{"rendered":"<div class=\"elementor-element elementor-element-012735a elementor-widget elementor-widget-text-editor\" data-id=\"012735a\" data-element_type=\"widget\" data-widget_type=\"text-editor.default\">\n<div class=\"elementor-widget-container\">\n<p>El divisor PLC enchufable es una soluci\u00f3n fiable, rentable y f\u00e1cil de instalar para la distribuci\u00f3n de se\u00f1ales de fibra \u00f3ptica en redes PON. Gracias a su rendimiento y versatilidad superiores, es una opci\u00f3n popular entre operadores de redes y proveedores de servicios.<\/p>\n<p>Bonelinks ofrece divisores PLC enchufables en configuraciones de 1\u00d74, 1\u00d78, 1\u00d716 y 1\u00d732. Por ejemplo, un divisor 1\u00d74 tiene una entrada y cuatro salidas. Estos divisores tienen minitomas con conectores preterminados que interact\u00faan con el mundo exterior a trav\u00e9s de adaptadores de fibra \u00f3ptica.<\/p>\n<p>Para garantizar la m\u00e1xima calidad de sus productos, Bonelinks prueba todos sus divisores PLC Plug-In antes de su producci\u00f3n. Una vez instalados los conectores, se comprueba que el divisor de tubo de acero incorporado no atraviesa la luz, que no tiene cara de extremo y que la relaci\u00f3n de divisi\u00f3n es correcta. Se comprueban los valores de atenuaci\u00f3n de cada puerto y todos los informes de las pruebas se incluyen con cada producto como garant\u00eda de su calidad y rendimiento.<\/p>\n<\/div>\n<\/div>\n<div class=\"elementor-element elementor-element-3d44a7e elementor-widget elementor-widget-text-editor\" data-id=\"3d44a7e\" data-element_type=\"widget\" data-widget_type=\"text-editor.default\">\n<div class=\"elementor-widget-container\">\n<p><strong>Caracter\u00edsticas<\/strong><\/p>\n<ul>\n<li>F\u00e1ciles de instalar: Los splitters PLC enchufables est\u00e1n dise\u00f1ados para instalarse f\u00e1cilmente en una ONU u OLT, lo que simplifica el despliegue y el mantenimiento de la red.<\/li>\n<li>Dise\u00f1o compacto: Los divisores PLC enchufables tienen un tama\u00f1o reducido, lo que facilita su instalaci\u00f3n y gesti\u00f3n en redes \u00f3pticas.<\/li>\n<li>Alta fiabilidad: Los divisores PLC enchufables est\u00e1n fabricados con materiales de alta calidad y se construyen siguiendo normas estrictas, lo que garantiza su fiabilidad y longevidad.<\/li>\n<li>Baja p\u00e9rdida de inserci\u00f3n: Los divisores PLC tienen una baja p\u00e9rdida de inserci\u00f3n, lo que significa que no reducen significativamente la intensidad de la se\u00f1al \u00f3ptica.<\/li>\n<li>Independencia de la longitud de onda: Los divisores PLC son independientes de la longitud de onda, lo que significa que pueden dividir la se\u00f1al \u00f3ptica independientemente de su longitud de onda.<\/li>\n<\/ul>\n<p><strong>Aplicaci\u00f3n<\/strong><\/p>\n<ul>\n<li>Sistemas de comunicaci\u00f3n por fibra \u00f3ptica: Los divisores PLC enchufables se utilizan en sistemas de comunicaci\u00f3n \u00f3ptica como las redes \u00f3pticas pasivas (PON), donde la se\u00f1al de una \u00fanica fuente \u00f3ptica debe dividirse en varias ramas para llegar a varios usuarios finales.<\/li>\n<li>Centros de datos: Los divisores PLC enchufables se utilizan en centros de datos para distribuir se\u00f1ales \u00f3pticas de alta velocidad a varios servidores.<\/li>\n<li>Redes de CATV: Los divisores PLC enchufables se utilizan en redes de televisi\u00f3n por cable (CATV) para dividir la se\u00f1al recibida de una cabecera en varias salidas que se distribuyen a varios abonados.<\/li>\n<li>Sistemas de amplificaci\u00f3n \u00f3ptica: Los divisores PLC enchufables se utilizan en sistemas amplificadores \u00f3pticos para distribuir la se\u00f1al \u00f3ptica para su amplificaci\u00f3n.<\/li>\n<li>Sistemas de medici\u00f3n \u00f3ptica: Los divisores PLC enchufables se utilizan en sistemas de medici\u00f3n \u00f3ptica como medidores de potencia \u00f3ptica, analizadores de espectro \u00f3ptico, etc.<\/li>\n<\/ul>\n<\/div>\n<\/div>\n","protected":false},"excerpt":{"rendered":"<p>El divisor PLC enchufable es un tipo de componente de red \u00f3ptica pasiva (PON) que se utiliza para distribuir se\u00f1ales \u00f3pticas desde una \u00fanica fuente a varios destinos. Act\u00faa como divisor de potencia y suele utilizarse en aplicaciones de fibra hasta el hogar (FTTH) para distribuir se\u00f1ales a varios usuarios dentro de un edificio o vecindario.<\/p>\n<p>Una de las principales ventajas de utilizar un splitter PLC Plug-In es su facilidad de instalaci\u00f3n. A diferencia de los divisores tradicionales, que requieren empalmes y soldaduras, los divisores PLC Plug-In pueden conectarse simplemente a una red de distribuci\u00f3n \u00f3ptica (ODN) para una configuraci\u00f3n r\u00e1pida y sin complicaciones. Por eso es ideal para implantaciones a gran escala en las que el ahorro de tiempo y dinero es fundamental.<\/p>\n<p>En t\u00e9rminos de rendimiento, los divisores PLC enchufables ofrecen bajas p\u00e9rdidas de inserci\u00f3n y altas p\u00e9rdidas de retorno, lo que garantiza que la se\u00f1al se distribuya de forma uniforme y precisa a cada puerto de salida. Tambi\u00e9n ofrecen una gran estabilidad y fiabilidad, lo que las hace adecuadas para su uso en condiciones ambientales adversas.<\/p>\n<p>Es importante tener en cuenta que los splitters PLC enchufables est\u00e1n disponibles en diferentes configuraciones, como 1&#215;2, 1&#215;4, 1&#215;8 y 1&#215;16, para adaptarse a los distintos requisitos de la red. Tambi\u00e9n son compatibles con varios tipos de fibra, incluida la monomodo y la multimodo.<\/p>\n","protected":false},"featured_media":15133,"template":"","meta":{"site-sidebar-layout":"default","site-content-layout":"default","ast-site-content-layout":"default","site-content-style":"default","site-sidebar-style":"default","ast-global-header-display":"","ast-banner-title-visibility":"","ast-main-header-display":"","ast-hfb-above-header-display":"","ast-hfb-below-header-display":"","ast-hfb-mobile-header-display":"","site-post-title":"","ast-breadcrumbs-content":"","ast-featured-img":"","footer-sml-layout":"","ast-disable-related-posts":"","theme-transparent-header-meta":"default","adv-header-id-meta":"","stick-header-meta":"default","header-above-stick-meta":"","header-main-stick-meta":"","header-below-stick-meta":"","astra-migrate-meta-layouts":"set","ast-page-background-enabled":"default","ast-page-background-meta":{"desktop":{"background-color":"","background-image":"","background-repeat":"repeat","background-position":"center center","background-size":"auto","background-attachment":"scroll","background-type":"","background-media":"","overlay-type":"","overlay-color":"","overlay-opacity":"","overlay-gradient":""},"tablet":{"background-color":"","background-image":"","background-repeat":"repeat","background-position":"center center","background-size":"auto","background-attachment":"scroll","background-type":"","background-media":"","overlay-type":"","overlay-color":"","overlay-opacity":"","overlay-gradient":""},"mobile":{"background-color":"","background-image":"","background-repeat":"repeat","background-position":"center center","background-size":"auto","background-attachment":"scroll","background-type":"","background-media":"","overlay-type":"","overlay-color":"","overlay-opacity":"","overlay-gradient":""}},"ast-content-background-meta":{"desktop":{"background-color":"var(--ast-global-color-5)","background-image":"","background-repeat":"repeat","background-position":"center center","background-size":"auto","background-attachment":"scroll","background-type":"","background-media":"","overlay-type":"","overlay-color":"","overlay-opacity":"","overlay-gradient":""},"tablet":{"background-color":"var(--ast-global-color-5)","background-image":"","background-repeat":"repeat","background-position":"center center","background-size":"auto","background-attachment":"scroll","background-type":"","background-media":"","overlay-type":"","overlay-color":"","overlay-opacity":"","overlay-gradient":""},"mobile":{"background-color":"var(--ast-global-color-5)","background-image":"","background-repeat":"repeat","background-position":"center center","background-size":"auto","background-attachment":"scroll","background-type":"","background-media":"","overlay-type":"","overlay-color":"","overlay-opacity":"","overlay-gradient":""}}},"product_brand":[],"product_cat":[290],"product_tag":[],"class_list":{"0":"post-21796","1":"product","2":"type-product","3":"status-publish","4":"has-post-thumbnail","6":"product_cat-plc-splitter-es","7":"desktop-align-left","8":"tablet-align-left","9":"mobile-align-left","10":"ast-product-gallery-layout-vertical","11":"ast-product-gallery-with-no-image","12":"ast-product-tabs-layout-vertical","13":"ast-qv-on-image","15":"first","16":"instock","17":"shipping-taxable","18":"product-type-simple"},"_links":{"self":[{"href":"https:\/\/www.bonelinks.com\/es\/wp-json\/wp\/v2\/product\/21796","targetHints":{"allow":["GET"]}}],"collection":[{"href":"https:\/\/www.bonelinks.com\/es\/wp-json\/wp\/v2\/product"}],"about":[{"href":"https:\/\/www.bonelinks.com\/es\/wp-json\/wp\/v2\/types\/product"}],"version-history":[{"count":2,"href":"https:\/\/www.bonelinks.com\/es\/wp-json\/wp\/v2\/product\/21796\/revisions"}],"predecessor-version":[{"id":26515,"href":"https:\/\/www.bonelinks.com\/es\/wp-json\/wp\/v2\/product\/21796\/revisions\/26515"}],"wp:featuredmedia":[{"embeddable":true,"href":"https:\/\/www.bonelinks.com\/es\/wp-json\/wp\/v2\/media\/15133"}],"wp:attachment":[{"href":"https:\/\/www.bonelinks.com\/es\/wp-json\/wp\/v2\/media?parent=21796"}],"wp:term":[{"taxonomy":"product_brand","embeddable":true,"href":"https:\/\/www.bonelinks.com\/es\/wp-json\/wp\/v2\/product_brand?post=21796"},{"taxonomy":"product_cat","embeddable":true,"href":"https:\/\/www.bonelinks.com\/es\/wp-json\/wp\/v2\/product_cat?post=21796"},{"taxonomy":"product_tag","embeddable":true,"href":"https:\/\/www.bonelinks.com\/es\/wp-json\/wp\/v2\/product_tag?post=21796"}],"curies":[{"name":"wp","href":"https:\/\/api.w.org\/{rel}","templated":true}]}}