{"id":21795,"date":"2022-11-16T00:08:55","date_gmt":"2022-11-16T08:08:55","guid":{"rendered":"https:\/\/www.bonelinks.com\/product\/divisor-plc-sin-bloques\/"},"modified":"2024-02-19T22:02:56","modified_gmt":"2024-02-20T06:02:56","slug":"blockless-plc-splitter","status":"publish","type":"product","link":"https:\/\/www.bonelinks.com\/es\/product\/blockless-plc-splitter\/","title":{"rendered":"Divisor PLC sin bloques"},"content":{"rendered":"<h1 style=\"text-align: left; font-size: 18px;\"><span style=\"color: #000000;\"><strong>Divisor de fibra PLC sin bloques <\/strong><\/span><\/h1>\n<p>El divisor PLC sin bloque est\u00e1 dise\u00f1ado para ofrecer la m\u00e1xima durabilidad, con un chip central alojado en una robusta carcasa de acero inoxidable. Su tama\u00f1o compacto y su dise\u00f1o robusto lo hacen ideal para instalaciones en interiores y exteriores, incluso en espacios reducidos como cajas de empalme \u00f3ptico y armarios de distribuci\u00f3n. El divisor PLC sin bloque puede parecer similar a un <a href=\"https:\/\/www.bonelinks.com\/es\/product\/bare-fiber-plc-splitter\/\" target=\"_blank\" rel=\"noopener\">divisor de fibra desnuda<\/a>, pero ofrece una mayor protecci\u00f3n de la fibra gracias a su embalaje compacto de tubo de acero inoxidable. Este dise\u00f1o proporciona una mayor durabilidad y protege las conexiones de fibra dentro del divisor, garantizando un rendimiento fiable y una larga vida \u00fatil.<\/p>\n<p><img fetchpriority=\"high\" decoding=\"async\" class=\"alignleft wp-image-6395\" src=\"https:\/\/www.bonelinks.com\/wp-content\/uploads\/2022\/11\/blockless-spilitter-vs-bare-spitter.jpg\" alt=\"escupidor sin bloque vs escupidor desnudo\" width=\"600\" height=\"250\" srcset=\"https:\/\/www.bonelinks.com\/wp-content\/uploads\/2022\/11\/blockless-spilitter-vs-bare-spitter.jpg 960w, https:\/\/www.bonelinks.com\/wp-content\/uploads\/2022\/11\/blockless-spilitter-vs-bare-spitter-300x125.jpg 300w, https:\/\/www.bonelinks.com\/wp-content\/uploads\/2022\/11\/blockless-spilitter-vs-bare-spitter-768x320.jpg 768w, https:\/\/www.bonelinks.com\/wp-content\/uploads\/2022\/11\/blockless-spilitter-vs-bare-spitter-650x271.jpg 650w\" sizes=\"(max-width: 600px) 100vw, 600px\" \/><\/p>\n<p>&nbsp;<\/p>\n<p>&nbsp;<\/p>\n<p>&nbsp;<\/p>\n<p>&nbsp;<\/p>\n<p>&nbsp;<\/p>\n<p>&nbsp;<\/p>\n<p>Este mini divisor PLC es muy vers\u00e1til, con capacidad para terminar su entrada y salida con una gran variedad de conectores de fibra \u00f3ptica, incluidos FC, SC, LC y ST. Bonelinks ofrece conectores de entrada y salida de hasta 5 metros de longitud y tambi\u00e9n puede proporcionar longitudes de cable personalizadas para adaptarse a su distancia de instalaci\u00f3n espec\u00edfica. Ofrecemos varios divisores PLC sin bloque 1xN y 2xN, incluyendo divisores PLC sin bloque de fibra de 1&#215;2, 1&#215;4, 1&#215;8, 1&#215;16,1&#215;32, 1&#215;64 y divisores PLC sin bloque de fibra de 2&#215;2, 2&#215;4, 2&#215;8, 2&#215;16, 2&#215;32, 2&#215;64.<\/p>\n<p>Actualice su red hoy mismo con el divisor PLC sin bloques y disfrute de despliegues \u00f3pticos m\u00e1s r\u00e1pidos, sencillos y fiables.<\/p>\n<h2 style=\"text-align: left; font-size: 18px;\"><strong>Caracter\u00edsticas: \u00bfPor qu\u00e9 elegir divisores PLC sin bloques? <\/strong><\/h2>\n<ul>\n<li>Tama\u00f1o reducido: El dise\u00f1o compacto de los splitters PLC sin bloques les permite tener un tama\u00f1o mucho menor en comparaci\u00f3n con los splitters tradicionales basados en bloques, lo que los hace ideales para aplicaciones en las que el espacio es limitado.<\/li>\n<li>F\u00e1ciles de instalar: Gracias a su tama\u00f1o compacto y dise\u00f1o sencillo, los splitters PLC sin bloque son f\u00e1ciles de instalar y no requieren herramientas ni equipos especiales.<\/li>\n<li>Baja p\u00e9rdida de inserci\u00f3n: Los divisores PLC tienen una baja p\u00e9rdida de inserci\u00f3n, lo que significa que no degradan significativamente la se\u00f1al \u00f3ptica que pasa a trav\u00e9s de ellos.<\/li>\n<li>Alta fiabilidad: Est\u00e1 fabricado con fibra \u00f3ptica de alta calidad, lo que los hace altamente fiables y duraderos.<\/li>\n<li>Alta uniformidad: Tiene una alta uniformidad de distribuci\u00f3n de potencia \u00f3ptica, lo que significa que distribuyen la se\u00f1al \u00f3ptica uniformemente a cada puerto de salida.<\/li>\n<li>Rentables: En comparaci\u00f3n con otros tipos de divisores \u00f3pticos, los divisores PLC sin bloque son m\u00e1s rentables, lo que los convierte en una opci\u00f3n popular para muchas aplicaciones.<\/li>\n<\/ul>\n<h2 style=\"text-align: left; font-size: 18px;\"><strong>Aplicaci\u00f3n: \u00bfCu\u00e1ndo elegir divisores PLC sin bloques? <\/strong><\/h2>\n<ul>\n<li>Redes de fibra hasta el hogar (FTTH): Los divisores PLC sin bloque, con encapsulados compactos de tubo inoxidable, son productos importantes utilizados en proyectos FTTx. Se puede instalar f\u00e1cilmente en el cierre de empalme de fibra \u00f3ptica para proporcionar distribuci\u00f3n de se\u00f1al FTTH.<\/li>\n<li>Centros de datos: Puede utilizarse en centros de datos para distribuir se\u00f1ales \u00f3pticas a m\u00faltiples servidores, conmutadores y dispositivos de almacenamiento.<\/li>\n<li>Redes de TV por cable: Los divisores PLC sin bloque pueden utilizarse en redes de televisi\u00f3n por cable para dividir la se\u00f1al \u00f3ptica de la cabecera en varias fibras para su distribuci\u00f3n a los hogares.<\/li>\n<li>Redes backhaul m\u00f3viles: Los divisores PLC sin bloque pueden utilizarse en redes backhaul m\u00f3viles para distribuir se\u00f1ales \u00f3pticas desde la estaci\u00f3n base a m\u00faltiples cabezales de radio remotos.<\/li>\n<li>Redes industriales: Los divisores PLC sin bloque pueden utilizarse en redes industriales para distribuir se\u00f1ales \u00f3pticas a m\u00faltiples dispositivos en una f\u00e1brica o entorno industrial.<\/li>\n<\/ul>\n<h2 style=\"text-align: left; font-size: 18px;\"><strong><img decoding=\"async\" class=\"alignleft wp-image-6392\" src=\"https:\/\/www.bonelinks.com\/wp-content\/uploads\/2022\/11\/blockless-plc-spitter.jpg\" alt=\"Divisor PLC sin bloques\" width=\"600\" height=\"306\" srcset=\"https:\/\/www.bonelinks.com\/wp-content\/uploads\/2022\/11\/blockless-plc-spitter.jpg 557w, https:\/\/www.bonelinks.com\/wp-content\/uploads\/2022\/11\/blockless-plc-spitter-300x153.jpg 300w\" sizes=\"(max-width: 600px) 100vw, 600px\" \/><\/strong><\/h2>\n<h2 style=\"text-align: left; font-size: 18px;\"><strong><br \/>\n\u00bfPor qu\u00e9 nuestros divisores PLC sin bloques? <\/strong><\/h2>\n<p>Normas: Telcordia GR-1209 y GR-1221<\/p>\n<p>Todos los divisores PLC sin bloque se someten a pruebas exhaustivas en f\u00e1brica para garantizar la m\u00e1xima calidad y rendimiento. Todas las unidades incluyen un informe de pruebas y una garant\u00eda, para que pueda confiar en la fiabilidad y estabilidad de su red \u00f3ptica.<\/p>\n<p>Cuando se trata de divisores de fibra fiables para conexiones de fibra \u00f3ptica perfectas, conf\u00ede en la experiencia de Bonelinks. Como <strong><a href=\"https:\/\/www.bonelinks.com\/es\/china-ftth-plc-splitter-supplier\/\" target=\"_blank\" rel=\"noopener\">proveedor l\u00edder de divisores de fibra PLC <\/a><\/strong>ofrecemos una amplia gama de soluciones de conectividad de alta calidad adaptadas a sus necesidades. Explore nuestra selecci\u00f3n de divisores de fibra \u00f3ptica dise\u00f1ados para un rendimiento superior y encuentre la soluci\u00f3n perfecta para su red.<\/p>\n<p><img decoding=\"async\" class=\"alignleft wp-image-6336\" src=\"https:\/\/www.bonelinks.com\/wp-content\/uploads\/2023\/05\/ILRL-test.jpg\" alt=\"\" width=\"600\" height=\"450\" srcset=\"https:\/\/www.bonelinks.com\/wp-content\/uploads\/2023\/05\/ILRL-test.jpg 1210w, https:\/\/www.bonelinks.com\/wp-content\/uploads\/2023\/05\/ILRL-test-300x225.jpg 300w, https:\/\/www.bonelinks.com\/wp-content\/uploads\/2023\/05\/ILRL-test-1030x772.jpg 1030w, https:\/\/www.bonelinks.com\/wp-content\/uploads\/2023\/05\/ILRL-test-768x576.jpg 768w, https:\/\/www.bonelinks.com\/wp-content\/uploads\/2023\/05\/ILRL-test-650x487.jpg 650w\" sizes=\"(max-width: 600px) 100vw, 600px\" \/><\/p>\n<p>&nbsp;<\/p>\n<p>&nbsp;<\/p>\n<p>&nbsp;<\/p>\n<p>&nbsp;<\/p>\n<p>&nbsp;<\/p>\n<p>&nbsp;<\/p>\n<p>&nbsp;<\/p>\n<p>&nbsp;<\/p>\n<p>&nbsp;<\/p>\n<p>&nbsp;<\/p>\n<p>&nbsp;<\/p>\n","protected":false},"excerpt":{"rendered":"<p>El divisor PLC sin bloques es una soluci\u00f3n de vanguardia para instalaciones de redes \u00f3pticas. Gracias a su dise\u00f1o exclusivo, elimina la necesidad de bloques \u00f3pticos independientes, lo que hace que su implantaci\u00f3n sea m\u00e1s r\u00e1pida, sencilla y fiable. Gracias a la tecnolog\u00eda de circuito planar de onda luminosa (PLC), este dispositivo compacto puede distribuir se\u00f1ales \u00f3pticas a varios dispositivos, como ONT u ONU. Empaquetados en un m\u00f3dulo de acero inoxidable con cable de tubo suelto est\u00e1ndar de 900um, los divisores PLC sin bloque encuentran un uso generalizado en las redes \u00f3pticas pasivas FTTH, sirviendo como divisores \u00f3pticos pasivos para redes EPON (divisor EPON) y GPON (divisor GPON).<\/p>\n","protected":false},"featured_media":15128,"template":"","meta":{"site-sidebar-layout":"default","site-content-layout":"default","ast-site-content-layout":"default","site-content-style":"default","site-sidebar-style":"default","ast-global-header-display":"","ast-banner-title-visibility":"","ast-main-header-display":"","ast-hfb-above-header-display":"","ast-hfb-below-header-display":"","ast-hfb-mobile-header-display":"","site-post-title":"","ast-breadcrumbs-content":"","ast-featured-img":"","footer-sml-layout":"","ast-disable-related-posts":"","theme-transparent-header-meta":"default","adv-header-id-meta":"","stick-header-meta":"default","header-above-stick-meta":"","header-main-stick-meta":"","header-below-stick-meta":"","astra-migrate-meta-layouts":"set","ast-page-background-enabled":"default","ast-page-background-meta":{"desktop":{"background-color":"","background-image":"","background-repeat":"repeat","background-position":"center center","background-size":"auto","background-attachment":"scroll","background-type":"","background-media":"","overlay-type":"","overlay-color":"","overlay-opacity":"","overlay-gradient":""},"tablet":{"background-color":"","background-image":"","background-repeat":"repeat","background-position":"center center","background-size":"auto","background-attachment":"scroll","background-type":"","background-media":"","overlay-type":"","overlay-color":"","overlay-opacity":"","overlay-gradient":""},"mobile":{"background-color":"","background-image":"","background-repeat":"repeat","background-position":"center center","background-size":"auto","background-attachment":"scroll","background-type":"","background-media":"","overlay-type":"","overlay-color":"","overlay-opacity":"","overlay-gradient":""}},"ast-content-background-meta":{"desktop":{"background-color":"var(--ast-global-color-5)","background-image":"","background-repeat":"repeat","background-position":"center center","background-size":"auto","background-attachment":"scroll","background-type":"","background-media":"","overlay-type":"","overlay-color":"","overlay-opacity":"","overlay-gradient":""},"tablet":{"background-color":"var(--ast-global-color-5)","background-image":"","background-repeat":"repeat","background-position":"center center","background-size":"auto","background-attachment":"scroll","background-type":"","background-media":"","overlay-type":"","overlay-color":"","overlay-opacity":"","overlay-gradient":""},"mobile":{"background-color":"var(--ast-global-color-5)","background-image":"","background-repeat":"repeat","background-position":"center center","background-size":"auto","background-attachment":"scroll","background-type":"","background-media":"","overlay-type":"","overlay-color":"","overlay-opacity":"","overlay-gradient":""}}},"product_brand":[],"product_cat":[290],"product_tag":[],"class_list":{"0":"post-21795","1":"product","2":"type-product","3":"status-publish","4":"has-post-thumbnail","6":"product_cat-plc-splitter-es","7":"desktop-align-left","8":"tablet-align-left","9":"mobile-align-left","10":"ast-product-gallery-layout-vertical","11":"ast-product-gallery-with-no-image","12":"ast-product-tabs-layout-vertical","13":"ast-qv-on-image","15":"first","16":"instock","17":"shipping-taxable","18":"product-type-simple"},"_links":{"self":[{"href":"https:\/\/www.bonelinks.com\/es\/wp-json\/wp\/v2\/product\/21795","targetHints":{"allow":["GET"]}}],"collection":[{"href":"https:\/\/www.bonelinks.com\/es\/wp-json\/wp\/v2\/product"}],"about":[{"href":"https:\/\/www.bonelinks.com\/es\/wp-json\/wp\/v2\/types\/product"}],"version-history":[{"count":2,"href":"https:\/\/www.bonelinks.com\/es\/wp-json\/wp\/v2\/product\/21795\/revisions"}],"predecessor-version":[{"id":26516,"href":"https:\/\/www.bonelinks.com\/es\/wp-json\/wp\/v2\/product\/21795\/revisions\/26516"}],"wp:featuredmedia":[{"embeddable":true,"href":"https:\/\/www.bonelinks.com\/es\/wp-json\/wp\/v2\/media\/15128"}],"wp:attachment":[{"href":"https:\/\/www.bonelinks.com\/es\/wp-json\/wp\/v2\/media?parent=21795"}],"wp:term":[{"taxonomy":"product_brand","embeddable":true,"href":"https:\/\/www.bonelinks.com\/es\/wp-json\/wp\/v2\/product_brand?post=21795"},{"taxonomy":"product_cat","embeddable":true,"href":"https:\/\/www.bonelinks.com\/es\/wp-json\/wp\/v2\/product_cat?post=21795"},{"taxonomy":"product_tag","embeddable":true,"href":"https:\/\/www.bonelinks.com\/es\/wp-json\/wp\/v2\/product_tag?post=21795"}],"curies":[{"name":"wp","href":"https:\/\/api.w.org\/{rel}","templated":true}]}}