{"id":21791,"date":"2022-11-16T21:27:44","date_gmt":"2022-11-17T05:27:44","guid":{"rendered":"https:\/\/www.bonelinks.com\/product\/cable-de-caida-de-fibra-cable-optico-autoportante\/"},"modified":"2024-02-19T22:04:27","modified_gmt":"2024-02-20T06:04:27","slug":"fiber-drop-cable-self-supporting-optical-cable","status":"publish","type":"product","link":"https:\/\/www.bonelinks.com\/es\/product\/fiber-drop-cable-self-supporting-optical-cable\/","title":{"rendered":"Cable de ca\u00edda de fibra Cable \u00f3ptico autoportante"},"content":{"rendered":"<h2 style=\"text-align: left; font-size: 18px;\"><strong>Caracter\u00edsticas<\/strong><\/h2>\n<ul>\n<li>Dos elementos de refuerzo FRP paralelos garantizan un buen rendimiento de la resistencia al aplastamiento para proteger la fibra<\/li>\n<li>La fibra especial de baja sensibilidad a la flexi\u00f3n proporciona un gran ancho de banda y excelentes propiedades de transmisi\u00f3n de la comunicaci\u00f3n<\/li>\n<li>El alambre de acero simple como elemento de resistencia adicional garantiza un buen rendimiento de la resistencia a la tracci\u00f3n<\/li>\n<li>Estructura sencilla, peso ligero y gran viabilidad<\/li>\n<li>Dise\u00f1o novedoso, f\u00e1cil de pelar y empalmar, simplifica la instalaci\u00f3n y el mantenimiento<\/li>\n<li>Baja emisi\u00f3n de humos, sin hal\u00f3genos y funda ign\u00edfuga.<\/li>\n<\/ul>\n<h2 style=\"text-align: left; font-size: 18px;\"><strong>Aplicaci\u00f3n<\/strong><\/h2>\n<p>FTTH; FTTR; FTTB<\/p>\n<h2 style=\"text-align: left; font-size: 18px;\"><strong>Protecci\u00f3n<\/strong><\/h2>\n<p>Resistencia a los rayos UV; Antiflexi\u00f3n<\/p>\n<h2 style=\"text-align: left; font-size: 18px;\"><strong>\u00bfBusca m\u00e1s opciones de cables de bajada de fibra?<\/strong><\/h2>\n<p>\u00bfBusca m\u00e1s opciones en cables de bajada de fibra \u00f3ptica? Consulte nuestros<a href=\"https:\/\/www.bonelinks.com\/es\/ftth-drop-cable\/\" target=\"_blank\" rel=\"noopener\"><strong><span style=\"color: #0054a6;\"> Cables de bajada de fibra <\/span><\/strong><\/a>para una conexi\u00f3n en red perfecta. Si necesita cables de fibra hechos a medida para sus necesidades espec\u00edficas, eche un vistazo a nuestros<a href=\"https:\/\/www.bonelinks.com\/es\/custom-fiber-optic-cables\/\" target=\"_blank\" rel=\"noopener\"><strong><span style=\"color: #0054a6;\"> Cables de fibra personalizados <\/span><\/strong><\/a>para soluciones de conectividad personalizadas.<\/p>\n","protected":false},"excerpt":{"rendered":"<p>El cable de ca\u00edda de fibra autoportante GJYXFCH cuenta con 2 elementos de resistencia FRP paralelos. En comparaci\u00f3n con los cables \u00f3pticos de ca\u00edda autoportantes comunes, el miembro de resistencia de FRP o de alambre de acero es m\u00e1s resistente. Generalmente utiliza fibra monomodo G652D, G657 o incluso G655E para aumentar el ancho de banda y mejorar el rendimiento de transmisi\u00f3n de la red. El cable de bajada autoportante tiene un dise\u00f1o de ranura exclusivo que facilita el pelado y la instalaci\u00f3n y agiliza el empalme por fusi\u00f3n.<\/p>\n","protected":false},"featured_media":13628,"template":"","meta":{"site-sidebar-layout":"default","site-content-layout":"default","ast-site-content-layout":"default","site-content-style":"default","site-sidebar-style":"default","ast-global-header-display":"","ast-banner-title-visibility":"","ast-main-header-display":"","ast-hfb-above-header-display":"","ast-hfb-below-header-display":"","ast-hfb-mobile-header-display":"","site-post-title":"","ast-breadcrumbs-content":"","ast-featured-img":"","footer-sml-layout":"","ast-disable-related-posts":"","theme-transparent-header-meta":"default","adv-header-id-meta":"","stick-header-meta":"default","header-above-stick-meta":"","header-main-stick-meta":"","header-below-stick-meta":"","astra-migrate-meta-layouts":"set","ast-page-background-enabled":"default","ast-page-background-meta":{"desktop":{"background-color":"","background-image":"","background-repeat":"repeat","background-position":"center center","background-size":"auto","background-attachment":"scroll","background-type":"","background-media":"","overlay-type":"","overlay-color":"","overlay-opacity":"","overlay-gradient":""},"tablet":{"background-color":"","background-image":"","background-repeat":"repeat","background-position":"center center","background-size":"auto","background-attachment":"scroll","background-type":"","background-media":"","overlay-type":"","overlay-color":"","overlay-opacity":"","overlay-gradient":""},"mobile":{"background-color":"","background-image":"","background-repeat":"repeat","background-position":"center center","background-size":"auto","background-attachment":"scroll","background-type":"","background-media":"","overlay-type":"","overlay-color":"","overlay-opacity":"","overlay-gradient":""}},"ast-content-background-meta":{"desktop":{"background-color":"var(--ast-global-color-5)","background-image":"","background-repeat":"repeat","background-position":"center center","background-size":"auto","background-attachment":"scroll","background-type":"","background-media":"","overlay-type":"","overlay-color":"","overlay-opacity":"","overlay-gradient":""},"tablet":{"background-color":"var(--ast-global-color-5)","background-image":"","background-repeat":"repeat","background-position":"center center","background-size":"auto","background-attachment":"scroll","background-type":"","background-media":"","overlay-type":"","overlay-color":"","overlay-opacity":"","overlay-gradient":""},"mobile":{"background-color":"var(--ast-global-color-5)","background-image":"","background-repeat":"repeat","background-position":"center center","background-size":"auto","background-attachment":"scroll","background-type":"","background-media":"","overlay-type":"","overlay-color":"","overlay-opacity":"","overlay-gradient":""}}},"product_brand":[],"product_cat":[527,578,249,214],"product_tag":[],"class_list":{"0":"post-21791","1":"product","2":"type-product","3":"status-publish","4":"has-post-thumbnail","6":"product_cat-aerial-fiber-optic-cable-es","7":"product_cat-lszh-fiber-cable-es","8":"product_cat-ftth-cable-es","9":"product_cat-outdoor-fiber-optic-cable-es","10":"desktop-align-left","11":"tablet-align-left","12":"mobile-align-left","13":"ast-product-gallery-layout-vertical","14":"ast-product-gallery-with-no-image","15":"ast-product-tabs-layout-vertical","16":"ast-qv-on-image","18":"first","19":"instock","20":"shipping-taxable","21":"product-type-simple"},"_links":{"self":[{"href":"https:\/\/www.bonelinks.com\/es\/wp-json\/wp\/v2\/product\/21791","targetHints":{"allow":["GET"]}}],"collection":[{"href":"https:\/\/www.bonelinks.com\/es\/wp-json\/wp\/v2\/product"}],"about":[{"href":"https:\/\/www.bonelinks.com\/es\/wp-json\/wp\/v2\/types\/product"}],"version-history":[{"count":3,"href":"https:\/\/www.bonelinks.com\/es\/wp-json\/wp\/v2\/product\/21791\/revisions"}],"predecessor-version":[{"id":26520,"href":"https:\/\/www.bonelinks.com\/es\/wp-json\/wp\/v2\/product\/21791\/revisions\/26520"}],"wp:featuredmedia":[{"embeddable":true,"href":"https:\/\/www.bonelinks.com\/es\/wp-json\/wp\/v2\/media\/13628"}],"wp:attachment":[{"href":"https:\/\/www.bonelinks.com\/es\/wp-json\/wp\/v2\/media?parent=21791"}],"wp:term":[{"taxonomy":"product_brand","embeddable":true,"href":"https:\/\/www.bonelinks.com\/es\/wp-json\/wp\/v2\/product_brand?post=21791"},{"taxonomy":"product_cat","embeddable":true,"href":"https:\/\/www.bonelinks.com\/es\/wp-json\/wp\/v2\/product_cat?post=21791"},{"taxonomy":"product_tag","embeddable":true,"href":"https:\/\/www.bonelinks.com\/es\/wp-json\/wp\/v2\/product_tag?post=21791"}],"curies":[{"name":"wp","href":"https:\/\/api.w.org\/{rel}","templated":true}]}}