{"id":21734,"date":"2022-11-17T19:02:16","date_gmt":"2022-11-18T03:02:16","guid":{"rendered":"https:\/\/www.bonelinks.com\/product\/cable-de-fibra-optica-para-conductos-cable-trenzado-no-metalico-de-refuerzo\/"},"modified":"2024-02-19T22:47:49","modified_gmt":"2024-02-20T06:47:49","slug":"fiber-optic-duct-cable-stranded-non-metallic-strength-member-cable","status":"publish","type":"product","link":"https:\/\/www.bonelinks.com\/es\/product\/fiber-optic-duct-cable-stranded-non-metallic-strength-member-cable\/","title":{"rendered":"Cable de fibra \u00f3ptica para conductos Cable trenzado no met\u00e1lico de refuerzo"},"content":{"rendered":"<h2 style=\"text-align: left; font-size: 18px;\"><strong>Caracter\u00edsticas<\/strong><\/h2>\n<ul>\n<li>Compuesto de relleno especial para proporcionar una protecci\u00f3n perfecta de la fibra \u00f3ptica<\/li>\n<li>La fuerza central no met\u00e1lica tiene una excelente capacidad antielectromagn\u00e9tica<\/li>\n<li>Los sistemas de bloqueo de agua proporcionan un rendimiento fiable a prueba de humedad y bloqueo de agua<\/li>\n<li>El pl\u00e1stico reforzado con fibra y el compuesto de relleno de tubo suelto pueden garantizar la estanqueidad del cable<\/li>\n<li>Peso ligero, di\u00e1metro peque\u00f1o, f\u00e1cil de colocar<\/li>\n<li>Excelente comportamiento mec\u00e1nico y t\u00e9rmico<\/li>\n<\/ul>\n<h2 style=\"text-align: left; font-size: 18px;\"><strong>Aplicaci\u00f3n<\/strong><\/h2>\n<p>Sistemas de transmisi\u00f3n de energ\u00eda; Campos de minas intensos; Zonas con CEM elevados<\/p>\n<h2 style=\"text-align: left; font-size: 18px;\"><strong>Protecci\u00f3n<\/strong><\/h2>\n<p>Resistencia a los rayos UV; Impermeable; Protecci\u00f3n contra las minas<\/p>\n<h2 style=\"text-align: left; font-size: 18px;\"><strong>\u00bfBusca m\u00e1s opciones de cables de fibra para conductos?<\/strong><\/h2>\n<p>\u00bfBusca m\u00e1s opciones en cables de fibra \u00f3ptica para conductos? Consulte nuestros<a href=\"https:\/\/www.bonelinks.com\/es\/duct-fiber-optic-cable\/\" target=\"_blank\" rel=\"noopener\"><strong><span style=\"color: #0054a6;\"> Cables de fibra para conductos <\/span><\/strong><\/a>para una conexi\u00f3n en red perfecta. Si necesita cables de fibra hechos a medida para sus necesidades espec\u00edficas, eche un vistazo a nuestros<a href=\"https:\/\/www.bonelinks.com\/es\/custom-fiber-optic-cables\/\" target=\"_blank\" rel=\"noopener\"><strong><span style=\"color: #0054a6;\"> Cables de fibra personalizados <\/span><\/strong><\/a>para soluciones de conectividad personalizadas.<\/p>\n","protected":false},"excerpt":{"rendered":"<p>El cable para conductos GYFTY es un cable de fibra \u00f3ptica autoportante sin armadura ni elemento met\u00e1lico de refuerzo. El dise\u00f1o compacto y el soporte del refuerzo central no met\u00e1lico permiten desplegar este cable de fibra trenzada por encima de la cabeza durante largas distancias sin soporte adicional y sin que le afecten los campos de rayos. Por ello, se utiliza ampliamente en sistemas de transmisi\u00f3n de energ\u00eda, campos de minas intensos y zonas con campos electromagn\u00e9ticos elevados.<\/p>\n","protected":false},"featured_media":13258,"template":"","meta":{"site-sidebar-layout":"default","site-content-layout":"default","ast-site-content-layout":"default","site-content-style":"default","site-sidebar-style":"default","ast-global-header-display":"","ast-banner-title-visibility":"","ast-main-header-display":"","ast-hfb-above-header-display":"","ast-hfb-below-header-display":"","ast-hfb-mobile-header-display":"","site-post-title":"","ast-breadcrumbs-content":"","ast-featured-img":"","footer-sml-layout":"","ast-disable-related-posts":"","theme-transparent-header-meta":"default","adv-header-id-meta":"","stick-header-meta":"default","header-above-stick-meta":"","header-main-stick-meta":"","header-below-stick-meta":"","astra-migrate-meta-layouts":"set","ast-page-background-enabled":"default","ast-page-background-meta":{"desktop":{"background-color":"","background-image":"","background-repeat":"repeat","background-position":"center center","background-size":"auto","background-attachment":"scroll","background-type":"","background-media":"","overlay-type":"","overlay-color":"","overlay-opacity":"","overlay-gradient":""},"tablet":{"background-color":"","background-image":"","background-repeat":"repeat","background-position":"center center","background-size":"auto","background-attachment":"scroll","background-type":"","background-media":"","overlay-type":"","overlay-color":"","overlay-opacity":"","overlay-gradient":""},"mobile":{"background-color":"","background-image":"","background-repeat":"repeat","background-position":"center center","background-size":"auto","background-attachment":"scroll","background-type":"","background-media":"","overlay-type":"","overlay-color":"","overlay-opacity":"","overlay-gradient":""}},"ast-content-background-meta":{"desktop":{"background-color":"var(--ast-global-color-5)","background-image":"","background-repeat":"repeat","background-position":"center center","background-size":"auto","background-attachment":"scroll","background-type":"","background-media":"","overlay-type":"","overlay-color":"","overlay-opacity":"","overlay-gradient":""},"tablet":{"background-color":"var(--ast-global-color-5)","background-image":"","background-repeat":"repeat","background-position":"center center","background-size":"auto","background-attachment":"scroll","background-type":"","background-media":"","overlay-type":"","overlay-color":"","overlay-opacity":"","overlay-gradient":""},"mobile":{"background-color":"var(--ast-global-color-5)","background-image":"","background-repeat":"repeat","background-position":"center center","background-size":"auto","background-attachment":"scroll","background-type":"","background-media":"","overlay-type":"","overlay-color":"","overlay-opacity":"","overlay-gradient":""}}},"product_brand":[],"product_cat":[527,534,528,214],"product_tag":[],"class_list":{"0":"post-21734","1":"product","2":"type-product","3":"status-publish","4":"has-post-thumbnail","6":"product_cat-aerial-fiber-optic-cable-es","7":"product_cat-direct-buried-fiber-optic-cable-es","8":"product_cat-duct-fiber-optic-cable-es","9":"product_cat-outdoor-fiber-optic-cable-es","10":"desktop-align-left","11":"tablet-align-left","12":"mobile-align-left","13":"ast-product-gallery-layout-vertical","14":"ast-product-gallery-with-no-image","15":"ast-product-tabs-layout-vertical","16":"ast-qv-on-image","18":"first","19":"instock","20":"shipping-taxable","21":"product-type-simple"},"_links":{"self":[{"href":"https:\/\/www.bonelinks.com\/es\/wp-json\/wp\/v2\/product\/21734","targetHints":{"allow":["GET"]}}],"collection":[{"href":"https:\/\/www.bonelinks.com\/es\/wp-json\/wp\/v2\/product"}],"about":[{"href":"https:\/\/www.bonelinks.com\/es\/wp-json\/wp\/v2\/types\/product"}],"version-history":[{"count":3,"href":"https:\/\/www.bonelinks.com\/es\/wp-json\/wp\/v2\/product\/21734\/revisions"}],"predecessor-version":[{"id":26557,"href":"https:\/\/www.bonelinks.com\/es\/wp-json\/wp\/v2\/product\/21734\/revisions\/26557"}],"wp:featuredmedia":[{"embeddable":true,"href":"https:\/\/www.bonelinks.com\/es\/wp-json\/wp\/v2\/media\/13258"}],"wp:attachment":[{"href":"https:\/\/www.bonelinks.com\/es\/wp-json\/wp\/v2\/media?parent=21734"}],"wp:term":[{"taxonomy":"product_brand","embeddable":true,"href":"https:\/\/www.bonelinks.com\/es\/wp-json\/wp\/v2\/product_brand?post=21734"},{"taxonomy":"product_cat","embeddable":true,"href":"https:\/\/www.bonelinks.com\/es\/wp-json\/wp\/v2\/product_cat?post=21734"},{"taxonomy":"product_tag","embeddable":true,"href":"https:\/\/www.bonelinks.com\/es\/wp-json\/wp\/v2\/product_tag?post=21734"}],"curies":[{"name":"wp","href":"https:\/\/api.w.org\/{rel}","templated":true}]}}