{"id":21733,"date":"2022-11-17T18:14:20","date_gmt":"2022-11-18T02:14:20","guid":{"rendered":"https:\/\/www.bonelinks.com\/product\/cable-aereo-de-fibra-optica-cable-trenzado-no-metalico-de-doble-cubierta\/"},"modified":"2024-02-19T22:49:22","modified_gmt":"2024-02-20T06:49:22","slug":"aerial-fiber-optic-cable-stranded-non-metallic-double-sheath-cable","status":"publish","type":"product","link":"https:\/\/www.bonelinks.com\/es\/product\/aerial-fiber-optic-cable-stranded-non-metallic-double-sheath-cable\/","title":{"rendered":"Cable a\u00e9reo de fibra \u00f3ptica Cable trenzado no met\u00e1lico de doble cubierta"},"content":{"rendered":"<h2 style=\"text-align: left; font-size: 18px;\"><strong>Caracter\u00edsticas<\/strong><\/h2>\n<ul>\n<li>Estructura no met\u00e1lica para instalaci\u00f3n a\u00e9rea<\/li>\n<li>Los compuestos especiales de relleno de tubos garantizan la protecci\u00f3n cr\u00edtica de la fibra<\/li>\n<li><span class=\"g-b3pt2span2\">El elemento resistente de hilo de aramida garantiza un buen rendimiento de la resistencia a la tracci\u00f3n<\/span><\/li>\n<li><span class=\"g-b3pt2span2\">Tubo suelto de alta resistencia a la hidr\u00f3lisis<\/span><\/li>\n<li><span class=\"g-b3pt2span2\">Compuesto de relleno de tubos sueltos<\/span><\/li>\n<li><span style=\"font-size: 16px;\">Resistencia al aplastamiento y flexibilidad<\/span><\/li>\n<li>Buen comportamiento mec\u00e1nico y t\u00e9rmico<\/li>\n<\/ul>\n<h2 style=\"text-align: left; font-size: 18px;\"><strong>Aplicaci\u00f3n<\/strong><\/h2>\n<p>Enterramiento directo en medio h\u00famedo; suspensi\u00f3n a\u00e9rea<\/p>\n<h2 style=\"text-align: left; font-size: 18px;\"><strong>Protecci\u00f3n<\/strong><\/h2>\n<p>Resistente a los rayos UV, impermeable; resistente a altas temperaturas<\/p>\n<h2 style=\"text-align: left; font-size: 18px;\"><strong>\u00bfBusca m\u00e1s opciones de cables de fibra a\u00e9rea?<\/strong><\/h2>\n<p>\u00bfBusca m\u00e1s opciones en Cables a\u00e9reos de fibra \u00f3ptica? Consulte nuestros<a href=\"https:\/\/www.bonelinks.com\/es\/aerial-fiber-optic-cable\/\" target=\"_blank\" rel=\"noopener\"><strong><span style=\"color: #0054a6;\"> Cables a\u00e9reos de fibra <\/span><\/strong><\/a>para una red sin fisuras. Si necesita cables de fibra hechos a medida para sus necesidades espec\u00edficas, eche un vistazo a nuestros<a href=\"https:\/\/www.bonelinks.com\/es\/custom-fiber-optic-cables\/\" target=\"_blank\" rel=\"noopener\"><strong><span style=\"color: #0054a6;\"> Cables de fibra personalizados <\/span><\/strong><\/a>para soluciones de conectividad personalizadas.<\/p>\n","protected":false},"excerpt":{"rendered":"<p>El cable a\u00e9reo de fibra \u00f3ptica GYHTY es un cable de exterior con doble revestimiento de PE y n\u00facleo reforzado no met\u00e1lico. La estructura de dise\u00f1o de doble cubierta hace que el cable trenzado GYHTY sea adecuado para aplicaciones a\u00e9reas y subterr\u00e1neas de enterrado directo en tramos de corta distancia de l\u00edneas troncales. Sin embargo, la estructura de formaci\u00f3n compacta laminada permite al cable alojar s\u00f3lo 6 manguitos sueltos, cada manguito suelto aloja 6 fibras, por lo que el n\u00famero m\u00ednimo de n\u00facleos de cable de fibra \u00f3ptica a\u00e9reo GYHTY es 4 y el n\u00famero m\u00e1ximo de n\u00facleos es 36.<\/p>\n","protected":false},"featured_media":13323,"template":"","meta":{"site-sidebar-layout":"default","site-content-layout":"default","ast-site-content-layout":"default","site-content-style":"default","site-sidebar-style":"default","ast-global-header-display":"","ast-banner-title-visibility":"","ast-main-header-display":"","ast-hfb-above-header-display":"","ast-hfb-below-header-display":"","ast-hfb-mobile-header-display":"","site-post-title":"","ast-breadcrumbs-content":"","ast-featured-img":"","footer-sml-layout":"","ast-disable-related-posts":"","theme-transparent-header-meta":"default","adv-header-id-meta":"","stick-header-meta":"default","header-above-stick-meta":"","header-main-stick-meta":"","header-below-stick-meta":"","astra-migrate-meta-layouts":"set","ast-page-background-enabled":"default","ast-page-background-meta":{"desktop":{"background-color":"","background-image":"","background-repeat":"repeat","background-position":"center center","background-size":"auto","background-attachment":"scroll","background-type":"","background-media":"","overlay-type":"","overlay-color":"","overlay-opacity":"","overlay-gradient":""},"tablet":{"background-color":"","background-image":"","background-repeat":"repeat","background-position":"center center","background-size":"auto","background-attachment":"scroll","background-type":"","background-media":"","overlay-type":"","overlay-color":"","overlay-opacity":"","overlay-gradient":""},"mobile":{"background-color":"","background-image":"","background-repeat":"repeat","background-position":"center center","background-size":"auto","background-attachment":"scroll","background-type":"","background-media":"","overlay-type":"","overlay-color":"","overlay-opacity":"","overlay-gradient":""}},"ast-content-background-meta":{"desktop":{"background-color":"var(--ast-global-color-5)","background-image":"","background-repeat":"repeat","background-position":"center center","background-size":"auto","background-attachment":"scroll","background-type":"","background-media":"","overlay-type":"","overlay-color":"","overlay-opacity":"","overlay-gradient":""},"tablet":{"background-color":"var(--ast-global-color-5)","background-image":"","background-repeat":"repeat","background-position":"center center","background-size":"auto","background-attachment":"scroll","background-type":"","background-media":"","overlay-type":"","overlay-color":"","overlay-opacity":"","overlay-gradient":""},"mobile":{"background-color":"var(--ast-global-color-5)","background-image":"","background-repeat":"repeat","background-position":"center center","background-size":"auto","background-attachment":"scroll","background-type":"","background-media":"","overlay-type":"","overlay-color":"","overlay-opacity":"","overlay-gradient":""}}},"product_brand":[],"product_cat":[527,214],"product_tag":[],"class_list":{"0":"post-21733","1":"product","2":"type-product","3":"status-publish","4":"has-post-thumbnail","6":"product_cat-aerial-fiber-optic-cable-es","7":"product_cat-outdoor-fiber-optic-cable-es","8":"desktop-align-left","9":"tablet-align-left","10":"mobile-align-left","11":"ast-product-gallery-layout-vertical","12":"ast-product-gallery-with-no-image","13":"ast-product-tabs-layout-vertical","14":"ast-qv-on-image","16":"first","17":"instock","18":"shipping-taxable","19":"product-type-simple"},"_links":{"self":[{"href":"https:\/\/www.bonelinks.com\/es\/wp-json\/wp\/v2\/product\/21733","targetHints":{"allow":["GET"]}}],"collection":[{"href":"https:\/\/www.bonelinks.com\/es\/wp-json\/wp\/v2\/product"}],"about":[{"href":"https:\/\/www.bonelinks.com\/es\/wp-json\/wp\/v2\/types\/product"}],"version-history":[{"count":3,"href":"https:\/\/www.bonelinks.com\/es\/wp-json\/wp\/v2\/product\/21733\/revisions"}],"predecessor-version":[{"id":26561,"href":"https:\/\/www.bonelinks.com\/es\/wp-json\/wp\/v2\/product\/21733\/revisions\/26561"}],"wp:featuredmedia":[{"embeddable":true,"href":"https:\/\/www.bonelinks.com\/es\/wp-json\/wp\/v2\/media\/13323"}],"wp:attachment":[{"href":"https:\/\/www.bonelinks.com\/es\/wp-json\/wp\/v2\/media?parent=21733"}],"wp:term":[{"taxonomy":"product_brand","embeddable":true,"href":"https:\/\/www.bonelinks.com\/es\/wp-json\/wp\/v2\/product_brand?post=21733"},{"taxonomy":"product_cat","embeddable":true,"href":"https:\/\/www.bonelinks.com\/es\/wp-json\/wp\/v2\/product_cat?post=21733"},{"taxonomy":"product_tag","embeddable":true,"href":"https:\/\/www.bonelinks.com\/es\/wp-json\/wp\/v2\/product_tag?post=21733"}],"curies":[{"name":"wp","href":"https:\/\/api.w.org\/{rel}","templated":true}]}}