{"id":21718,"date":"2022-11-19T19:40:28","date_gmt":"2022-11-20T03:40:28","guid":{"rendered":"https:\/\/www.bonelinks.com\/product\/cable-de-fibra-ftth-tipo-arco-con-cable-de-distribucion-de-acero-cable-de-caida\/"},"modified":"2024-02-19T22:43:24","modified_gmt":"2024-02-20T06:43:24","slug":"ftth-fiber-cable-bow-type-with-steel-wire-distribution-drop-cable","status":"publish","type":"product","link":"https:\/\/www.bonelinks.com\/es\/product\/ftth-fiber-cable-bow-type-with-steel-wire-distribution-drop-cable\/","title":{"rendered":"Cable de fibra FTTH tipo arco con cable de distribuci\u00f3n de acero Cable de ca\u00edda"},"content":{"rendered":"<h2 style=\"text-align: left; font-size: 18px;\"><strong>Caracter\u00edsticas<\/strong><\/h2>\n<ul>\n<li>Dos elementos de resistencia paralelos\/alambre de acero garantizan un buen rendimiento de la resistencia al aplastamiento para proteger la fibra<\/li>\n<li>Chaqueta ign\u00edfuga LSZH para uso en interiores<\/li>\n<li>Tama\u00f1o peque\u00f1o, ligero, construcci\u00f3n compacta, f\u00e1cil de desmontar sin herramientas por su dise\u00f1o especial de ranuras, f\u00e1cil de instalar<\/li>\n<li>Dise\u00f1o de flexibilidad especial, adecuado para la instalaci\u00f3n en interiores y terminales donde el cable puede doblarse repetidamente<\/li>\n<li>Excelente propiedad antiflexi\u00f3n cuando se aplica la fibra insensible a la flexi\u00f3n G.657, sin influencia en la p\u00e9rdida de transmisi\u00f3n cuando el cable se instala en giros en interiores o en espacios reducidos.<\/li>\n<\/ul>\n<h2 style=\"text-align: left; font-size: 18px;\"><strong>Aplicaci\u00f3n<\/strong><\/h2>\n<p><span style=\"font-size: 16px;\">FTTH, Red de acceso interior<\/span><\/p>\n<h2 style=\"text-align: left; font-size: 18px;\"><strong>\u00bfBusca m\u00e1s opciones de cables de bajada FTTH?<\/strong><\/h2>\n<p>\u00bfBusca m\u00e1s opciones de cables de bajada FTTH? Echa un vistazo a nuestros<a href=\"https:\/\/www.bonelinks.com\/es\/ftth-drop-cable\/\" target=\"_blank\" rel=\"noopener\"><strong><span style=\"color: #0054a6;\"> Cables de fibra de bajada FTTH <\/span><\/strong><\/a>para una conexi\u00f3n en red perfecta. Si necesita cables de fibra hechos a medida para sus necesidades espec\u00edficas, eche un vistazo a nuestros<a href=\"https:\/\/www.bonelinks.com\/es\/custom-fiber-optic-cables\/\" target=\"_blank\" rel=\"noopener\"><strong><span style=\"color: #0054a6;\"> Cables de fibra personalizados <\/span><\/strong><\/a>para soluciones de conectividad personalizadas.<\/p>\n","protected":false},"excerpt":{"rendered":"<p>El cable de bajada de distribuci\u00f3n GJXH es ligero y de peque\u00f1o tama\u00f1o, y resulta adecuado para recibir terminales de usuario de la red FTTH. La unidad interior de fibra \u00f3ptica se coloca en el centro. En los dos lados se colocan dos elementos de refuerzo paralelos y, a continuaci\u00f3n, el cable se completa con una cubierta negra de LSZH. Presentado en forma de arco y dise\u00f1o plano, obviamente hace que la estructura del cable de ca\u00edda sea simple y ligera. El \ufb01ber especial de baja sensibilidad de curvatura proporciona un gran ancho de banda y excelentes propiedades de transmisi\u00f3n de comunicaciones.<\/p>\n","protected":false},"featured_media":13643,"template":"","meta":{"site-sidebar-layout":"default","site-content-layout":"default","ast-site-content-layout":"default","site-content-style":"default","site-sidebar-style":"default","ast-global-header-display":"","ast-banner-title-visibility":"","ast-main-header-display":"","ast-hfb-above-header-display":"","ast-hfb-below-header-display":"","ast-hfb-mobile-header-display":"","site-post-title":"","ast-breadcrumbs-content":"","ast-featured-img":"","footer-sml-layout":"","ast-disable-related-posts":"","theme-transparent-header-meta":"default","adv-header-id-meta":"","stick-header-meta":"default","header-above-stick-meta":"","header-main-stick-meta":"","header-below-stick-meta":"","astra-migrate-meta-layouts":"set","ast-page-background-enabled":"default","ast-page-background-meta":{"desktop":{"background-color":"","background-image":"","background-repeat":"repeat","background-position":"center center","background-size":"auto","background-attachment":"scroll","background-type":"","background-media":"","overlay-type":"","overlay-color":"","overlay-opacity":"","overlay-gradient":""},"tablet":{"background-color":"","background-image":"","background-repeat":"repeat","background-position":"center center","background-size":"auto","background-attachment":"scroll","background-type":"","background-media":"","overlay-type":"","overlay-color":"","overlay-opacity":"","overlay-gradient":""},"mobile":{"background-color":"","background-image":"","background-repeat":"repeat","background-position":"center center","background-size":"auto","background-attachment":"scroll","background-type":"","background-media":"","overlay-type":"","overlay-color":"","overlay-opacity":"","overlay-gradient":""}},"ast-content-background-meta":{"desktop":{"background-color":"var(--ast-global-color-5)","background-image":"","background-repeat":"repeat","background-position":"center center","background-size":"auto","background-attachment":"scroll","background-type":"","background-media":"","overlay-type":"","overlay-color":"","overlay-opacity":"","overlay-gradient":""},"tablet":{"background-color":"var(--ast-global-color-5)","background-image":"","background-repeat":"repeat","background-position":"center center","background-size":"auto","background-attachment":"scroll","background-type":"","background-media":"","overlay-type":"","overlay-color":"","overlay-opacity":"","overlay-gradient":""},"mobile":{"background-color":"var(--ast-global-color-5)","background-image":"","background-repeat":"repeat","background-position":"center center","background-size":"auto","background-attachment":"scroll","background-type":"","background-media":"","overlay-type":"","overlay-color":"","overlay-opacity":"","overlay-gradient":""}}},"product_brand":[],"product_cat":[578,250,249],"product_tag":[],"class_list":{"0":"post-21718","1":"product","2":"type-product","3":"status-publish","4":"has-post-thumbnail","6":"product_cat-lszh-fiber-cable-es","7":"product_cat-indoor-fiber-optic-cable-es","8":"product_cat-ftth-cable-es","9":"desktop-align-left","10":"tablet-align-left","11":"mobile-align-left","12":"ast-product-gallery-layout-vertical","13":"ast-product-gallery-with-no-image","14":"ast-product-tabs-layout-vertical","15":"ast-qv-on-image","17":"first","18":"instock","19":"shipping-taxable","20":"product-type-simple"},"_links":{"self":[{"href":"https:\/\/www.bonelinks.com\/es\/wp-json\/wp\/v2\/product\/21718","targetHints":{"allow":["GET"]}}],"collection":[{"href":"https:\/\/www.bonelinks.com\/es\/wp-json\/wp\/v2\/product"}],"about":[{"href":"https:\/\/www.bonelinks.com\/es\/wp-json\/wp\/v2\/types\/product"}],"version-history":[{"count":3,"href":"https:\/\/www.bonelinks.com\/es\/wp-json\/wp\/v2\/product\/21718\/revisions"}],"predecessor-version":[{"id":26548,"href":"https:\/\/www.bonelinks.com\/es\/wp-json\/wp\/v2\/product\/21718\/revisions\/26548"}],"wp:featuredmedia":[{"embeddable":true,"href":"https:\/\/www.bonelinks.com\/es\/wp-json\/wp\/v2\/media\/13643"}],"wp:attachment":[{"href":"https:\/\/www.bonelinks.com\/es\/wp-json\/wp\/v2\/media?parent=21718"}],"wp:term":[{"taxonomy":"product_brand","embeddable":true,"href":"https:\/\/www.bonelinks.com\/es\/wp-json\/wp\/v2\/product_brand?post=21718"},{"taxonomy":"product_cat","embeddable":true,"href":"https:\/\/www.bonelinks.com\/es\/wp-json\/wp\/v2\/product_cat?post=21718"},{"taxonomy":"product_tag","embeddable":true,"href":"https:\/\/www.bonelinks.com\/es\/wp-json\/wp\/v2\/product_tag?post=21718"}],"curies":[{"name":"wp","href":"https:\/\/api.w.org\/{rel}","templated":true}]}}