{"id":21696,"date":"2022-11-19T23:56:52","date_gmt":"2022-11-20T07:56:52","guid":{"rendered":"https:\/\/www.bonelinks.com\/product\/cable-de-fibra-optica-soplado-micro-cable-trenzado-para-red-metropolitana\/"},"modified":"2024-02-19T22:29:09","modified_gmt":"2024-02-20T06:29:09","slug":"blown-fiber-optic-cable-stranded-micro-cable-for-metropolitan-network","status":"publish","type":"product","link":"https:\/\/www.bonelinks.com\/es\/product\/blown-fiber-optic-cable-stranded-micro-cable-for-metropolitan-network\/","title":{"rendered":"Cable de fibra \u00f3ptica soplado Micro Cable trenzado para red metropolitana"},"content":{"rendered":"<h2 style=\"text-align: left; font-size: 18px;\"><strong> Cable de fibra \u00f3ptica soplado <\/strong><\/h2>\n<ul>\n<li style=\"list-style-type: none;\">\n<ul>\n<li>Di\u00e1metro peque\u00f1o, ligero, f\u00e1cil de doblar al colocarlo con un equipo de soplado de aire, f\u00e1cil de manejar<\/li>\n<li>Todas las estructuras no met\u00e1licas, sin necesidad de conexi\u00f3n a tierra, material de revestimiento y dise\u00f1o de estructura de bajo coeficiente de fricci\u00f3n, tendido por soplado de aire a larga distancia.<\/li>\n<li>Uso completo de los recursos del orificio de la tuber\u00eda, la velocidad de construcci\u00f3n es r\u00e1pida<\/li>\n<li>Permiten fundir y sustituir por cables nuevos para mantener la superioridad t\u00e9cnica<\/li>\n<li>Se evitan las excavaciones destructivas y no es necesario pagar elevadas tasas por el permiso de despliegue, aplicable a construcciones en redes de \u00e1reas metropolitanas muy pobladas<\/li>\n<li>Permite cortar microconductos en cualquier lugar y en cualquier momento para derivaciones sin influir en otros cables, ahorrando arquetas, orificios manuales y empalmes de cables.<\/li>\n<li>Tubo suelto relleno de compuesto impermeable especial<\/li>\n<li>Utilizando material de bloqueo de agua de tipo seco, toda la secci\u00f3n de resistencia al agua, para evitar la filtraci\u00f3n vertical del cable \u00f3ptico.&lt;<\/li>\n<\/ul>\n<\/li>\n<\/ul>\n<h2 style=\"text-align: left; font-size: 18px;\"><strong> Aplicaci\u00f3n del cable de fibra \u00f3ptica soplado <\/strong><\/h2>\n<p>Red de \u00e1rea metropolitana; red de acceso; FTTX, comunicaci\u00f3n LAN<\/p>\n<h2 style=\"text-align: left; font-size: 18px;\"><strong> Aplicaci\u00f3n de microcable soplado<\/strong><\/h2>\n<p>Cable de acceso FTTH<\/p>\n<h2 style=\"text-align: left; font-size: 18px;\"><strong>\u00bfBusca m\u00e1s opciones de cables soplados?<\/strong><\/h2>\n<p>\u00bfBusca m\u00e1s opciones en Cables de fibra \u00f3ptica soplados con aire? Consulte nuestro<a title=\"Cable de fibra \u00f3ptica soplado con aire\" href=\"https:\/\/www.bonelinks.com\/es\/air-blown-fiber-optic-cable\/\" target=\"_blank\" rel=\"noopener\"><strong><span style=\"color: #0054a6;\"> Cable de fibra \u00f3ptica soplado por aire <\/span><\/strong><\/a>para una conexi\u00f3n en red perfecta. Si necesita cables de fibra hechos a medida para sus necesidades espec\u00edficas, eche un vistazo a nuestros<a href=\"https:\/\/www.bonelinks.com\/es\/custom-fiber-optic-cables\/\" target=\"_blank\" rel=\"noopener\"><strong><span style=\"color: #0054a6;\"> Cables de fibra personalizados <\/span><\/strong><\/a>para soluciones de conectividad personalizadas.<\/p>\n","protected":false},"excerpt":{"rendered":"<p>El cable de fibra \u00f3ptica soplado GCYFY es adecuado para su instalaci\u00f3n en conducciones de redes de \u00e1rea metropolitana abarrotadas. Tiene un buen rendimiento a la hora de mejorar la proporci\u00f3n de utilizaci\u00f3n de los orificios de las tuber\u00edas y evitar la excavaci\u00f3n destructiva en el pasado. Est\u00e1 dise\u00f1ado con una construcci\u00f3n de tubo suelto. El tubo se rellena con un compuesto de relleno resistente al agua. Un pl\u00e1stico reforzado con fibra se sit\u00faa en el centro del n\u00facleo como miembro de resistencia no met\u00e1lico. Los tubos (y los rellenos) se trenzan alrededor del elemento de resistencia formando un n\u00facleo compacto y circular. El cable se completa con una funda de PE.<\/p>\n","protected":false},"featured_media":15488,"template":"","meta":{"site-sidebar-layout":"default","site-content-layout":"default","ast-site-content-layout":"default","site-content-style":"default","site-sidebar-style":"default","ast-global-header-display":"","ast-banner-title-visibility":"","ast-main-header-display":"","ast-hfb-above-header-display":"","ast-hfb-below-header-display":"","ast-hfb-mobile-header-display":"","site-post-title":"","ast-breadcrumbs-content":"","ast-featured-img":"","footer-sml-layout":"","ast-disable-related-posts":"","theme-transparent-header-meta":"default","adv-header-id-meta":"","stick-header-meta":"default","header-above-stick-meta":"","header-main-stick-meta":"","header-below-stick-meta":"","astra-migrate-meta-layouts":"set","ast-page-background-enabled":"default","ast-page-background-meta":{"desktop":{"background-color":"","background-image":"","background-repeat":"repeat","background-position":"center center","background-size":"auto","background-attachment":"scroll","background-type":"","background-media":"","overlay-type":"","overlay-color":"","overlay-opacity":"","overlay-gradient":""},"tablet":{"background-color":"","background-image":"","background-repeat":"repeat","background-position":"center center","background-size":"auto","background-attachment":"scroll","background-type":"","background-media":"","overlay-type":"","overlay-color":"","overlay-opacity":"","overlay-gradient":""},"mobile":{"background-color":"","background-image":"","background-repeat":"repeat","background-position":"center center","background-size":"auto","background-attachment":"scroll","background-type":"","background-media":"","overlay-type":"","overlay-color":"","overlay-opacity":"","overlay-gradient":""}},"ast-content-background-meta":{"desktop":{"background-color":"var(--ast-global-color-5)","background-image":"","background-repeat":"repeat","background-position":"center center","background-size":"auto","background-attachment":"scroll","background-type":"","background-media":"","overlay-type":"","overlay-color":"","overlay-opacity":"","overlay-gradient":""},"tablet":{"background-color":"var(--ast-global-color-5)","background-image":"","background-repeat":"repeat","background-position":"center center","background-size":"auto","background-attachment":"scroll","background-type":"","background-media":"","overlay-type":"","overlay-color":"","overlay-opacity":"","overlay-gradient":""},"mobile":{"background-color":"var(--ast-global-color-5)","background-image":"","background-repeat":"repeat","background-position":"center center","background-size":"auto","background-attachment":"scroll","background-type":"","background-media":"","overlay-type":"","overlay-color":"","overlay-opacity":"","overlay-gradient":""}}},"product_brand":[],"product_cat":[544,545,528,214],"product_tag":[],"class_list":{"0":"post-21696","1":"product","2":"type-product","3":"status-publish","4":"has-post-thumbnail","6":"product_cat-air-blown-fiber-cable-es","7":"product_cat-special-fiber-optic-cable-es","8":"product_cat-duct-fiber-optic-cable-es","9":"product_cat-outdoor-fiber-optic-cable-es","10":"desktop-align-left","11":"tablet-align-left","12":"mobile-align-left","13":"ast-product-gallery-layout-vertical","14":"ast-product-gallery-with-no-image","15":"ast-product-tabs-layout-vertical","16":"ast-qv-on-image","18":"first","19":"instock","20":"shipping-taxable","21":"product-type-simple"},"_links":{"self":[{"href":"https:\/\/www.bonelinks.com\/es\/wp-json\/wp\/v2\/product\/21696","targetHints":{"allow":["GET"]}}],"collection":[{"href":"https:\/\/www.bonelinks.com\/es\/wp-json\/wp\/v2\/product"}],"about":[{"href":"https:\/\/www.bonelinks.com\/es\/wp-json\/wp\/v2\/types\/product"}],"version-history":[{"count":3,"href":"https:\/\/www.bonelinks.com\/es\/wp-json\/wp\/v2\/product\/21696\/revisions"}],"predecessor-version":[{"id":26536,"href":"https:\/\/www.bonelinks.com\/es\/wp-json\/wp\/v2\/product\/21696\/revisions\/26536"}],"wp:featuredmedia":[{"embeddable":true,"href":"https:\/\/www.bonelinks.com\/es\/wp-json\/wp\/v2\/media\/15488"}],"wp:attachment":[{"href":"https:\/\/www.bonelinks.com\/es\/wp-json\/wp\/v2\/media?parent=21696"}],"wp:term":[{"taxonomy":"product_brand","embeddable":true,"href":"https:\/\/www.bonelinks.com\/es\/wp-json\/wp\/v2\/product_brand?post=21696"},{"taxonomy":"product_cat","embeddable":true,"href":"https:\/\/www.bonelinks.com\/es\/wp-json\/wp\/v2\/product_cat?post=21696"},{"taxonomy":"product_tag","embeddable":true,"href":"https:\/\/www.bonelinks.com\/es\/wp-json\/wp\/v2\/product_tag?post=21696"}],"curies":[{"name":"wp","href":"https:\/\/api.w.org\/{rel}","templated":true}]}}