{"id":21692,"date":"2022-11-19T23:07:43","date_gmt":"2022-11-20T07:07:43","guid":{"rendered":"https:\/\/www.bonelinks.com\/product\/cable-de-fibra-de-caida-plana-autoportante-con-tubo-holgado-central\/"},"modified":"2024-02-19T22:29:43","modified_gmt":"2024-02-20T06:29:43","slug":"flat-drop-fiber-cable-self-supporting-with-center-loose-tube","status":"publish","type":"product","link":"https:\/\/www.bonelinks.com\/es\/product\/flat-drop-fiber-cable-self-supporting-with-center-loose-tube\/","title":{"rendered":"Cable de fibra de ca\u00edda plana autoportante con tubo holgado central"},"content":{"rendered":"<h2 style=\"text-align: left; font-size: 18px;\"><strong>Caracter\u00edsticas<\/strong><\/h2>\n<ul>\n<li>Dos hilos paralelos garantizan la resistencia a la tracci\u00f3n del cable<\/li>\n<li>Uni-tubo, de peque\u00f1o di\u00e1metro y f\u00e1cil de pelar<\/li>\n<li>Materiales diel\u00e9ctricos no blindados, ligeros y f\u00e1ciles de colocar<\/li>\n<li>Buen comportamiento mec\u00e1nico y t\u00e9rmico<\/li>\n<li>Tubo suelto de alta resistencia a la hidr\u00f3lisis<\/li>\n<li>Los compuestos especiales de relleno de tubos garantizan la protecci\u00f3n cr\u00edtica de la fibra<\/li>\n<li>Resistencia al aplastamiento y flexibilidad<\/li>\n<\/ul>\n<h2 style=\"text-align: left; font-size: 18px;\"><strong>Aplicaci\u00f3n<\/strong><\/h2>\n<p>FTTx; FTTH; Edificios; Centro comercial<\/p>\n<h2 style=\"text-align: left; font-size: 18px;\"><strong>Protecci\u00f3n<\/strong><\/h2>\n<p>Resistencia a los rayos UV; Impermeabilidad; Resistencia a las bajas temperaturas<\/p>\n<h2 style=\"text-align: left; font-size: 18px;\"><strong>\u00bfBusca m\u00e1s opciones de cables de bajada FTTH?<\/strong><\/h2>\n<p>\u00bfBusca m\u00e1s opciones de cables de bajada FTTH? Echa un vistazo a nuestros<a href=\"https:\/\/www.bonelinks.com\/es\/ftth-drop-cable\/\" target=\"_blank\" rel=\"noopener\"><strong><span style=\"color: #0054a6;\"> Cables de fibra de bajada FTTH <\/span><\/strong><\/a>para una conexi\u00f3n en red perfecta. Si necesita cables de fibra hechos a medida para sus necesidades espec\u00edficas, eche un vistazo a nuestros<a href=\"https:\/\/www.bonelinks.com\/es\/custom-fiber-optic-cables\/\" target=\"_blank\" rel=\"noopener\"><strong><span style=\"color: #0054a6;\"> Cables de fibra personalizados <\/span><\/strong><\/a>para soluciones de conectividad personalizadas.<\/p>\n","protected":false},"excerpt":{"rendered":"<p>El cable de fibra de ca\u00edda plana autoportante GYXTPY est\u00e1 dise\u00f1ado espec\u00edficamente para zonas con un n\u00famero reducido de accesos de abonados y condiciones meteorol\u00f3gicas relativamente estables. El cable de fibra de ca\u00edda a\u00e9rea es una soluci\u00f3n de acceso a\u00e9reo c\u00f3moda y asequible para que los proyectos de FTTH en zonas de pueblos remotos consigan cobertura de red. Gracias a su dise\u00f1o de carcasa \u00fanica y estructura sencilla, Bonelinks dise\u00f1\u00f3 y fabric\u00f3 el cable no armado GYXTPY unitube con un n\u00famero m\u00ednimo de n\u00facleos de 2 y un n\u00famero m\u00e1ximo de n\u00facleos de 12. En funci\u00f3n del entorno a\u00e9reo y de consideraciones de coste, el cable puede fabricarse en formas ovaladas para satisfacer la demanda.<\/p>\n","protected":false},"featured_media":13513,"template":"","meta":{"site-sidebar-layout":"default","site-content-layout":"default","ast-site-content-layout":"default","site-content-style":"default","site-sidebar-style":"default","ast-global-header-display":"","ast-banner-title-visibility":"","ast-main-header-display":"","ast-hfb-above-header-display":"","ast-hfb-below-header-display":"","ast-hfb-mobile-header-display":"","site-post-title":"","ast-breadcrumbs-content":"","ast-featured-img":"","footer-sml-layout":"","ast-disable-related-posts":"","theme-transparent-header-meta":"default","adv-header-id-meta":"","stick-header-meta":"default","header-above-stick-meta":"","header-main-stick-meta":"","header-below-stick-meta":"","astra-migrate-meta-layouts":"set","ast-page-background-enabled":"default","ast-page-background-meta":{"desktop":{"background-color":"","background-image":"","background-repeat":"repeat","background-position":"center center","background-size":"auto","background-attachment":"scroll","background-type":"","background-media":"","overlay-type":"","overlay-color":"","overlay-opacity":"","overlay-gradient":""},"tablet":{"background-color":"","background-image":"","background-repeat":"repeat","background-position":"center center","background-size":"auto","background-attachment":"scroll","background-type":"","background-media":"","overlay-type":"","overlay-color":"","overlay-opacity":"","overlay-gradient":""},"mobile":{"background-color":"","background-image":"","background-repeat":"repeat","background-position":"center center","background-size":"auto","background-attachment":"scroll","background-type":"","background-media":"","overlay-type":"","overlay-color":"","overlay-opacity":"","overlay-gradient":""}},"ast-content-background-meta":{"desktop":{"background-color":"var(--ast-global-color-5)","background-image":"","background-repeat":"repeat","background-position":"center center","background-size":"auto","background-attachment":"scroll","background-type":"","background-media":"","overlay-type":"","overlay-color":"","overlay-opacity":"","overlay-gradient":""},"tablet":{"background-color":"var(--ast-global-color-5)","background-image":"","background-repeat":"repeat","background-position":"center center","background-size":"auto","background-attachment":"scroll","background-type":"","background-media":"","overlay-type":"","overlay-color":"","overlay-opacity":"","overlay-gradient":""},"mobile":{"background-color":"var(--ast-global-color-5)","background-image":"","background-repeat":"repeat","background-position":"center center","background-size":"auto","background-attachment":"scroll","background-type":"","background-media":"","overlay-type":"","overlay-color":"","overlay-opacity":"","overlay-gradient":""}}},"product_brand":[],"product_cat":[527,249,214],"product_tag":[],"class_list":{"0":"post-21692","1":"product","2":"type-product","3":"status-publish","4":"has-post-thumbnail","6":"product_cat-aerial-fiber-optic-cable-es","7":"product_cat-ftth-cable-es","8":"product_cat-outdoor-fiber-optic-cable-es","9":"desktop-align-left","10":"tablet-align-left","11":"mobile-align-left","12":"ast-product-gallery-layout-vertical","13":"ast-product-gallery-with-no-image","14":"ast-product-tabs-layout-vertical","15":"ast-qv-on-image","17":"first","18":"instock","19":"shipping-taxable","20":"product-type-simple"},"_links":{"self":[{"href":"https:\/\/www.bonelinks.com\/es\/wp-json\/wp\/v2\/product\/21692","targetHints":{"allow":["GET"]}}],"collection":[{"href":"https:\/\/www.bonelinks.com\/es\/wp-json\/wp\/v2\/product"}],"about":[{"href":"https:\/\/www.bonelinks.com\/es\/wp-json\/wp\/v2\/types\/product"}],"version-history":[{"count":3,"href":"https:\/\/www.bonelinks.com\/es\/wp-json\/wp\/v2\/product\/21692\/revisions"}],"predecessor-version":[{"id":26538,"href":"https:\/\/www.bonelinks.com\/es\/wp-json\/wp\/v2\/product\/21692\/revisions\/26538"}],"wp:featuredmedia":[{"embeddable":true,"href":"https:\/\/www.bonelinks.com\/es\/wp-json\/wp\/v2\/media\/13513"}],"wp:attachment":[{"href":"https:\/\/www.bonelinks.com\/es\/wp-json\/wp\/v2\/media?parent=21692"}],"wp:term":[{"taxonomy":"product_brand","embeddable":true,"href":"https:\/\/www.bonelinks.com\/es\/wp-json\/wp\/v2\/product_brand?post=21692"},{"taxonomy":"product_cat","embeddable":true,"href":"https:\/\/www.bonelinks.com\/es\/wp-json\/wp\/v2\/product_cat?post=21692"},{"taxonomy":"product_tag","embeddable":true,"href":"https:\/\/www.bonelinks.com\/es\/wp-json\/wp\/v2\/product_tag?post=21692"}],"curies":[{"name":"wp","href":"https:\/\/api.w.org\/{rel}","templated":true}]}}