{"id":21691,"date":"2022-11-20T19:00:10","date_gmt":"2022-11-21T03:00:10","guid":{"rendered":"https:\/\/www.bonelinks.com\/product\/cable-de-fibra-optica-adss-de-96-hilos\/"},"modified":"2024-02-19T22:15:53","modified_gmt":"2024-02-20T06:15:53","slug":"96-core-adss-fiber-optic-cable","status":"publish","type":"product","link":"https:\/\/www.bonelinks.com\/es\/product\/96-core-adss-fiber-optic-cable\/","title":{"rendered":"Cable de fibra \u00f3ptica ADSS de 96 hilos"},"content":{"rendered":"<h2 style=\"text-align: left; font-size: 18px;\"><strong>Caracter\u00edsticas del cable de fibra \u00f3ptica ADSS de 96 hilos<\/strong><\/h2>\n<ul>\n<li>No conductivo, de peque\u00f1o di\u00e1metro y ligero<\/li>\n<li>FRP como elemento de resistencia central, estructura no met\u00e1lica<\/li>\n<li>Cuerda de desgarre para facilitar la franja y la construcci\u00f3n<\/li>\n<li>Revestimiento exterior de PE, MDPE y HDPE para un excelente rendimiento mec\u00e1nico ambiental<\/li>\n<li>Material impermeable en el interior del cable<\/li>\n<li>El tubo suelto con compuesto de gelatina para fibras protege las fibras<\/li>\n<li>Span 80 metros y 120 metros, la personalizaci\u00f3n tambi\u00e9n est\u00e1 disponible<\/li>\n<\/ul>\n<h2 style=\"text-align: left; font-size: 18px;\"><strong>Aplicaciones del cable de fibra \u00f3ptica ADSS de 96 n\u00facleos<\/strong><\/h2>\n<p>Red \u00f3ptica FTTH, Construcci\u00f3n a\u00e9rea autoportante<\/p>\n<h2 style=\"text-align: left; font-size: 18px;\"><strong>\u00bfBusca m\u00e1s opciones de cables de fibra ADSS?<\/strong><\/h2>\n<p>\u00bfBusca m\u00e1s opciones en cables de fibra \u00f3ptica ADSS? Consulte nuestros<a href=\"https:\/\/www.bonelinks.com\/es\/adss-fiber-optic-cable\/\" target=\"_blank\" rel=\"noopener\"><strong><span style=\"color: #0054a6;\"> Cables de fibra ADSS <\/span><\/strong><\/a>para una conexi\u00f3n en red perfecta. Si necesita cables de fibra hechos a medida para sus necesidades espec\u00edficas, eche un vistazo a nuestros<a href=\"https:\/\/www.bonelinks.com\/es\/custom-fiber-optic-cables\/\" target=\"_blank\" rel=\"noopener\"><strong><span style=\"color: #0054a6;\"> Cables de fibra personalizados <\/span><\/strong><\/a>para soluciones de conectividad personalizadas.<\/p>\n","protected":false},"excerpt":{"rendered":"<p>El cable de fibra \u00f3ptica ADSS tambi\u00e9n se conoce como cable de fibra \u00f3ptica autoportante totalmente diel\u00e9ctrico. El cable de fibra \u00f3ptica a\u00e9reo ADSS est\u00e1ndar tiene grandes prestaciones de resistencia a la tensi\u00f3n y autoportante. Adem\u00e1s de su no conductividad, el cable de fibra \u00f3ptica ADSS puede instalarse con l\u00edneas de comunicaci\u00f3n de nueva construcci\u00f3n o con sistemas de l\u00edneas el\u00e9ctricas ya existentes. Su peque\u00f1o di\u00e1metro y peso ligero tambi\u00e9n lo hacen perfecto para instalaciones a\u00e9reas autoportantes.<\/p>\n","protected":false},"featured_media":15533,"template":"","meta":{"site-sidebar-layout":"default","site-content-layout":"default","ast-site-content-layout":"default","site-content-style":"default","site-sidebar-style":"default","ast-global-header-display":"","ast-banner-title-visibility":"","ast-main-header-display":"","ast-hfb-above-header-display":"","ast-hfb-below-header-display":"","ast-hfb-mobile-header-display":"","site-post-title":"","ast-breadcrumbs-content":"","ast-featured-img":"","footer-sml-layout":"","ast-disable-related-posts":"","theme-transparent-header-meta":"default","adv-header-id-meta":"","stick-header-meta":"default","header-above-stick-meta":"","header-main-stick-meta":"","header-below-stick-meta":"","astra-migrate-meta-layouts":"set","ast-page-background-enabled":"default","ast-page-background-meta":{"desktop":{"background-color":"","background-image":"","background-repeat":"repeat","background-position":"center center","background-size":"auto","background-attachment":"scroll","background-type":"","background-media":"","overlay-type":"","overlay-color":"","overlay-opacity":"","overlay-gradient":""},"tablet":{"background-color":"","background-image":"","background-repeat":"repeat","background-position":"center center","background-size":"auto","background-attachment":"scroll","background-type":"","background-media":"","overlay-type":"","overlay-color":"","overlay-opacity":"","overlay-gradient":""},"mobile":{"background-color":"","background-image":"","background-repeat":"repeat","background-position":"center center","background-size":"auto","background-attachment":"scroll","background-type":"","background-media":"","overlay-type":"","overlay-color":"","overlay-opacity":"","overlay-gradient":""}},"ast-content-background-meta":{"desktop":{"background-color":"var(--ast-global-color-5)","background-image":"","background-repeat":"repeat","background-position":"center center","background-size":"auto","background-attachment":"scroll","background-type":"","background-media":"","overlay-type":"","overlay-color":"","overlay-opacity":"","overlay-gradient":""},"tablet":{"background-color":"var(--ast-global-color-5)","background-image":"","background-repeat":"repeat","background-position":"center center","background-size":"auto","background-attachment":"scroll","background-type":"","background-media":"","overlay-type":"","overlay-color":"","overlay-opacity":"","overlay-gradient":""},"mobile":{"background-color":"var(--ast-global-color-5)","background-image":"","background-repeat":"repeat","background-position":"center center","background-size":"auto","background-attachment":"scroll","background-type":"","background-media":"","overlay-type":"","overlay-color":"","overlay-opacity":"","overlay-gradient":""}}},"product_brand":[],"product_cat":[543,527,214],"product_tag":[],"class_list":{"0":"post-21691","1":"product","2":"type-product","3":"status-publish","4":"has-post-thumbnail","6":"product_cat-adss-fiber-optic-cable-es","7":"product_cat-aerial-fiber-optic-cable-es","8":"product_cat-outdoor-fiber-optic-cable-es","9":"desktop-align-left","10":"tablet-align-left","11":"mobile-align-left","12":"ast-product-gallery-layout-vertical","13":"ast-product-gallery-with-no-image","14":"ast-product-tabs-layout-vertical","15":"ast-qv-on-image","17":"first","18":"instock","19":"shipping-taxable","20":"product-type-simple"},"_links":{"self":[{"href":"https:\/\/www.bonelinks.com\/es\/wp-json\/wp\/v2\/product\/21691","targetHints":{"allow":["GET"]}}],"collection":[{"href":"https:\/\/www.bonelinks.com\/es\/wp-json\/wp\/v2\/product"}],"about":[{"href":"https:\/\/www.bonelinks.com\/es\/wp-json\/wp\/v2\/types\/product"}],"version-history":[{"count":3,"href":"https:\/\/www.bonelinks.com\/es\/wp-json\/wp\/v2\/product\/21691\/revisions"}],"predecessor-version":[{"id":26528,"href":"https:\/\/www.bonelinks.com\/es\/wp-json\/wp\/v2\/product\/21691\/revisions\/26528"}],"wp:featuredmedia":[{"embeddable":true,"href":"https:\/\/www.bonelinks.com\/es\/wp-json\/wp\/v2\/media\/15533"}],"wp:attachment":[{"href":"https:\/\/www.bonelinks.com\/es\/wp-json\/wp\/v2\/media?parent=21691"}],"wp:term":[{"taxonomy":"product_brand","embeddable":true,"href":"https:\/\/www.bonelinks.com\/es\/wp-json\/wp\/v2\/product_brand?post=21691"},{"taxonomy":"product_cat","embeddable":true,"href":"https:\/\/www.bonelinks.com\/es\/wp-json\/wp\/v2\/product_cat?post=21691"},{"taxonomy":"product_tag","embeddable":true,"href":"https:\/\/www.bonelinks.com\/es\/wp-json\/wp\/v2\/product_tag?post=21691"}],"curies":[{"name":"wp","href":"https:\/\/api.w.org\/{rel}","templated":true}]}}